{"id":101,"date":"2016-11-21T20:53:15","date_gmt":"2016-11-21T19:53:15","guid":{"rendered":"https:\/\/www.taborcernypotok.cz\/detsky-tabor\/?page_id=101"},"modified":"2016-11-21T20:57:54","modified_gmt":"2016-11-21T19:57:54","slug":"2017-nalezeny-dopis-george-carmaga","status":"publish","type":"page","link":"https:\/\/www.taborcernypotok.cz\/detsky-tabor\/zimni-tabor\/archiv-zimnich-taboru\/2017-zlata-horecka-na-aljasce\/2017-nalezeny-dopis-george-carmaga\/","title":{"rendered":"2017 NALEZEN\u00dd DOPIS GEORGE CARMAGA"},"content":{"rendered":"<div class=\"page-header\">\n<h1>NALEZEN\u00dd DOPIS GEORGE CARMAGA, aneb jak to cel\u00e9 za\u010dalo&#8230;<\/h1>\n<\/div>\n<p>\u2026.. Sed\u011bl jsem ten ve\u010der se sv\u00fdmi dv\u011bma indi\u00e1nsk\u00fdmi p\u0159\u00e1teli ve sv\u00e9m star\u00e9m loveck\u00e9m srubu a pop\u00edjel whisky p\u0159\u00edmo z lahve, stoj\u00edc\u00ed p\u0159ede mnou na dubov\u00e9m stole. V krbu p\u0159\u00edjemn\u011b praskal ohe\u0148 a jeho z\u00e1\u0159e zal\u00e9vala celou m\u00edstnost zlatav\u00fdm sv\u011btlem.<\/p>\n<p>Promi\u0148te, zapomn\u011bl jsem se v\u00e1m p\u0159edstavit\u2026 jmenuji se George\u2026 tedy cel\u00fdm jm\u00e9nem George Carmag.<\/p>\n<p>P\u0159ed rokem a p\u016fl jsem p\u0159i\u0161el se sv\u00fdmi kamar\u00e1dy sem na sever na Alja\u0161ku. Stal jsem se lovcem ko\u017ee\u0161in a p\u0159\u00edle\u017eitostn\u00fdm zlatokopem\u2026 no, zlatokopem\u2026 zkusil jsem to jen p\u00e1rkr\u00e1t a v\u00fdsledek byl stejn\u011b \u017ealostn\u00fd, jako m\u00e1 snaha oholit si no\u017eem svou vousatou tv\u00e1\u0159. Oboj\u00ed se moc neda\u0159ilo. No a tak jsem z\u016fstal u lovu zv\u011b\u0159e a losos\u016f.<\/p>\n<p>Toho ve\u010dera na za\u010d\u00e1tku l\u00e9ta 1896 jsem netu\u0161il, jak moc brzy se zm\u011bn\u00ed m\u016fj \u017eivot.<\/p>\n<p>Bylo to tak 2 hodiny po z\u00e1padu slunce a j\u00e1 se s p\u0159\u00e1teli dohadoval, kam z\u00edtra vyraz\u00edme na lov losos\u016f. \u0158\u00ed\u010dky a potoky tady na Klondiku jsou jich pln\u00e9. Jen v\u011bd\u011bt, kam nastra\u017eit s\u00edt\u011b.<\/p>\n<p>Najednou se venku p\u0159ed srubem roz\u0161t\u011bkali psi. Popadli jsme pu\u0161ky a rychle vyb\u011bhli ven. V t\u011bchto kon\u010din\u00e1ch mus\u00ed b\u00fdt \u010dlov\u011bk na pozoru. Zatoulan\u00fd medv\u011bd neb\u00fdv\u00e1 n\u00e1v\u0161t\u011bvn\u00edkem, kter\u00e9ho chcete hostit. Psi \u0161t\u011bkali jako pominut\u00ed. Jen to typick\u00e9 medv\u011bd\u00ed fun\u011bn\u00ed a \u0159van\u00ed jaksi chyb\u011blo. St\u00e1li jsme ti\u0161e s nam\u00ed\u0159en\u00fdmi pu\u0161kami a sna\u017eili se rozeznat, odkud n\u00e1m hroz\u00ed nebezpe\u010d\u00ed. V tom jsme zaslechli n\u011bco od bl\u00edzk\u00e9ho potoka. P\u0159id\u0159epli jsme a z\u00edrali do tmy. Proti hv\u011bzdnat\u00e9mu nebi jsme spat\u0159ili pot\u00e1cej\u00edc\u00ed se siluetu n\u011bjak\u00e9ho mu\u017ee. Na m\u00e9 zvol\u00e1n\u00ed se postava zastavila a vydala tlumen\u00fd v\u00fdk\u0159ik \u2026 a pak se jen ti\u0161e svezla k zemi. Rychle jsme jej p\u0159enesli do srubu a ulo\u017eili hned vedle ohn\u011b. Jeho od\u011bv byl cel\u00fd promo\u010den\u00fd a mu\u017e se klepal zimou a vys\u00edlen\u00edm. Na jeho ko\u017een\u00e9m opasku jsme si v\u0161imli vyra\u017een\u00e9ho jm\u00e9na \u2026 ROBERT HENDERSON.<\/p>\n<p>Dali jsme mu nap\u00edt whisky a trp\u011bliv\u011b \u010dekali, a\u017e se vzpamatuje. Jeho \u00fasta za\u010dala n\u011bco ti\u0161e opakovat. Ani kdy\u017e jsme se k n\u011bmu sklonili, jsme mu nerozum\u011bli. Jeho ruka najednou zajela do kapsy a pomalu se rozev\u0159ela. V jeho dlani se objevilo n\u011bco, co nikdo z n\u00e1s ne\u010dekal. V mihotav\u00e9m sv\u011btle na\u0161eho ohn\u011b se zaleskly valounky zlata. Ten mu\u017e m\u011bl u sebe n\u011bco, co bylo snem pro v\u0161echny dobrodruhy v tomto zapomenut\u00e9m kraji. Podep\u0159el jsem ho a pohl\u00e9dl mu do vy\u010derpan\u00fdch o\u010d\u00ed. A ne\u017e je zav\u0159el nav\u017edy, zaslechl jsem jeho posledn\u00ed slova: \u201eMapa\u2026 hledej\u2026 t\u0159i \u010derven\u00e9 kameny u Kr\u00e1li\u010d\u00edho potoka.\u201c<\/p>\n<p>Druh\u00fd den jsme neboh\u00e9ho Hendersona pochovali bez toho, \u017ee bychom se dozv\u011bd\u011bli v\u00edce o jeho tajemn\u00e9m p\u0159\u00edb\u011bhu. St\u00e1le se mi v\u0161ak vracela jeho posledn\u00ed slova a j\u00e1 n\u011bkde uvnit\u0159 c\u00edtil, \u017ee je to n\u011bco, co m\u016f\u017ee zm\u011bnit m\u016fj dosavadn\u00ed \u017eivot.<\/p>\n<p>V\u011bd\u011bl jsem, \u017ee tato v\u00fdzva je u\u017e nad s\u00edly na\u0161\u00ed mal\u00e9 skupinky, a proto se tato zpr\u00e1va dostala do rukou i v\u00e1m\u2026<\/p>\n<p style=\"text-align: right;\">\u010cek\u00e1m tu na v\u00e1s. GEORGE CARMAG<\/p>\n<p style=\"text-align: left;\"><a href=\"https:\/\/www.taborcernypotok.cz\/detsky-tabor\/zimni-tabor\/2017-zlata-horecka-na-aljasce\/\">\u00ab zp\u011bt na popis turnusu<\/a><\/p>\n<p>&nbsp;<\/p>\n","protected":false},"excerpt":{"rendered":"<p>NALEZEN\u00dd DOPIS GEORGE CARMAGA, aneb jak to cel\u00e9 za\u010dalo&#8230; \u2026.. Sed\u011bl jsem ten ve\u010der se sv\u00fdmi dv\u011bma indi\u00e1nsk\u00fdmi p\u0159\u00e1teli ve sv\u00e9m star\u00e9m loveck\u00e9m srubu a pop\u00edjel whisky p\u0159\u00edmo z lahve, stoj\u00edc\u00ed p\u0159ede mnou na dubov\u00e9m stole. V krbu p\u0159\u00edjemn\u011b praskal ohe\u0148 a jeho z\u00e1\u0159e zal\u00e9vala celou m\u00edstnost zlatav\u00fdm sv\u011btlem. Promi\u0148te, zapomn\u011bl jsem se v\u00e1m p\u0159edstavit\u2026\u2026<\/p>\n","protected":false},"author":1,"featured_media":0,"parent":93,"menu_order":0,"comment_status":"closed","ping_status":"closed","template":"","meta":{"footnotes":""},"class_list":["post-101","page","type-page","status-publish","hentry"],"yoast_head":"<!-- This site is optimized with the Yoast SEO plugin v26.5 - https:\/\/yoast.com\/wordpress\/plugins\/seo\/ -->\n<title>2017 NALEZEN\u00dd DOPIS GEORGE CARMAGA - D\u011btsk\u00fd T\u00e1bor \u010cern\u00fd Potok<\/title>\n<meta name=\"robots\" content=\"index, follow, max-snippet:-1, max-image-preview:large, max-video-preview:-1\" \/>\n<link rel=\"canonical\" href=\"https:\/\/www.taborcernypotok.cz\/detsky-tabor\/zimni-tabor\/archiv-zimnich-taboru\/2017-zlata-horecka-na-aljasce\/2017-nalezeny-dopis-george-carmaga\/\" \/>\n<meta property=\"og:locale\" content=\"cs_CZ\" \/>\n<meta property=\"og:type\" content=\"article\" \/>\n<meta property=\"og:title\" content=\"2017 NALEZEN\u00dd DOPIS GEORGE CARMAGA - D\u011btsk\u00fd T\u00e1bor \u010cern\u00fd Potok\" \/>\n<meta property=\"og:description\" content=\"NALEZEN\u00dd DOPIS GEORGE CARMAGA, aneb jak to cel\u00e9 za\u010dalo&#8230; \u2026.. Sed\u011bl jsem ten ve\u010der se sv\u00fdmi dv\u011bma indi\u00e1nsk\u00fdmi p\u0159\u00e1teli ve sv\u00e9m star\u00e9m loveck\u00e9m srubu a pop\u00edjel whisky p\u0159\u00edmo z lahve, stoj\u00edc\u00ed p\u0159ede mnou na dubov\u00e9m stole. V krbu p\u0159\u00edjemn\u011b praskal ohe\u0148 a jeho z\u00e1\u0159e zal\u00e9vala celou m\u00edstnost zlatav\u00fdm sv\u011btlem. Promi\u0148te, zapomn\u011bl jsem se v\u00e1m p\u0159edstavit\u2026\u2026\" \/>\n<meta property=\"og:url\" content=\"https:\/\/www.taborcernypotok.cz\/detsky-tabor\/zimni-tabor\/archiv-zimnich-taboru\/2017-zlata-horecka-na-aljasce\/2017-nalezeny-dopis-george-carmaga\/\" \/>\n<meta property=\"og:site_name\" content=\"D\u011btsk\u00fd T\u00e1bor \u010cern\u00fd Potok\" \/>\n<meta property=\"article:modified_time\" content=\"2016-11-21T19:57:54+00:00\" \/>\n<meta name=\"twitter:card\" content=\"summary_large_image\" \/>\n<meta name=\"twitter:label1\" content=\"Odhadovan\u00e1 doba \u010dten\u00ed\" \/>\n\t<meta name=\"twitter:data1\" content=\"3 minuty\" \/>\n<script type=\"application\/ld+json\" class=\"yoast-schema-graph\">{\"@context\":\"https:\/\/schema.org\",\"@graph\":[{\"@type\":\"WebPage\",\"@id\":\"https:\/\/www.taborcernypotok.cz\/detsky-tabor\/zimni-tabor\/archiv-zimnich-taboru\/2017-zlata-horecka-na-aljasce\/2017-nalezeny-dopis-george-carmaga\/\",\"url\":\"https:\/\/www.taborcernypotok.cz\/detsky-tabor\/zimni-tabor\/archiv-zimnich-taboru\/2017-zlata-horecka-na-aljasce\/2017-nalezeny-dopis-george-carmaga\/\",\"name\":\"2017 NALEZEN\u00dd DOPIS GEORGE CARMAGA - D\u011btsk\u00fd T\u00e1bor \u010cern\u00fd Potok\",\"isPartOf\":{\"@id\":\"https:\/\/www.taborcernypotok.cz\/detsky-tabor\/#website\"},\"datePublished\":\"2016-11-21T19:53:15+00:00\",\"dateModified\":\"2016-11-21T19:57:54+00:00\",\"breadcrumb\":{\"@id\":\"https:\/\/www.taborcernypotok.cz\/detsky-tabor\/zimni-tabor\/archiv-zimnich-taboru\/2017-zlata-horecka-na-aljasce\/2017-nalezeny-dopis-george-carmaga\/#breadcrumb\"},\"inLanguage\":\"cs\",\"potentialAction\":[{\"@type\":\"ReadAction\",\"target\":[\"https:\/\/www.taborcernypotok.cz\/detsky-tabor\/zimni-tabor\/archiv-zimnich-taboru\/2017-zlata-horecka-na-aljasce\/2017-nalezeny-dopis-george-carmaga\/\"]}]},{\"@type\":\"BreadcrumbList\",\"@id\":\"https:\/\/www.taborcernypotok.cz\/detsky-tabor\/zimni-tabor\/archiv-zimnich-taboru\/2017-zlata-horecka-na-aljasce\/2017-nalezeny-dopis-george-carmaga\/#breadcrumb\",\"itemListElement\":[{\"@type\":\"ListItem\",\"position\":1,\"name\":\"Dom\u016f\",\"item\":\"https:\/\/www.taborcernypotok.cz\/detsky-tabor\/\"},{\"@type\":\"ListItem\",\"position\":2,\"name\":\"Zimn\u00ed t\u00e1bor\",\"item\":\"https:\/\/www.taborcernypotok.cz\/detsky-tabor\/zimni-tabor\/\"},{\"@type\":\"ListItem\",\"position\":3,\"name\":\"Archiv zimn\u00edch t\u00e1bor\u016f\",\"item\":\"https:\/\/www.taborcernypotok.cz\/detsky-tabor\/zimni-tabor\/archiv-zimnich-taboru\/\"},{\"@type\":\"ListItem\",\"position\":4,\"name\":\"2017 Zlat\u00e1 hore\u010dka na Alja\u0161ce\",\"item\":\"https:\/\/www.taborcernypotok.cz\/detsky-tabor\/zimni-tabor\/archiv-zimnich-taboru\/2017-zlata-horecka-na-aljasce\/\"},{\"@type\":\"ListItem\",\"position\":5,\"name\":\"2017 NALEZEN\u00dd DOPIS GEORGE CARMAGA\"}]},{\"@type\":\"WebSite\",\"@id\":\"https:\/\/www.taborcernypotok.cz\/detsky-tabor\/#website\",\"url\":\"https:\/\/www.taborcernypotok.cz\/detsky-tabor\/\",\"name\":\"D\u011btsk\u00fd T\u00e1bor \u010cern\u00fd Potok\",\"description\":\"D\u011btsk\u00e9 t\u00e1bory Rychlebsk\u00e9 Hory\",\"potentialAction\":[{\"@type\":\"SearchAction\",\"target\":{\"@type\":\"EntryPoint\",\"urlTemplate\":\"https:\/\/www.taborcernypotok.cz\/detsky-tabor\/?s={search_term_string}\"},\"query-input\":{\"@type\":\"PropertyValueSpecification\",\"valueRequired\":true,\"valueName\":\"search_term_string\"}}],\"inLanguage\":\"cs\"}]}<\/script>\n<!-- \/ Yoast SEO plugin. -->","yoast_head_json":{"title":"2017 NALEZEN\u00dd DOPIS GEORGE CARMAGA - D\u011btsk\u00fd T\u00e1bor \u010cern\u00fd Potok","robots":{"index":"index","follow":"follow","max-snippet":"max-snippet:-1","max-image-preview":"max-image-preview:large","max-video-preview":"max-video-preview:-1"},"canonical":"https:\/\/www.taborcernypotok.cz\/detsky-tabor\/zimni-tabor\/archiv-zimnich-taboru\/2017-zlata-horecka-na-aljasce\/2017-nalezeny-dopis-george-carmaga\/","og_locale":"cs_CZ","og_type":"article","og_title":"2017 NALEZEN\u00dd DOPIS GEORGE CARMAGA - D\u011btsk\u00fd T\u00e1bor \u010cern\u00fd Potok","og_description":"NALEZEN\u00dd DOPIS GEORGE CARMAGA, aneb jak to cel\u00e9 za\u010dalo&#8230; \u2026.. Sed\u011bl jsem ten ve\u010der se sv\u00fdmi dv\u011bma indi\u00e1nsk\u00fdmi p\u0159\u00e1teli ve sv\u00e9m star\u00e9m loveck\u00e9m srubu a pop\u00edjel whisky p\u0159\u00edmo z lahve, stoj\u00edc\u00ed p\u0159ede mnou na dubov\u00e9m stole. V krbu p\u0159\u00edjemn\u011b praskal ohe\u0148 a jeho z\u00e1\u0159e zal\u00e9vala celou m\u00edstnost zlatav\u00fdm sv\u011btlem. Promi\u0148te, zapomn\u011bl jsem se v\u00e1m p\u0159edstavit\u2026\u2026","og_url":"https:\/\/www.taborcernypotok.cz\/detsky-tabor\/zimni-tabor\/archiv-zimnich-taboru\/2017-zlata-horecka-na-aljasce\/2017-nalezeny-dopis-george-carmaga\/","og_site_name":"D\u011btsk\u00fd T\u00e1bor \u010cern\u00fd Potok","article_modified_time":"2016-11-21T19:57:54+00:00","twitter_card":"summary_large_image","twitter_misc":{"Odhadovan\u00e1 doba \u010dten\u00ed":"3 minuty"},"schema":{"@context":"https:\/\/schema.org","@graph":[{"@type":"WebPage","@id":"https:\/\/www.taborcernypotok.cz\/detsky-tabor\/zimni-tabor\/archiv-zimnich-taboru\/2017-zlata-horecka-na-aljasce\/2017-nalezeny-dopis-george-carmaga\/","url":"https:\/\/www.taborcernypotok.cz\/detsky-tabor\/zimni-tabor\/archiv-zimnich-taboru\/2017-zlata-horecka-na-aljasce\/2017-nalezeny-dopis-george-carmaga\/","name":"2017 NALEZEN\u00dd DOPIS GEORGE CARMAGA - D\u011btsk\u00fd T\u00e1bor \u010cern\u00fd Potok","isPartOf":{"@id":"https:\/\/www.taborcernypotok.cz\/detsky-tabor\/#website"},"datePublished":"2016-11-21T19:53:15+00:00","dateModified":"2016-11-21T19:57:54+00:00","breadcrumb":{"@id":"https:\/\/www.taborcernypotok.cz\/detsky-tabor\/zimni-tabor\/archiv-zimnich-taboru\/2017-zlata-horecka-na-aljasce\/2017-nalezeny-dopis-george-carmaga\/#breadcrumb"},"inLanguage":"cs","potentialAction":[{"@type":"ReadAction","target":["https:\/\/www.taborcernypotok.cz\/detsky-tabor\/zimni-tabor\/archiv-zimnich-taboru\/2017-zlata-horecka-na-aljasce\/2017-nalezeny-dopis-george-carmaga\/"]}]},{"@type":"BreadcrumbList","@id":"https:\/\/www.taborcernypotok.cz\/detsky-tabor\/zimni-tabor\/archiv-zimnich-taboru\/2017-zlata-horecka-na-aljasce\/2017-nalezeny-dopis-george-carmaga\/#breadcrumb","itemListElement":[{"@type":"ListItem","position":1,"name":"Dom\u016f","item":"https:\/\/www.taborcernypotok.cz\/detsky-tabor\/"},{"@type":"ListItem","position":2,"name":"Zimn\u00ed t\u00e1bor","item":"https:\/\/www.taborcernypotok.cz\/detsky-tabor\/zimni-tabor\/"},{"@type":"ListItem","position":3,"name":"Archiv zimn\u00edch t\u00e1bor\u016f","item":"https:\/\/www.taborcernypotok.cz\/detsky-tabor\/zimni-tabor\/archiv-zimnich-taboru\/"},{"@type":"ListItem","position":4,"name":"2017 Zlat\u00e1 hore\u010dka na Alja\u0161ce","item":"https:\/\/www.taborcernypotok.cz\/detsky-tabor\/zimni-tabor\/archiv-zimnich-taboru\/2017-zlata-horecka-na-aljasce\/"},{"@type":"ListItem","position":5,"name":"2017 NALEZEN\u00dd DOPIS GEORGE CARMAGA"}]},{"@type":"WebSite","@id":"https:\/\/www.taborcernypotok.cz\/detsky-tabor\/#website","url":"https:\/\/www.taborcernypotok.cz\/detsky-tabor\/","name":"D\u011btsk\u00fd T\u00e1bor \u010cern\u00fd Potok","description":"D\u011btsk\u00e9 t\u00e1bory Rychlebsk\u00e9 Hory","potentialAction":[{"@type":"SearchAction","target":{"@type":"EntryPoint","urlTemplate":"https:\/\/www.taborcernypotok.cz\/detsky-tabor\/?s={search_term_string}"},"query-input":{"@type":"PropertyValueSpecification","valueRequired":true,"valueName":"search_term_string"}}],"inLanguage":"cs"}]}},"_links":{"self":[{"href":"https:\/\/www.taborcernypotok.cz\/detsky-tabor\/wp-json\/wp\/v2\/pages\/101","targetHints":{"allow":["GET"]}}],"collection":[{"href":"https:\/\/www.taborcernypotok.cz\/detsky-tabor\/wp-json\/wp\/v2\/pages"}],"about":[{"href":"https:\/\/www.taborcernypotok.cz\/detsky-tabor\/wp-json\/wp\/v2\/types\/page"}],"author":[{"embeddable":true,"href":"https:\/\/www.taborcernypotok.cz\/detsky-tabor\/wp-json\/wp\/v2\/users\/1"}],"replies":[{"embeddable":true,"href":"https:\/\/www.taborcernypotok.cz\/detsky-tabor\/wp-json\/wp\/v2\/comments?post=101"}],"version-history":[{"count":2,"href":"https:\/\/www.taborcernypotok.cz\/detsky-tabor\/wp-json\/wp\/v2\/pages\/101\/revisions"}],"predecessor-version":[{"id":107,"href":"https:\/\/www.taborcernypotok.cz\/detsky-tabor\/wp-json\/wp\/v2\/pages\/101\/revisions\/107"}],"up":[{"embeddable":true,"href":"https:\/\/www.taborcernypotok.cz\/detsky-tabor\/wp-json\/wp\/v2\/pages\/93"}],"wp:attachment":[{"href":"https:\/\/www.taborcernypotok.cz\/detsky-tabor\/wp-json\/wp\/v2\/media?parent=101"}],"curies":[{"name":"wp","href":"https:\/\/api.w.org\/{rel}","templated":true}]}}