{"id":132,"date":"2016-11-24T21:03:28","date_gmt":"2016-11-24T20:03:28","guid":{"rendered":"https:\/\/www.taborcernypotok.cz\/detsky-tabor\/?page_id=132"},"modified":"2016-11-24T21:03:28","modified_gmt":"2016-11-24T20:03:28","slug":"2016-dobyti-severniho-polu","status":"publish","type":"page","link":"https:\/\/www.taborcernypotok.cz\/detsky-tabor\/zimni-tabor\/archiv-zimnich-taboru\/2016-dobyti-severniho-polu\/","title":{"rendered":"2016 Dobyt\u00ed severn\u00edho p\u00f3lu"},"content":{"rendered":"<div class=\"page-header\">\n<h1>Dobyt\u00ed severn\u00edho p\u00f3lu<\/h1>\n<\/div>\n<p>9 \u2013 13 let (pouze 50 m\u00edst), cena 2 950 K\u010d<\/p>\n<p><strong>(Nejedn\u00e1 se o ly\u017ea\u0159sk\u00fd v\u00fdcvik)<\/strong><\/p>\n<p>Vesel\u00fd zimn\u00ed dobrodru\u017en\u00fd t\u00e1bor pro d\u011bti ve v\u011bku 9 \u2013 13 let.<br \/>\nP\u00ed\u0161e se nezn\u00e1m\u00fd rok minul\u00e9ho stolet\u00ed.<br \/>\nKdesi daleko v ledov\u00fdch pustin\u00e1ch mraziv\u00e9ho severu se ztr\u00e1c\u00ed pol\u00e1rn\u00ed v\u00fdprava<br \/>\nprofesora Mc Donalda. A nebyli by to neohro\u017een\u00ed \u010de\u0161t\u00ed pol\u00e1rn\u00edci ,kdyby se<br \/>\nnerozhodli vydat po stop\u00e1ch podiv\u00ednsk\u00e9ho profesora a jeho state\u010dn\u00e9ho poru\u010d\u00edka<br \/>\nBerana.<\/p>\n<p>\u017de v\u00e1m je to odn\u011bkud pov\u011bdom\u00e9? A co takhle siln\u00fd potah Warel Fri\u0161tensk\u00fd?<br \/>\nNo samoz\u0159ejm\u011b\u2026u\u017e jsme doma. Slavn\u00e1 pol\u00e1rn\u00ed v\u00fdprava otu\u017eilc\u016f z Prahy- Podol\u00ed,<br \/>\nkter\u00e1 inspirovala multifunk\u010dn\u00edho velik\u00e1na a v\u0161eum\u011blce J\u00e1ru Cimrmana k naps\u00e1n\u00ed<br \/>\npoutav\u00e9 report\u00e1\u017ee, b\u00e1sn\u011b, p\u00edsn\u011b, cestopisu a divadeln\u00ed hry. A vo tom to je\u2026..<br \/>\nA vy m\u016f\u017eete za\u017e\u00edt toto vesel\u00e9 zimn\u00ed dobrodru\u017estv\u00ed taky. A vlastn\u011b je\u0161t\u011b mnohem<br \/>\nv\u00edc\u2026 A \u017ee neum\u00edte na ly\u017e\u00edch? Ale to p\u0159ece oni neum\u011bli taky. Nee, o ly\u017eov\u00e1n\u00ed to<br \/>\ntentokr\u00e1t opravdu nebude.<\/p>\n<p>\u010cek\u00e1 v\u00e1s spousta nov\u00fdch zimn\u00edch her ve sn\u011bhu i v chat\u011b, ve dne i v noci. A m\u00e1te<br \/>\nse opravdu na co t\u011b\u0161it. My se na v\u00e1s u\u017e rozhodn\u011b t\u011b\u0161\u00edme.<\/p>\n<table style=\"width: 100%; margin: 0 auto;\">\n<tbody>\n<tr>\n<td>v\u011bkov\u00e1 kategorie<\/td>\n<td>9 \u2013 13 let<\/td>\n<\/tr>\n<tr>\n<td>m\u00edsto<\/td>\n<td>penzion Balnea v Chrastic\u00edch na Starom\u011bstsku<\/td>\n<\/tr>\n<tr>\n<td>zdravotn\u00ed dozor<\/td>\n<td>delegovan\u00fd l\u00e9ka\u0159 nebo zdravotn\u00ed pracovn\u00edk<\/td>\n<\/tr>\n<tr>\n<td>garant<\/td>\n<td>Mgr. Roman Lipavsk\u00fd<\/td>\n<\/tr>\n<tr>\n<td>cena bez dopravy<\/td>\n<td>2 950 ,- K\u010d<\/td>\n<\/tr>\n<tr>\n<td>doprava<\/td>\n<td>vlastn\u00ed<\/td>\n<\/tr>\n<tr>\n<td colspan=\"2\">Dohled vykon\u00e1vaj\u00ed \u0161kolen\u00ed instrukto\u0159i, tren\u00e9\u0159i a pedagogi\u010dt\u00ed pracovn\u00edci.<\/td>\n<\/tr>\n<\/tbody>\n<\/table>\n<h2>Video<\/h2>\n<p><a href=\"https:\/\/www.youtube.com\/watch?v=C5M_PrwAqrE\" target=\"_blank\">\u00bb link na video \u00bb<\/a><\/p>\n<p><iframe loading=\"lazy\" src=\"\/\/www.youtube.com\/embed\/C5M_PrwAqrE\" width=\"560\" height=\"314\" allowfullscreen=\"allowfullscreen\"><\/iframe><\/p>\n","protected":false},"excerpt":{"rendered":"<p>Dobyt\u00ed severn\u00edho p\u00f3lu 9 \u2013 13 let (pouze 50 m\u00edst), cena 2 950 K\u010d (Nejedn\u00e1 se o ly\u017ea\u0159sk\u00fd v\u00fdcvik) Vesel\u00fd zimn\u00ed dobrodru\u017en\u00fd t\u00e1bor pro d\u011bti ve v\u011bku 9 \u2013 13 let. P\u00ed\u0161e se nezn\u00e1m\u00fd rok minul\u00e9ho stolet\u00ed. Kdesi daleko v ledov\u00fdch pustin\u00e1ch mraziv\u00e9ho severu se ztr\u00e1c\u00ed pol\u00e1rn\u00ed v\u00fdprava profesora Mc Donalda. A nebyli by to\u2026<\/p>\n","protected":false},"author":1,"featured_media":0,"parent":98,"menu_order":0,"comment_status":"closed","ping_status":"closed","template":"","meta":{"footnotes":""},"class_list":["post-132","page","type-page","status-publish","hentry"],"yoast_head":"<!-- This site is optimized with the Yoast SEO plugin v26.5 - https:\/\/yoast.com\/wordpress\/plugins\/seo\/ -->\n<title>2016 Dobyt\u00ed severn\u00edho p\u00f3lu - D\u011btsk\u00fd T\u00e1bor \u010cern\u00fd Potok<\/title>\n<meta name=\"robots\" content=\"index, follow, max-snippet:-1, max-image-preview:large, max-video-preview:-1\" \/>\n<link rel=\"canonical\" href=\"https:\/\/www.taborcernypotok.cz\/detsky-tabor\/zimni-tabor\/archiv-zimnich-taboru\/2016-dobyti-severniho-polu\/\" \/>\n<meta property=\"og:locale\" content=\"cs_CZ\" \/>\n<meta property=\"og:type\" content=\"article\" \/>\n<meta property=\"og:title\" content=\"2016 Dobyt\u00ed severn\u00edho p\u00f3lu - D\u011btsk\u00fd T\u00e1bor \u010cern\u00fd Potok\" \/>\n<meta property=\"og:description\" content=\"Dobyt\u00ed severn\u00edho p\u00f3lu 9 \u2013 13 let (pouze 50 m\u00edst), cena 2 950 K\u010d (Nejedn\u00e1 se o ly\u017ea\u0159sk\u00fd v\u00fdcvik) Vesel\u00fd zimn\u00ed dobrodru\u017en\u00fd t\u00e1bor pro d\u011bti ve v\u011bku 9 \u2013 13 let. P\u00ed\u0161e se nezn\u00e1m\u00fd rok minul\u00e9ho stolet\u00ed. Kdesi daleko v ledov\u00fdch pustin\u00e1ch mraziv\u00e9ho severu se ztr\u00e1c\u00ed pol\u00e1rn\u00ed v\u00fdprava profesora Mc Donalda. A nebyli by to\u2026\" \/>\n<meta property=\"og:url\" content=\"https:\/\/www.taborcernypotok.cz\/detsky-tabor\/zimni-tabor\/archiv-zimnich-taboru\/2016-dobyti-severniho-polu\/\" \/>\n<meta property=\"og:site_name\" content=\"D\u011btsk\u00fd T\u00e1bor \u010cern\u00fd Potok\" \/>\n<meta name=\"twitter:card\" content=\"summary_large_image\" \/>\n<meta name=\"twitter:label1\" content=\"Odhadovan\u00e1 doba \u010dten\u00ed\" \/>\n\t<meta name=\"twitter:data1\" content=\"1 minuta\" \/>\n<script type=\"application\/ld+json\" class=\"yoast-schema-graph\">{\"@context\":\"https:\/\/schema.org\",\"@graph\":[{\"@type\":\"WebPage\",\"@id\":\"https:\/\/www.taborcernypotok.cz\/detsky-tabor\/zimni-tabor\/archiv-zimnich-taboru\/2016-dobyti-severniho-polu\/\",\"url\":\"https:\/\/www.taborcernypotok.cz\/detsky-tabor\/zimni-tabor\/archiv-zimnich-taboru\/2016-dobyti-severniho-polu\/\",\"name\":\"2016 Dobyt\u00ed severn\u00edho p\u00f3lu - D\u011btsk\u00fd T\u00e1bor \u010cern\u00fd Potok\",\"isPartOf\":{\"@id\":\"https:\/\/www.taborcernypotok.cz\/detsky-tabor\/#website\"},\"datePublished\":\"2016-11-24T20:03:28+00:00\",\"breadcrumb\":{\"@id\":\"https:\/\/www.taborcernypotok.cz\/detsky-tabor\/zimni-tabor\/archiv-zimnich-taboru\/2016-dobyti-severniho-polu\/#breadcrumb\"},\"inLanguage\":\"cs\",\"potentialAction\":[{\"@type\":\"ReadAction\",\"target\":[\"https:\/\/www.taborcernypotok.cz\/detsky-tabor\/zimni-tabor\/archiv-zimnich-taboru\/2016-dobyti-severniho-polu\/\"]}]},{\"@type\":\"BreadcrumbList\",\"@id\":\"https:\/\/www.taborcernypotok.cz\/detsky-tabor\/zimni-tabor\/archiv-zimnich-taboru\/2016-dobyti-severniho-polu\/#breadcrumb\",\"itemListElement\":[{\"@type\":\"ListItem\",\"position\":1,\"name\":\"Dom\u016f\",\"item\":\"https:\/\/www.taborcernypotok.cz\/detsky-tabor\/\"},{\"@type\":\"ListItem\",\"position\":2,\"name\":\"Zimn\u00ed t\u00e1bor\",\"item\":\"https:\/\/www.taborcernypotok.cz\/detsky-tabor\/zimni-tabor\/\"},{\"@type\":\"ListItem\",\"position\":3,\"name\":\"Archiv zimn\u00edch t\u00e1bor\u016f\",\"item\":\"https:\/\/www.taborcernypotok.cz\/detsky-tabor\/zimni-tabor\/archiv-zimnich-taboru\/\"},{\"@type\":\"ListItem\",\"position\":4,\"name\":\"2016 Dobyt\u00ed severn\u00edho p\u00f3lu\"}]},{\"@type\":\"WebSite\",\"@id\":\"https:\/\/www.taborcernypotok.cz\/detsky-tabor\/#website\",\"url\":\"https:\/\/www.taborcernypotok.cz\/detsky-tabor\/\",\"name\":\"D\u011btsk\u00fd T\u00e1bor \u010cern\u00fd Potok\",\"description\":\"D\u011btsk\u00e9 t\u00e1bory Rychlebsk\u00e9 Hory\",\"potentialAction\":[{\"@type\":\"SearchAction\",\"target\":{\"@type\":\"EntryPoint\",\"urlTemplate\":\"https:\/\/www.taborcernypotok.cz\/detsky-tabor\/?s={search_term_string}\"},\"query-input\":{\"@type\":\"PropertyValueSpecification\",\"valueRequired\":true,\"valueName\":\"search_term_string\"}}],\"inLanguage\":\"cs\"}]}<\/script>\n<!-- \/ Yoast SEO plugin. -->","yoast_head_json":{"title":"2016 Dobyt\u00ed severn\u00edho p\u00f3lu - D\u011btsk\u00fd T\u00e1bor \u010cern\u00fd Potok","robots":{"index":"index","follow":"follow","max-snippet":"max-snippet:-1","max-image-preview":"max-image-preview:large","max-video-preview":"max-video-preview:-1"},"canonical":"https:\/\/www.taborcernypotok.cz\/detsky-tabor\/zimni-tabor\/archiv-zimnich-taboru\/2016-dobyti-severniho-polu\/","og_locale":"cs_CZ","og_type":"article","og_title":"2016 Dobyt\u00ed severn\u00edho p\u00f3lu - D\u011btsk\u00fd T\u00e1bor \u010cern\u00fd Potok","og_description":"Dobyt\u00ed severn\u00edho p\u00f3lu 9 \u2013 13 let (pouze 50 m\u00edst), cena 2 950 K\u010d (Nejedn\u00e1 se o ly\u017ea\u0159sk\u00fd v\u00fdcvik) Vesel\u00fd zimn\u00ed dobrodru\u017en\u00fd t\u00e1bor pro d\u011bti ve v\u011bku 9 \u2013 13 let. P\u00ed\u0161e se nezn\u00e1m\u00fd rok minul\u00e9ho stolet\u00ed. Kdesi daleko v ledov\u00fdch pustin\u00e1ch mraziv\u00e9ho severu se ztr\u00e1c\u00ed pol\u00e1rn\u00ed v\u00fdprava profesora Mc Donalda. A nebyli by to\u2026","og_url":"https:\/\/www.taborcernypotok.cz\/detsky-tabor\/zimni-tabor\/archiv-zimnich-taboru\/2016-dobyti-severniho-polu\/","og_site_name":"D\u011btsk\u00fd T\u00e1bor \u010cern\u00fd Potok","twitter_card":"summary_large_image","twitter_misc":{"Odhadovan\u00e1 doba \u010dten\u00ed":"1 minuta"},"schema":{"@context":"https:\/\/schema.org","@graph":[{"@type":"WebPage","@id":"https:\/\/www.taborcernypotok.cz\/detsky-tabor\/zimni-tabor\/archiv-zimnich-taboru\/2016-dobyti-severniho-polu\/","url":"https:\/\/www.taborcernypotok.cz\/detsky-tabor\/zimni-tabor\/archiv-zimnich-taboru\/2016-dobyti-severniho-polu\/","name":"2016 Dobyt\u00ed severn\u00edho p\u00f3lu - D\u011btsk\u00fd T\u00e1bor \u010cern\u00fd Potok","isPartOf":{"@id":"https:\/\/www.taborcernypotok.cz\/detsky-tabor\/#website"},"datePublished":"2016-11-24T20:03:28+00:00","breadcrumb":{"@id":"https:\/\/www.taborcernypotok.cz\/detsky-tabor\/zimni-tabor\/archiv-zimnich-taboru\/2016-dobyti-severniho-polu\/#breadcrumb"},"inLanguage":"cs","potentialAction":[{"@type":"ReadAction","target":["https:\/\/www.taborcernypotok.cz\/detsky-tabor\/zimni-tabor\/archiv-zimnich-taboru\/2016-dobyti-severniho-polu\/"]}]},{"@type":"BreadcrumbList","@id":"https:\/\/www.taborcernypotok.cz\/detsky-tabor\/zimni-tabor\/archiv-zimnich-taboru\/2016-dobyti-severniho-polu\/#breadcrumb","itemListElement":[{"@type":"ListItem","position":1,"name":"Dom\u016f","item":"https:\/\/www.taborcernypotok.cz\/detsky-tabor\/"},{"@type":"ListItem","position":2,"name":"Zimn\u00ed t\u00e1bor","item":"https:\/\/www.taborcernypotok.cz\/detsky-tabor\/zimni-tabor\/"},{"@type":"ListItem","position":3,"name":"Archiv zimn\u00edch t\u00e1bor\u016f","item":"https:\/\/www.taborcernypotok.cz\/detsky-tabor\/zimni-tabor\/archiv-zimnich-taboru\/"},{"@type":"ListItem","position":4,"name":"2016 Dobyt\u00ed severn\u00edho p\u00f3lu"}]},{"@type":"WebSite","@id":"https:\/\/www.taborcernypotok.cz\/detsky-tabor\/#website","url":"https:\/\/www.taborcernypotok.cz\/detsky-tabor\/","name":"D\u011btsk\u00fd T\u00e1bor \u010cern\u00fd Potok","description":"D\u011btsk\u00e9 t\u00e1bory Rychlebsk\u00e9 Hory","potentialAction":[{"@type":"SearchAction","target":{"@type":"EntryPoint","urlTemplate":"https:\/\/www.taborcernypotok.cz\/detsky-tabor\/?s={search_term_string}"},"query-input":{"@type":"PropertyValueSpecification","valueRequired":true,"valueName":"search_term_string"}}],"inLanguage":"cs"}]}},"_links":{"self":[{"href":"https:\/\/www.taborcernypotok.cz\/detsky-tabor\/wp-json\/wp\/v2\/pages\/132","targetHints":{"allow":["GET"]}}],"collection":[{"href":"https:\/\/www.taborcernypotok.cz\/detsky-tabor\/wp-json\/wp\/v2\/pages"}],"about":[{"href":"https:\/\/www.taborcernypotok.cz\/detsky-tabor\/wp-json\/wp\/v2\/types\/page"}],"author":[{"embeddable":true,"href":"https:\/\/www.taborcernypotok.cz\/detsky-tabor\/wp-json\/wp\/v2\/users\/1"}],"replies":[{"embeddable":true,"href":"https:\/\/www.taborcernypotok.cz\/detsky-tabor\/wp-json\/wp\/v2\/comments?post=132"}],"version-history":[{"count":2,"href":"https:\/\/www.taborcernypotok.cz\/detsky-tabor\/wp-json\/wp\/v2\/pages\/132\/revisions"}],"predecessor-version":[{"id":313,"href":"https:\/\/www.taborcernypotok.cz\/detsky-tabor\/wp-json\/wp\/v2\/pages\/132\/revisions\/313"}],"up":[{"embeddable":true,"href":"https:\/\/www.taborcernypotok.cz\/detsky-tabor\/wp-json\/wp\/v2\/pages\/98"}],"wp:attachment":[{"href":"https:\/\/www.taborcernypotok.cz\/detsky-tabor\/wp-json\/wp\/v2\/media?parent=132"}],"curies":[{"name":"wp","href":"https:\/\/api.w.org\/{rel}","templated":true}]}}