{"id":142,"date":"2016-12-02T19:29:07","date_gmt":"2016-12-02T18:29:07","guid":{"rendered":"https:\/\/www.taborcernypotok.cz\/detsky-tabor\/?page_id=142"},"modified":"2026-02-18T15:31:32","modified_gmt":"2026-02-18T14:31:32","slug":"pro-instruktory","status":"publish","type":"page","link":"https:\/\/www.taborcernypotok.cz\/detsky-tabor\/pro-instruktory\/","title":{"rendered":"Pro instruktory"},"content":{"rendered":"<div class=\"page-header\">\n<h1>Pro instruktory<\/h1>\n<\/div>\n<p>Zde naleznete informace pro instruktory v r\u00e1mci T\u00e1bora \u010cern\u00fd Potok.<\/p>\n<h2>Instruktorsk\u00e1 \u0161kolen\u00ed pro nov\u00e9 z\u00e1jemce<\/h2>\n<p>Pro z\u00e1jemce o pr\u00e1ci v \u0159ad\u00e1ch na\u0161ich instruktor\u016f ka\u017ed\u00fd rok p\u0159ipravujeme s\u00e9rii v\u00edkendov\u00fdch akc\u00ed a \u0161kolen\u00ed, na kter\u00fdch se m\u016f\u017eete sezn\u00e1mit s na\u0161imi sou\u010dasn\u00fdmi instruktory a nav\u00edc proniknout pod pokli\u010dku po\u0159\u00e1d\u00e1n\u00ed ak\u010dn\u00edch \u0161koln\u00edch v\u00fdlet\u016f, adapta\u010dn\u00edch kurz\u016f a p\u0159edev\u0161\u00edm na\u0161ich letn\u00edch t\u00e1bor\u016f.<\/p>\n<p>Ide\u00e1ln\u00ed doba pro nav\u00e1z\u00e1n\u00ed kontaktu s na\u0161\u00ed organizac\u00ed je leden a\u017e b\u0159ezen (nen\u00ed podm\u00ednkou). V dubnu se uskute\u010dn\u00ed <strong>v\u0161echny<\/strong> <strong>v\u00edkendovky<\/strong> na <strong>t\u00e1bo\u0159e \u010cern\u00fd Potok<\/strong>.<\/p>\n<p>Akce v obdob\u00ed kv\u011bten-\u0159\u00edjen se odehr\u00e1vaj\u00ed v n\u00e1dhern\u00e9 p\u0159\u00edrod\u011b Rychlebsk\u00fdch hor na t\u00e1bo\u0159e \u010cern\u00fd Potok.<\/p>\n<p>Po jarn\u00edch v\u00edkendov\u00fdch akc\u00edch v\u00e1s ur\u010dit\u011b r\u00e1di pozveme na vyvrcholen\u00ed cel\u00e9 instruktorsk\u00e9 p\u0159\u00edpravy \u2013 LETN\u00cd INSTRUKTORSKOU \u0160KOLU \u2013 LI\u0160KU. Ta je zakon\u010dena vyd\u00e1n\u00edm certifik\u00e1tu Instruktora LT, a ti nejlep\u0161\u00ed dost\u00e1vaj\u00ed okam\u017eitou p\u0159\u00edle\u017eitost spolupr\u00e1ce na letn\u00edch turnusech a podzimn\u00edch adapta\u010dn\u00edch kurzech.<\/p>\n<h3>Kdy a kde se m\u016f\u017eeme v roce 2026 potkat<\/h3>\n<p><strong>Kalend\u00e1\u0159 instruktorsk\u00fdch akc\u00ed 2026<\/strong><\/p>\n<table class=\"table table-bordered table-condensed\" style=\"width: 88.408%; height: 245px;\">\n<tbody>\n<tr style=\"height: 24px;\">\n<td style=\"text-align: center; height: 24px;\"><strong>8.2.<\/strong><\/td>\n<td style=\"height: 24px;\">\u0161\u00e9finstruktorsk\u00e1 porada DK \u0160umperk<\/td>\n<\/tr>\n<tr style=\"height: 29px;\">\n<td style=\"text-align: center; height: 29px;\"><strong>10.-12.4.<\/strong><\/td>\n<td style=\"height: 29px;\">\u00a01. instruktorsk\u00e1 v\u00edkendovka \u010cern\u00fd Potok (<strong>pro sou\u010dasn\u00e9 instr.<\/strong>)<\/td>\n<\/tr>\n<tr style=\"height: 24px;\">\n<td style=\"text-align: center; height: 24px;\"><strong>24.-26.4.<\/strong><\/td>\n<td style=\"height: 24px;\">2. instruktorsk\u00e1 konkurzn\u00ed v\u00edkendovka \u010cern\u00fd Potok (<strong>pro nov\u00e9 instr.<\/strong>)<\/td>\n<\/tr>\n<tr style=\"height: 24px;\">\n<td style=\"text-align: center; height: 24px;\"><strong>15.-17.5.<\/strong><\/td>\n<td style=\"height: 24px;\">\u00a03. instruktorsk\u00e1 v\u00edkendovka \u010cern\u00fd Potok (<strong>pro v\u0161echny<\/strong>)<\/td>\n<\/tr>\n<tr style=\"height: 24px;\">\n<td style=\"text-align: center; height: 24px;\"><\/td>\n<td style=\"height: 24px;\"><\/td>\n<\/tr>\n<tr style=\"height: 24px;\">\n<td style=\"text-align: center; height: 24px;\"><strong>Kv\u011bten &#8211; \u010derven<\/strong><\/td>\n<td style=\"height: 24px;\">\u00a0\u0160koln\u00ed v\u00fdlety a sportovn\u00ed soust\u0159ed\u011bn\u00ed T\u00e1bor \u010cern\u00fd Potok<\/td>\n<\/tr>\n<tr style=\"height: 24px;\">\n<td style=\"text-align: center; height: 24px;\"><strong>\u00a04.-11.7.<\/strong><\/td>\n<td style=\"height: 24px;\">\u00a0Letn\u00ed instruktorsk\u00e1 \u0161kola (LI\u0160KA) T\u00e1bor \u010cern\u00fd Potok<\/td>\n<\/tr>\n<tr style=\"height: 24px;\">\n<td style=\"text-align: center; height: 24px;\"><strong>\u00a0\u010cervenec &#8211; srpen<\/strong><\/td>\n<td style=\"height: 24px;\">\u00a0Turnusy letn\u00edch t\u00e1bor\u016f<\/td>\n<\/tr>\n<tr style=\"height: 24px;\">\n<td style=\"text-align: center; height: 24px;\"><strong>\u00a0Z\u00e1\u0159\u00ed<\/strong><\/td>\n<td style=\"height: 24px;\">\u00a0Adapta\u010dn\u00ed kurzy<\/td>\n<\/tr>\n<tr style=\"height: 24px;\">\n<td style=\"text-align: center; height: 24px;\"><strong>\u00a0\u0158\u00edjen<\/strong><\/td>\n<td style=\"height: 24px;\">\u00a04. instruktorsk\u00e1 v\u00edkendovka \u2013 zakon\u010den\u00ed sez\u00f3ny T\u00e1bor \u010cern\u00fd Potok<\/td>\n<\/tr>\n<tr>\n<td style=\"text-align: center;\"><strong>prosinec<\/strong><\/td>\n<td>V.I.A. V\u00e1no\u010dn\u00ed instruktorsk\u00e1 akce<\/td>\n<\/tr>\n<\/tbody>\n<\/table>\n<p>V\u011bt\u0161ina akc\u00ed v\u00a0obdob\u00ed kv\u011bten a\u017e \u0159\u00edjen se odehr\u00e1v\u00e1 v\u00a0n\u00e1dhern\u00e9 p\u0159\u00edrod\u011b Rychlebsk\u00fdch hor na t\u00e1bo\u0159e \u010cern\u00fd Potok.<\/p>\n<p>V kv\u011btnu a v \u010dervnu budou prob\u00edhat \u0161koln\u00ed v\u00fdlety (1 denn\u00ed a\u017e 3 denn\u00ed), \u0161koly v p\u0159\u00edrod\u011b a sportovn\u00ed soust\u0159ed\u011bn\u00ed, kter\u00e9 jsou ide\u00e1ln\u00ed p\u0159\u00edle\u017eitost\u00ed vyzkou\u0161et si nov\u00e9 instruktory v praxi.<\/p>\n<p>Pokud v\u00e1s tato nab\u00eddka zaujala a cht\u011bli byste pat\u0159it do t\u00fdmu instruktor\u016f t\u00e1bora \u010cern\u00fd Potok, nev\u00e1hejte n\u00e1s kontaktovat:<\/p>\n<ul>\n<li>e-mailem: <a href=\"mailto:romanlipavsky@seznam.cz\">romanlipavsky@seznam.cz<\/a><\/li>\n<li>telefonicky +420\u00a0602\u00a0484\u00a0083 (Roman Lipavsk\u00fd)<\/li>\n<li>osobn\u011b na kter\u00e9koliv n\u00e1mi po\u0159\u00e1dan\u00e9 akci<\/li>\n<\/ul>\n<p>Krom\u011b instruktor\u016f hled\u00e1me i zdravotn\u00edky, v\u00fdtvarn\u00edky, fotografy \u2013 kameramany.<\/p>\n<p><strong>T\u011a\u0160\u00cdME SE NA V\u00c1S!!<\/strong><\/p>\n","protected":false},"excerpt":{"rendered":"<p>Pro instruktory Zde naleznete informace pro instruktory v r\u00e1mci T\u00e1bora \u010cern\u00fd Potok. Instruktorsk\u00e1 \u0161kolen\u00ed pro nov\u00e9 z\u00e1jemce Pro z\u00e1jemce o pr\u00e1ci v \u0159ad\u00e1ch na\u0161ich instruktor\u016f ka\u017ed\u00fd rok p\u0159ipravujeme s\u00e9rii v\u00edkendov\u00fdch akc\u00ed a \u0161kolen\u00ed, na kter\u00fdch se m\u016f\u017eete sezn\u00e1mit s na\u0161imi sou\u010dasn\u00fdmi instruktory a nav\u00edc proniknout pod pokli\u010dku po\u0159\u00e1d\u00e1n\u00ed ak\u010dn\u00edch \u0161koln\u00edch v\u00fdlet\u016f, adapta\u010dn\u00edch kurz\u016f a p\u0159edev\u0161\u00edm\u2026<\/p>\n","protected":false},"author":1,"featured_media":0,"parent":0,"menu_order":0,"comment_status":"closed","ping_status":"closed","template":"","meta":{"footnotes":""},"class_list":["post-142","page","type-page","status-publish","hentry"],"yoast_head":"<!-- This site is optimized with the Yoast SEO plugin v26.5 - https:\/\/yoast.com\/wordpress\/plugins\/seo\/ -->\n<title>Pro instruktory - D\u011btsk\u00fd T\u00e1bor \u010cern\u00fd Potok<\/title>\n<meta name=\"robots\" content=\"index, follow, max-snippet:-1, max-image-preview:large, max-video-preview:-1\" \/>\n<link rel=\"canonical\" href=\"https:\/\/www.taborcernypotok.cz\/detsky-tabor\/pro-instruktory\/\" \/>\n<meta property=\"og:locale\" content=\"cs_CZ\" \/>\n<meta property=\"og:type\" content=\"article\" \/>\n<meta property=\"og:title\" content=\"Pro instruktory - D\u011btsk\u00fd T\u00e1bor \u010cern\u00fd Potok\" \/>\n<meta property=\"og:description\" content=\"Pro instruktory Zde naleznete informace pro instruktory v r\u00e1mci T\u00e1bora \u010cern\u00fd Potok. Instruktorsk\u00e1 \u0161kolen\u00ed pro nov\u00e9 z\u00e1jemce Pro z\u00e1jemce o pr\u00e1ci v \u0159ad\u00e1ch na\u0161ich instruktor\u016f ka\u017ed\u00fd rok p\u0159ipravujeme s\u00e9rii v\u00edkendov\u00fdch akc\u00ed a \u0161kolen\u00ed, na kter\u00fdch se m\u016f\u017eete sezn\u00e1mit s na\u0161imi sou\u010dasn\u00fdmi instruktory a nav\u00edc proniknout pod pokli\u010dku po\u0159\u00e1d\u00e1n\u00ed ak\u010dn\u00edch \u0161koln\u00edch v\u00fdlet\u016f, adapta\u010dn\u00edch kurz\u016f a p\u0159edev\u0161\u00edm\u2026\" \/>\n<meta property=\"og:url\" content=\"https:\/\/www.taborcernypotok.cz\/detsky-tabor\/pro-instruktory\/\" \/>\n<meta property=\"og:site_name\" content=\"D\u011btsk\u00fd T\u00e1bor \u010cern\u00fd Potok\" \/>\n<meta property=\"article:modified_time\" content=\"2026-02-18T14:31:32+00:00\" \/>\n<meta name=\"twitter:card\" content=\"summary_large_image\" \/>\n<meta name=\"twitter:label1\" content=\"Odhadovan\u00e1 doba \u010dten\u00ed\" \/>\n\t<meta name=\"twitter:data1\" content=\"2 minuty\" \/>\n<script type=\"application\/ld+json\" class=\"yoast-schema-graph\">{\"@context\":\"https:\/\/schema.org\",\"@graph\":[{\"@type\":\"WebPage\",\"@id\":\"https:\/\/www.taborcernypotok.cz\/detsky-tabor\/pro-instruktory\/\",\"url\":\"https:\/\/www.taborcernypotok.cz\/detsky-tabor\/pro-instruktory\/\",\"name\":\"Pro instruktory - D\u011btsk\u00fd T\u00e1bor \u010cern\u00fd Potok\",\"isPartOf\":{\"@id\":\"https:\/\/www.taborcernypotok.cz\/detsky-tabor\/#website\"},\"datePublished\":\"2016-12-02T18:29:07+00:00\",\"dateModified\":\"2026-02-18T14:31:32+00:00\",\"breadcrumb\":{\"@id\":\"https:\/\/www.taborcernypotok.cz\/detsky-tabor\/pro-instruktory\/#breadcrumb\"},\"inLanguage\":\"cs\",\"potentialAction\":[{\"@type\":\"ReadAction\",\"target\":[\"https:\/\/www.taborcernypotok.cz\/detsky-tabor\/pro-instruktory\/\"]}]},{\"@type\":\"BreadcrumbList\",\"@id\":\"https:\/\/www.taborcernypotok.cz\/detsky-tabor\/pro-instruktory\/#breadcrumb\",\"itemListElement\":[{\"@type\":\"ListItem\",\"position\":1,\"name\":\"Dom\u016f\",\"item\":\"https:\/\/www.taborcernypotok.cz\/detsky-tabor\/\"},{\"@type\":\"ListItem\",\"position\":2,\"name\":\"Pro instruktory\"}]},{\"@type\":\"WebSite\",\"@id\":\"https:\/\/www.taborcernypotok.cz\/detsky-tabor\/#website\",\"url\":\"https:\/\/www.taborcernypotok.cz\/detsky-tabor\/\",\"name\":\"D\u011btsk\u00fd T\u00e1bor \u010cern\u00fd Potok\",\"description\":\"D\u011btsk\u00e9 t\u00e1bory Rychlebsk\u00e9 Hory\",\"potentialAction\":[{\"@type\":\"SearchAction\",\"target\":{\"@type\":\"EntryPoint\",\"urlTemplate\":\"https:\/\/www.taborcernypotok.cz\/detsky-tabor\/?s={search_term_string}\"},\"query-input\":{\"@type\":\"PropertyValueSpecification\",\"valueRequired\":true,\"valueName\":\"search_term_string\"}}],\"inLanguage\":\"cs\"}]}<\/script>\n<!-- \/ Yoast SEO plugin. -->","yoast_head_json":{"title":"Pro instruktory - D\u011btsk\u00fd T\u00e1bor \u010cern\u00fd Potok","robots":{"index":"index","follow":"follow","max-snippet":"max-snippet:-1","max-image-preview":"max-image-preview:large","max-video-preview":"max-video-preview:-1"},"canonical":"https:\/\/www.taborcernypotok.cz\/detsky-tabor\/pro-instruktory\/","og_locale":"cs_CZ","og_type":"article","og_title":"Pro instruktory - D\u011btsk\u00fd T\u00e1bor \u010cern\u00fd Potok","og_description":"Pro instruktory Zde naleznete informace pro instruktory v r\u00e1mci T\u00e1bora \u010cern\u00fd Potok. Instruktorsk\u00e1 \u0161kolen\u00ed pro nov\u00e9 z\u00e1jemce Pro z\u00e1jemce o pr\u00e1ci v \u0159ad\u00e1ch na\u0161ich instruktor\u016f ka\u017ed\u00fd rok p\u0159ipravujeme s\u00e9rii v\u00edkendov\u00fdch akc\u00ed a \u0161kolen\u00ed, na kter\u00fdch se m\u016f\u017eete sezn\u00e1mit s na\u0161imi sou\u010dasn\u00fdmi instruktory a nav\u00edc proniknout pod pokli\u010dku po\u0159\u00e1d\u00e1n\u00ed ak\u010dn\u00edch \u0161koln\u00edch v\u00fdlet\u016f, adapta\u010dn\u00edch kurz\u016f a p\u0159edev\u0161\u00edm\u2026","og_url":"https:\/\/www.taborcernypotok.cz\/detsky-tabor\/pro-instruktory\/","og_site_name":"D\u011btsk\u00fd T\u00e1bor \u010cern\u00fd Potok","article_modified_time":"2026-02-18T14:31:32+00:00","twitter_card":"summary_large_image","twitter_misc":{"Odhadovan\u00e1 doba \u010dten\u00ed":"2 minuty"},"schema":{"@context":"https:\/\/schema.org","@graph":[{"@type":"WebPage","@id":"https:\/\/www.taborcernypotok.cz\/detsky-tabor\/pro-instruktory\/","url":"https:\/\/www.taborcernypotok.cz\/detsky-tabor\/pro-instruktory\/","name":"Pro instruktory - D\u011btsk\u00fd T\u00e1bor \u010cern\u00fd Potok","isPartOf":{"@id":"https:\/\/www.taborcernypotok.cz\/detsky-tabor\/#website"},"datePublished":"2016-12-02T18:29:07+00:00","dateModified":"2026-02-18T14:31:32+00:00","breadcrumb":{"@id":"https:\/\/www.taborcernypotok.cz\/detsky-tabor\/pro-instruktory\/#breadcrumb"},"inLanguage":"cs","potentialAction":[{"@type":"ReadAction","target":["https:\/\/www.taborcernypotok.cz\/detsky-tabor\/pro-instruktory\/"]}]},{"@type":"BreadcrumbList","@id":"https:\/\/www.taborcernypotok.cz\/detsky-tabor\/pro-instruktory\/#breadcrumb","itemListElement":[{"@type":"ListItem","position":1,"name":"Dom\u016f","item":"https:\/\/www.taborcernypotok.cz\/detsky-tabor\/"},{"@type":"ListItem","position":2,"name":"Pro instruktory"}]},{"@type":"WebSite","@id":"https:\/\/www.taborcernypotok.cz\/detsky-tabor\/#website","url":"https:\/\/www.taborcernypotok.cz\/detsky-tabor\/","name":"D\u011btsk\u00fd T\u00e1bor \u010cern\u00fd Potok","description":"D\u011btsk\u00e9 t\u00e1bory Rychlebsk\u00e9 Hory","potentialAction":[{"@type":"SearchAction","target":{"@type":"EntryPoint","urlTemplate":"https:\/\/www.taborcernypotok.cz\/detsky-tabor\/?s={search_term_string}"},"query-input":{"@type":"PropertyValueSpecification","valueRequired":true,"valueName":"search_term_string"}}],"inLanguage":"cs"}]}},"_links":{"self":[{"href":"https:\/\/www.taborcernypotok.cz\/detsky-tabor\/wp-json\/wp\/v2\/pages\/142","targetHints":{"allow":["GET"]}}],"collection":[{"href":"https:\/\/www.taborcernypotok.cz\/detsky-tabor\/wp-json\/wp\/v2\/pages"}],"about":[{"href":"https:\/\/www.taborcernypotok.cz\/detsky-tabor\/wp-json\/wp\/v2\/types\/page"}],"author":[{"embeddable":true,"href":"https:\/\/www.taborcernypotok.cz\/detsky-tabor\/wp-json\/wp\/v2\/users\/1"}],"replies":[{"embeddable":true,"href":"https:\/\/www.taborcernypotok.cz\/detsky-tabor\/wp-json\/wp\/v2\/comments?post=142"}],"version-history":[{"count":15,"href":"https:\/\/www.taborcernypotok.cz\/detsky-tabor\/wp-json\/wp\/v2\/pages\/142\/revisions"}],"predecessor-version":[{"id":12295,"href":"https:\/\/www.taborcernypotok.cz\/detsky-tabor\/wp-json\/wp\/v2\/pages\/142\/revisions\/12295"}],"wp:attachment":[{"href":"https:\/\/www.taborcernypotok.cz\/detsky-tabor\/wp-json\/wp\/v2\/media?parent=142"}],"curies":[{"name":"wp","href":"https:\/\/api.w.org\/{rel}","templated":true}]}}