{"id":156,"date":"2016-12-04T00:08:41","date_gmt":"2016-12-03T23:08:41","guid":{"rendered":"https:\/\/www.taborcernypotok.cz\/detsky-tabor\/?page_id=156"},"modified":"2025-08-03T21:14:35","modified_gmt":"2025-08-03T20:14:35","slug":"informace-k-odjezdu","status":"publish","type":"page","link":"https:\/\/www.taborcernypotok.cz\/detsky-tabor\/zimni-tabor\/informace-k-odjezdu\/","title":{"rendered":"Informace k odjezdu"},"content":{"rendered":"\n<h1 class=\"wp-block-heading\">Co s sebou na ZIMN\u00cd t\u00e1bor<\/h1>\n\n\n\n<h2 class=\"wp-block-heading\">Bude vyb\u00edr\u00e1no p\u0159i p\u0159\u00edjezdu na penzion:<\/h2>\n\n\n\n<ul class=\"wp-block-list\">\n<li>ofocen\u00e1 karti\u010dka poji\u0161\u0165ovny<\/li>\n\n\n\n<li>!!! zdravotn\u00ed potvrzen\u00ed (na zadn\u00ed stran\u011b sd\u011blen\u00ed pro l\u00e9ka\u0159e t\u00e1bora) \u2013 platnost 2 roky. Plat\u00ed cel\u00e9 2 roky \u2013 mo\u017eno vyu\u017e\u00edt na letn\u00ed t\u00e1bory nebo ly\u017ea\u0159sk\u00e9 v\u00fdcviky.(Bude v\u00e1m vr\u00e1ceno p\u0159i odjezdu)<\/li>\n\n\n\n<li>!!! prohl\u00e1\u0161en\u00ed rodi\u010d\u016f o bezinfek\u010dnosti d\u00edt\u011bte \u2013 nesm\u00ed b\u00fdt star\u0161\u00ed 1 dne !!!<\/li>\n<\/ul>\n\n\n\n<h2 class=\"wp-block-heading\">Seznam v\u011bc\u00ed a dopl\u0148k\u016f<\/h2>\n\n\n\n<figure class=\"wp-block-table\"><table><tbody><tr><td>1x<\/td><td>\u0161\u00e1tek na zav\u00e1z\u00e1n\u00ed o\u010d\u00ed (hry)<\/td><\/tr><tr><td>1x<\/td><td>boby (v p\u0159\u00edpad\u011b dobr\u00fdch sn\u011bhov\u00fdch podm\u00ednek)<\/td><\/tr><tr><td>1x<\/td><td>oble\u010den\u00ed do zimn\u00edho po\u010das\u00ed v\u010detn\u011b \u010depice<\/td><\/tr><tr><td>1x<\/td><td>funk\u010dn\u00ed spodn\u00ed pr\u00e1dlo<\/td><\/tr><tr><td>1x<\/td><td>tepl\u00e1kov\u00e1 souprava<\/td><\/tr><tr><td>2x<\/td><td>rukavice<\/td><\/tr><tr><td>1x<\/td><td>tepl\u00e1kov\u00e1 souprava do chaty<\/td><\/tr><tr><td>1x<\/td><td>mikina\/svetr<\/td><\/tr><tr><td>1x<\/td><td>zimn\u00ed obuv<\/td><\/tr><tr><td>1x<\/td><td>zimn\u00ed n\u00e1vleky na boty<\/td><\/tr><tr><td>1x<\/td><td>slune\u010dn\u00ed br\u00fdle<\/td><\/tr><tr><td>2x<\/td><td>triko (kr., dl. ruk\u00e1v)<\/td><\/tr><tr><td>1x<\/td><td>py\u017eamo<\/td><\/tr><tr><td>&nbsp;<\/td><td>spodn\u00ed pr\u00e1dlo + pono\u017eky<\/td><\/tr><tr><td>2x<\/td><td>tepl\u00e9 pono\u017eky<\/td><\/tr><tr><td>1x<\/td><td>p\u0159ez\u016fvky<\/td><\/tr><tr><td>&nbsp;<\/td><td>hygienick\u00e9 pot\u0159eby, ru\u010dn\u00edk<\/td><\/tr><tr><td>&nbsp;<\/td><td>baterka<\/td><\/tr><tr><td>&nbsp;<\/td><td>l\u00e1hev na pit\u00ed<\/td><\/tr><tr><td>&nbsp;<\/td><td>kapesn\u00e9 do bufetu<\/td><\/tr><tr><td>&nbsp;<\/td><td>mal\u00fd batoh na cesty do p\u0159\u00edrody<\/td><\/tr><tr><td>&nbsp;<\/td><td>propiska, notes, osobn\u00ed l\u00e9ky<\/td><\/tr><\/tbody><\/table><\/figure>\n\n\n\n<h2 class=\"wp-block-heading\">Co ur\u010dit\u011b NE !<\/h2>\n\n\n\n<ul class=\"wp-block-list\">\n<li>alkohol, drogy, cigarety &#8211; p\u0159\u00edsn\u00fd z\u00e1kaz &#8211; poru\u0161en\u00ed tohoto z\u00e1kazu znamen\u00e1 okam\u017eit\u00e9 ukon\u010den\u00ed pobytu bez n\u00e1hrady<\/li>\n\n\n\n<li>mobily, MP3 p\u0159ehr\u00e1va\u010de, tablety a jin\u00e9 drah\u00e9 v\u011bci<\/li>\n\n\n\n<li>pyrotechnick\u00e9 hra\u010dky<\/li>\n<\/ul>\n","protected":false},"excerpt":{"rendered":"<p>Co s sebou na ZIMN\u00cd t\u00e1bor Bude vyb\u00edr\u00e1no p\u0159i p\u0159\u00edjezdu na penzion: Seznam v\u011bc\u00ed a dopl\u0148k\u016f 1x \u0161\u00e1tek na zav\u00e1z\u00e1n\u00ed o\u010d\u00ed (hry) 1x boby (v p\u0159\u00edpad\u011b dobr\u00fdch sn\u011bhov\u00fdch podm\u00ednek) 1x oble\u010den\u00ed do zimn\u00edho po\u010das\u00ed v\u010detn\u011b \u010depice 1x funk\u010dn\u00ed spodn\u00ed pr\u00e1dlo 1x tepl\u00e1kov\u00e1 souprava 2x rukavice 1x tepl\u00e1kov\u00e1 souprava do chaty 1x mikina\/svetr 1x zimn\u00ed obuv\u2026<\/p>\n","protected":false},"author":1,"featured_media":0,"parent":91,"menu_order":0,"comment_status":"closed","ping_status":"closed","template":"","meta":{"footnotes":""},"class_list":["post-156","page","type-page","status-publish","hentry"],"yoast_head":"<!-- This site is optimized with the Yoast SEO plugin v26.5 - https:\/\/yoast.com\/wordpress\/plugins\/seo\/ -->\n<title>Informace k odjezdu - D\u011btsk\u00fd T\u00e1bor \u010cern\u00fd Potok<\/title>\n<meta name=\"robots\" content=\"index, follow, max-snippet:-1, max-image-preview:large, max-video-preview:-1\" \/>\n<link rel=\"canonical\" href=\"https:\/\/www.taborcernypotok.cz\/detsky-tabor\/zimni-tabor\/informace-k-odjezdu\/\" \/>\n<meta property=\"og:locale\" content=\"cs_CZ\" \/>\n<meta property=\"og:type\" content=\"article\" \/>\n<meta property=\"og:title\" content=\"Informace k odjezdu - D\u011btsk\u00fd T\u00e1bor \u010cern\u00fd Potok\" \/>\n<meta property=\"og:description\" content=\"Co s sebou na ZIMN\u00cd t\u00e1bor Bude vyb\u00edr\u00e1no p\u0159i p\u0159\u00edjezdu na penzion: Seznam v\u011bc\u00ed a dopl\u0148k\u016f 1x \u0161\u00e1tek na zav\u00e1z\u00e1n\u00ed o\u010d\u00ed (hry) 1x boby (v p\u0159\u00edpad\u011b dobr\u00fdch sn\u011bhov\u00fdch podm\u00ednek) 1x oble\u010den\u00ed do zimn\u00edho po\u010das\u00ed v\u010detn\u011b \u010depice 1x funk\u010dn\u00ed spodn\u00ed pr\u00e1dlo 1x tepl\u00e1kov\u00e1 souprava 2x rukavice 1x tepl\u00e1kov\u00e1 souprava do chaty 1x mikina\/svetr 1x zimn\u00ed obuv\u2026\" \/>\n<meta property=\"og:url\" content=\"https:\/\/www.taborcernypotok.cz\/detsky-tabor\/zimni-tabor\/informace-k-odjezdu\/\" \/>\n<meta property=\"og:site_name\" content=\"D\u011btsk\u00fd T\u00e1bor \u010cern\u00fd Potok\" \/>\n<meta property=\"article:modified_time\" content=\"2025-08-03T20:14:35+00:00\" \/>\n<meta name=\"twitter:card\" content=\"summary_large_image\" \/>\n<meta name=\"twitter:label1\" content=\"Odhadovan\u00e1 doba \u010dten\u00ed\" \/>\n\t<meta name=\"twitter:data1\" content=\"1 minuta\" \/>\n<script type=\"application\/ld+json\" class=\"yoast-schema-graph\">{\"@context\":\"https:\/\/schema.org\",\"@graph\":[{\"@type\":\"WebPage\",\"@id\":\"https:\/\/www.taborcernypotok.cz\/detsky-tabor\/zimni-tabor\/informace-k-odjezdu\/\",\"url\":\"https:\/\/www.taborcernypotok.cz\/detsky-tabor\/zimni-tabor\/informace-k-odjezdu\/\",\"name\":\"Informace k odjezdu - D\u011btsk\u00fd T\u00e1bor \u010cern\u00fd Potok\",\"isPartOf\":{\"@id\":\"https:\/\/www.taborcernypotok.cz\/detsky-tabor\/#website\"},\"datePublished\":\"2016-12-03T23:08:41+00:00\",\"dateModified\":\"2025-08-03T20:14:35+00:00\",\"breadcrumb\":{\"@id\":\"https:\/\/www.taborcernypotok.cz\/detsky-tabor\/zimni-tabor\/informace-k-odjezdu\/#breadcrumb\"},\"inLanguage\":\"cs\",\"potentialAction\":[{\"@type\":\"ReadAction\",\"target\":[\"https:\/\/www.taborcernypotok.cz\/detsky-tabor\/zimni-tabor\/informace-k-odjezdu\/\"]}]},{\"@type\":\"BreadcrumbList\",\"@id\":\"https:\/\/www.taborcernypotok.cz\/detsky-tabor\/zimni-tabor\/informace-k-odjezdu\/#breadcrumb\",\"itemListElement\":[{\"@type\":\"ListItem\",\"position\":1,\"name\":\"Dom\u016f\",\"item\":\"https:\/\/www.taborcernypotok.cz\/detsky-tabor\/\"},{\"@type\":\"ListItem\",\"position\":2,\"name\":\"Zimn\u00ed t\u00e1bor\",\"item\":\"https:\/\/www.taborcernypotok.cz\/detsky-tabor\/zimni-tabor\/\"},{\"@type\":\"ListItem\",\"position\":3,\"name\":\"Informace k odjezdu\"}]},{\"@type\":\"WebSite\",\"@id\":\"https:\/\/www.taborcernypotok.cz\/detsky-tabor\/#website\",\"url\":\"https:\/\/www.taborcernypotok.cz\/detsky-tabor\/\",\"name\":\"D\u011btsk\u00fd T\u00e1bor \u010cern\u00fd Potok\",\"description\":\"D\u011btsk\u00e9 t\u00e1bory Rychlebsk\u00e9 Hory\",\"potentialAction\":[{\"@type\":\"SearchAction\",\"target\":{\"@type\":\"EntryPoint\",\"urlTemplate\":\"https:\/\/www.taborcernypotok.cz\/detsky-tabor\/?s={search_term_string}\"},\"query-input\":{\"@type\":\"PropertyValueSpecification\",\"valueRequired\":true,\"valueName\":\"search_term_string\"}}],\"inLanguage\":\"cs\"}]}<\/script>\n<!-- \/ Yoast SEO plugin. -->","yoast_head_json":{"title":"Informace k odjezdu - D\u011btsk\u00fd T\u00e1bor \u010cern\u00fd Potok","robots":{"index":"index","follow":"follow","max-snippet":"max-snippet:-1","max-image-preview":"max-image-preview:large","max-video-preview":"max-video-preview:-1"},"canonical":"https:\/\/www.taborcernypotok.cz\/detsky-tabor\/zimni-tabor\/informace-k-odjezdu\/","og_locale":"cs_CZ","og_type":"article","og_title":"Informace k odjezdu - D\u011btsk\u00fd T\u00e1bor \u010cern\u00fd Potok","og_description":"Co s sebou na ZIMN\u00cd t\u00e1bor Bude vyb\u00edr\u00e1no p\u0159i p\u0159\u00edjezdu na penzion: Seznam v\u011bc\u00ed a dopl\u0148k\u016f 1x \u0161\u00e1tek na zav\u00e1z\u00e1n\u00ed o\u010d\u00ed (hry) 1x boby (v p\u0159\u00edpad\u011b dobr\u00fdch sn\u011bhov\u00fdch podm\u00ednek) 1x oble\u010den\u00ed do zimn\u00edho po\u010das\u00ed v\u010detn\u011b \u010depice 1x funk\u010dn\u00ed spodn\u00ed pr\u00e1dlo 1x tepl\u00e1kov\u00e1 souprava 2x rukavice 1x tepl\u00e1kov\u00e1 souprava do chaty 1x mikina\/svetr 1x zimn\u00ed obuv\u2026","og_url":"https:\/\/www.taborcernypotok.cz\/detsky-tabor\/zimni-tabor\/informace-k-odjezdu\/","og_site_name":"D\u011btsk\u00fd T\u00e1bor \u010cern\u00fd Potok","article_modified_time":"2025-08-03T20:14:35+00:00","twitter_card":"summary_large_image","twitter_misc":{"Odhadovan\u00e1 doba \u010dten\u00ed":"1 minuta"},"schema":{"@context":"https:\/\/schema.org","@graph":[{"@type":"WebPage","@id":"https:\/\/www.taborcernypotok.cz\/detsky-tabor\/zimni-tabor\/informace-k-odjezdu\/","url":"https:\/\/www.taborcernypotok.cz\/detsky-tabor\/zimni-tabor\/informace-k-odjezdu\/","name":"Informace k odjezdu - D\u011btsk\u00fd T\u00e1bor \u010cern\u00fd Potok","isPartOf":{"@id":"https:\/\/www.taborcernypotok.cz\/detsky-tabor\/#website"},"datePublished":"2016-12-03T23:08:41+00:00","dateModified":"2025-08-03T20:14:35+00:00","breadcrumb":{"@id":"https:\/\/www.taborcernypotok.cz\/detsky-tabor\/zimni-tabor\/informace-k-odjezdu\/#breadcrumb"},"inLanguage":"cs","potentialAction":[{"@type":"ReadAction","target":["https:\/\/www.taborcernypotok.cz\/detsky-tabor\/zimni-tabor\/informace-k-odjezdu\/"]}]},{"@type":"BreadcrumbList","@id":"https:\/\/www.taborcernypotok.cz\/detsky-tabor\/zimni-tabor\/informace-k-odjezdu\/#breadcrumb","itemListElement":[{"@type":"ListItem","position":1,"name":"Dom\u016f","item":"https:\/\/www.taborcernypotok.cz\/detsky-tabor\/"},{"@type":"ListItem","position":2,"name":"Zimn\u00ed t\u00e1bor","item":"https:\/\/www.taborcernypotok.cz\/detsky-tabor\/zimni-tabor\/"},{"@type":"ListItem","position":3,"name":"Informace k odjezdu"}]},{"@type":"WebSite","@id":"https:\/\/www.taborcernypotok.cz\/detsky-tabor\/#website","url":"https:\/\/www.taborcernypotok.cz\/detsky-tabor\/","name":"D\u011btsk\u00fd T\u00e1bor \u010cern\u00fd Potok","description":"D\u011btsk\u00e9 t\u00e1bory Rychlebsk\u00e9 Hory","potentialAction":[{"@type":"SearchAction","target":{"@type":"EntryPoint","urlTemplate":"https:\/\/www.taborcernypotok.cz\/detsky-tabor\/?s={search_term_string}"},"query-input":{"@type":"PropertyValueSpecification","valueRequired":true,"valueName":"search_term_string"}}],"inLanguage":"cs"}]}},"_links":{"self":[{"href":"https:\/\/www.taborcernypotok.cz\/detsky-tabor\/wp-json\/wp\/v2\/pages\/156","targetHints":{"allow":["GET"]}}],"collection":[{"href":"https:\/\/www.taborcernypotok.cz\/detsky-tabor\/wp-json\/wp\/v2\/pages"}],"about":[{"href":"https:\/\/www.taborcernypotok.cz\/detsky-tabor\/wp-json\/wp\/v2\/types\/page"}],"author":[{"embeddable":true,"href":"https:\/\/www.taborcernypotok.cz\/detsky-tabor\/wp-json\/wp\/v2\/users\/1"}],"replies":[{"embeddable":true,"href":"https:\/\/www.taborcernypotok.cz\/detsky-tabor\/wp-json\/wp\/v2\/comments?post=156"}],"version-history":[{"count":10,"href":"https:\/\/www.taborcernypotok.cz\/detsky-tabor\/wp-json\/wp\/v2\/pages\/156\/revisions"}],"predecessor-version":[{"id":12265,"href":"https:\/\/www.taborcernypotok.cz\/detsky-tabor\/wp-json\/wp\/v2\/pages\/156\/revisions\/12265"}],"up":[{"embeddable":true,"href":"https:\/\/www.taborcernypotok.cz\/detsky-tabor\/wp-json\/wp\/v2\/pages\/91"}],"wp:attachment":[{"href":"https:\/\/www.taborcernypotok.cz\/detsky-tabor\/wp-json\/wp\/v2\/media?parent=156"}],"curies":[{"name":"wp","href":"https:\/\/api.w.org\/{rel}","templated":true}]}}