{"id":1947,"date":"2019-02-25T19:11:57","date_gmt":"2019-02-25T18:11:57","guid":{"rendered":"https:\/\/www.taborcernypotok.cz\/detsky-tabor\/?page_id=1947"},"modified":"2025-08-01T14:49:23","modified_gmt":"2025-08-01T13:49:23","slug":"seznam-4-turnus","status":"publish","type":"page","link":"https:\/\/www.taborcernypotok.cz\/detsky-tabor\/seznam-4-turnus\/","title":{"rendered":"Seznam 3. turnus"},"content":{"rendered":"<p>.<\/p>\n<p>Kapacita turnusu 130 d\u011bt\u00ed &#8211; prvn\u00edch 130 zaplacen\u00fdch m\u00e1 \u00fa\u010dast zaji\u0161t\u011bnou. Na dal\u0161\u00edch m\u00edstech jsou n\u00e1hradn\u00edci!!!<\/p>\n<p>.<\/p>\n<table width=\"435\">\n<tbody>\n<tr>\n<td width=\"42\"><\/td>\n<td colspan=\"3\" width=\"393\">ARCANE &#8211; VZPOURA M\u011aST,\u00a0\u00a0 3. 8. &#8211; 10. 8. 2025<\/td>\n<\/tr>\n<tr>\n<td><\/td>\n<td>Jm\u00e9no<\/td>\n<td>P\u0159ihl\u00e1\u0161ka<\/td>\n<td>Zaplaceno<\/td>\n<\/tr>\n<tr>\n<td>1.<\/td>\n<td>4001 D. Jakub<\/td>\n<td>Ano<\/td>\n<td>Ano<\/td>\n<\/tr>\n<tr>\n<td>2.<\/td>\n<td>4002 \u0160. Patrik<\/td>\n<td>Ano<\/td>\n<td>Ano<\/td>\n<\/tr>\n<tr>\n<td>3.<\/td>\n<td>4003 \u0160. Mat\u011bj<\/td>\n<td>Ano<\/td>\n<td>Ano<\/td>\n<\/tr>\n<tr>\n<td>4.<\/td>\n<td>4004 P. Julie<\/td>\n<td>Ano<\/td>\n<td>Ano<\/td>\n<\/tr>\n<tr>\n<td>5.<\/td>\n<td>4005 B. Michal<\/td>\n<td>Ano<\/td>\n<td>Ano<\/td>\n<\/tr>\n<tr>\n<td>6.<\/td>\n<td>4006 C. Anton\u00edn<\/td>\n<td>Ano<\/td>\n<td>Ano<\/td>\n<\/tr>\n<tr>\n<td>7.<\/td>\n<td>4007 \u0160. Lucie<\/td>\n<td>Ano<\/td>\n<td>Ano<\/td>\n<\/tr>\n<tr>\n<td>8.<\/td>\n<td>4008 E. Tom\u00e1\u0161<\/td>\n<td>Ano<\/td>\n<td>Ano<\/td>\n<\/tr>\n<tr>\n<td>9.<\/td>\n<td>4009 I. Karol\u00edna<\/td>\n<td>Ano<\/td>\n<td>Ano<\/td>\n<\/tr>\n<tr>\n<td>10.<\/td>\n<td>4010 S. Emma<\/td>\n<td>Ano<\/td>\n<td>Ano<\/td>\n<\/tr>\n<tr>\n<td>11.<\/td>\n<td>4011 R. Martin<\/td>\n<td>Ano<\/td>\n<td>Ano<\/td>\n<\/tr>\n<tr>\n<td>12.<\/td>\n<td>4014 M. Emily<\/td>\n<td>Ano<\/td>\n<td>Ano<\/td>\n<\/tr>\n<tr>\n<td>13.<\/td>\n<td>4015 T. Simona<\/td>\n<td>Ano<\/td>\n<td>Ano<\/td>\n<\/tr>\n<tr>\n<td>14.<\/td>\n<td>4016 H. \u0160imon<\/td>\n<td>Ano<\/td>\n<td>Ano<\/td>\n<\/tr>\n<tr>\n<td>15.<\/td>\n<td>4017 \u0160. Daniel<\/td>\n<td>Ano<\/td>\n<td>Ano<\/td>\n<\/tr>\n<tr>\n<td>16.<\/td>\n<td>4019 M. Nat\u00e1lie<\/td>\n<td>Ano<\/td>\n<td>Ano<\/td>\n<\/tr>\n<tr>\n<td>17.<\/td>\n<td>4020 V. Gabriela<\/td>\n<td>Ano<\/td>\n<td>Ano<\/td>\n<\/tr>\n<tr>\n<td>18.<\/td>\n<td>4021 B. Lucie<\/td>\n<td>Ano<\/td>\n<td>Ano<\/td>\n<\/tr>\n<tr>\n<td>19.<\/td>\n<td>4024 B. Ema<\/td>\n<td>Ano<\/td>\n<td>Ano<\/td>\n<\/tr>\n<tr>\n<td>20.<\/td>\n<td>4025 K. Konstance<\/td>\n<td>Ano<\/td>\n<td>Ano<\/td>\n<\/tr>\n<tr>\n<td>21.<\/td>\n<td>4026 K. Noemi<\/td>\n<td>Ano<\/td>\n<td>Ano<\/td>\n<\/tr>\n<tr>\n<td>22.<\/td>\n<td>4027 P. Nelly<\/td>\n<td>Ano<\/td>\n<td>Ano<\/td>\n<\/tr>\n<tr>\n<td>23.<\/td>\n<td>4028 U. Magdal\u00e9na<\/td>\n<td>Ano<\/td>\n<td>Ano<\/td>\n<\/tr>\n<tr>\n<td>24.<\/td>\n<td>4029 V. Diana<\/td>\n<td>Ano<\/td>\n<td>Ano<\/td>\n<\/tr>\n<tr>\n<td>25.<\/td>\n<td>4030 \u010c. Am\u00e1lie<\/td>\n<td>Ano<\/td>\n<td>Ano<\/td>\n<\/tr>\n<tr>\n<td>26.<\/td>\n<td>4031 V. Jakub<\/td>\n<td>Ano<\/td>\n<td>Ano<\/td>\n<\/tr>\n<tr>\n<td>27.<\/td>\n<td>4032 H. Anna<\/td>\n<td>Ano<\/td>\n<td>Ano<\/td>\n<\/tr>\n<tr>\n<td>28.<\/td>\n<td>4033 D. Martin<\/td>\n<td>Ano<\/td>\n<td>Ano<\/td>\n<\/tr>\n<tr>\n<td>29.<\/td>\n<td>4034 D. Adam<\/td>\n<td>Ano<\/td>\n<td>Ano<\/td>\n<\/tr>\n<tr>\n<td>30.<\/td>\n<td>4036 V. Sebasti\u00e1n<\/td>\n<td>Ano<\/td>\n<td>Ano<\/td>\n<\/tr>\n<tr>\n<td>31.<\/td>\n<td>4037 H. Mat\u011bj<\/td>\n<td>Ano<\/td>\n<td>Ano<\/td>\n<\/tr>\n<tr>\n<td>32.<\/td>\n<td>4038 M. Julie<\/td>\n<td>Ano<\/td>\n<td>Ano<\/td>\n<\/tr>\n<tr>\n<td>33.<\/td>\n<td>4039 N. Julie<\/td>\n<td>Ano<\/td>\n<td>Ano<\/td>\n<\/tr>\n<tr>\n<td>34.<\/td>\n<td>4040 H. Kl\u00e1ra<\/td>\n<td>Ano<\/td>\n<td>Ano<\/td>\n<\/tr>\n<tr>\n<td>35.<\/td>\n<td>4041 S. Nicole<\/td>\n<td>Ano<\/td>\n<td>Ano<\/td>\n<\/tr>\n<tr>\n<td>36.<\/td>\n<td>4042 S. Sofie<\/td>\n<td>Ano<\/td>\n<td>Ano<\/td>\n<\/tr>\n<tr>\n<td>37.<\/td>\n<td>4046 K. Jan<\/td>\n<td>Ano<\/td>\n<td>Ano<\/td>\n<\/tr>\n<tr>\n<td>38.<\/td>\n<td>4047 M. Ji\u0159\u00ed<\/td>\n<td>Ano<\/td>\n<td>Ano<\/td>\n<\/tr>\n<tr>\n<td>39.<\/td>\n<td>4048 S. Adam<\/td>\n<td>Ano<\/td>\n<td>Ano<\/td>\n<\/tr>\n<tr>\n<td>40.<\/td>\n<td>4049 K. Oliver<\/td>\n<td>Ano<\/td>\n<td>Ano<\/td>\n<\/tr>\n<tr>\n<td>41.<\/td>\n<td>4050 K. Tom\u00e1\u0161<\/td>\n<td>Ano<\/td>\n<td>Ano<\/td>\n<\/tr>\n<tr>\n<td>42.<\/td>\n<td>4053 H. Roman<\/td>\n<td>Ano<\/td>\n<td>Ano<\/td>\n<\/tr>\n<tr>\n<td>43.<\/td>\n<td>4054 M. Laura<\/td>\n<td>Ano<\/td>\n<td>Ano<\/td>\n<\/tr>\n<tr>\n<td>44.<\/td>\n<td>4055 J. Filip<\/td>\n<td>Ano<\/td>\n<td>Ano<\/td>\n<\/tr>\n<tr>\n<td>45.<\/td>\n<td>4056 N. Richard<\/td>\n<td>Ano<\/td>\n<td>Ano<\/td>\n<\/tr>\n<tr>\n<td>46.<\/td>\n<td>4057 B. Alexandra<\/td>\n<td>Ano<\/td>\n<td>Ano<\/td>\n<\/tr>\n<tr>\n<td>47.<\/td>\n<td>4058 B. Tom\u00e1\u0161<\/td>\n<td>Ano<\/td>\n<td>Ano<\/td>\n<\/tr>\n<tr>\n<td>48.<\/td>\n<td>4059 U. Johan<\/td>\n<td>Ano<\/td>\n<td>Ano<\/td>\n<\/tr>\n<tr>\n<td>49.<\/td>\n<td>4060 P. Daniel<\/td>\n<td>Ano<\/td>\n<td>Ano<\/td>\n<\/tr>\n<tr>\n<td>50.<\/td>\n<td>4061 P. Pavlina<\/td>\n<td>Ano<\/td>\n<td>Ano<\/td>\n<\/tr>\n<tr>\n<td>51.<\/td>\n<td>4062 O. Matylda<\/td>\n<td>Ano<\/td>\n<td>Ano<\/td>\n<\/tr>\n<tr>\n<td>52.<\/td>\n<td>4063 P. Michal<\/td>\n<td>Ano<\/td>\n<td>Ano<\/td>\n<\/tr>\n<tr>\n<td>53.<\/td>\n<td>4064 J. Franti\u0161ek<\/td>\n<td>Ano<\/td>\n<td>Ano<\/td>\n<\/tr>\n<tr>\n<td>54.<\/td>\n<td>4066 H. Karol\u00edna<\/td>\n<td>Ano<\/td>\n<td>Ano<\/td>\n<\/tr>\n<tr>\n<td>55.<\/td>\n<td>4067 U. Krist\u00fdna<\/td>\n<td>Ano<\/td>\n<td>Ano<\/td>\n<\/tr>\n<tr>\n<td>56.<\/td>\n<td>4068 M. Mat\u011bj<\/td>\n<td>Ano<\/td>\n<td>Ano<\/td>\n<\/tr>\n<tr>\n<td>57.<\/td>\n<td>4069 M. Josef<\/td>\n<td>Ano<\/td>\n<td>Ano<\/td>\n<\/tr>\n<tr>\n<td>58.<\/td>\n<td>4070 P. Ond\u0159ej<\/td>\n<td>Ano<\/td>\n<td>Ano<\/td>\n<\/tr>\n<tr>\n<td>59.<\/td>\n<td>4071 B. Ondra<\/td>\n<td>Ano<\/td>\n<td>Ano<\/td>\n<\/tr>\n<tr>\n<td>60.<\/td>\n<td>4072 K. Kristi\u00e1n<\/td>\n<td>Ano<\/td>\n<td>Ano<\/td>\n<\/tr>\n<tr>\n<td>61.<\/td>\n<td>4074 T. Hana<\/td>\n<td>Ano<\/td>\n<td>Ano<\/td>\n<\/tr>\n<tr>\n<td>62.<\/td>\n<td>4075 V. Maty\u00e1\u0161<\/td>\n<td>Ano<\/td>\n<td>Ano<\/td>\n<\/tr>\n<tr>\n<td>63.<\/td>\n<td>4076 A. Viktorie<\/td>\n<td>Ano<\/td>\n<td>Ano<\/td>\n<\/tr>\n<tr>\n<td>64.<\/td>\n<td>4077 B. Ark\u00e1d<\/td>\n<td>Ano<\/td>\n<td>Ano<\/td>\n<\/tr>\n<tr>\n<td>65.<\/td>\n<td>4079 J. Adam<\/td>\n<td>Ano<\/td>\n<td>Ano<\/td>\n<\/tr>\n<tr>\n<td>66.<\/td>\n<td>4080 B. Petra<\/td>\n<td>Ano<\/td>\n<td>Ano<\/td>\n<\/tr>\n<tr>\n<td>67.<\/td>\n<td>4051 J. Matilda<\/td>\n<td>.<\/td>\n<td>Ano<\/td>\n<\/tr>\n<tr>\n<td>68.<\/td>\n<td>4012 B. Nina<\/td>\n<td>.<\/td>\n<td>.<\/td>\n<\/tr>\n<tr>\n<td>69.<\/td>\n<td>4035 K. Johana<\/td>\n<td>.<\/td>\n<td>.<\/td>\n<\/tr>\n<tr>\n<td>70.<\/td>\n<td>4044 F. Leila<\/td>\n<td>.<\/td>\n<td>.<\/td>\n<\/tr>\n<tr>\n<td>71.<\/td>\n<td>4045 S. Nikol<\/td>\n<td>.<\/td>\n<td>.<\/td>\n<\/tr>\n<tr>\n<td>72.<\/td>\n<td>4073 \u0160. Jakub<\/td>\n<td>.<\/td>\n<td>.<\/td>\n<\/tr>\n<tr>\n<td>73.<\/td>\n<td>4078 V. Kry\u0161tof<\/td>\n<td>.<\/td>\n<td>.<\/td>\n<\/tr>\n<tr>\n<td>74.<\/td>\n<td>&#8211;<\/td>\n<td>.<\/td>\n<td>.<\/td>\n<\/tr>\n<tr>\n<td>75.<\/td>\n<td>&#8211;<\/td>\n<td>.<\/td>\n<td>.<\/td>\n<\/tr>\n<tr>\n<td>76.<\/td>\n<td>&#8211;<\/td>\n<td>.<\/td>\n<td>.<\/td>\n<\/tr>\n<tr>\n<td>77.<\/td>\n<td>&#8211;<\/td>\n<td>.<\/td>\n<td>.<\/td>\n<\/tr>\n<tr>\n<td>78.<\/td>\n<td>&#8211;<\/td>\n<td>.<\/td>\n<td>.<\/td>\n<\/tr>\n<tr>\n<td>79.<\/td>\n<td>&#8211;<\/td>\n<td>.<\/td>\n<td>.<\/td>\n<\/tr>\n<tr>\n<td>80.<\/td>\n<td>&#8211;<\/td>\n<td>.<\/td>\n<td>.<\/td>\n<\/tr>\n<\/tbody>\n<\/table>\n<p>.<\/p>\n","protected":false},"excerpt":{"rendered":"<p>. Kapacita turnusu 130 d\u011bt\u00ed &#8211; prvn\u00edch 130 zaplacen\u00fdch m\u00e1 \u00fa\u010dast zaji\u0161t\u011bnou. Na dal\u0161\u00edch m\u00edstech jsou n\u00e1hradn\u00edci!!! . ARCANE &#8211; VZPOURA M\u011aST,\u00a0\u00a0 3. 8. &#8211; 10. 8. 2025 Jm\u00e9no P\u0159ihl\u00e1\u0161ka Zaplaceno 1. 4001 D. Jakub Ano Ano 2. 4002 \u0160. Patrik Ano Ano 3. 4003 \u0160. Mat\u011bj Ano Ano 4. 4004 P. Julie Ano Ano\u2026<\/p>\n","protected":false},"author":4,"featured_media":0,"parent":0,"menu_order":0,"comment_status":"closed","ping_status":"closed","template":"","meta":{"footnotes":""},"class_list":["post-1947","page","type-page","status-publish","hentry"],"yoast_head":"<!-- This site is optimized with the Yoast SEO plugin v26.5 - https:\/\/yoast.com\/wordpress\/plugins\/seo\/ -->\n<title>Seznam 3. turnus - D\u011btsk\u00fd T\u00e1bor \u010cern\u00fd Potok<\/title>\n<meta name=\"robots\" content=\"index, follow, max-snippet:-1, max-image-preview:large, max-video-preview:-1\" \/>\n<link rel=\"canonical\" href=\"https:\/\/www.taborcernypotok.cz\/detsky-tabor\/seznam-4-turnus\/\" \/>\n<meta property=\"og:locale\" content=\"cs_CZ\" \/>\n<meta property=\"og:type\" content=\"article\" \/>\n<meta property=\"og:title\" content=\"Seznam 3. turnus - D\u011btsk\u00fd T\u00e1bor \u010cern\u00fd Potok\" \/>\n<meta property=\"og:description\" content=\". Kapacita turnusu 130 d\u011bt\u00ed &#8211; prvn\u00edch 130 zaplacen\u00fdch m\u00e1 \u00fa\u010dast zaji\u0161t\u011bnou. Na dal\u0161\u00edch m\u00edstech jsou n\u00e1hradn\u00edci!!! . ARCANE &#8211; VZPOURA M\u011aST,\u00a0\u00a0 3. 8. &#8211; 10. 8. 2025 Jm\u00e9no P\u0159ihl\u00e1\u0161ka Zaplaceno 1. 4001 D. Jakub Ano Ano 2. 4002 \u0160. Patrik Ano Ano 3. 4003 \u0160. Mat\u011bj Ano Ano 4. 4004 P. Julie Ano Ano\u2026\" \/>\n<meta property=\"og:url\" content=\"https:\/\/www.taborcernypotok.cz\/detsky-tabor\/seznam-4-turnus\/\" \/>\n<meta property=\"og:site_name\" content=\"D\u011btsk\u00fd T\u00e1bor \u010cern\u00fd Potok\" \/>\n<meta property=\"article:modified_time\" content=\"2025-08-01T13:49:23+00:00\" \/>\n<meta name=\"twitter:card\" content=\"summary_large_image\" \/>\n<meta name=\"twitter:label1\" content=\"Odhadovan\u00e1 doba \u010dten\u00ed\" \/>\n\t<meta name=\"twitter:data1\" content=\"3 minuty\" \/>\n<script type=\"application\/ld+json\" class=\"yoast-schema-graph\">{\"@context\":\"https:\/\/schema.org\",\"@graph\":[{\"@type\":\"WebPage\",\"@id\":\"https:\/\/www.taborcernypotok.cz\/detsky-tabor\/seznam-4-turnus\/\",\"url\":\"https:\/\/www.taborcernypotok.cz\/detsky-tabor\/seznam-4-turnus\/\",\"name\":\"Seznam 3. turnus - D\u011btsk\u00fd T\u00e1bor \u010cern\u00fd Potok\",\"isPartOf\":{\"@id\":\"https:\/\/www.taborcernypotok.cz\/detsky-tabor\/#website\"},\"datePublished\":\"2019-02-25T18:11:57+00:00\",\"dateModified\":\"2025-08-01T13:49:23+00:00\",\"breadcrumb\":{\"@id\":\"https:\/\/www.taborcernypotok.cz\/detsky-tabor\/seznam-4-turnus\/#breadcrumb\"},\"inLanguage\":\"cs\",\"potentialAction\":[{\"@type\":\"ReadAction\",\"target\":[\"https:\/\/www.taborcernypotok.cz\/detsky-tabor\/seznam-4-turnus\/\"]}]},{\"@type\":\"BreadcrumbList\",\"@id\":\"https:\/\/www.taborcernypotok.cz\/detsky-tabor\/seznam-4-turnus\/#breadcrumb\",\"itemListElement\":[{\"@type\":\"ListItem\",\"position\":1,\"name\":\"Dom\u016f\",\"item\":\"https:\/\/www.taborcernypotok.cz\/detsky-tabor\/\"},{\"@type\":\"ListItem\",\"position\":2,\"name\":\"Seznam 3. turnus\"}]},{\"@type\":\"WebSite\",\"@id\":\"https:\/\/www.taborcernypotok.cz\/detsky-tabor\/#website\",\"url\":\"https:\/\/www.taborcernypotok.cz\/detsky-tabor\/\",\"name\":\"D\u011btsk\u00fd T\u00e1bor \u010cern\u00fd Potok\",\"description\":\"D\u011btsk\u00e9 t\u00e1bory Rychlebsk\u00e9 Hory\",\"potentialAction\":[{\"@type\":\"SearchAction\",\"target\":{\"@type\":\"EntryPoint\",\"urlTemplate\":\"https:\/\/www.taborcernypotok.cz\/detsky-tabor\/?s={search_term_string}\"},\"query-input\":{\"@type\":\"PropertyValueSpecification\",\"valueRequired\":true,\"valueName\":\"search_term_string\"}}],\"inLanguage\":\"cs\"}]}<\/script>\n<!-- \/ Yoast SEO plugin. -->","yoast_head_json":{"title":"Seznam 3. turnus - D\u011btsk\u00fd T\u00e1bor \u010cern\u00fd Potok","robots":{"index":"index","follow":"follow","max-snippet":"max-snippet:-1","max-image-preview":"max-image-preview:large","max-video-preview":"max-video-preview:-1"},"canonical":"https:\/\/www.taborcernypotok.cz\/detsky-tabor\/seznam-4-turnus\/","og_locale":"cs_CZ","og_type":"article","og_title":"Seznam 3. turnus - D\u011btsk\u00fd T\u00e1bor \u010cern\u00fd Potok","og_description":". Kapacita turnusu 130 d\u011bt\u00ed &#8211; prvn\u00edch 130 zaplacen\u00fdch m\u00e1 \u00fa\u010dast zaji\u0161t\u011bnou. Na dal\u0161\u00edch m\u00edstech jsou n\u00e1hradn\u00edci!!! . ARCANE &#8211; VZPOURA M\u011aST,\u00a0\u00a0 3. 8. &#8211; 10. 8. 2025 Jm\u00e9no P\u0159ihl\u00e1\u0161ka Zaplaceno 1. 4001 D. Jakub Ano Ano 2. 4002 \u0160. Patrik Ano Ano 3. 4003 \u0160. Mat\u011bj Ano Ano 4. 4004 P. Julie Ano Ano\u2026","og_url":"https:\/\/www.taborcernypotok.cz\/detsky-tabor\/seznam-4-turnus\/","og_site_name":"D\u011btsk\u00fd T\u00e1bor \u010cern\u00fd Potok","article_modified_time":"2025-08-01T13:49:23+00:00","twitter_card":"summary_large_image","twitter_misc":{"Odhadovan\u00e1 doba \u010dten\u00ed":"3 minuty"},"schema":{"@context":"https:\/\/schema.org","@graph":[{"@type":"WebPage","@id":"https:\/\/www.taborcernypotok.cz\/detsky-tabor\/seznam-4-turnus\/","url":"https:\/\/www.taborcernypotok.cz\/detsky-tabor\/seznam-4-turnus\/","name":"Seznam 3. turnus - D\u011btsk\u00fd T\u00e1bor \u010cern\u00fd Potok","isPartOf":{"@id":"https:\/\/www.taborcernypotok.cz\/detsky-tabor\/#website"},"datePublished":"2019-02-25T18:11:57+00:00","dateModified":"2025-08-01T13:49:23+00:00","breadcrumb":{"@id":"https:\/\/www.taborcernypotok.cz\/detsky-tabor\/seznam-4-turnus\/#breadcrumb"},"inLanguage":"cs","potentialAction":[{"@type":"ReadAction","target":["https:\/\/www.taborcernypotok.cz\/detsky-tabor\/seznam-4-turnus\/"]}]},{"@type":"BreadcrumbList","@id":"https:\/\/www.taborcernypotok.cz\/detsky-tabor\/seznam-4-turnus\/#breadcrumb","itemListElement":[{"@type":"ListItem","position":1,"name":"Dom\u016f","item":"https:\/\/www.taborcernypotok.cz\/detsky-tabor\/"},{"@type":"ListItem","position":2,"name":"Seznam 3. turnus"}]},{"@type":"WebSite","@id":"https:\/\/www.taborcernypotok.cz\/detsky-tabor\/#website","url":"https:\/\/www.taborcernypotok.cz\/detsky-tabor\/","name":"D\u011btsk\u00fd T\u00e1bor \u010cern\u00fd Potok","description":"D\u011btsk\u00e9 t\u00e1bory Rychlebsk\u00e9 Hory","potentialAction":[{"@type":"SearchAction","target":{"@type":"EntryPoint","urlTemplate":"https:\/\/www.taborcernypotok.cz\/detsky-tabor\/?s={search_term_string}"},"query-input":{"@type":"PropertyValueSpecification","valueRequired":true,"valueName":"search_term_string"}}],"inLanguage":"cs"}]}},"_links":{"self":[{"href":"https:\/\/www.taborcernypotok.cz\/detsky-tabor\/wp-json\/wp\/v2\/pages\/1947","targetHints":{"allow":["GET"]}}],"collection":[{"href":"https:\/\/www.taborcernypotok.cz\/detsky-tabor\/wp-json\/wp\/v2\/pages"}],"about":[{"href":"https:\/\/www.taborcernypotok.cz\/detsky-tabor\/wp-json\/wp\/v2\/types\/page"}],"author":[{"embeddable":true,"href":"https:\/\/www.taborcernypotok.cz\/detsky-tabor\/wp-json\/wp\/v2\/users\/4"}],"replies":[{"embeddable":true,"href":"https:\/\/www.taborcernypotok.cz\/detsky-tabor\/wp-json\/wp\/v2\/comments?post=1947"}],"version-history":[{"count":438,"href":"https:\/\/www.taborcernypotok.cz\/detsky-tabor\/wp-json\/wp\/v2\/pages\/1947\/revisions"}],"predecessor-version":[{"id":12262,"href":"https:\/\/www.taborcernypotok.cz\/detsky-tabor\/wp-json\/wp\/v2\/pages\/1947\/revisions\/12262"}],"wp:attachment":[{"href":"https:\/\/www.taborcernypotok.cz\/detsky-tabor\/wp-json\/wp\/v2\/media?parent=1947"}],"curies":[{"name":"wp","href":"https:\/\/api.w.org\/{rel}","templated":true}]}}