{"id":2705,"date":"2019-03-26T21:38:28","date_gmt":"2019-03-26T20:38:28","guid":{"rendered":"https:\/\/www.taborcernypotok.cz\/detsky-tabor\/?page_id=2705"},"modified":"2026-02-18T16:00:39","modified_gmt":"2026-02-18T15:00:39","slug":"vip-vanocni-instruktorsky-punc","status":"publish","type":"page","link":"https:\/\/www.taborcernypotok.cz\/detsky-tabor\/pro-instruktory\/vip-vanocni-instruktorsky-punc\/","title":{"rendered":"VIA &#8211; V\u00e1no\u010dn\u00ed Instruktorsk\u00e1 akce 2026"},"content":{"rendered":"\n<h1 class=\"wp-block-heading\">VIA &#8211; V\u00e1no\u010dn\u00ed Instruktorsk\u00e1 akce 2026<\/h1>\n\n\n\n<p>P\u0159ipravujeme na prosinec 2026<\/p>\n","protected":false},"excerpt":{"rendered":"<p>VIA &#8211; V\u00e1no\u010dn\u00ed Instruktorsk\u00e1 akce 2026 P\u0159ipravujeme na prosinec 2026<\/p>\n","protected":false},"author":1,"featured_media":0,"parent":142,"menu_order":0,"comment_status":"closed","ping_status":"closed","template":"","meta":{"footnotes":""},"class_list":["post-2705","page","type-page","status-publish","hentry"],"yoast_head":"<!-- This site is optimized with the Yoast SEO plugin v26.5 - https:\/\/yoast.com\/wordpress\/plugins\/seo\/ -->\n<title>VIA - V\u00e1no\u010dn\u00ed Instruktorsk\u00e1 akce 2026 - D\u011btsk\u00fd T\u00e1bor \u010cern\u00fd Potok<\/title>\n<meta name=\"robots\" content=\"index, follow, max-snippet:-1, max-image-preview:large, max-video-preview:-1\" \/>\n<link rel=\"canonical\" href=\"https:\/\/www.taborcernypotok.cz\/detsky-tabor\/pro-instruktory\/vip-vanocni-instruktorsky-punc\/\" \/>\n<meta property=\"og:locale\" content=\"cs_CZ\" \/>\n<meta property=\"og:type\" content=\"article\" \/>\n<meta property=\"og:title\" content=\"VIA - V\u00e1no\u010dn\u00ed Instruktorsk\u00e1 akce 2026 - D\u011btsk\u00fd T\u00e1bor \u010cern\u00fd Potok\" \/>\n<meta property=\"og:description\" content=\"VIA &#8211; V\u00e1no\u010dn\u00ed Instruktorsk\u00e1 akce 2026 P\u0159ipravujeme na prosinec 2026\" \/>\n<meta property=\"og:url\" content=\"https:\/\/www.taborcernypotok.cz\/detsky-tabor\/pro-instruktory\/vip-vanocni-instruktorsky-punc\/\" \/>\n<meta property=\"og:site_name\" content=\"D\u011btsk\u00fd T\u00e1bor \u010cern\u00fd Potok\" \/>\n<meta property=\"article:modified_time\" content=\"2026-02-18T15:00:39+00:00\" \/>\n<meta name=\"twitter:card\" content=\"summary_large_image\" \/>\n<meta name=\"twitter:label1\" content=\"Odhadovan\u00e1 doba \u010dten\u00ed\" \/>\n\t<meta name=\"twitter:data1\" content=\"1 minuta\" \/>\n<script type=\"application\/ld+json\" class=\"yoast-schema-graph\">{\"@context\":\"https:\/\/schema.org\",\"@graph\":[{\"@type\":\"WebPage\",\"@id\":\"https:\/\/www.taborcernypotok.cz\/detsky-tabor\/pro-instruktory\/vip-vanocni-instruktorsky-punc\/\",\"url\":\"https:\/\/www.taborcernypotok.cz\/detsky-tabor\/pro-instruktory\/vip-vanocni-instruktorsky-punc\/\",\"name\":\"VIA - V\u00e1no\u010dn\u00ed Instruktorsk\u00e1 akce 2026 - D\u011btsk\u00fd T\u00e1bor \u010cern\u00fd Potok\",\"isPartOf\":{\"@id\":\"https:\/\/www.taborcernypotok.cz\/detsky-tabor\/#website\"},\"datePublished\":\"2019-03-26T20:38:28+00:00\",\"dateModified\":\"2026-02-18T15:00:39+00:00\",\"breadcrumb\":{\"@id\":\"https:\/\/www.taborcernypotok.cz\/detsky-tabor\/pro-instruktory\/vip-vanocni-instruktorsky-punc\/#breadcrumb\"},\"inLanguage\":\"cs\",\"potentialAction\":[{\"@type\":\"ReadAction\",\"target\":[\"https:\/\/www.taborcernypotok.cz\/detsky-tabor\/pro-instruktory\/vip-vanocni-instruktorsky-punc\/\"]}]},{\"@type\":\"BreadcrumbList\",\"@id\":\"https:\/\/www.taborcernypotok.cz\/detsky-tabor\/pro-instruktory\/vip-vanocni-instruktorsky-punc\/#breadcrumb\",\"itemListElement\":[{\"@type\":\"ListItem\",\"position\":1,\"name\":\"Dom\u016f\",\"item\":\"https:\/\/www.taborcernypotok.cz\/detsky-tabor\/\"},{\"@type\":\"ListItem\",\"position\":2,\"name\":\"Pro instruktory\",\"item\":\"https:\/\/www.taborcernypotok.cz\/detsky-tabor\/pro-instruktory\/\"},{\"@type\":\"ListItem\",\"position\":3,\"name\":\"VIA &#8211; V\u00e1no\u010dn\u00ed Instruktorsk\u00e1 akce 2026\"}]},{\"@type\":\"WebSite\",\"@id\":\"https:\/\/www.taborcernypotok.cz\/detsky-tabor\/#website\",\"url\":\"https:\/\/www.taborcernypotok.cz\/detsky-tabor\/\",\"name\":\"D\u011btsk\u00fd T\u00e1bor \u010cern\u00fd Potok\",\"description\":\"D\u011btsk\u00e9 t\u00e1bory Rychlebsk\u00e9 Hory\",\"potentialAction\":[{\"@type\":\"SearchAction\",\"target\":{\"@type\":\"EntryPoint\",\"urlTemplate\":\"https:\/\/www.taborcernypotok.cz\/detsky-tabor\/?s={search_term_string}\"},\"query-input\":{\"@type\":\"PropertyValueSpecification\",\"valueRequired\":true,\"valueName\":\"search_term_string\"}}],\"inLanguage\":\"cs\"}]}<\/script>\n<!-- \/ Yoast SEO plugin. -->","yoast_head_json":{"title":"VIA - V\u00e1no\u010dn\u00ed Instruktorsk\u00e1 akce 2026 - D\u011btsk\u00fd T\u00e1bor \u010cern\u00fd Potok","robots":{"index":"index","follow":"follow","max-snippet":"max-snippet:-1","max-image-preview":"max-image-preview:large","max-video-preview":"max-video-preview:-1"},"canonical":"https:\/\/www.taborcernypotok.cz\/detsky-tabor\/pro-instruktory\/vip-vanocni-instruktorsky-punc\/","og_locale":"cs_CZ","og_type":"article","og_title":"VIA - V\u00e1no\u010dn\u00ed Instruktorsk\u00e1 akce 2026 - D\u011btsk\u00fd T\u00e1bor \u010cern\u00fd Potok","og_description":"VIA &#8211; V\u00e1no\u010dn\u00ed Instruktorsk\u00e1 akce 2026 P\u0159ipravujeme na prosinec 2026","og_url":"https:\/\/www.taborcernypotok.cz\/detsky-tabor\/pro-instruktory\/vip-vanocni-instruktorsky-punc\/","og_site_name":"D\u011btsk\u00fd T\u00e1bor \u010cern\u00fd Potok","article_modified_time":"2026-02-18T15:00:39+00:00","twitter_card":"summary_large_image","twitter_misc":{"Odhadovan\u00e1 doba \u010dten\u00ed":"1 minuta"},"schema":{"@context":"https:\/\/schema.org","@graph":[{"@type":"WebPage","@id":"https:\/\/www.taborcernypotok.cz\/detsky-tabor\/pro-instruktory\/vip-vanocni-instruktorsky-punc\/","url":"https:\/\/www.taborcernypotok.cz\/detsky-tabor\/pro-instruktory\/vip-vanocni-instruktorsky-punc\/","name":"VIA - V\u00e1no\u010dn\u00ed Instruktorsk\u00e1 akce 2026 - D\u011btsk\u00fd T\u00e1bor \u010cern\u00fd Potok","isPartOf":{"@id":"https:\/\/www.taborcernypotok.cz\/detsky-tabor\/#website"},"datePublished":"2019-03-26T20:38:28+00:00","dateModified":"2026-02-18T15:00:39+00:00","breadcrumb":{"@id":"https:\/\/www.taborcernypotok.cz\/detsky-tabor\/pro-instruktory\/vip-vanocni-instruktorsky-punc\/#breadcrumb"},"inLanguage":"cs","potentialAction":[{"@type":"ReadAction","target":["https:\/\/www.taborcernypotok.cz\/detsky-tabor\/pro-instruktory\/vip-vanocni-instruktorsky-punc\/"]}]},{"@type":"BreadcrumbList","@id":"https:\/\/www.taborcernypotok.cz\/detsky-tabor\/pro-instruktory\/vip-vanocni-instruktorsky-punc\/#breadcrumb","itemListElement":[{"@type":"ListItem","position":1,"name":"Dom\u016f","item":"https:\/\/www.taborcernypotok.cz\/detsky-tabor\/"},{"@type":"ListItem","position":2,"name":"Pro instruktory","item":"https:\/\/www.taborcernypotok.cz\/detsky-tabor\/pro-instruktory\/"},{"@type":"ListItem","position":3,"name":"VIA &#8211; V\u00e1no\u010dn\u00ed Instruktorsk\u00e1 akce 2026"}]},{"@type":"WebSite","@id":"https:\/\/www.taborcernypotok.cz\/detsky-tabor\/#website","url":"https:\/\/www.taborcernypotok.cz\/detsky-tabor\/","name":"D\u011btsk\u00fd T\u00e1bor \u010cern\u00fd Potok","description":"D\u011btsk\u00e9 t\u00e1bory Rychlebsk\u00e9 Hory","potentialAction":[{"@type":"SearchAction","target":{"@type":"EntryPoint","urlTemplate":"https:\/\/www.taborcernypotok.cz\/detsky-tabor\/?s={search_term_string}"},"query-input":{"@type":"PropertyValueSpecification","valueRequired":true,"valueName":"search_term_string"}}],"inLanguage":"cs"}]}},"_links":{"self":[{"href":"https:\/\/www.taborcernypotok.cz\/detsky-tabor\/wp-json\/wp\/v2\/pages\/2705","targetHints":{"allow":["GET"]}}],"collection":[{"href":"https:\/\/www.taborcernypotok.cz\/detsky-tabor\/wp-json\/wp\/v2\/pages"}],"about":[{"href":"https:\/\/www.taborcernypotok.cz\/detsky-tabor\/wp-json\/wp\/v2\/types\/page"}],"author":[{"embeddable":true,"href":"https:\/\/www.taborcernypotok.cz\/detsky-tabor\/wp-json\/wp\/v2\/users\/1"}],"replies":[{"embeddable":true,"href":"https:\/\/www.taborcernypotok.cz\/detsky-tabor\/wp-json\/wp\/v2\/comments?post=2705"}],"version-history":[{"count":11,"href":"https:\/\/www.taborcernypotok.cz\/detsky-tabor\/wp-json\/wp\/v2\/pages\/2705\/revisions"}],"predecessor-version":[{"id":12306,"href":"https:\/\/www.taborcernypotok.cz\/detsky-tabor\/wp-json\/wp\/v2\/pages\/2705\/revisions\/12306"}],"up":[{"embeddable":true,"href":"https:\/\/www.taborcernypotok.cz\/detsky-tabor\/wp-json\/wp\/v2\/pages\/142"}],"wp:attachment":[{"href":"https:\/\/www.taborcernypotok.cz\/detsky-tabor\/wp-json\/wp\/v2\/media?parent=2705"}],"curies":[{"name":"wp","href":"https:\/\/api.w.org\/{rel}","templated":true}]}}