{"id":3273,"date":"2020-02-29T22:57:08","date_gmt":"2020-02-29T21:57:08","guid":{"rendered":"https:\/\/www.taborcernypotok.cz\/detsky-tabor\/?page_id=3273"},"modified":"2025-05-26T20:38:49","modified_gmt":"2025-05-26T19:38:49","slug":"2020-fantomas-zlodej-blesku-i","status":"publish","type":"page","link":"https:\/\/www.taborcernypotok.cz\/detsky-tabor\/letni-tabor\/archiv-letnich-taboru\/2020-fantomas-zlodej-blesku-i\/","title":{"rendered":"2020 FANTOMAS &#8211; ZLOD\u011aJ BLESKU I."},"content":{"rendered":"<div class=\"page-header\">\n<h1>FANTOMAS &#8211; ZLOD\u011aJ BLESKU I.<\/h1>\n<\/div>\n<p>dobrodru\u017en\u00fd | 1. turnus | 8. dn\u00ed | 5. &#8211; 12.7. 2020 | 9-12 let (ro\u010dn\u00edk 2008-2011)<\/p>\n<p><em>Voln\u011b inspirov\u00e1no komediemi s\u00a0Fantomasem a filmem Percy Jackson \u2013 zlod\u011bj blesku.<\/em><\/p>\n<p>P\u00ed\u0161e se rok 2020 a velk\u00e1 letn\u00ed olympi\u00e1da se bl\u00ed\u017e\u00ed. Jen m\u00e1lokdo v\u00ed, \u017ee se olympijsk\u00fd ohe\u0148 zapaluje na<br \/>\nho\u0159e Olymp bleskem v\u0161emocn\u00e9ho boha Dia. Bleskem, kter\u00fd m\u00e1 moc ovl\u00e1dnout cel\u00fd sv\u011bt. A pr\u00e1v\u011b po<br \/>\nt\u00e9to s\u00edle a neomezen\u00e9 moci zatou\u017e\u00ed i nejv\u011bt\u0161\u00ed padouch podsv\u011bt\u00ed FANTOMAS. Bohov\u00e9 mus\u00ed seslat na<br \/>\ntento sv\u011bt sv\u00e9 potomky, aby spole\u010dn\u011b s\u00a0mlad\u00fdmi sportovci a trochu popleten\u00fdm policejn\u00edm<br \/>\nkomisa\u0159em zabr\u00e1nili Fantomasovi ovl\u00e1dnout n\u00e1\u0161 sv\u011bt. Spole\u010dn\u011b mus\u00ed proj\u00edt nebezpe\u010dnou cestou, aby<br \/>\nzachr\u00e1nili sv\u011bt i samotnou olympi\u00e1du.<\/p>\n<p>Dobrodru\u017en\u00fd p\u0159\u00edb\u011bh se spoustou legrace, speci\u00e1ln\u011b p\u0159ipraven\u00fd pro st\u0159edn\u00ed \u0161koln\u00ed v\u011bk.<\/p>\n<table style=\"border-collapse: collapse; width: 100%;\">\n<tbody>\n<tr>\n<td style=\"width: 100%;\"><\/td>\n<\/tr>\n<\/tbody>\n<\/table>\n<p><strong>V\u011bkov\u00e1 kategorie:<\/strong> 9-12 let (ro\u010dn\u00edk 2008-2011) ho\u0161i i d\u00edvky<br \/>\n<strong>M\u00edsto:<\/strong> T\u00e1bor \u010cern\u00fd Potok Velk\u00e1 Kra\u0161 u Vidnavy<br \/>\n<strong>Ubytov\u00e1n\u00ed:<\/strong> d\u0159ev\u011bn\u00e9 chatky<br \/>\n<strong>Stravov\u00e1n\u00ed:<\/strong> 5x denn\u011b<br \/>\n<strong>Zdravotn\u00ed dozor:<\/strong> delegovan\u00fd l\u00e9ka\u0159 nebo zdravotn\u00ed pracovn\u00edk<br \/>\n<strong>Garant:<\/strong> Mgr. Roman Lipavsk\u00fd<br \/>\n<strong>Cena v\u010detn\u011b dopravy busem:<\/strong> 4250,- K\u010d<br \/>\n<strong>Dohled vykon\u00e1vaj\u00ed \u0161kolen\u00ed instrukto\u0159i, tren\u00e9\u0159i a pedagogi\u010dt\u00ed pracovn\u00edci.<\/strong><\/p>\n","protected":false},"excerpt":{"rendered":"<p>FANTOMAS &#8211; ZLOD\u011aJ BLESKU I. dobrodru\u017en\u00fd | 1. turnus | 8. dn\u00ed | 5. &#8211; 12.7. 2020 | 9-12 let (ro\u010dn\u00edk 2008-2011) Voln\u011b inspirov\u00e1no komediemi s\u00a0Fantomasem a filmem Percy Jackson \u2013 zlod\u011bj blesku. P\u00ed\u0161e se rok 2020 a velk\u00e1 letn\u00ed olympi\u00e1da se bl\u00ed\u017e\u00ed. Jen m\u00e1lokdo v\u00ed, \u017ee se olympijsk\u00fd ohe\u0148 zapaluje na ho\u0159e Olymp bleskem\u2026<\/p>\n","protected":false},"author":1,"featured_media":0,"parent":59,"menu_order":0,"comment_status":"closed","ping_status":"closed","template":"","meta":{"footnotes":""},"class_list":["post-3273","page","type-page","status-publish","hentry"],"yoast_head":"<!-- This site is optimized with the Yoast SEO plugin v26.5 - https:\/\/yoast.com\/wordpress\/plugins\/seo\/ -->\n<title>2020 FANTOMAS - ZLOD\u011aJ BLESKU I. - D\u011btsk\u00fd T\u00e1bor \u010cern\u00fd Potok<\/title>\n<meta name=\"robots\" content=\"index, follow, max-snippet:-1, max-image-preview:large, max-video-preview:-1\" \/>\n<link rel=\"canonical\" href=\"https:\/\/www.taborcernypotok.cz\/detsky-tabor\/letni-tabor\/archiv-letnich-taboru\/2020-fantomas-zlodej-blesku-i\/\" \/>\n<meta property=\"og:locale\" content=\"cs_CZ\" \/>\n<meta property=\"og:type\" content=\"article\" \/>\n<meta property=\"og:title\" content=\"2020 FANTOMAS - ZLOD\u011aJ BLESKU I. - D\u011btsk\u00fd T\u00e1bor \u010cern\u00fd Potok\" \/>\n<meta property=\"og:description\" content=\"FANTOMAS &#8211; ZLOD\u011aJ BLESKU I. dobrodru\u017en\u00fd | 1. turnus | 8. dn\u00ed | 5. &#8211; 12.7. 2020 | 9-12 let (ro\u010dn\u00edk 2008-2011) Voln\u011b inspirov\u00e1no komediemi s\u00a0Fantomasem a filmem Percy Jackson \u2013 zlod\u011bj blesku. P\u00ed\u0161e se rok 2020 a velk\u00e1 letn\u00ed olympi\u00e1da se bl\u00ed\u017e\u00ed. Jen m\u00e1lokdo v\u00ed, \u017ee se olympijsk\u00fd ohe\u0148 zapaluje na ho\u0159e Olymp bleskem\u2026\" \/>\n<meta property=\"og:url\" content=\"https:\/\/www.taborcernypotok.cz\/detsky-tabor\/letni-tabor\/archiv-letnich-taboru\/2020-fantomas-zlodej-blesku-i\/\" \/>\n<meta property=\"og:site_name\" content=\"D\u011btsk\u00fd T\u00e1bor \u010cern\u00fd Potok\" \/>\n<meta property=\"article:modified_time\" content=\"2025-05-26T19:38:49+00:00\" \/>\n<meta name=\"twitter:card\" content=\"summary_large_image\" \/>\n<meta name=\"twitter:label1\" content=\"Odhadovan\u00e1 doba \u010dten\u00ed\" \/>\n\t<meta name=\"twitter:data1\" content=\"2 minuty\" \/>\n<script type=\"application\/ld+json\" class=\"yoast-schema-graph\">{\"@context\":\"https:\/\/schema.org\",\"@graph\":[{\"@type\":\"WebPage\",\"@id\":\"https:\/\/www.taborcernypotok.cz\/detsky-tabor\/letni-tabor\/archiv-letnich-taboru\/2020-fantomas-zlodej-blesku-i\/\",\"url\":\"https:\/\/www.taborcernypotok.cz\/detsky-tabor\/letni-tabor\/archiv-letnich-taboru\/2020-fantomas-zlodej-blesku-i\/\",\"name\":\"2020 FANTOMAS - ZLOD\u011aJ BLESKU I. - D\u011btsk\u00fd T\u00e1bor \u010cern\u00fd Potok\",\"isPartOf\":{\"@id\":\"https:\/\/www.taborcernypotok.cz\/detsky-tabor\/#website\"},\"datePublished\":\"2020-02-29T21:57:08+00:00\",\"dateModified\":\"2025-05-26T19:38:49+00:00\",\"breadcrumb\":{\"@id\":\"https:\/\/www.taborcernypotok.cz\/detsky-tabor\/letni-tabor\/archiv-letnich-taboru\/2020-fantomas-zlodej-blesku-i\/#breadcrumb\"},\"inLanguage\":\"cs\",\"potentialAction\":[{\"@type\":\"ReadAction\",\"target\":[\"https:\/\/www.taborcernypotok.cz\/detsky-tabor\/letni-tabor\/archiv-letnich-taboru\/2020-fantomas-zlodej-blesku-i\/\"]}]},{\"@type\":\"BreadcrumbList\",\"@id\":\"https:\/\/www.taborcernypotok.cz\/detsky-tabor\/letni-tabor\/archiv-letnich-taboru\/2020-fantomas-zlodej-blesku-i\/#breadcrumb\",\"itemListElement\":[{\"@type\":\"ListItem\",\"position\":1,\"name\":\"Dom\u016f\",\"item\":\"https:\/\/www.taborcernypotok.cz\/detsky-tabor\/\"},{\"@type\":\"ListItem\",\"position\":2,\"name\":\"Letn\u00ed t\u00e1bor\",\"item\":\"https:\/\/www.taborcernypotok.cz\/detsky-tabor\/letni-tabor\/\"},{\"@type\":\"ListItem\",\"position\":3,\"name\":\"Archiv letn\u00edch t\u00e1bor\u016f\",\"item\":\"https:\/\/www.taborcernypotok.cz\/detsky-tabor\/letni-tabor\/archiv-letnich-taboru\/\"},{\"@type\":\"ListItem\",\"position\":4,\"name\":\"2020 FANTOMAS &#8211; ZLOD\u011aJ BLESKU I.\"}]},{\"@type\":\"WebSite\",\"@id\":\"https:\/\/www.taborcernypotok.cz\/detsky-tabor\/#website\",\"url\":\"https:\/\/www.taborcernypotok.cz\/detsky-tabor\/\",\"name\":\"D\u011btsk\u00fd T\u00e1bor \u010cern\u00fd Potok\",\"description\":\"D\u011btsk\u00e9 t\u00e1bory Rychlebsk\u00e9 Hory\",\"potentialAction\":[{\"@type\":\"SearchAction\",\"target\":{\"@type\":\"EntryPoint\",\"urlTemplate\":\"https:\/\/www.taborcernypotok.cz\/detsky-tabor\/?s={search_term_string}\"},\"query-input\":{\"@type\":\"PropertyValueSpecification\",\"valueRequired\":true,\"valueName\":\"search_term_string\"}}],\"inLanguage\":\"cs\"}]}<\/script>\n<!-- \/ Yoast SEO plugin. -->","yoast_head_json":{"title":"2020 FANTOMAS - ZLOD\u011aJ BLESKU I. - D\u011btsk\u00fd T\u00e1bor \u010cern\u00fd Potok","robots":{"index":"index","follow":"follow","max-snippet":"max-snippet:-1","max-image-preview":"max-image-preview:large","max-video-preview":"max-video-preview:-1"},"canonical":"https:\/\/www.taborcernypotok.cz\/detsky-tabor\/letni-tabor\/archiv-letnich-taboru\/2020-fantomas-zlodej-blesku-i\/","og_locale":"cs_CZ","og_type":"article","og_title":"2020 FANTOMAS - ZLOD\u011aJ BLESKU I. - D\u011btsk\u00fd T\u00e1bor \u010cern\u00fd Potok","og_description":"FANTOMAS &#8211; ZLOD\u011aJ BLESKU I. dobrodru\u017en\u00fd | 1. turnus | 8. dn\u00ed | 5. &#8211; 12.7. 2020 | 9-12 let (ro\u010dn\u00edk 2008-2011) Voln\u011b inspirov\u00e1no komediemi s\u00a0Fantomasem a filmem Percy Jackson \u2013 zlod\u011bj blesku. P\u00ed\u0161e se rok 2020 a velk\u00e1 letn\u00ed olympi\u00e1da se bl\u00ed\u017e\u00ed. Jen m\u00e1lokdo v\u00ed, \u017ee se olympijsk\u00fd ohe\u0148 zapaluje na ho\u0159e Olymp bleskem\u2026","og_url":"https:\/\/www.taborcernypotok.cz\/detsky-tabor\/letni-tabor\/archiv-letnich-taboru\/2020-fantomas-zlodej-blesku-i\/","og_site_name":"D\u011btsk\u00fd T\u00e1bor \u010cern\u00fd Potok","article_modified_time":"2025-05-26T19:38:49+00:00","twitter_card":"summary_large_image","twitter_misc":{"Odhadovan\u00e1 doba \u010dten\u00ed":"2 minuty"},"schema":{"@context":"https:\/\/schema.org","@graph":[{"@type":"WebPage","@id":"https:\/\/www.taborcernypotok.cz\/detsky-tabor\/letni-tabor\/archiv-letnich-taboru\/2020-fantomas-zlodej-blesku-i\/","url":"https:\/\/www.taborcernypotok.cz\/detsky-tabor\/letni-tabor\/archiv-letnich-taboru\/2020-fantomas-zlodej-blesku-i\/","name":"2020 FANTOMAS - ZLOD\u011aJ BLESKU I. - D\u011btsk\u00fd T\u00e1bor \u010cern\u00fd Potok","isPartOf":{"@id":"https:\/\/www.taborcernypotok.cz\/detsky-tabor\/#website"},"datePublished":"2020-02-29T21:57:08+00:00","dateModified":"2025-05-26T19:38:49+00:00","breadcrumb":{"@id":"https:\/\/www.taborcernypotok.cz\/detsky-tabor\/letni-tabor\/archiv-letnich-taboru\/2020-fantomas-zlodej-blesku-i\/#breadcrumb"},"inLanguage":"cs","potentialAction":[{"@type":"ReadAction","target":["https:\/\/www.taborcernypotok.cz\/detsky-tabor\/letni-tabor\/archiv-letnich-taboru\/2020-fantomas-zlodej-blesku-i\/"]}]},{"@type":"BreadcrumbList","@id":"https:\/\/www.taborcernypotok.cz\/detsky-tabor\/letni-tabor\/archiv-letnich-taboru\/2020-fantomas-zlodej-blesku-i\/#breadcrumb","itemListElement":[{"@type":"ListItem","position":1,"name":"Dom\u016f","item":"https:\/\/www.taborcernypotok.cz\/detsky-tabor\/"},{"@type":"ListItem","position":2,"name":"Letn\u00ed t\u00e1bor","item":"https:\/\/www.taborcernypotok.cz\/detsky-tabor\/letni-tabor\/"},{"@type":"ListItem","position":3,"name":"Archiv letn\u00edch t\u00e1bor\u016f","item":"https:\/\/www.taborcernypotok.cz\/detsky-tabor\/letni-tabor\/archiv-letnich-taboru\/"},{"@type":"ListItem","position":4,"name":"2020 FANTOMAS &#8211; ZLOD\u011aJ BLESKU I."}]},{"@type":"WebSite","@id":"https:\/\/www.taborcernypotok.cz\/detsky-tabor\/#website","url":"https:\/\/www.taborcernypotok.cz\/detsky-tabor\/","name":"D\u011btsk\u00fd T\u00e1bor \u010cern\u00fd Potok","description":"D\u011btsk\u00e9 t\u00e1bory Rychlebsk\u00e9 Hory","potentialAction":[{"@type":"SearchAction","target":{"@type":"EntryPoint","urlTemplate":"https:\/\/www.taborcernypotok.cz\/detsky-tabor\/?s={search_term_string}"},"query-input":{"@type":"PropertyValueSpecification","valueRequired":true,"valueName":"search_term_string"}}],"inLanguage":"cs"}]}},"_links":{"self":[{"href":"https:\/\/www.taborcernypotok.cz\/detsky-tabor\/wp-json\/wp\/v2\/pages\/3273","targetHints":{"allow":["GET"]}}],"collection":[{"href":"https:\/\/www.taborcernypotok.cz\/detsky-tabor\/wp-json\/wp\/v2\/pages"}],"about":[{"href":"https:\/\/www.taborcernypotok.cz\/detsky-tabor\/wp-json\/wp\/v2\/types\/page"}],"author":[{"embeddable":true,"href":"https:\/\/www.taborcernypotok.cz\/detsky-tabor\/wp-json\/wp\/v2\/users\/1"}],"replies":[{"embeddable":true,"href":"https:\/\/www.taborcernypotok.cz\/detsky-tabor\/wp-json\/wp\/v2\/comments?post=3273"}],"version-history":[{"count":5,"href":"https:\/\/www.taborcernypotok.cz\/detsky-tabor\/wp-json\/wp\/v2\/pages\/3273\/revisions"}],"predecessor-version":[{"id":12002,"href":"https:\/\/www.taborcernypotok.cz\/detsky-tabor\/wp-json\/wp\/v2\/pages\/3273\/revisions\/12002"}],"up":[{"embeddable":true,"href":"https:\/\/www.taborcernypotok.cz\/detsky-tabor\/wp-json\/wp\/v2\/pages\/59"}],"wp:attachment":[{"href":"https:\/\/www.taborcernypotok.cz\/detsky-tabor\/wp-json\/wp\/v2\/media?parent=3273"}],"curies":[{"name":"wp","href":"https:\/\/api.w.org\/{rel}","templated":true}]}}