{"id":3293,"date":"2020-02-29T23:16:11","date_gmt":"2020-02-29T22:16:11","guid":{"rendered":"https:\/\/www.taborcernypotok.cz\/detsky-tabor\/?page_id=3293"},"modified":"2025-05-26T20:39:30","modified_gmt":"2025-05-26T19:39:30","slug":"2020-prvni-liga","status":"publish","type":"page","link":"https:\/\/www.taborcernypotok.cz\/detsky-tabor\/letni-tabor\/archiv-letnich-taboru\/2020-prvni-liga\/","title":{"rendered":"2020 PRVN\u00cd LIGA"},"content":{"rendered":"<div class=\"page-header\">\n<h1>PRVN\u00cd LIGA<\/h1>\n<\/div>\n<p>sportovn\u011b-baseballov\u00fd t\u00e1bor | 3. turnus | 8. dn\u00ed | 19. &#8211; 26.7. 2020 | 8-13 let (ro\u010dn\u00edk 2007-2012)<\/p>\n<div class=\"alert alert-warning\">\n<p><span style=\"font-weight: 400;\">Pouze pro aktivn\u00ed hr\u00e1\u010de baseballu a v\u00e1\u017en\u00e9, fyzicky zdatn\u00e9 z\u00e1jemce o tento sport.<\/span><\/p>\n<\/div>\n<p><span style=\"font-weight: 400;\">V n\u00e1dhern\u00e9m prost\u0159ed\u00ed p\u0159ekr\u00e1sn\u00e9 p\u0159\u00edrody Rychlebsk\u00fdch hor se letos uskute\u010dn\u00ed sportovn\u011b -baseballov\u00fd t\u00e1bor pro hochy i d\u00edvky ve v\u011bku 8 \u2013 13 let. Z\u00fa\u010dastnit se mohou aktivn\u00ed hr\u00e1\u010di baseballu a v\u00e1\u017en\u00ed z\u00e1jemci o tento sport. Cel\u00fd projekt vznikl z my\u0161lenky p\u0159edn\u00edch tren\u00e9r\u016f \u010cR. Snahou tohoto projektu je vytvo\u0159it velk\u00e9 soust\u0159ed\u011bn\u00ed baseballist\u016f, kde by se hr\u00e1\u010di zdokonalovali v hern\u00edch dovednostech, za\u017eili stmelovac\u00ed t\u00fdmov\u00e9 hry a pro\u017eili 8 n\u00e1dhern\u00fdch dn\u016f v p\u0159ekr\u00e1sn\u00e9 p\u0159\u00edrod\u011b. Dopoledne budou prob\u00edhat hern\u00ed tr\u00e9ninky, odpoledne ak\u010dn\u00ed, dobrodru\u017en\u00e9 a stmelovac\u00ed hry, v podve\u010der turnaje v baseballu, fotbalu a dal\u0161\u00edch kolektivn\u00edch sportech. O hr\u00e1\u010de se budou starat p\u0159edn\u00ed tren\u00e9\u0159i baseballu \u010cR a zku\u0161en\u00ed instrukto\u0159i t\u00e1bora \u010cern\u00fd Potok.<\/span><\/p>\n<p><span style=\"font-weight: 400;\">Sou\u010d\u00e1st\u00ed t\u00e1bora bude \u0161kolen\u00ed pro tren\u00e9ry maj\u00edc\u00ed z\u00e1jem o licenci 3.t\u0159. \u2013 nutn\u00e9 doporu\u010den\u00ed sv\u00e9ho odd\u00edlu.<\/span><\/p>\n<p><span style=\"font-weight: 400;\">T\u00e9ma t\u00e1bora \u2013 PRVN\u00cd LIGA (voln\u011b inspirov\u00e1no stejnojmennou komedi\u00ed).<\/span><\/p>\n<p><span style=\"font-weight: 400;\">Do v\u00fdb\u011brov\u00e9ho kempu jsou pozv\u00e1ni baseballist\u00e9 z\u00a0cel\u00e9 zem\u011b. Skupina hr\u00e1\u010d\u016f je dopln\u011bna nov\u00fdmi tren\u00e9ry a veden\u00ed klubu je postav\u00ed p\u0159ed jasn\u00fd \u00fakol \u2013 postup do PRVN\u00cd LIGY. Tr\u00e9ninkov\u00e9 \u00fakoly p\u0159ed\u00e1van\u00e9 \u0159editelstv\u00ed klubu jsou v\u0161ak v\u00edce ne\u017e velice podivn\u00e9. V\u0161em za\u010d\u00edn\u00e1 b\u00fdt jasn\u00e9, \u017ee hlavn\u00ed majitel a mana\u017eer klubu maj\u00ed s t\u00fdmem \u00fapln\u011b jin\u00e9 \u00famysly, ne\u017e postup do prvn\u00ed ligy. Hr\u00e1\u010d\u016fm i tren\u00e9r\u016fm nezb\u00fdv\u00e1 nic jin\u00e9ho, ne\u017e t\u00e1hnout za jeden provaz a tvrd\u011b na sob\u011b zapracovat. Jen tak mohou zvr\u00e1tit osud nachystan\u00fd t\u011bmi, kter\u00fdm o baseball v\u016fbec nejde.\u00a0\u00a0<\/span><\/p>\n<table style=\"border-collapse: collapse; width: 100%;\">\n<tbody>\n<tr>\n<td style=\"width: 100%;\"><\/td>\n<\/tr>\n<\/tbody>\n<\/table>\n<p><span style=\"font-weight: 400;\"><strong>V\u011bkov\u00e1 kategorie:<\/strong> 8-13 let (ro\u010dn\u00edk 2007-2012) ho\u0161i i d\u00edvky<br \/>\n<\/span><span style=\"font-weight: 400;\"><strong>M\u00edsto:<\/strong> T\u00e1bor \u010cern\u00fd Potok Velk\u00e1 Kra\u0161 u Vidnavy<br \/>\n<\/span><span style=\"font-weight: 400;\"><strong>Ubytov\u00e1n\u00ed:<\/strong> d\u0159ev\u011bn\u00e9 chatky<br \/>\n<\/span><span style=\"font-weight: 400;\"><strong>Stravov\u00e1n\u00ed:<\/strong> 5x denn\u011b<br \/>\n<\/span><span style=\"font-weight: 400;\"><strong>Zdravotn\u00ed dozor:<\/strong> delegovan\u00fd l\u00e9ka\u0159 nebo zdravotn\u00ed pracovn\u00edk<br \/>\n<\/span><span style=\"font-weight: 400;\"><strong>Garant:<\/strong> Mgr. Roman Lipavsk\u00fd<br \/>\n<\/span><span style=\"font-weight: 400;\"><strong>Cena v\u010detn\u011b dopravy busem ze \u0160umperka:<\/strong> 4250,- K\u010d<br \/>\n<\/span><strong>Dohled vykon\u00e1vaj\u00ed \u0161kolen\u00ed instrukto\u0159i, tren\u00e9\u0159i a pedagogi\u010dt\u00ed pracovn\u00edci.<\/strong><\/p>\n","protected":false},"excerpt":{"rendered":"<p>PRVN\u00cd LIGA sportovn\u011b-baseballov\u00fd t\u00e1bor | 3. turnus | 8. dn\u00ed | 19. &#8211; 26.7. 2020 | 8-13 let (ro\u010dn\u00edk 2007-2012) Pouze pro aktivn\u00ed hr\u00e1\u010de baseballu a v\u00e1\u017en\u00e9, fyzicky zdatn\u00e9 z\u00e1jemce o tento sport. V n\u00e1dhern\u00e9m prost\u0159ed\u00ed p\u0159ekr\u00e1sn\u00e9 p\u0159\u00edrody Rychlebsk\u00fdch hor se letos uskute\u010dn\u00ed sportovn\u011b -baseballov\u00fd t\u00e1bor pro hochy i d\u00edvky ve v\u011bku 8 \u2013 13\u2026<\/p>\n","protected":false},"author":1,"featured_media":0,"parent":59,"menu_order":0,"comment_status":"closed","ping_status":"closed","template":"","meta":{"footnotes":""},"class_list":["post-3293","page","type-page","status-publish","hentry"],"yoast_head":"<!-- This site is optimized with the Yoast SEO plugin v26.5 - https:\/\/yoast.com\/wordpress\/plugins\/seo\/ -->\n<title>2020 PRVN\u00cd LIGA - D\u011btsk\u00fd T\u00e1bor \u010cern\u00fd Potok<\/title>\n<meta name=\"robots\" content=\"index, follow, max-snippet:-1, max-image-preview:large, max-video-preview:-1\" \/>\n<link rel=\"canonical\" href=\"https:\/\/www.taborcernypotok.cz\/detsky-tabor\/letni-tabor\/archiv-letnich-taboru\/2020-prvni-liga\/\" \/>\n<meta property=\"og:locale\" content=\"cs_CZ\" \/>\n<meta property=\"og:type\" content=\"article\" \/>\n<meta property=\"og:title\" content=\"2020 PRVN\u00cd LIGA - D\u011btsk\u00fd T\u00e1bor \u010cern\u00fd Potok\" \/>\n<meta property=\"og:description\" content=\"PRVN\u00cd LIGA sportovn\u011b-baseballov\u00fd t\u00e1bor | 3. turnus | 8. dn\u00ed | 19. &#8211; 26.7. 2020 | 8-13 let (ro\u010dn\u00edk 2007-2012) Pouze pro aktivn\u00ed hr\u00e1\u010de baseballu a v\u00e1\u017en\u00e9, fyzicky zdatn\u00e9 z\u00e1jemce o tento sport. V n\u00e1dhern\u00e9m prost\u0159ed\u00ed p\u0159ekr\u00e1sn\u00e9 p\u0159\u00edrody Rychlebsk\u00fdch hor se letos uskute\u010dn\u00ed sportovn\u011b -baseballov\u00fd t\u00e1bor pro hochy i d\u00edvky ve v\u011bku 8 \u2013 13\u2026\" \/>\n<meta property=\"og:url\" content=\"https:\/\/www.taborcernypotok.cz\/detsky-tabor\/letni-tabor\/archiv-letnich-taboru\/2020-prvni-liga\/\" \/>\n<meta property=\"og:site_name\" content=\"D\u011btsk\u00fd T\u00e1bor \u010cern\u00fd Potok\" \/>\n<meta property=\"article:modified_time\" content=\"2025-05-26T19:39:30+00:00\" \/>\n<meta name=\"twitter:card\" content=\"summary_large_image\" \/>\n<meta name=\"twitter:label1\" content=\"Odhadovan\u00e1 doba \u010dten\u00ed\" \/>\n\t<meta name=\"twitter:data1\" content=\"2 minuty\" \/>\n<script type=\"application\/ld+json\" class=\"yoast-schema-graph\">{\"@context\":\"https:\/\/schema.org\",\"@graph\":[{\"@type\":\"WebPage\",\"@id\":\"https:\/\/www.taborcernypotok.cz\/detsky-tabor\/letni-tabor\/archiv-letnich-taboru\/2020-prvni-liga\/\",\"url\":\"https:\/\/www.taborcernypotok.cz\/detsky-tabor\/letni-tabor\/archiv-letnich-taboru\/2020-prvni-liga\/\",\"name\":\"2020 PRVN\u00cd LIGA - D\u011btsk\u00fd T\u00e1bor \u010cern\u00fd Potok\",\"isPartOf\":{\"@id\":\"https:\/\/www.taborcernypotok.cz\/detsky-tabor\/#website\"},\"datePublished\":\"2020-02-29T22:16:11+00:00\",\"dateModified\":\"2025-05-26T19:39:30+00:00\",\"breadcrumb\":{\"@id\":\"https:\/\/www.taborcernypotok.cz\/detsky-tabor\/letni-tabor\/archiv-letnich-taboru\/2020-prvni-liga\/#breadcrumb\"},\"inLanguage\":\"cs\",\"potentialAction\":[{\"@type\":\"ReadAction\",\"target\":[\"https:\/\/www.taborcernypotok.cz\/detsky-tabor\/letni-tabor\/archiv-letnich-taboru\/2020-prvni-liga\/\"]}]},{\"@type\":\"BreadcrumbList\",\"@id\":\"https:\/\/www.taborcernypotok.cz\/detsky-tabor\/letni-tabor\/archiv-letnich-taboru\/2020-prvni-liga\/#breadcrumb\",\"itemListElement\":[{\"@type\":\"ListItem\",\"position\":1,\"name\":\"Dom\u016f\",\"item\":\"https:\/\/www.taborcernypotok.cz\/detsky-tabor\/\"},{\"@type\":\"ListItem\",\"position\":2,\"name\":\"Letn\u00ed t\u00e1bor\",\"item\":\"https:\/\/www.taborcernypotok.cz\/detsky-tabor\/letni-tabor\/\"},{\"@type\":\"ListItem\",\"position\":3,\"name\":\"Archiv letn\u00edch t\u00e1bor\u016f\",\"item\":\"https:\/\/www.taborcernypotok.cz\/detsky-tabor\/letni-tabor\/archiv-letnich-taboru\/\"},{\"@type\":\"ListItem\",\"position\":4,\"name\":\"2020 PRVN\u00cd LIGA\"}]},{\"@type\":\"WebSite\",\"@id\":\"https:\/\/www.taborcernypotok.cz\/detsky-tabor\/#website\",\"url\":\"https:\/\/www.taborcernypotok.cz\/detsky-tabor\/\",\"name\":\"D\u011btsk\u00fd T\u00e1bor \u010cern\u00fd Potok\",\"description\":\"D\u011btsk\u00e9 t\u00e1bory Rychlebsk\u00e9 Hory\",\"potentialAction\":[{\"@type\":\"SearchAction\",\"target\":{\"@type\":\"EntryPoint\",\"urlTemplate\":\"https:\/\/www.taborcernypotok.cz\/detsky-tabor\/?s={search_term_string}\"},\"query-input\":{\"@type\":\"PropertyValueSpecification\",\"valueRequired\":true,\"valueName\":\"search_term_string\"}}],\"inLanguage\":\"cs\"}]}<\/script>\n<!-- \/ Yoast SEO plugin. -->","yoast_head_json":{"title":"2020 PRVN\u00cd LIGA - D\u011btsk\u00fd T\u00e1bor \u010cern\u00fd Potok","robots":{"index":"index","follow":"follow","max-snippet":"max-snippet:-1","max-image-preview":"max-image-preview:large","max-video-preview":"max-video-preview:-1"},"canonical":"https:\/\/www.taborcernypotok.cz\/detsky-tabor\/letni-tabor\/archiv-letnich-taboru\/2020-prvni-liga\/","og_locale":"cs_CZ","og_type":"article","og_title":"2020 PRVN\u00cd LIGA - D\u011btsk\u00fd T\u00e1bor \u010cern\u00fd Potok","og_description":"PRVN\u00cd LIGA sportovn\u011b-baseballov\u00fd t\u00e1bor | 3. turnus | 8. dn\u00ed | 19. &#8211; 26.7. 2020 | 8-13 let (ro\u010dn\u00edk 2007-2012) Pouze pro aktivn\u00ed hr\u00e1\u010de baseballu a v\u00e1\u017en\u00e9, fyzicky zdatn\u00e9 z\u00e1jemce o tento sport. V n\u00e1dhern\u00e9m prost\u0159ed\u00ed p\u0159ekr\u00e1sn\u00e9 p\u0159\u00edrody Rychlebsk\u00fdch hor se letos uskute\u010dn\u00ed sportovn\u011b -baseballov\u00fd t\u00e1bor pro hochy i d\u00edvky ve v\u011bku 8 \u2013 13\u2026","og_url":"https:\/\/www.taborcernypotok.cz\/detsky-tabor\/letni-tabor\/archiv-letnich-taboru\/2020-prvni-liga\/","og_site_name":"D\u011btsk\u00fd T\u00e1bor \u010cern\u00fd Potok","article_modified_time":"2025-05-26T19:39:30+00:00","twitter_card":"summary_large_image","twitter_misc":{"Odhadovan\u00e1 doba \u010dten\u00ed":"2 minuty"},"schema":{"@context":"https:\/\/schema.org","@graph":[{"@type":"WebPage","@id":"https:\/\/www.taborcernypotok.cz\/detsky-tabor\/letni-tabor\/archiv-letnich-taboru\/2020-prvni-liga\/","url":"https:\/\/www.taborcernypotok.cz\/detsky-tabor\/letni-tabor\/archiv-letnich-taboru\/2020-prvni-liga\/","name":"2020 PRVN\u00cd LIGA - D\u011btsk\u00fd T\u00e1bor \u010cern\u00fd Potok","isPartOf":{"@id":"https:\/\/www.taborcernypotok.cz\/detsky-tabor\/#website"},"datePublished":"2020-02-29T22:16:11+00:00","dateModified":"2025-05-26T19:39:30+00:00","breadcrumb":{"@id":"https:\/\/www.taborcernypotok.cz\/detsky-tabor\/letni-tabor\/archiv-letnich-taboru\/2020-prvni-liga\/#breadcrumb"},"inLanguage":"cs","potentialAction":[{"@type":"ReadAction","target":["https:\/\/www.taborcernypotok.cz\/detsky-tabor\/letni-tabor\/archiv-letnich-taboru\/2020-prvni-liga\/"]}]},{"@type":"BreadcrumbList","@id":"https:\/\/www.taborcernypotok.cz\/detsky-tabor\/letni-tabor\/archiv-letnich-taboru\/2020-prvni-liga\/#breadcrumb","itemListElement":[{"@type":"ListItem","position":1,"name":"Dom\u016f","item":"https:\/\/www.taborcernypotok.cz\/detsky-tabor\/"},{"@type":"ListItem","position":2,"name":"Letn\u00ed t\u00e1bor","item":"https:\/\/www.taborcernypotok.cz\/detsky-tabor\/letni-tabor\/"},{"@type":"ListItem","position":3,"name":"Archiv letn\u00edch t\u00e1bor\u016f","item":"https:\/\/www.taborcernypotok.cz\/detsky-tabor\/letni-tabor\/archiv-letnich-taboru\/"},{"@type":"ListItem","position":4,"name":"2020 PRVN\u00cd LIGA"}]},{"@type":"WebSite","@id":"https:\/\/www.taborcernypotok.cz\/detsky-tabor\/#website","url":"https:\/\/www.taborcernypotok.cz\/detsky-tabor\/","name":"D\u011btsk\u00fd T\u00e1bor \u010cern\u00fd Potok","description":"D\u011btsk\u00e9 t\u00e1bory Rychlebsk\u00e9 Hory","potentialAction":[{"@type":"SearchAction","target":{"@type":"EntryPoint","urlTemplate":"https:\/\/www.taborcernypotok.cz\/detsky-tabor\/?s={search_term_string}"},"query-input":{"@type":"PropertyValueSpecification","valueRequired":true,"valueName":"search_term_string"}}],"inLanguage":"cs"}]}},"_links":{"self":[{"href":"https:\/\/www.taborcernypotok.cz\/detsky-tabor\/wp-json\/wp\/v2\/pages\/3293","targetHints":{"allow":["GET"]}}],"collection":[{"href":"https:\/\/www.taborcernypotok.cz\/detsky-tabor\/wp-json\/wp\/v2\/pages"}],"about":[{"href":"https:\/\/www.taborcernypotok.cz\/detsky-tabor\/wp-json\/wp\/v2\/types\/page"}],"author":[{"embeddable":true,"href":"https:\/\/www.taborcernypotok.cz\/detsky-tabor\/wp-json\/wp\/v2\/users\/1"}],"replies":[{"embeddable":true,"href":"https:\/\/www.taborcernypotok.cz\/detsky-tabor\/wp-json\/wp\/v2\/comments?post=3293"}],"version-history":[{"count":6,"href":"https:\/\/www.taborcernypotok.cz\/detsky-tabor\/wp-json\/wp\/v2\/pages\/3293\/revisions"}],"predecessor-version":[{"id":12007,"href":"https:\/\/www.taborcernypotok.cz\/detsky-tabor\/wp-json\/wp\/v2\/pages\/3293\/revisions\/12007"}],"up":[{"embeddable":true,"href":"https:\/\/www.taborcernypotok.cz\/detsky-tabor\/wp-json\/wp\/v2\/pages\/59"}],"wp:attachment":[{"href":"https:\/\/www.taborcernypotok.cz\/detsky-tabor\/wp-json\/wp\/v2\/media?parent=3293"}],"curies":[{"name":"wp","href":"https:\/\/api.w.org\/{rel}","templated":true}]}}