{"id":333,"date":"2017-03-26T12:23:19","date_gmt":"2017-03-26T11:23:19","guid":{"rendered":"https:\/\/www.taborcernypotok.cz\/detsky-tabor\/?page_id=333"},"modified":"2025-05-26T20:34:04","modified_gmt":"2025-05-26T19:34:04","slug":"2017-avatar-navrat-bojovnika-i","status":"publish","type":"page","link":"https:\/\/www.taborcernypotok.cz\/detsky-tabor\/letni-tabor\/archiv-letnich-taboru\/2017-avatar-navrat-bojovnika-i\/","title":{"rendered":"2017 Avatar &#8211; n\u00e1vrat bojovn\u00edka I."},"content":{"rendered":"<div class=\"page-header\">\n<h1>Avatar &#8211; n\u00e1vrat bojovn\u00edka I.<\/h1>\n<\/div>\n<p>I. TURNUS | 8 dn\u00ed 8. 7. &#8211; 15. 7. 2017 | 9 &#8211; 12 let<\/p>\n<p>Po slavn\u00e9m v\u00edt\u011bzstv\u00ed obyvatel planety Pandory nad pozemskou koloniza\u010dn\u00ed arm\u00e1dou se \u017eivot vr\u00e1til do klidu a rovnov\u00e1hy. N\u00e1rod Na&#8217;vi \u017eije s p\u0159\u00edrodou v souladu a rovnov\u00e1ze do okam\u017eiku ne\u017e se jeho udatn\u00ed bojovn\u00edci za\u010dnou z\u00e1hadn\u011b ztr\u00e1cet.<br \/>\nNa planetu Pandoru se vkr\u00e1d\u00e1 z\u00e1hadn\u00e9 temn\u00e9 zlo a Avatar Jake Sully vol\u00e1 na pomoc sp\u0159\u00edzn\u011bn\u00e9 bojovn\u00edky&#8230;<\/p>\n<p>Nap\u00ednav\u00e1 celot\u00e1borov\u00e1 hra u\u0161it\u00e1 na m\u00edru pro d\u011bti st\u0159edn\u00edho \u0161koln\u00edho v\u011bku.<\/p>\n<p>Nebude chyb\u011bt: n\u00e1dhern\u00e1 p\u0159\u00edroda, koup\u00e1n\u00ed v lomech a na koupali\u0161ti, plavba na \u010dlunech, letn\u00ed kino, t\u00e1bor\u00e1k, oh\u0148ostroj, sportov\u00e1n\u00ed a spousta nap\u00ednav\u00fdch her. Dohled vykon\u00e1vaj\u00ed \u0161kolen\u00ed instrukto\u0159i, tren\u00e9\u0159i a pedagogi\u010dt\u00ed pracovn\u00edci.<\/p>\n<table style=\"width: 100%;\">\n<tbody>\n<tr>\n<td><\/td>\n<\/tr>\n<\/tbody>\n<\/table>\n<p><strong>V\u011bkov\u00e1 kategorie:<\/strong> 9 &#8211; 12 let ho\u0161i i d\u00edvky<br \/>\n<strong>M\u00edsto:<\/strong> T\u00e1bor \u010cern\u00fd Potok Velk\u00e1 Kra\u0161 u Vidnavy<br \/>\n<strong>Ubytov\u00e1n\u00ed:<\/strong> d\u0159ev\u011bn\u00e9 chatky<br \/>\n<strong>Stravov\u00e1n\u00ed:<\/strong> 5 x denn\u011b<br \/>\n<strong>Zdravotn\u00ed dozor:<\/strong> delegovan\u00fd l\u00e9ka\u0159 nebo zdravotn\u00ed pracovn\u00edk<br \/>\n<strong>Garant:<\/strong> Mgr. Roman Lipavsk\u00fd<br \/>\n<strong>Cena v\u010detn\u011b dopravy na t\u00e1bor:<\/strong> 3.390,- K\u010d<br \/>\n<strong>Dohled vykon\u00e1vaj\u00ed \u0161kolen\u00ed instrukto\u0159i, tren\u00e9\u0159i a<\/strong><br \/>\n<strong>pedagogi\u010dt\u00ed pracovn\u00edci.<\/strong><\/p>\n<h2>P\u0159ihl\u00e1\u0161ka<\/h2>\n\n<div class=\"wpcf7 no-js\" id=\"wpcf7-f57-o1\" lang=\"cs-CZ\" dir=\"ltr\" data-wpcf7-id=\"57\">\n<div class=\"screen-reader-response\"><p role=\"status\" aria-live=\"polite\" aria-atomic=\"true\"><\/p> <ul><\/ul><\/div>\n<form action=\"\/detsky-tabor\/wp-json\/wp\/v2\/pages\/333#wpcf7-f57-o1\" method=\"post\" class=\"wpcf7-form init\" aria-label=\"Kontaktn\u00ed formul\u00e1\u0159\" novalidate=\"novalidate\" data-status=\"init\">\n<fieldset class=\"hidden-fields-container\"><input type=\"hidden\" name=\"_wpcf7\" value=\"57\" \/><input type=\"hidden\" name=\"_wpcf7_version\" value=\"6.1.4\" \/><input type=\"hidden\" name=\"_wpcf7_locale\" value=\"cs_CZ\" \/><input type=\"hidden\" name=\"_wpcf7_unit_tag\" value=\"wpcf7-f57-o1\" \/><input type=\"hidden\" name=\"_wpcf7_container_post\" value=\"0\" \/><input type=\"hidden\" name=\"_wpcf7_posted_data_hash\" value=\"\" \/><input type=\"hidden\" name=\"_wpcf7_recaptcha_response\" value=\"\" \/>\n<\/fieldset>\n<div class=\"container\">\n<label class=\"row mt-3\"><span>Turnus<\/span>\n <span class=\"wpcf7-form-control-wrap\" data-name=\"tcp_batch\"><input size=\"40\" maxlength=\"400\" class=\"wpcf7-form-control wpcf7-text wpcf7-validates-as-required form-control tcp-batch-name\" readonly=\"readonly\" aria-required=\"true\" aria-invalid=\"false\" value=\"\" type=\"text\" name=\"tcp_batch\" \/><\/span> \n<\/label>\n\n<label class=\"row mt-3\"><span>Jm\u00e9no (*)<\/span>\n    <span class=\"wpcf7-form-control-wrap\" data-name=\"tcp_name\"><input size=\"40\" maxlength=\"400\" class=\"wpcf7-form-control wpcf7-text wpcf7-validates-as-required form-control\" aria-required=\"true\" aria-invalid=\"false\" value=\"\" type=\"text\" name=\"tcp_name\" \/><\/span> <\/label>\n\n<label class=\"row mt-3\"><span>P\u0159\u00edjmen\u00ed (*)<\/span>\n    <span class=\"wpcf7-form-control-wrap\" data-name=\"tcp_surname\"><input size=\"40\" maxlength=\"400\" class=\"wpcf7-form-control wpcf7-text wpcf7-validates-as-required form-control\" aria-required=\"true\" aria-invalid=\"false\" value=\"\" type=\"text\" name=\"tcp_surname\" \/><\/span> <\/label>\n\n\n<div class=\"row mt-3\">\n    <span>Datum narozen\u00ed (*)<\/span>\n    <div class=\"d-block\">\n        <label class=\"d-block\">- den: \n            <span class=\"wpcf7-form-control-wrap\" data-name=\"tcp_birth_day\"><select class=\"wpcf7-form-control wpcf7-select wpcf7-validates-as-required\" aria-required=\"true\" aria-invalid=\"false\" name=\"tcp_birth_day\"><option value=\"\">&#8212;Zvolte pros\u00edm mo\u017enost&#8212;<\/option><option value=\"1\">1<\/option><option value=\"2\">2<\/option><option value=\"3\">3<\/option><option value=\"4\">4<\/option><option value=\"5\">5<\/option><option value=\"6\">6<\/option><option value=\"7\">7<\/option><option value=\"8\">8<\/option><option value=\"9\">9<\/option><option value=\"10\">10<\/option><option value=\"11\">11<\/option><option value=\"12\">12<\/option><option value=\"13\">13<\/option><option value=\"14\">14<\/option><option value=\"15\">15<\/option><option value=\"16\">16<\/option><option value=\"17\">17<\/option><option value=\"18\">18<\/option><option value=\"19\">19<\/option><option value=\"20\">20<\/option><option value=\"21\">21<\/option><option value=\"22\">22<\/option><option value=\"23\">23<\/option><option value=\"24\">24<\/option><option value=\"25\">25<\/option><option value=\"26\">26<\/option><option value=\"27\">27<\/option><option value=\"28\">28<\/option><option value=\"29\">29<\/option><option value=\"30\">30<\/option><option value=\"31\">31<\/option><\/select><\/span><\/label> \n        <label class=\"d-block\">- m\u011bs\u00edc: \n            <span class=\"wpcf7-form-control-wrap\" data-name=\"tcp_birth_month\"><select class=\"wpcf7-form-control wpcf7-select wpcf7-validates-as-required\" aria-required=\"true\" aria-invalid=\"false\" name=\"tcp_birth_month\"><option value=\"\">&#8212;Zvolte pros\u00edm mo\u017enost&#8212;<\/option><option value=\"1\">1<\/option><option value=\"2\">2<\/option><option value=\"3\">3<\/option><option value=\"4\">4<\/option><option value=\"5\">5<\/option><option value=\"6\">6<\/option><option value=\"7\">7<\/option><option value=\"8\">8<\/option><option value=\"9\">9<\/option><option value=\"10\">10<\/option><option value=\"11\">11<\/option><option value=\"12\">12<\/option><\/select><\/span><\/label> \n        <label class=\"d-block\">- rok: <span class=\"wpcf7-form-control-wrap\" data-name=\"tcp_birth_year\"><select class=\"wpcf7-form-control wpcf7-select wpcf7-validates-as-required\" aria-required=\"true\" aria-invalid=\"false\" name=\"tcp_birth_year\"><option value=\"\">&#8212;Zvolte pros\u00edm mo\u017enost&#8212;<\/option><option value=\"1955\">1955<\/option><option value=\"1956\">1956<\/option><option value=\"1957\">1957<\/option><option value=\"1958\">1958<\/option><option value=\"1959\">1959<\/option><option value=\"1960\">1960<\/option><option value=\"1961\">1961<\/option><option value=\"1962\">1962<\/option><option value=\"1963\">1963<\/option><option value=\"1964\">1964<\/option><option value=\"1965\">1965<\/option><option value=\"1966\">1966<\/option><option value=\"1967\">1967<\/option><option value=\"1968\">1968<\/option><option value=\"1969\">1969<\/option><option value=\"1970\">1970<\/option><option value=\"1971\">1971<\/option><option value=\"1972\">1972<\/option><option value=\"1973\">1973<\/option><option value=\"1974\">1974<\/option><option value=\"1975\">1975<\/option><option value=\"1976\">1976<\/option><option value=\"1977\">1977<\/option><option value=\"1978\">1978<\/option><option value=\"1979\">1979<\/option><option value=\"1980\">1980<\/option><option value=\"1981\">1981<\/option><option value=\"1982\">1982<\/option><option value=\"1983\">1983<\/option><option value=\"1984\">1984<\/option><option value=\"1985\">1985<\/option><option value=\"1986\">1986<\/option><option value=\"1987\">1987<\/option><option value=\"1988\">1988<\/option><option value=\"1989\">1989<\/option><option value=\"1990\">1990<\/option><option value=\"1991\">1991<\/option><option value=\"1992\">1992<\/option><option value=\"1993\">1993<\/option><option value=\"1994\">1994<\/option><option value=\"1995\">1995<\/option><option value=\"1996\">1996<\/option><option value=\"1997\">1997<\/option><option value=\"1998\">1998<\/option><option value=\"1999\">1999<\/option><option value=\"2000\">2000<\/option><option value=\"2001\">2001<\/option><option value=\"2002\">2002<\/option><option value=\"2003\">2003<\/option><option value=\"2004\">2004<\/option><option value=\"2005\">2005<\/option><option value=\"2006\">2006<\/option><option value=\"2007\">2007<\/option><option value=\"2008\">2008<\/option><option value=\"2009\">2009<\/option><option value=\"2010\">2010<\/option><option value=\"2011\">2011<\/option><option value=\"2012\">2012<\/option><option value=\"2013\">2013<\/option><option value=\"2014\">2014<\/option><option value=\"2015\">2015<\/option><option value=\"2016\">2016<\/option><option value=\"2017\">2017<\/option><option value=\"2018\">2018<\/option><option value=\"2019\">2019<\/option><option value=\"2020\">2020<\/option><\/select><\/span><\/label>\n    <\/div>\n<\/div>\n\n<label class=\"row mt-3\"><span>Adresa (*)<\/span>\n    <span class=\"wpcf7-form-control-wrap\" data-name=\"tcp_street\"><input size=\"40\" maxlength=\"400\" class=\"wpcf7-form-control wpcf7-text wpcf7-validates-as-required form-control\" aria-required=\"true\" aria-invalid=\"false\" value=\"\" type=\"text\" name=\"tcp_street\" \/><\/span> <\/label>\n\n<label class=\"row mt-3\"><span>M\u011bsto (*)<\/span>\n    <span class=\"wpcf7-form-control-wrap\" data-name=\"tcp_city\"><input size=\"40\" maxlength=\"400\" class=\"wpcf7-form-control wpcf7-text wpcf7-validates-as-required form-control\" aria-required=\"true\" aria-invalid=\"false\" value=\"\" type=\"text\" name=\"tcp_city\" \/><\/span> <\/label>\n\n<label class=\"row mt-3\"><span>PS\u010c (*)<\/span>\n    <span class=\"wpcf7-form-control-wrap\" data-name=\"tcp_zipcode\"><input size=\"40\" maxlength=\"400\" class=\"wpcf7-form-control wpcf7-text wpcf7-validates-as-required form-control\" aria-required=\"true\" aria-invalid=\"false\" value=\"\" type=\"text\" name=\"tcp_zipcode\" \/><\/span> <\/label>\n\n<label class=\"row mt-3\"><span>Telefon (*)<\/span>\n    <span class=\"wpcf7-form-control-wrap\" data-name=\"tcp_phone\"><input size=\"40\" maxlength=\"400\" class=\"wpcf7-form-control wpcf7-text wpcf7-validates-as-required form-control\" aria-required=\"true\" aria-invalid=\"false\" value=\"\" type=\"text\" name=\"tcp_phone\" \/><\/span> <\/label>\n\n<label class=\"row mt-3\"> <span>E-mail rodi\u010d\u016f <small>(pozor na chyby)<\/small> (*)<\/span>\n    <span class=\"wpcf7-form-control-wrap\" data-name=\"tcp_email\"><input size=\"40\" maxlength=\"400\" class=\"wpcf7-form-control wpcf7-email wpcf7-validates-as-required wpcf7-text wpcf7-validates-as-email form-control\" aria-required=\"true\" aria-invalid=\"false\" value=\"\" type=\"email\" name=\"tcp_email\" \/><\/span> <\/label>\n\n<label class=\"d-block mt-3\"><span>\u0160kola (*)<\/span>\n     <span class=\"wpcf7-form-control-wrap\" data-name=\"tcp_school\"><select class=\"wpcf7-form-control wpcf7-select wpcf7-validates-as-required\" aria-required=\"true\" aria-invalid=\"false\" name=\"tcp_school\"><option value=\"\">&#8212;Zvolte pros\u00edm mo\u017enost&#8212;<\/option><option value=\"1.ZS Sumperk\">1.ZS Sumperk<\/option><option value=\"3.ZS Sumperk\">3.ZS Sumperk<\/option><option value=\"4.ZS Sumperk\">4.ZS Sumperk<\/option><option value=\"5.ZS Sumperk\">5.ZS Sumperk<\/option><option value=\"6.ZS Sumperk\">6.ZS Sumperk<\/option><option value=\"ZS Bludov\">ZS Bludov<\/option><option value=\"ZS Busin\">ZS Busin<\/option><option value=\"ZS Bohdikov\">ZS Bohdikov<\/option><option value=\"ZS Chromec\">ZS Chromec<\/option><option value=\"ZS Libina\">ZS Libina<\/option><option value=\"ZS Loucna n. Desnou\">ZS Loucna n. Desnou<\/option><option value=\"ZS Mohelnice\">ZS Mohelnice<\/option><option value=\"ZS Novy Malin\">ZS Novy Malin<\/option><option value=\"ZS Olsany\">ZS Olsany<\/option><option value=\"ZS Petrov n. Desnou\">ZS Petrov n. Desnou<\/option><option value=\"ZS Postrelmov\">ZS Postrelmov<\/option><option value=\"ZS Rapotin\">ZS Rapotin<\/option><option value=\"ZS Ruda n. Moravou\">ZS Ruda n. Moravou<\/option><option value=\"ZS Sobotin\">ZS Sobotin<\/option><option value=\"ZS Sudkov\">ZS Sudkov<\/option><option value=\"ZS Velke Losiny\">ZS Velke Losiny<\/option><option value=\"ZS Vikyrovice\">ZS Vikyrovice<\/option><option value=\"Gymnazium Sumperk\">Gymnazium Sumperk<\/option><option value=\"Schola Viva\">Schola Viva<\/option><option value=\"- jinou \u0161kolu uve\u010fte v pozn\u00e1mce\">- jinou \u0161kolu uve\u010fte v pozn\u00e1mce<\/option><\/select><\/span><\/label>\n\n<label class=\"d-block mt-3\"><span>\u017d\u00e1d\u00e1m fakturu pro zam\u011bstnavatele<\/span>\n     <span class=\"wpcf7-form-control-wrap\" data-name=\"tcp_invoice\"><select class=\"wpcf7-form-control wpcf7-select wpcf7-validates-as-required\" aria-required=\"true\" aria-invalid=\"false\" name=\"tcp_invoice\"><option value=\"Ano\">Ano<\/option><option value=\"Ne\" selected=\"selected\">Ne<\/option><\/select><\/span><\/label>\n\n<label class=\"row mt-3\"><span>Pozn\u00e1mka<\/span>\n     <span class=\"wpcf7-form-control-wrap\" data-name=\"tcp_note\"><textarea cols=\"40\" rows=\"10\" maxlength=\"2000\" class=\"wpcf7-form-control wpcf7-textarea form-control\" aria-invalid=\"false\" name=\"tcp_note\"><\/textarea><\/span><\/label>\n\n<label class=\"d-block mt-3\"><span class=\"wpcf7-form-control-wrap\" data-name=\"tcp_acceptance\"><span class=\"wpcf7-form-control wpcf7-acceptance\"><span class=\"wpcf7-list-item\"><input type=\"checkbox\" name=\"tcp_acceptance\" value=\"1\" aria-invalid=\"false\" \/><\/span><\/span><\/span> Souhlas\u00edm se zpracov\u00e1n\u00edm osobn\u00edch \u00fadaj\u016f.<\/label>\n\n<div class=\"d-block mt-3\">\nTato str\u00e1nka je chr\u00e1n\u011bn\u00e1 reCAPTCHA a uplat\u0148uje Google <a href=\"https:\/\/policies.google.com\/privacy\">Z\u00e1sady ochrany osobn\u00edch \u00fadaj\u016f<\/a> a <a href=\"https:\/\/policies.google.com\/terms\">Podm\u00ednky slu\u017eby<\/a>.\n<\/div>\n\n<input class=\"wpcf7-form-control wpcf7-submit has-spinner btn btn-primary mt-5 btn-lg\" type=\"submit\" value=\"Odeslat\" \/>\n<\/div><input type='hidden' class='wpcf7-pum' value='{\"closepopup\":false,\"closedelay\":0,\"openpopup\":false,\"openpopup_id\":0}' \/><div class=\"wpcf7-response-output\" aria-hidden=\"true\"><\/div>\n<\/form>\n<\/div>\n\n","protected":false},"excerpt":{"rendered":"<p>Avatar &#8211; n\u00e1vrat bojovn\u00edka I. I. TURNUS | 8 dn\u00ed 8. 7. &#8211; 15. 7. 2017 | 9 &#8211; 12 let Po slavn\u00e9m v\u00edt\u011bzstv\u00ed obyvatel planety Pandory nad pozemskou koloniza\u010dn\u00ed arm\u00e1dou se \u017eivot vr\u00e1til do klidu a rovnov\u00e1hy. N\u00e1rod Na&#8217;vi \u017eije s p\u0159\u00edrodou v souladu a rovnov\u00e1ze do okam\u017eiku ne\u017e se jeho udatn\u00ed bojovn\u00edci za\u010dnou\u2026<\/p>\n","protected":false},"author":1,"featured_media":0,"parent":59,"menu_order":0,"comment_status":"closed","ping_status":"closed","template":"","meta":{"footnotes":""},"class_list":["post-333","page","type-page","status-publish","hentry"],"yoast_head":"<!-- This site is optimized with the Yoast SEO plugin v26.5 - https:\/\/yoast.com\/wordpress\/plugins\/seo\/ -->\n<title>2017 Avatar - n\u00e1vrat bojovn\u00edka I. - D\u011btsk\u00fd T\u00e1bor \u010cern\u00fd Potok<\/title>\n<meta name=\"robots\" content=\"index, follow, max-snippet:-1, max-image-preview:large, max-video-preview:-1\" \/>\n<link rel=\"canonical\" href=\"https:\/\/www.taborcernypotok.cz\/detsky-tabor\/letni-tabor\/archiv-letnich-taboru\/2017-avatar-navrat-bojovnika-i\/\" \/>\n<meta property=\"og:locale\" content=\"cs_CZ\" \/>\n<meta property=\"og:type\" content=\"article\" \/>\n<meta property=\"og:title\" content=\"2017 Avatar - n\u00e1vrat bojovn\u00edka I. - D\u011btsk\u00fd T\u00e1bor \u010cern\u00fd Potok\" \/>\n<meta property=\"og:description\" content=\"Avatar &#8211; n\u00e1vrat bojovn\u00edka I. I. TURNUS | 8 dn\u00ed 8. 7. &#8211; 15. 7. 2017 | 9 &#8211; 12 let Po slavn\u00e9m v\u00edt\u011bzstv\u00ed obyvatel planety Pandory nad pozemskou koloniza\u010dn\u00ed arm\u00e1dou se \u017eivot vr\u00e1til do klidu a rovnov\u00e1hy. N\u00e1rod Na&#8217;vi \u017eije s p\u0159\u00edrodou v souladu a rovnov\u00e1ze do okam\u017eiku ne\u017e se jeho udatn\u00ed bojovn\u00edci za\u010dnou\u2026\" \/>\n<meta property=\"og:url\" content=\"https:\/\/www.taborcernypotok.cz\/detsky-tabor\/letni-tabor\/archiv-letnich-taboru\/2017-avatar-navrat-bojovnika-i\/\" \/>\n<meta property=\"og:site_name\" content=\"D\u011btsk\u00fd T\u00e1bor \u010cern\u00fd Potok\" \/>\n<meta property=\"article:modified_time\" content=\"2025-05-26T19:34:04+00:00\" \/>\n<meta name=\"twitter:card\" content=\"summary_large_image\" \/>\n<meta name=\"twitter:label1\" content=\"Odhadovan\u00e1 doba \u010dten\u00ed\" \/>\n\t<meta name=\"twitter:data1\" content=\"1 minuta\" \/>\n<script type=\"application\/ld+json\" class=\"yoast-schema-graph\">{\"@context\":\"https:\/\/schema.org\",\"@graph\":[{\"@type\":\"WebPage\",\"@id\":\"https:\/\/www.taborcernypotok.cz\/detsky-tabor\/letni-tabor\/archiv-letnich-taboru\/2017-avatar-navrat-bojovnika-i\/\",\"url\":\"https:\/\/www.taborcernypotok.cz\/detsky-tabor\/letni-tabor\/archiv-letnich-taboru\/2017-avatar-navrat-bojovnika-i\/\",\"name\":\"2017 Avatar - n\u00e1vrat bojovn\u00edka I. - D\u011btsk\u00fd T\u00e1bor \u010cern\u00fd Potok\",\"isPartOf\":{\"@id\":\"https:\/\/www.taborcernypotok.cz\/detsky-tabor\/#website\"},\"datePublished\":\"2017-03-26T11:23:19+00:00\",\"dateModified\":\"2025-05-26T19:34:04+00:00\",\"breadcrumb\":{\"@id\":\"https:\/\/www.taborcernypotok.cz\/detsky-tabor\/letni-tabor\/archiv-letnich-taboru\/2017-avatar-navrat-bojovnika-i\/#breadcrumb\"},\"inLanguage\":\"cs\",\"potentialAction\":[{\"@type\":\"ReadAction\",\"target\":[\"https:\/\/www.taborcernypotok.cz\/detsky-tabor\/letni-tabor\/archiv-letnich-taboru\/2017-avatar-navrat-bojovnika-i\/\"]}]},{\"@type\":\"BreadcrumbList\",\"@id\":\"https:\/\/www.taborcernypotok.cz\/detsky-tabor\/letni-tabor\/archiv-letnich-taboru\/2017-avatar-navrat-bojovnika-i\/#breadcrumb\",\"itemListElement\":[{\"@type\":\"ListItem\",\"position\":1,\"name\":\"Dom\u016f\",\"item\":\"https:\/\/www.taborcernypotok.cz\/detsky-tabor\/\"},{\"@type\":\"ListItem\",\"position\":2,\"name\":\"Letn\u00ed t\u00e1bor\",\"item\":\"https:\/\/www.taborcernypotok.cz\/detsky-tabor\/letni-tabor\/\"},{\"@type\":\"ListItem\",\"position\":3,\"name\":\"Archiv letn\u00edch t\u00e1bor\u016f\",\"item\":\"https:\/\/www.taborcernypotok.cz\/detsky-tabor\/letni-tabor\/archiv-letnich-taboru\/\"},{\"@type\":\"ListItem\",\"position\":4,\"name\":\"2017 Avatar &#8211; n\u00e1vrat bojovn\u00edka I.\"}]},{\"@type\":\"WebSite\",\"@id\":\"https:\/\/www.taborcernypotok.cz\/detsky-tabor\/#website\",\"url\":\"https:\/\/www.taborcernypotok.cz\/detsky-tabor\/\",\"name\":\"D\u011btsk\u00fd T\u00e1bor \u010cern\u00fd Potok\",\"description\":\"D\u011btsk\u00e9 t\u00e1bory Rychlebsk\u00e9 Hory\",\"potentialAction\":[{\"@type\":\"SearchAction\",\"target\":{\"@type\":\"EntryPoint\",\"urlTemplate\":\"https:\/\/www.taborcernypotok.cz\/detsky-tabor\/?s={search_term_string}\"},\"query-input\":{\"@type\":\"PropertyValueSpecification\",\"valueRequired\":true,\"valueName\":\"search_term_string\"}}],\"inLanguage\":\"cs\"}]}<\/script>\n<!-- \/ Yoast SEO plugin. -->","yoast_head_json":{"title":"2017 Avatar - n\u00e1vrat bojovn\u00edka I. - D\u011btsk\u00fd T\u00e1bor \u010cern\u00fd Potok","robots":{"index":"index","follow":"follow","max-snippet":"max-snippet:-1","max-image-preview":"max-image-preview:large","max-video-preview":"max-video-preview:-1"},"canonical":"https:\/\/www.taborcernypotok.cz\/detsky-tabor\/letni-tabor\/archiv-letnich-taboru\/2017-avatar-navrat-bojovnika-i\/","og_locale":"cs_CZ","og_type":"article","og_title":"2017 Avatar - n\u00e1vrat bojovn\u00edka I. - D\u011btsk\u00fd T\u00e1bor \u010cern\u00fd Potok","og_description":"Avatar &#8211; n\u00e1vrat bojovn\u00edka I. I. TURNUS | 8 dn\u00ed 8. 7. &#8211; 15. 7. 2017 | 9 &#8211; 12 let Po slavn\u00e9m v\u00edt\u011bzstv\u00ed obyvatel planety Pandory nad pozemskou koloniza\u010dn\u00ed arm\u00e1dou se \u017eivot vr\u00e1til do klidu a rovnov\u00e1hy. N\u00e1rod Na&#8217;vi \u017eije s p\u0159\u00edrodou v souladu a rovnov\u00e1ze do okam\u017eiku ne\u017e se jeho udatn\u00ed bojovn\u00edci za\u010dnou\u2026","og_url":"https:\/\/www.taborcernypotok.cz\/detsky-tabor\/letni-tabor\/archiv-letnich-taboru\/2017-avatar-navrat-bojovnika-i\/","og_site_name":"D\u011btsk\u00fd T\u00e1bor \u010cern\u00fd Potok","article_modified_time":"2025-05-26T19:34:04+00:00","twitter_card":"summary_large_image","twitter_misc":{"Odhadovan\u00e1 doba \u010dten\u00ed":"1 minuta"},"schema":{"@context":"https:\/\/schema.org","@graph":[{"@type":"WebPage","@id":"https:\/\/www.taborcernypotok.cz\/detsky-tabor\/letni-tabor\/archiv-letnich-taboru\/2017-avatar-navrat-bojovnika-i\/","url":"https:\/\/www.taborcernypotok.cz\/detsky-tabor\/letni-tabor\/archiv-letnich-taboru\/2017-avatar-navrat-bojovnika-i\/","name":"2017 Avatar - n\u00e1vrat bojovn\u00edka I. - D\u011btsk\u00fd T\u00e1bor \u010cern\u00fd Potok","isPartOf":{"@id":"https:\/\/www.taborcernypotok.cz\/detsky-tabor\/#website"},"datePublished":"2017-03-26T11:23:19+00:00","dateModified":"2025-05-26T19:34:04+00:00","breadcrumb":{"@id":"https:\/\/www.taborcernypotok.cz\/detsky-tabor\/letni-tabor\/archiv-letnich-taboru\/2017-avatar-navrat-bojovnika-i\/#breadcrumb"},"inLanguage":"cs","potentialAction":[{"@type":"ReadAction","target":["https:\/\/www.taborcernypotok.cz\/detsky-tabor\/letni-tabor\/archiv-letnich-taboru\/2017-avatar-navrat-bojovnika-i\/"]}]},{"@type":"BreadcrumbList","@id":"https:\/\/www.taborcernypotok.cz\/detsky-tabor\/letni-tabor\/archiv-letnich-taboru\/2017-avatar-navrat-bojovnika-i\/#breadcrumb","itemListElement":[{"@type":"ListItem","position":1,"name":"Dom\u016f","item":"https:\/\/www.taborcernypotok.cz\/detsky-tabor\/"},{"@type":"ListItem","position":2,"name":"Letn\u00ed t\u00e1bor","item":"https:\/\/www.taborcernypotok.cz\/detsky-tabor\/letni-tabor\/"},{"@type":"ListItem","position":3,"name":"Archiv letn\u00edch t\u00e1bor\u016f","item":"https:\/\/www.taborcernypotok.cz\/detsky-tabor\/letni-tabor\/archiv-letnich-taboru\/"},{"@type":"ListItem","position":4,"name":"2017 Avatar &#8211; n\u00e1vrat bojovn\u00edka I."}]},{"@type":"WebSite","@id":"https:\/\/www.taborcernypotok.cz\/detsky-tabor\/#website","url":"https:\/\/www.taborcernypotok.cz\/detsky-tabor\/","name":"D\u011btsk\u00fd T\u00e1bor \u010cern\u00fd Potok","description":"D\u011btsk\u00e9 t\u00e1bory Rychlebsk\u00e9 Hory","potentialAction":[{"@type":"SearchAction","target":{"@type":"EntryPoint","urlTemplate":"https:\/\/www.taborcernypotok.cz\/detsky-tabor\/?s={search_term_string}"},"query-input":{"@type":"PropertyValueSpecification","valueRequired":true,"valueName":"search_term_string"}}],"inLanguage":"cs"}]}},"_links":{"self":[{"href":"https:\/\/www.taborcernypotok.cz\/detsky-tabor\/wp-json\/wp\/v2\/pages\/333","targetHints":{"allow":["GET"]}}],"collection":[{"href":"https:\/\/www.taborcernypotok.cz\/detsky-tabor\/wp-json\/wp\/v2\/pages"}],"about":[{"href":"https:\/\/www.taborcernypotok.cz\/detsky-tabor\/wp-json\/wp\/v2\/types\/page"}],"author":[{"embeddable":true,"href":"https:\/\/www.taborcernypotok.cz\/detsky-tabor\/wp-json\/wp\/v2\/users\/1"}],"replies":[{"embeddable":true,"href":"https:\/\/www.taborcernypotok.cz\/detsky-tabor\/wp-json\/wp\/v2\/comments?post=333"}],"version-history":[{"count":16,"href":"https:\/\/www.taborcernypotok.cz\/detsky-tabor\/wp-json\/wp\/v2\/pages\/333\/revisions"}],"predecessor-version":[{"id":11979,"href":"https:\/\/www.taborcernypotok.cz\/detsky-tabor\/wp-json\/wp\/v2\/pages\/333\/revisions\/11979"}],"up":[{"embeddable":true,"href":"https:\/\/www.taborcernypotok.cz\/detsky-tabor\/wp-json\/wp\/v2\/pages\/59"}],"wp:attachment":[{"href":"https:\/\/www.taborcernypotok.cz\/detsky-tabor\/wp-json\/wp\/v2\/media?parent=333"}],"curies":[{"name":"wp","href":"https:\/\/api.w.org\/{rel}","templated":true}]}}