{"id":344,"date":"2017-03-26T13:18:40","date_gmt":"2017-03-26T12:18:40","guid":{"rendered":"https:\/\/www.taborcernypotok.cz\/detsky-tabor\/?page_id=344"},"modified":"2025-05-26T20:34:49","modified_gmt":"2025-05-26T19:34:49","slug":"2017-deset-nesmrtelnych","status":"publish","type":"page","link":"https:\/\/www.taborcernypotok.cz\/detsky-tabor\/letni-tabor\/archiv-letnich-taboru\/2017-deset-nesmrtelnych\/","title":{"rendered":"2017 Deset nesmrteln\u00fdch"},"content":{"rendered":"<div class=\"page-header\">\n<h1>Deset nesmrteln\u00fdch<\/h1>\n<\/div>\n<p>IV. TURNUS | 8 dn\u00ed 6. 8. &#8211; 13. 8. 2017 | 13 &#8211; 16 let<\/p>\n<p>V\u011bt\u0161ina z n\u00e1s si mysl\u00ed, \u017ee to, co je na tomto sv\u011bt\u011b, n\u00e1s ji\u017e nem\u016f\u017ee p\u0159ekvapit. N\u00e1\u0161 sv\u011bt je to, co vid\u00edme a nic jin\u00e9ho neexistuje. Stejn\u00fd n\u00e1zor m\u011bla i skupina student\u016f na pr\u00e1zdninov\u00e9 cest\u011b po tajemn\u00e9m vnitrozem\u00ed. Jednoho dne v\u0161ak naraz\u00ed na opu\u0161t\u011bnou osadu. V\u0161e vypad\u00e1, jako by ji n\u011bkdo ve velk\u00e9m sp\u011bchu opustil. Unaven\u00ed mlad\u00ed lid\u00e9 se zde rozhodli str\u00e1vit noc. Ale soumrak a vkr\u00e1daj\u00edc\u00ed se tma je m\u011bli ji\u017e brzy p\u0159esv\u011bd\u010dit, \u017ee toto rozhodnut\u00ed nebylo to nej\u0161\u0165astn\u011bj\u0161\u00ed&#8230;<\/p>\n<p>Nap\u00ednav\u00e1 ak\u010dn\u00ed hra pro teenagery, kte\u0159\u00ed cht\u011bj\u00ed za\u017e\u00edt tajemno a dobrodru\u017estv\u00ed.<br \/>\nDohled vykon\u00e1vaj\u00ed \u0161kolen\u00ed instrukto\u0159i, tren\u00e9\u0159i a pedagogi\u010dt\u00ed pracovn\u00edci.<\/p>\n<table style=\"width: 100%;\">\n<tbody>\n<tr>\n<td><\/td>\n<\/tr>\n<\/tbody>\n<\/table>\n<p><strong>V\u011bkov\u00e1 kategorie:<\/strong> 13 &#8211; 16 let ho\u0161i i d\u00edvky<br \/>\n<strong>M\u00edsto:<\/strong> T\u00e1bor \u010cern\u00fd potok Velk\u00e1 Kra\u0161 u Vidnavy<br \/>\n<strong>Ubytov\u00e1n\u00ed:<\/strong> d\u0159ev\u011bn\u00e9 chatky<br \/>\n<strong>Stravov\u00e1n\u00ed:<\/strong> 5 x denn\u011b<br \/>\n<strong>Zdravotn\u00ed dozor:<\/strong> delegovan\u00fd l\u00e9ka\u0159 nebo zdravotn\u00ed pracovn\u00edk<br \/>\n<strong>Garant:<\/strong> Mgr. Roman Lipavsk\u00fd<br \/>\n<strong>Cena v\u010detn\u011b dopravy na t\u00e1bor:<\/strong> 3.490,- K\u010d<br \/>\n<strong>Dohled vykon\u00e1vaj\u00ed \u0161kolen\u00ed instrukto\u0159i, tren\u00e9\u0159i a<\/strong><br \/>\n<strong>pedagogi\u010dt\u00ed pracovn\u00edci.<\/strong><\/p>\n","protected":false},"excerpt":{"rendered":"<p>Deset nesmrteln\u00fdch IV. TURNUS | 8 dn\u00ed 6. 8. &#8211; 13. 8. 2017 | 13 &#8211; 16 let V\u011bt\u0161ina z n\u00e1s si mysl\u00ed, \u017ee to, co je na tomto sv\u011bt\u011b, n\u00e1s ji\u017e nem\u016f\u017ee p\u0159ekvapit. N\u00e1\u0161 sv\u011bt je to, co vid\u00edme a nic jin\u00e9ho neexistuje. Stejn\u00fd n\u00e1zor m\u011bla i skupina student\u016f na pr\u00e1zdninov\u00e9 cest\u011b po tajemn\u00e9m\u2026<\/p>\n","protected":false},"author":1,"featured_media":0,"parent":59,"menu_order":0,"comment_status":"closed","ping_status":"closed","template":"","meta":{"footnotes":""},"class_list":["post-344","page","type-page","status-publish","hentry"],"yoast_head":"<!-- This site is optimized with the Yoast SEO plugin v26.5 - https:\/\/yoast.com\/wordpress\/plugins\/seo\/ -->\n<title>2017 Deset nesmrteln\u00fdch - D\u011btsk\u00fd T\u00e1bor \u010cern\u00fd Potok<\/title>\n<meta name=\"robots\" content=\"index, follow, max-snippet:-1, max-image-preview:large, max-video-preview:-1\" \/>\n<link rel=\"canonical\" href=\"https:\/\/www.taborcernypotok.cz\/detsky-tabor\/letni-tabor\/archiv-letnich-taboru\/2017-deset-nesmrtelnych\/\" \/>\n<meta property=\"og:locale\" content=\"cs_CZ\" \/>\n<meta property=\"og:type\" content=\"article\" \/>\n<meta property=\"og:title\" content=\"2017 Deset nesmrteln\u00fdch - D\u011btsk\u00fd T\u00e1bor \u010cern\u00fd Potok\" \/>\n<meta property=\"og:description\" content=\"Deset nesmrteln\u00fdch IV. TURNUS | 8 dn\u00ed 6. 8. &#8211; 13. 8. 2017 | 13 &#8211; 16 let V\u011bt\u0161ina z n\u00e1s si mysl\u00ed, \u017ee to, co je na tomto sv\u011bt\u011b, n\u00e1s ji\u017e nem\u016f\u017ee p\u0159ekvapit. N\u00e1\u0161 sv\u011bt je to, co vid\u00edme a nic jin\u00e9ho neexistuje. Stejn\u00fd n\u00e1zor m\u011bla i skupina student\u016f na pr\u00e1zdninov\u00e9 cest\u011b po tajemn\u00e9m\u2026\" \/>\n<meta property=\"og:url\" content=\"https:\/\/www.taborcernypotok.cz\/detsky-tabor\/letni-tabor\/archiv-letnich-taboru\/2017-deset-nesmrtelnych\/\" \/>\n<meta property=\"og:site_name\" content=\"D\u011btsk\u00fd T\u00e1bor \u010cern\u00fd Potok\" \/>\n<meta property=\"article:modified_time\" content=\"2025-05-26T19:34:49+00:00\" \/>\n<meta name=\"twitter:card\" content=\"summary_large_image\" \/>\n<meta name=\"twitter:label1\" content=\"Odhadovan\u00e1 doba \u010dten\u00ed\" \/>\n\t<meta name=\"twitter:data1\" content=\"1 minuta\" \/>\n<script type=\"application\/ld+json\" class=\"yoast-schema-graph\">{\"@context\":\"https:\/\/schema.org\",\"@graph\":[{\"@type\":\"WebPage\",\"@id\":\"https:\/\/www.taborcernypotok.cz\/detsky-tabor\/letni-tabor\/archiv-letnich-taboru\/2017-deset-nesmrtelnych\/\",\"url\":\"https:\/\/www.taborcernypotok.cz\/detsky-tabor\/letni-tabor\/archiv-letnich-taboru\/2017-deset-nesmrtelnych\/\",\"name\":\"2017 Deset nesmrteln\u00fdch - D\u011btsk\u00fd T\u00e1bor \u010cern\u00fd Potok\",\"isPartOf\":{\"@id\":\"https:\/\/www.taborcernypotok.cz\/detsky-tabor\/#website\"},\"datePublished\":\"2017-03-26T12:18:40+00:00\",\"dateModified\":\"2025-05-26T19:34:49+00:00\",\"breadcrumb\":{\"@id\":\"https:\/\/www.taborcernypotok.cz\/detsky-tabor\/letni-tabor\/archiv-letnich-taboru\/2017-deset-nesmrtelnych\/#breadcrumb\"},\"inLanguage\":\"cs\",\"potentialAction\":[{\"@type\":\"ReadAction\",\"target\":[\"https:\/\/www.taborcernypotok.cz\/detsky-tabor\/letni-tabor\/archiv-letnich-taboru\/2017-deset-nesmrtelnych\/\"]}]},{\"@type\":\"BreadcrumbList\",\"@id\":\"https:\/\/www.taborcernypotok.cz\/detsky-tabor\/letni-tabor\/archiv-letnich-taboru\/2017-deset-nesmrtelnych\/#breadcrumb\",\"itemListElement\":[{\"@type\":\"ListItem\",\"position\":1,\"name\":\"Dom\u016f\",\"item\":\"https:\/\/www.taborcernypotok.cz\/detsky-tabor\/\"},{\"@type\":\"ListItem\",\"position\":2,\"name\":\"Letn\u00ed t\u00e1bor\",\"item\":\"https:\/\/www.taborcernypotok.cz\/detsky-tabor\/letni-tabor\/\"},{\"@type\":\"ListItem\",\"position\":3,\"name\":\"Archiv letn\u00edch t\u00e1bor\u016f\",\"item\":\"https:\/\/www.taborcernypotok.cz\/detsky-tabor\/letni-tabor\/archiv-letnich-taboru\/\"},{\"@type\":\"ListItem\",\"position\":4,\"name\":\"2017 Deset nesmrteln\u00fdch\"}]},{\"@type\":\"WebSite\",\"@id\":\"https:\/\/www.taborcernypotok.cz\/detsky-tabor\/#website\",\"url\":\"https:\/\/www.taborcernypotok.cz\/detsky-tabor\/\",\"name\":\"D\u011btsk\u00fd T\u00e1bor \u010cern\u00fd Potok\",\"description\":\"D\u011btsk\u00e9 t\u00e1bory Rychlebsk\u00e9 Hory\",\"potentialAction\":[{\"@type\":\"SearchAction\",\"target\":{\"@type\":\"EntryPoint\",\"urlTemplate\":\"https:\/\/www.taborcernypotok.cz\/detsky-tabor\/?s={search_term_string}\"},\"query-input\":{\"@type\":\"PropertyValueSpecification\",\"valueRequired\":true,\"valueName\":\"search_term_string\"}}],\"inLanguage\":\"cs\"}]}<\/script>\n<!-- \/ Yoast SEO plugin. -->","yoast_head_json":{"title":"2017 Deset nesmrteln\u00fdch - D\u011btsk\u00fd T\u00e1bor \u010cern\u00fd Potok","robots":{"index":"index","follow":"follow","max-snippet":"max-snippet:-1","max-image-preview":"max-image-preview:large","max-video-preview":"max-video-preview:-1"},"canonical":"https:\/\/www.taborcernypotok.cz\/detsky-tabor\/letni-tabor\/archiv-letnich-taboru\/2017-deset-nesmrtelnych\/","og_locale":"cs_CZ","og_type":"article","og_title":"2017 Deset nesmrteln\u00fdch - D\u011btsk\u00fd T\u00e1bor \u010cern\u00fd Potok","og_description":"Deset nesmrteln\u00fdch IV. TURNUS | 8 dn\u00ed 6. 8. &#8211; 13. 8. 2017 | 13 &#8211; 16 let V\u011bt\u0161ina z n\u00e1s si mysl\u00ed, \u017ee to, co je na tomto sv\u011bt\u011b, n\u00e1s ji\u017e nem\u016f\u017ee p\u0159ekvapit. N\u00e1\u0161 sv\u011bt je to, co vid\u00edme a nic jin\u00e9ho neexistuje. Stejn\u00fd n\u00e1zor m\u011bla i skupina student\u016f na pr\u00e1zdninov\u00e9 cest\u011b po tajemn\u00e9m\u2026","og_url":"https:\/\/www.taborcernypotok.cz\/detsky-tabor\/letni-tabor\/archiv-letnich-taboru\/2017-deset-nesmrtelnych\/","og_site_name":"D\u011btsk\u00fd T\u00e1bor \u010cern\u00fd Potok","article_modified_time":"2025-05-26T19:34:49+00:00","twitter_card":"summary_large_image","twitter_misc":{"Odhadovan\u00e1 doba \u010dten\u00ed":"1 minuta"},"schema":{"@context":"https:\/\/schema.org","@graph":[{"@type":"WebPage","@id":"https:\/\/www.taborcernypotok.cz\/detsky-tabor\/letni-tabor\/archiv-letnich-taboru\/2017-deset-nesmrtelnych\/","url":"https:\/\/www.taborcernypotok.cz\/detsky-tabor\/letni-tabor\/archiv-letnich-taboru\/2017-deset-nesmrtelnych\/","name":"2017 Deset nesmrteln\u00fdch - D\u011btsk\u00fd T\u00e1bor \u010cern\u00fd Potok","isPartOf":{"@id":"https:\/\/www.taborcernypotok.cz\/detsky-tabor\/#website"},"datePublished":"2017-03-26T12:18:40+00:00","dateModified":"2025-05-26T19:34:49+00:00","breadcrumb":{"@id":"https:\/\/www.taborcernypotok.cz\/detsky-tabor\/letni-tabor\/archiv-letnich-taboru\/2017-deset-nesmrtelnych\/#breadcrumb"},"inLanguage":"cs","potentialAction":[{"@type":"ReadAction","target":["https:\/\/www.taborcernypotok.cz\/detsky-tabor\/letni-tabor\/archiv-letnich-taboru\/2017-deset-nesmrtelnych\/"]}]},{"@type":"BreadcrumbList","@id":"https:\/\/www.taborcernypotok.cz\/detsky-tabor\/letni-tabor\/archiv-letnich-taboru\/2017-deset-nesmrtelnych\/#breadcrumb","itemListElement":[{"@type":"ListItem","position":1,"name":"Dom\u016f","item":"https:\/\/www.taborcernypotok.cz\/detsky-tabor\/"},{"@type":"ListItem","position":2,"name":"Letn\u00ed t\u00e1bor","item":"https:\/\/www.taborcernypotok.cz\/detsky-tabor\/letni-tabor\/"},{"@type":"ListItem","position":3,"name":"Archiv letn\u00edch t\u00e1bor\u016f","item":"https:\/\/www.taborcernypotok.cz\/detsky-tabor\/letni-tabor\/archiv-letnich-taboru\/"},{"@type":"ListItem","position":4,"name":"2017 Deset nesmrteln\u00fdch"}]},{"@type":"WebSite","@id":"https:\/\/www.taborcernypotok.cz\/detsky-tabor\/#website","url":"https:\/\/www.taborcernypotok.cz\/detsky-tabor\/","name":"D\u011btsk\u00fd T\u00e1bor \u010cern\u00fd Potok","description":"D\u011btsk\u00e9 t\u00e1bory Rychlebsk\u00e9 Hory","potentialAction":[{"@type":"SearchAction","target":{"@type":"EntryPoint","urlTemplate":"https:\/\/www.taborcernypotok.cz\/detsky-tabor\/?s={search_term_string}"},"query-input":{"@type":"PropertyValueSpecification","valueRequired":true,"valueName":"search_term_string"}}],"inLanguage":"cs"}]}},"_links":{"self":[{"href":"https:\/\/www.taborcernypotok.cz\/detsky-tabor\/wp-json\/wp\/v2\/pages\/344","targetHints":{"allow":["GET"]}}],"collection":[{"href":"https:\/\/www.taborcernypotok.cz\/detsky-tabor\/wp-json\/wp\/v2\/pages"}],"about":[{"href":"https:\/\/www.taborcernypotok.cz\/detsky-tabor\/wp-json\/wp\/v2\/types\/page"}],"author":[{"embeddable":true,"href":"https:\/\/www.taborcernypotok.cz\/detsky-tabor\/wp-json\/wp\/v2\/users\/1"}],"replies":[{"embeddable":true,"href":"https:\/\/www.taborcernypotok.cz\/detsky-tabor\/wp-json\/wp\/v2\/comments?post=344"}],"version-history":[{"count":8,"href":"https:\/\/www.taborcernypotok.cz\/detsky-tabor\/wp-json\/wp\/v2\/pages\/344\/revisions"}],"predecessor-version":[{"id":11982,"href":"https:\/\/www.taborcernypotok.cz\/detsky-tabor\/wp-json\/wp\/v2\/pages\/344\/revisions\/11982"}],"up":[{"embeddable":true,"href":"https:\/\/www.taborcernypotok.cz\/detsky-tabor\/wp-json\/wp\/v2\/pages\/59"}],"wp:attachment":[{"href":"https:\/\/www.taborcernypotok.cz\/detsky-tabor\/wp-json\/wp\/v2\/media?parent=344"}],"curies":[{"name":"wp","href":"https:\/\/api.w.org\/{rel}","templated":true}]}}