{"id":4,"date":"2016-03-19T22:31:07","date_gmt":"2016-03-19T21:31:07","guid":{"rendered":"http:\/\/skrcenyz.cz\/_taborcernypotok\/detsky-tabor\/?page_id=4"},"modified":"2026-02-18T16:29:58","modified_gmt":"2026-02-18T15:29:58","slug":"home","status":"publish","type":"page","link":"https:\/\/www.taborcernypotok.cz\/detsky-tabor\/","title":{"rendered":"Home"},"content":{"rendered":"<style>.kb-row-layout-wrap.wp-block-kadence-rowlayout.kb-row-layout-id4_e298da-fb{margin-bottom:var(--global-kb-spacing-lg, 3rem);}.kb-row-layout-id4_e298da-fb > .kt-row-column-wrap{align-content:start;}:where(.kb-row-layout-id4_e298da-fb > .kt-row-column-wrap) > .wp-block-kadence-column{justify-content:start;}.kb-row-layout-id4_e298da-fb > .kt-row-column-wrap{column-gap:var(--global-kb-gap-md, 2rem);row-gap:var(--global-kb-gap-md, 2rem);padding-bottom:50px;grid-template-columns:minmax(0, 1fr);}.kb-row-layout-id4_e298da-fb > .kt-row-layout-overlay{opacity:0.30;}.kb-row-layout-id4_e298da-fb ,.kb-row-layout-id4_e298da-fb h1,.kb-row-layout-id4_e298da-fb h2,.kb-row-layout-id4_e298da-fb h3,.kb-row-layout-id4_e298da-fb h4,.kb-row-layout-id4_e298da-fb h5,.kb-row-layout-id4_e298da-fb h6{color:#ffffff;}.kb-row-layout-id4_e298da-fb a{color:#ffffff;}.kb-row-layout-id4_e298da-fb a:hover{color:#ffffff;}@media all and (max-width: 1024px){.kb-row-layout-id4_e298da-fb > .kt-row-column-wrap{grid-template-columns:minmax(0, 1fr);}}@media all and (max-width: 767px){.kb-row-layout-id4_e298da-fb > .kt-row-column-wrap{grid-template-columns:minmax(0, 1fr);}}<\/style><div class=\"kb-row-layout-wrap kb-row-layout-id4_e298da-fb alignnone wp-block-kadence-rowlayout\"><div class=\"kt-row-column-wrap kt-has-1-columns kt-row-layout-equal kt-tab-layout-inherit kt-mobile-layout-row kt-row-valign-top\">\n<style>.kadence-column4_9c4980-80 > .kt-inside-inner-col{padding-top:var(--global-kb-spacing-xl, 4rem);padding-bottom:var(--global-kb-spacing-lg, 3rem);}.kadence-column4_9c4980-80 > .kt-inside-inner-col,.kadence-column4_9c4980-80 > .kt-inside-inner-col:before{border-top-left-radius:0px;border-top-right-radius:0px;border-bottom-right-radius:0px;border-bottom-left-radius:0px;}.kadence-column4_9c4980-80 > .kt-inside-inner-col{column-gap:var(--global-kb-gap-sm, 1rem);}.kadence-column4_9c4980-80 > .kt-inside-inner-col{flex-direction:column;}.kadence-column4_9c4980-80 > .kt-inside-inner-col > .aligncenter{width:100%;}.kadence-column4_9c4980-80 > .kt-inside-inner-col{background-image:url('https:\/\/www.taborcernypotok.cz\/wp-content\/uploads\/2024\/09\/Tabor-Cerny-Potok-Povodne_105.jpg');background-size:cover;background-position:center center;background-attachment:scroll;background-repeat:no-repeat;}.kadence-column4_9c4980-80 > .kt-inside-inner-col:before{opacity:0.3;background-color:#000000;}.kadence-column4_9c4980-80:hover > .kt-inside-inner-col:before{background-color:#ffffff;background-image:none;}.kadence-column4_9c4980-80{position:relative;}@media all and (max-width: 1024px){.kadence-column4_9c4980-80 > .kt-inside-inner-col{flex-direction:column;justify-content:center;}}@media all and (max-width: 767px){.kadence-column4_9c4980-80 > .kt-inside-inner-col{flex-direction:column;justify-content:center;}}<\/style>\n<div class=\"wp-block-kadence-column kadence-column4_9c4980-80 kb-section-has-link kb-section-has-overlay banner-povodne-2024\"><div class=\"kt-inside-inner-col\"><style>.wp-block-kadence-advancedheading.kt-adv-heading4_3fee19-c1, .wp-block-kadence-advancedheading.kt-adv-heading4_3fee19-c1[data-kb-block=\"kb-adv-heading4_3fee19-c1\"]{text-align:center;font-size:48px;font-style:normal;text-shadow:1px 1px 10px #000000;}.wp-block-kadence-advancedheading.kt-adv-heading4_3fee19-c1 mark.kt-highlight, .wp-block-kadence-advancedheading.kt-adv-heading4_3fee19-c1[data-kb-block=\"kb-adv-heading4_3fee19-c1\"] mark.kt-highlight{font-style:normal;color:#f76a0c;-webkit-box-decoration-break:clone;box-decoration-break:clone;padding-top:0px;padding-right:0px;padding-bottom:0px;padding-left:0px;}@media all and (max-width: 1024px){.wp-block-kadence-advancedheading.kt-adv-heading4_3fee19-c1, .wp-block-kadence-advancedheading.kt-adv-heading4_3fee19-c1[data-kb-block=\"kb-adv-heading4_3fee19-c1\"]{text-shadow:1px 1px 10px #000000;}}@media all and (max-width: 767px){.wp-block-kadence-advancedheading.kt-adv-heading4_3fee19-c1, .wp-block-kadence-advancedheading.kt-adv-heading4_3fee19-c1[data-kb-block=\"kb-adv-heading4_3fee19-c1\"]{text-shadow:1px 1px 10px #000000;}}<\/style>\n<div class=\"kt-adv-heading4_3fee19-c1 wp-block-kadence-advancedheading has-white-color has-text-color\" data-kb-block=\"kb-adv-heading4_3fee19-c1\"><strong>Povodn\u011b 2024<\/strong><\/div>\n\n\n<style>.wp-block-kadence-advancedheading.kt-adv-heading4_12f9e9-8c, .wp-block-kadence-advancedheading.kt-adv-heading4_12f9e9-8c[data-kb-block=\"kb-adv-heading4_12f9e9-8c\"]{text-align:center;font-style:normal;text-shadow:1px 1px 5px #000000;}.wp-block-kadence-advancedheading.kt-adv-heading4_12f9e9-8c mark.kt-highlight, .wp-block-kadence-advancedheading.kt-adv-heading4_12f9e9-8c[data-kb-block=\"kb-adv-heading4_12f9e9-8c\"] mark.kt-highlight{font-style:normal;color:#f76a0c;-webkit-box-decoration-break:clone;box-decoration-break:clone;padding-top:0px;padding-right:0px;padding-bottom:0px;padding-left:0px;}@media all and (max-width: 1024px){.wp-block-kadence-advancedheading.kt-adv-heading4_12f9e9-8c, .wp-block-kadence-advancedheading.kt-adv-heading4_12f9e9-8c[data-kb-block=\"kb-adv-heading4_12f9e9-8c\"]{text-shadow:1px 1px 5px #000000;}}@media all and (max-width: 767px){.wp-block-kadence-advancedheading.kt-adv-heading4_12f9e9-8c, .wp-block-kadence-advancedheading.kt-adv-heading4_12f9e9-8c[data-kb-block=\"kb-adv-heading4_12f9e9-8c\"]{text-shadow:1px 1px 5px #000000;}}<\/style>\n<p class=\"kt-adv-heading4_12f9e9-8c wp-block-kadence-advancedheading has-white-color has-text-color\" data-kb-block=\"kb-adv-heading4_12f9e9-8c\"><strong>V\u00edce informac\u00ed<\/strong><\/p>\n<\/div><a href=\"https:\/\/www.taborcernypotok.cz\/detsky-tabor\/2024\/09\/19\/povodne-zari-2024\/\" class=\"kb-section-link-overlay\"><\/a><\/div>\n\n<\/div><\/div>\n\n\n<h1 class=\"wp-block-heading\">LETN\u00cd T\u00c1BOR \u010cERN\u00dd POTOK<\/h1>\n\n\n\n<p>Ji\u017e v\u00edce jak 23 let se zam\u011b\u0159ujeme na po\u0159\u00e1d\u00e1n\u00ed t\u00e1bor\u016f a akc\u00ed pro d\u011bti, ml\u00e1de\u017e a sportovce v\u00a0n\u00e1dhern\u00fdch p\u0159\u00edrodn\u00edch lokalit\u00e1ch s\u00a0hlubok\u00fdmi lesy, lesn\u00edmi \u0159\u00ed\u010dkami a romantick\u00fdmi zatopen\u00fdmi lomy. V\u00a0tomto p\u0159ekr\u00e1sn\u00e9m prost\u0159ed\u00ed se odehr\u00e1vaj\u00ed sportovn\u011b dobrodru\u017en\u00e9 hry a aktivity s\u00a0d\u016frazem na formov\u00e1n\u00ed charakteru d\u011bt\u00ed v\u00a0kolektivu\u00a0pomoc\u00ed z\u00e1\u017eitkov\u00e9 pedagogiky.<\/p>\n\n\n\n<h2 class=\"wp-block-heading\"><\/h2>\n\n\n\n<h2 class=\"wp-block-heading\">Rozd\u011blen\u00ed turnus\u016f podle v\u011bkov\u00fdch kategori\u00ed<\/h2>\n\n\n\n<p>Mo\u017en\u00e1 si pamatujete t\u00e1bory, kde byli v\u0161ichni od 6 do 15 let pohromad\u011b. My jsme se rozhodli pro jinou cestu. V\u011b\u0159\u00edme, \u017ee&nbsp;<strong>homogenn\u00ed skupiny<\/strong>&nbsp;p\u0159in\u00e1\u0161ej\u00ed d\u011btem kvalitn\u011bj\u0161\u00ed z\u00e1\u017eitek. Tady jsou hlavn\u00ed d\u016fvody:<\/p>\n\n\n\n<h3 class=\"wp-block-heading\">1. Konec \u201estar\u00fdch maz\u00e1k\u016f\u201c<\/h3>\n\n\n\n<p>Ve v\u011bkov\u011b nam\u00edchan\u00fdch skupin\u00e1ch se z nejstar\u0161\u00edch d\u011bt\u00ed \u010dasto st\u00e1vaj\u00ed neform\u00e1ln\u00ed \u201epolovedouc\u00ed\u201c. Tato role je sice u\u010d\u00ed zodpov\u011bdnosti, ale je snadno zneu\u017eiteln\u00e1 \u2013 d\u00edt\u011b m\u00e1 b\u00fdt na t\u00e1bo\u0159e \u00fa\u010dastn\u00edkem, nikoliv dozorem. Rozd\u011blen\u00edm do kategori\u00ed vrac\u00edme roli vedouc\u00edch tam, kam pat\u0159\u00ed, a d\u011btem dop\u0159ejeme bezstarostn\u00e9 d\u011btstv\u00ed.<\/p>\n\n\n\n<h3 class=\"wp-block-heading\">2. Program na m\u00edru z\u00e1jm\u016fm<\/h3>\n\n\n\n<p>Hra, kter\u00e1 nadchne \u0161estilet\u00e9 d\u00edt\u011b, patn\u00e1ctilet\u00e9ho teenagera nud\u00ed \u2013 a naopak. Rozd\u011blen\u00ed n\u00e1m umo\u017e\u0148uje:<\/p>\n\n\n\n<ul class=\"wp-block-list\">\n<li><strong>C\u00edlit na motivaci:<\/strong>\u00a0Jin\u00fd p\u0159\u00edstup vy\u017eaduje sv\u011bt poh\u00e1dek, jin\u00fd ak\u010dn\u00ed strategie.<\/li>\n\n\n\n<li><strong>Vyu\u017e\u00edt v\u011bkov\u00e1 specifika:<\/strong>\u00a0Aktivity lad\u00edme p\u0159esn\u011b podle fyzick\u00fdch a psychick\u00fdch schopnost\u00ed dan\u00e9 skupiny.<\/li>\n<\/ul>\n\n\n\n<h3 class=\"wp-block-heading\">3. Flexibilita a individu\u00e1ln\u00ed p\u0159\u00edstup<\/h3>\n\n\n\n<p>V\u00edme, \u017ee ka\u017ed\u00e9 d\u00edt\u011b je jin\u00e9. Pokud je va\u0161e ratolest v tzv. \u201ezlomov\u00e9m\u201c v\u011bku (nap\u0159. 8 let), r\u00e1di se s v\u00e1mi domluv\u00edme na individu\u00e1ln\u00edm za\u0159azen\u00ed. Sta\u010d\u00ed zv\u00e1\u017eit, zda d\u00edt\u011bti sedne sp\u00ed\u0161e poh\u00e1dkov\u011bj\u0161\u00ed re\u017eim s mlad\u0161\u00edmi, nebo u\u017e zvl\u00e1dne tempo star\u0161\u00ed kategorie.<\/p>\n\n\n\n<p><strong>Zaujalo v\u00e1s na\u0161e rozd\u011blen\u00ed?<\/strong>\u00a0Pod\u00edvejte se na aktu\u00e1ln\u00ed term\u00edny na\u0161ich turnus\u016f a vyberte ten prav\u00fd pro va\u0161e d\u00edt\u011b.<\/p>\n\n\n\n<h2 class=\"wp-block-heading\">Kdo se V\u00e1m bude o d\u011bti starat?<\/h2>\n\n\n\n<p>Ji\u017e n\u011bkolik let d\u00e1v\u00e1me velik\u00fd d\u016fraz na v\u00fdb\u011br instruktor\u016f, kte\u0159\u00ed se o Va\u0161e d\u011bti budou starat. N\u00e1\u0161 t\u00fdm je slo\u017een z\u00a0pedagogick\u00fdch pracovn\u00edk\u016f, tren\u00e9r\u016f a student\u016f vysok\u00fdch a st\u0159edn\u00edch \u0161kol, kte\u0159\u00ed maj\u00ed z\u00a0pr\u00e1ce s\u00a0d\u011btmi nemal\u00e9 zku\u0161enosti. Garanty turnus\u016f jsou pak ti nejzku\u0161en\u011bj\u0161\u00ed z\u00a0n\u00e1s, kte\u0159\u00ed jsou z\u00e1rukou kvalitn\u00edho programu, z\u00e1bavy i bezpe\u010dnosti. Zdravotn\u00ed dozor pak zaji\u0161\u0165uj\u00ed l\u00e9ka\u0159i, zdravotn\u00ed pracovn\u00edci nebo pro\u0161kolen\u00ed pracovn\u00edci \u010cerven\u00e9ho k\u0159\u00ed\u017ee.<\/p>\n\n\n\n<p><\/p>\n\n\n\n<div style=\"height:50px\" aria-hidden=\"true\" class=\"wp-block-spacer\"><\/div>\n\n\n\n<p><a href=\"https:\/\/www.taborcernypotok.cz\/detsky-tabor\/wp-content\/uploads\/sites\/2\/2023\/10\/Projekt-Podpora-taborove-zakladny-Cerny-Potok-je-Spolufinancovan-Evropskou-unii-v2-EU.pdf\" target=\"_blank\" rel=\"noreferrer noopener\">Projekt: Podpora t\u00e1borov\u00e9 z\u00e1kladny \u010cern\u00fd Potok je Spolufinancov\u00e1n Evropskou uni\u00ed (EU)<\/a><br><a href=\"https:\/\/www.taborcernypotok.cz\/detsky-tabor\/wp-content\/uploads\/sites\/2\/2023\/09\/Projekt-Podpora-taborove-zakladny-Cerny-Potok-je-Spolufinancovan-Evropskou-unii-MAS.pdf\" target=\"_blank\" rel=\"noreferrer noopener\">Projekt: Podpora t\u00e1borov\u00e9 z\u00e1kladny \u010cern\u00fd Potok je Spolufinancov\u00e1n Evropskou uni\u00ed (MAS)<\/a><br><a href=\"https:\/\/www.taborcernypotok.cz\/detsky-tabor\/wp-content\/uploads\/sites\/2\/2024\/08\/Povinna-publicita-EU-generator-VYBAVENI-TABOROVE-ZAKLADNY-CERNY-POTOK-v3.pdf\" target=\"_blank\" rel=\"noreferrer noopener\">Projekt: Vybaven\u00ed t\u00e1borov\u00e9 z\u00e1kladny \u010cern\u00fd Potok je Spolufinancov\u00e1n Evropskou uni\u00ed (EU)<\/a><br><a href=\"https:\/\/www.taborcernypotok.cz\/detsky-tabor\/wp-content\/uploads\/sites\/2\/2024\/04\/Povinna-publicita-MAS-Jesenicko-Vybaveni-taborove-zakladny-Cerny-Potok.pdf\" target=\"_blank\" rel=\"noreferrer noopener\">Projekt: Vybaven\u00ed t\u00e1borov\u00e9 z\u00e1kladny \u010cern\u00fd Potok je Spolufinancov\u00e1n Evropskou uni\u00ed (MAS)<\/a><\/p>\n","protected":false},"excerpt":{"rendered":"<p>Povodn\u011b 2024 V\u00edce informac\u00ed LETN\u00cd T\u00c1BOR \u010cERN\u00dd POTOK Ji\u017e v\u00edce jak 23 let se zam\u011b\u0159ujeme na po\u0159\u00e1d\u00e1n\u00ed t\u00e1bor\u016f a akc\u00ed pro d\u011bti, ml\u00e1de\u017e a sportovce v\u00a0n\u00e1dhern\u00fdch p\u0159\u00edrodn\u00edch lokalit\u00e1ch s\u00a0hlubok\u00fdmi lesy, lesn\u00edmi \u0159\u00ed\u010dkami a romantick\u00fdmi zatopen\u00fdmi lomy. V\u00a0tomto p\u0159ekr\u00e1sn\u00e9m prost\u0159ed\u00ed se odehr\u00e1vaj\u00ed sportovn\u011b dobrodru\u017en\u00e9 hry a aktivity s\u00a0d\u016frazem na formov\u00e1n\u00ed charakteru d\u011bt\u00ed v\u00a0kolektivu\u00a0pomoc\u00ed z\u00e1\u017eitkov\u00e9 pedagogiky. Rozd\u011blen\u00ed\u2026<\/p>\n","protected":false},"author":1,"featured_media":0,"parent":0,"menu_order":0,"comment_status":"closed","ping_status":"closed","template":"page-templates\/theme-home.php","meta":{"footnotes":""},"class_list":["post-4","page","type-page","status-publish","hentry"],"yoast_head":"<!-- This site is optimized with the Yoast SEO plugin v26.5 - https:\/\/yoast.com\/wordpress\/plugins\/seo\/ -->\n<title>Home - D\u011btsk\u00fd T\u00e1bor \u010cern\u00fd Potok<\/title>\n<meta name=\"robots\" content=\"index, follow, max-snippet:-1, max-image-preview:large, max-video-preview:-1\" \/>\n<link rel=\"canonical\" href=\"https:\/\/www.taborcernypotok.cz\/detsky-tabor\/\" \/>\n<meta property=\"og:locale\" content=\"cs_CZ\" \/>\n<meta property=\"og:type\" content=\"article\" \/>\n<meta property=\"og:title\" content=\"Home - D\u011btsk\u00fd T\u00e1bor \u010cern\u00fd Potok\" \/>\n<meta property=\"og:description\" content=\"Povodn\u011b 2024 V\u00edce informac\u00ed LETN\u00cd T\u00c1BOR \u010cERN\u00dd POTOK Ji\u017e v\u00edce jak 23 let se zam\u011b\u0159ujeme na po\u0159\u00e1d\u00e1n\u00ed t\u00e1bor\u016f a akc\u00ed pro d\u011bti, ml\u00e1de\u017e a sportovce v\u00a0n\u00e1dhern\u00fdch p\u0159\u00edrodn\u00edch lokalit\u00e1ch s\u00a0hlubok\u00fdmi lesy, lesn\u00edmi \u0159\u00ed\u010dkami a romantick\u00fdmi zatopen\u00fdmi lomy. V\u00a0tomto p\u0159ekr\u00e1sn\u00e9m prost\u0159ed\u00ed se odehr\u00e1vaj\u00ed sportovn\u011b dobrodru\u017en\u00e9 hry a aktivity s\u00a0d\u016frazem na formov\u00e1n\u00ed charakteru d\u011bt\u00ed v\u00a0kolektivu\u00a0pomoc\u00ed z\u00e1\u017eitkov\u00e9 pedagogiky. Rozd\u011blen\u00ed\u2026\" \/>\n<meta property=\"og:url\" content=\"https:\/\/www.taborcernypotok.cz\/detsky-tabor\/\" \/>\n<meta property=\"og:site_name\" content=\"D\u011btsk\u00fd T\u00e1bor \u010cern\u00fd Potok\" \/>\n<meta property=\"article:modified_time\" content=\"2026-02-18T15:29:58+00:00\" \/>\n<meta name=\"twitter:card\" content=\"summary_large_image\" \/>\n<meta name=\"twitter:label1\" content=\"Odhadovan\u00e1 doba \u010dten\u00ed\" \/>\n\t<meta name=\"twitter:data1\" content=\"3 minuty\" \/>\n<script type=\"application\/ld+json\" class=\"yoast-schema-graph\">{\"@context\":\"https:\/\/schema.org\",\"@graph\":[{\"@type\":\"WebPage\",\"@id\":\"https:\/\/www.taborcernypotok.cz\/detsky-tabor\/\",\"url\":\"https:\/\/www.taborcernypotok.cz\/detsky-tabor\/\",\"name\":\"Home - D\u011btsk\u00fd T\u00e1bor \u010cern\u00fd Potok\",\"isPartOf\":{\"@id\":\"https:\/\/www.taborcernypotok.cz\/detsky-tabor\/#website\"},\"datePublished\":\"2016-03-19T21:31:07+00:00\",\"dateModified\":\"2026-02-18T15:29:58+00:00\",\"breadcrumb\":{\"@id\":\"https:\/\/www.taborcernypotok.cz\/detsky-tabor\/#breadcrumb\"},\"inLanguage\":\"cs\",\"potentialAction\":[{\"@type\":\"ReadAction\",\"target\":[\"https:\/\/www.taborcernypotok.cz\/detsky-tabor\/\"]}]},{\"@type\":\"BreadcrumbList\",\"@id\":\"https:\/\/www.taborcernypotok.cz\/detsky-tabor\/#breadcrumb\",\"itemListElement\":[{\"@type\":\"ListItem\",\"position\":1,\"name\":\"Dom\u016f\",\"item\":\"https:\/\/www.taborcernypotok.cz\/detsky-tabor\/\"},{\"@type\":\"ListItem\",\"position\":2,\"name\":\"Home\"}]},{\"@type\":\"WebSite\",\"@id\":\"https:\/\/www.taborcernypotok.cz\/detsky-tabor\/#website\",\"url\":\"https:\/\/www.taborcernypotok.cz\/detsky-tabor\/\",\"name\":\"D\u011btsk\u00fd T\u00e1bor \u010cern\u00fd Potok\",\"description\":\"D\u011btsk\u00e9 t\u00e1bory Rychlebsk\u00e9 Hory\",\"potentialAction\":[{\"@type\":\"SearchAction\",\"target\":{\"@type\":\"EntryPoint\",\"urlTemplate\":\"https:\/\/www.taborcernypotok.cz\/detsky-tabor\/?s={search_term_string}\"},\"query-input\":{\"@type\":\"PropertyValueSpecification\",\"valueRequired\":true,\"valueName\":\"search_term_string\"}}],\"inLanguage\":\"cs\"}]}<\/script>\n<!-- \/ Yoast SEO plugin. -->","yoast_head_json":{"title":"Home - D\u011btsk\u00fd T\u00e1bor \u010cern\u00fd Potok","robots":{"index":"index","follow":"follow","max-snippet":"max-snippet:-1","max-image-preview":"max-image-preview:large","max-video-preview":"max-video-preview:-1"},"canonical":"https:\/\/www.taborcernypotok.cz\/detsky-tabor\/","og_locale":"cs_CZ","og_type":"article","og_title":"Home - D\u011btsk\u00fd T\u00e1bor \u010cern\u00fd Potok","og_description":"Povodn\u011b 2024 V\u00edce informac\u00ed LETN\u00cd T\u00c1BOR \u010cERN\u00dd POTOK Ji\u017e v\u00edce jak 23 let se zam\u011b\u0159ujeme na po\u0159\u00e1d\u00e1n\u00ed t\u00e1bor\u016f a akc\u00ed pro d\u011bti, ml\u00e1de\u017e a sportovce v\u00a0n\u00e1dhern\u00fdch p\u0159\u00edrodn\u00edch lokalit\u00e1ch s\u00a0hlubok\u00fdmi lesy, lesn\u00edmi \u0159\u00ed\u010dkami a romantick\u00fdmi zatopen\u00fdmi lomy. V\u00a0tomto p\u0159ekr\u00e1sn\u00e9m prost\u0159ed\u00ed se odehr\u00e1vaj\u00ed sportovn\u011b dobrodru\u017en\u00e9 hry a aktivity s\u00a0d\u016frazem na formov\u00e1n\u00ed charakteru d\u011bt\u00ed v\u00a0kolektivu\u00a0pomoc\u00ed z\u00e1\u017eitkov\u00e9 pedagogiky. Rozd\u011blen\u00ed\u2026","og_url":"https:\/\/www.taborcernypotok.cz\/detsky-tabor\/","og_site_name":"D\u011btsk\u00fd T\u00e1bor \u010cern\u00fd Potok","article_modified_time":"2026-02-18T15:29:58+00:00","twitter_card":"summary_large_image","twitter_misc":{"Odhadovan\u00e1 doba \u010dten\u00ed":"3 minuty"},"schema":{"@context":"https:\/\/schema.org","@graph":[{"@type":"WebPage","@id":"https:\/\/www.taborcernypotok.cz\/detsky-tabor\/","url":"https:\/\/www.taborcernypotok.cz\/detsky-tabor\/","name":"Home - D\u011btsk\u00fd T\u00e1bor \u010cern\u00fd Potok","isPartOf":{"@id":"https:\/\/www.taborcernypotok.cz\/detsky-tabor\/#website"},"datePublished":"2016-03-19T21:31:07+00:00","dateModified":"2026-02-18T15:29:58+00:00","breadcrumb":{"@id":"https:\/\/www.taborcernypotok.cz\/detsky-tabor\/#breadcrumb"},"inLanguage":"cs","potentialAction":[{"@type":"ReadAction","target":["https:\/\/www.taborcernypotok.cz\/detsky-tabor\/"]}]},{"@type":"BreadcrumbList","@id":"https:\/\/www.taborcernypotok.cz\/detsky-tabor\/#breadcrumb","itemListElement":[{"@type":"ListItem","position":1,"name":"Dom\u016f","item":"https:\/\/www.taborcernypotok.cz\/detsky-tabor\/"},{"@type":"ListItem","position":2,"name":"Home"}]},{"@type":"WebSite","@id":"https:\/\/www.taborcernypotok.cz\/detsky-tabor\/#website","url":"https:\/\/www.taborcernypotok.cz\/detsky-tabor\/","name":"D\u011btsk\u00fd T\u00e1bor \u010cern\u00fd Potok","description":"D\u011btsk\u00e9 t\u00e1bory Rychlebsk\u00e9 Hory","potentialAction":[{"@type":"SearchAction","target":{"@type":"EntryPoint","urlTemplate":"https:\/\/www.taborcernypotok.cz\/detsky-tabor\/?s={search_term_string}"},"query-input":{"@type":"PropertyValueSpecification","valueRequired":true,"valueName":"search_term_string"}}],"inLanguage":"cs"}]}},"_links":{"self":[{"href":"https:\/\/www.taborcernypotok.cz\/detsky-tabor\/wp-json\/wp\/v2\/pages\/4","targetHints":{"allow":["GET"]}}],"collection":[{"href":"https:\/\/www.taborcernypotok.cz\/detsky-tabor\/wp-json\/wp\/v2\/pages"}],"about":[{"href":"https:\/\/www.taborcernypotok.cz\/detsky-tabor\/wp-json\/wp\/v2\/types\/page"}],"author":[{"embeddable":true,"href":"https:\/\/www.taborcernypotok.cz\/detsky-tabor\/wp-json\/wp\/v2\/users\/1"}],"replies":[{"embeddable":true,"href":"https:\/\/www.taborcernypotok.cz\/detsky-tabor\/wp-json\/wp\/v2\/comments?post=4"}],"version-history":[{"count":17,"href":"https:\/\/www.taborcernypotok.cz\/detsky-tabor\/wp-json\/wp\/v2\/pages\/4\/revisions"}],"predecessor-version":[{"id":12311,"href":"https:\/\/www.taborcernypotok.cz\/detsky-tabor\/wp-json\/wp\/v2\/pages\/4\/revisions\/12311"}],"wp:attachment":[{"href":"https:\/\/www.taborcernypotok.cz\/detsky-tabor\/wp-json\/wp\/v2\/media?parent=4"}],"curies":[{"name":"wp","href":"https:\/\/api.w.org\/{rel}","templated":true}]}}