{"id":41,"date":"2016-11-12T23:57:17","date_gmt":"2016-11-12T22:57:17","guid":{"rendered":"https:\/\/www.taborcernypotok.cz\/detsky-tabor\/?page_id=41"},"modified":"2026-02-27T23:26:26","modified_gmt":"2026-02-27T22:26:26","slug":"letni-tabor","status":"publish","type":"page","link":"https:\/\/www.taborcernypotok.cz\/detsky-tabor\/letni-tabor\/","title":{"rendered":"Letn\u00ed t\u00e1bor"},"content":{"rendered":"\n<h1 class=\"wp-block-heading\">Letn\u00ed t\u00e1bory<\/h1>\n\n\n\n<ul class=\"wp-block-list\">\n<li><a href=\"https:\/\/www.taborcernypotok.cz\/detsky-tabor\/letni-tabor\/2026-liska-letni-instruktorska-skola\/\">LI\u0160KA \u2013 Letn\u00ed instruktorsk\u00e1 \u0161kola<\/a> | <a href=\"https:\/\/docs.google.com\/spreadsheets\/d\/1PwRd8KOi2QvOu7RLfXb5DVyxQ_XLKGSSpPHW5_yXxIo\/edit?usp=share_link\" target=\"_blank\" rel=\"noreferrer noopener\">Seznam \u00fa\u010dastn\u00edk\u016f<\/a><br><em>0.TURNUS | 8 DN\u00cd | 4.7. \u2013 11.7. 2026 | z\u00e1jemci o pr\u00e1ci t\u00e1borov\u00e9ho instruktora od 16 let<\/em><\/li>\n\n\n\n<li><a href=\"https:\/\/www.taborcernypotok.cz\/detsky-tabor\/letni-tabor\/2026-deset-samuraju\/\">DESET SAMURAJ\u016e<\/a> | <a href=\"https:\/\/docs.google.com\/spreadsheets\/d\/1d48b4kBauIN5QV7aJsnxpCUAxCaeMBz0ZMG-ssb-fYQ\/edit?usp=share_link\" target=\"_blank\" rel=\"noreferrer noopener\">Seznam \u00fa\u010dastn\u00edk\u016f<\/a><br><em>1.TURNUS | 8 DN\u00cd | 5. 7. \u2013 12.7. 2026 | 9-12 let<\/em><\/li>\n\n\n\n<li><a href=\"https:\/\/www.taborcernypotok.cz\/detsky-tabor\/letni-tabor\/2026-baseball-supercamp\/\">BASEBALL \u2013 SUPERCAMP<\/a> | <a href=\"https:\/\/docs.google.com\/spreadsheets\/d\/1G9ROmVaSKNZaeB9NiGiWPAsYqlo2iizCFwdGTfs7Ae0\/edit?usp=share_link\" target=\"_blank\" rel=\"noreferrer noopener\">Seznam \u00fa\u010dastn\u00edk\u016f<\/a><br><em>2.TURNUS | 8 DN\u00cd | 12.7. \u2013 19.7. 2026 | 9-14 let<\/em><\/li>\n\n\n\n<li><a href=\"https:\/\/www.taborcernypotok.cz\/detsky-tabor\/letni-tabor\/2026-mafie-pribeh-z-podsveti\/\">MAFIE \u2013 P\u0158\u00cdB\u011aH Z PODSV\u011aT\u00cd<\/a> | <a href=\"https:\/\/docs.google.com\/spreadsheets\/d\/1wkGW-5VsgjbTnB_iLC6inwOmvHZ2BhfxjRlCqQpksS4\/edit?usp=share_link\" target=\"_blank\" rel=\"noreferrer noopener\">Seznam \u00fa\u010dastn\u00edk\u016f<\/a><br><em>3.TURNUS | 8 DN\u00cd | 26. 7. \u2013 2. 8. 2026 | 13-16 let<\/em><\/li>\n\n\n\n<li><a href=\"https:\/\/www.taborcernypotok.cz\/detsky-tabor\/letni-tabor\/2026-firstcamp-novi-sampioni\/\">FIRSTCAMP \u2013 NOV\u00cd \u0160AMPIONI<\/a> | <a href=\"https:\/\/docs.google.com\/spreadsheets\/d\/1BsCS9aDf7t8TnE43FH-xauHqK4bIAufj4DhdhNTmLOw\/edit?usp=share_link\" target=\"_blank\" rel=\"noreferrer noopener\">Seznam \u00fa\u010dastn\u00edk\u016f<\/a><br><em>4.TURNUS | 7 DN\u00cd | 9. \u2013 15.8. 2026 | 6-8 let + rodi\u010de<\/em><\/li>\n\n\n\n<li><a href=\"https:\/\/www.taborcernypotok.cz\/detsky-tabor\/letni-tabor\/2026-zootropolis\/\">ZOOTROPOLIS<\/a> | <a href=\"https:\/\/docs.google.com\/spreadsheets\/d\/1jAauP14Kg2zTZTRz6u6t_UFC0XDwCFffvuTI9jGqK5Y\/edit?usp=sharing\" target=\"_blank\" rel=\"noreferrer noopener\">Seznam \u00fa\u010dastn\u00edk\u016f<\/a><br><em>5.TURNUS | 7 DN\u00cd | 16. \u2013 22.8. 2026 | 6-8 let<\/em><\/li>\n\n\n\n<li><a href=\"https:\/\/www.taborcernypotok.cz\/detsky-tabor\/letni-tabor\/2026-robinsonova-dobrodruzstvi\/\">ROBINSONOVA DOBRODRU\u017dSTV\u00cd<\/a> | <a href=\"https:\/\/docs.google.com\/spreadsheets\/d\/1gmWln6tBWgbySO2rTXd-mAc1Dt1l-g9eg1HOzWwP4l4\/edit?usp=share_link\" target=\"_blank\" rel=\"noreferrer noopener\">Seznam \u00fa\u010dastn\u00edk\u016f<\/a><br><em>6.TURNUS | 7 DN\u016e | 23.-29.8. 2026 | dosp\u011bl\u00e1ci bez d\u011bt\u00ed, rodi\u010de s d\u011btmi 5-12 let<\/em><\/li>\n<\/ul>\n\n\n\n<h2 class=\"wp-block-heading\"><strong>D\u016fle\u017eit\u00e9 upozorn\u011bn\u00ed !!<\/strong><\/h2>\n\n\n\n<p>Vzhledem k sou\u010dasn\u00e9 sv\u011btov\u00e9 situaci si po\u0159adatel t\u00e1bora vyhrazuje pr\u00e1vo na mo\u017enou \u00fapravu ceny turnusu nebo jeho \u00fapln\u00e9 zru\u0161en\u00ed z d\u016fvodu nep\u0159edv\u00eddateln\u00fdch ud\u00e1lost\u00ed ekonomick\u00e9ho, zdravotn\u00edho nebo celosv\u011btov\u00e9ho r\u00e1zu.<\/p>\n\n\n\n<p>V tomto p\u0159\u00edpad\u011b by \u00fa\u010dastn\u00edkovi t\u00e1bora byla vr\u00e1cena \u010d\u00e1stka ve v\u00fd\u0161i 90 &#8211; 100 % p\u016fvodn\u00ed zaplacen\u00e9 \u010d\u00e1stky. V\u00fd\u0161e t\u00e9to \u010d\u00e1stky se ur\u010d\u00ed dle ji\u017e vynalo\u017een\u00fdch nevratn\u00fdch n\u00e1klad\u016f na uspo\u0159\u00e1d\u00e1n\u00ed t\u00e1bora.<\/p>\n\n\n\n<p>V ostatn\u00edch p\u0159\u00edpadech odstoupen\u00ed \u00fa\u010dastn\u00edka od \u00fa\u010dasti na t\u00e1bo\u0159e budeme postupovat dle b\u011b\u017en\u00fdch storno podm\u00ednek, kter\u00e9 jsou uvedeny na v\u00e1m zaslan\u00e9 a v\u00e1mi podepsan\u00e9 z\u00e1vazn\u00e9 p\u0159ihl\u00e1\u0161ce.<\/p>\n\n\n\n<p>Moc V\u00e1m d\u011bkujeme za pochopen\u00ed t\u00e9to situace.<\/p>\n\n\n<style>.wp-block-kadence-spacer.kt-block-spacer-41_444ae3-96 .kt-block-spacer{height:60px;}.wp-block-kadence-spacer.kt-block-spacer-41_444ae3-96 .kt-divider{border-top-width:1px;height:1px;border-top-color:#000000;width:100%;border-top-style:solid;}<\/style>\n<div class=\"wp-block-kadence-spacer aligncenter kt-block-spacer-41_444ae3-96\"><div class=\"kt-block-spacer kt-block-spacer-halign-center\"><hr class=\"kt-divider\"\/><\/div><\/div>\n\n\n\n<div class=\"wp-block-buttons is-content-justification-center is-layout-flex wp-container-core-buttons-is-layout-16018d1d wp-block-buttons-is-layout-flex\">\n<div class=\"wp-block-button\"><a class=\"wp-block-button__link wp-element-button\" href=\"https:\/\/www.taborcernypotok.cz\/detsky-tabor\/letni-tabor\/archiv-letnich-taboru\/\" style=\"border-radius:0px\">Archiv letn\u00edch t\u00e1bor\u016f z minul\u00fdch let<strong> <\/strong><\/a><\/div>\n\n\n\n<div class=\"wp-block-button\"><a class=\"wp-block-button__link wp-element-button\" href=\"https:\/\/www.taborcernypotok.cz\/detsky-tabor\/zimni-tabor\/archiv-zimnich-taboru\/\" style=\"border-radius:0px\">Archiv zimn\u00edch t\u00e1bor\u016f <\/a><\/div>\n<\/div>\n","protected":false},"excerpt":{"rendered":"<p>Letn\u00ed t\u00e1bory D\u016fle\u017eit\u00e9 upozorn\u011bn\u00ed !! Vzhledem k sou\u010dasn\u00e9 sv\u011btov\u00e9 situaci si po\u0159adatel t\u00e1bora vyhrazuje pr\u00e1vo na mo\u017enou \u00fapravu ceny turnusu nebo jeho \u00fapln\u00e9 zru\u0161en\u00ed z d\u016fvodu nep\u0159edv\u00eddateln\u00fdch ud\u00e1lost\u00ed ekonomick\u00e9ho, zdravotn\u00edho nebo celosv\u011btov\u00e9ho r\u00e1zu. V tomto p\u0159\u00edpad\u011b by \u00fa\u010dastn\u00edkovi t\u00e1bora byla vr\u00e1cena \u010d\u00e1stka ve v\u00fd\u0161i 90 &#8211; 100 % p\u016fvodn\u00ed zaplacen\u00e9 \u010d\u00e1stky. V\u00fd\u0161e t\u00e9to \u010d\u00e1stky se\u2026<\/p>\n","protected":false},"author":1,"featured_media":0,"parent":0,"menu_order":0,"comment_status":"closed","ping_status":"closed","template":"","meta":{"footnotes":""},"class_list":["post-41","page","type-page","status-publish","hentry"],"yoast_head":"<!-- This site is optimized with the Yoast SEO plugin v26.5 - https:\/\/yoast.com\/wordpress\/plugins\/seo\/ -->\n<title>Letn\u00ed t\u00e1bor - D\u011btsk\u00fd T\u00e1bor \u010cern\u00fd Potok<\/title>\n<meta name=\"robots\" content=\"index, follow, max-snippet:-1, max-image-preview:large, max-video-preview:-1\" \/>\n<link rel=\"canonical\" href=\"https:\/\/www.taborcernypotok.cz\/detsky-tabor\/letni-tabor\/\" \/>\n<meta property=\"og:locale\" content=\"cs_CZ\" \/>\n<meta property=\"og:type\" content=\"article\" \/>\n<meta property=\"og:title\" content=\"Letn\u00ed t\u00e1bor - D\u011btsk\u00fd T\u00e1bor \u010cern\u00fd Potok\" \/>\n<meta property=\"og:description\" content=\"Letn\u00ed t\u00e1bory D\u016fle\u017eit\u00e9 upozorn\u011bn\u00ed !! Vzhledem k sou\u010dasn\u00e9 sv\u011btov\u00e9 situaci si po\u0159adatel t\u00e1bora vyhrazuje pr\u00e1vo na mo\u017enou \u00fapravu ceny turnusu nebo jeho \u00fapln\u00e9 zru\u0161en\u00ed z d\u016fvodu nep\u0159edv\u00eddateln\u00fdch ud\u00e1lost\u00ed ekonomick\u00e9ho, zdravotn\u00edho nebo celosv\u011btov\u00e9ho r\u00e1zu. V tomto p\u0159\u00edpad\u011b by \u00fa\u010dastn\u00edkovi t\u00e1bora byla vr\u00e1cena \u010d\u00e1stka ve v\u00fd\u0161i 90 &#8211; 100 % p\u016fvodn\u00ed zaplacen\u00e9 \u010d\u00e1stky. V\u00fd\u0161e t\u00e9to \u010d\u00e1stky se\u2026\" \/>\n<meta property=\"og:url\" content=\"https:\/\/www.taborcernypotok.cz\/detsky-tabor\/letni-tabor\/\" \/>\n<meta property=\"og:site_name\" content=\"D\u011btsk\u00fd T\u00e1bor \u010cern\u00fd Potok\" \/>\n<meta property=\"article:modified_time\" content=\"2026-02-27T22:26:26+00:00\" \/>\n<meta name=\"twitter:card\" content=\"summary_large_image\" \/>\n<meta name=\"twitter:label1\" content=\"Odhadovan\u00e1 doba \u010dten\u00ed\" \/>\n\t<meta name=\"twitter:data1\" content=\"2 minuty\" \/>\n<script type=\"application\/ld+json\" class=\"yoast-schema-graph\">{\"@context\":\"https:\/\/schema.org\",\"@graph\":[{\"@type\":\"WebPage\",\"@id\":\"https:\/\/www.taborcernypotok.cz\/detsky-tabor\/letni-tabor\/\",\"url\":\"https:\/\/www.taborcernypotok.cz\/detsky-tabor\/letni-tabor\/\",\"name\":\"Letn\u00ed t\u00e1bor - D\u011btsk\u00fd T\u00e1bor \u010cern\u00fd Potok\",\"isPartOf\":{\"@id\":\"https:\/\/www.taborcernypotok.cz\/detsky-tabor\/#website\"},\"datePublished\":\"2016-11-12T22:57:17+00:00\",\"dateModified\":\"2026-02-27T22:26:26+00:00\",\"breadcrumb\":{\"@id\":\"https:\/\/www.taborcernypotok.cz\/detsky-tabor\/letni-tabor\/#breadcrumb\"},\"inLanguage\":\"cs\",\"potentialAction\":[{\"@type\":\"ReadAction\",\"target\":[\"https:\/\/www.taborcernypotok.cz\/detsky-tabor\/letni-tabor\/\"]}]},{\"@type\":\"BreadcrumbList\",\"@id\":\"https:\/\/www.taborcernypotok.cz\/detsky-tabor\/letni-tabor\/#breadcrumb\",\"itemListElement\":[{\"@type\":\"ListItem\",\"position\":1,\"name\":\"Dom\u016f\",\"item\":\"https:\/\/www.taborcernypotok.cz\/detsky-tabor\/\"},{\"@type\":\"ListItem\",\"position\":2,\"name\":\"Letn\u00ed t\u00e1bor\"}]},{\"@type\":\"WebSite\",\"@id\":\"https:\/\/www.taborcernypotok.cz\/detsky-tabor\/#website\",\"url\":\"https:\/\/www.taborcernypotok.cz\/detsky-tabor\/\",\"name\":\"D\u011btsk\u00fd T\u00e1bor \u010cern\u00fd Potok\",\"description\":\"D\u011btsk\u00e9 t\u00e1bory Rychlebsk\u00e9 Hory\",\"potentialAction\":[{\"@type\":\"SearchAction\",\"target\":{\"@type\":\"EntryPoint\",\"urlTemplate\":\"https:\/\/www.taborcernypotok.cz\/detsky-tabor\/?s={search_term_string}\"},\"query-input\":{\"@type\":\"PropertyValueSpecification\",\"valueRequired\":true,\"valueName\":\"search_term_string\"}}],\"inLanguage\":\"cs\"}]}<\/script>\n<!-- \/ Yoast SEO plugin. -->","yoast_head_json":{"title":"Letn\u00ed t\u00e1bor - D\u011btsk\u00fd T\u00e1bor \u010cern\u00fd Potok","robots":{"index":"index","follow":"follow","max-snippet":"max-snippet:-1","max-image-preview":"max-image-preview:large","max-video-preview":"max-video-preview:-1"},"canonical":"https:\/\/www.taborcernypotok.cz\/detsky-tabor\/letni-tabor\/","og_locale":"cs_CZ","og_type":"article","og_title":"Letn\u00ed t\u00e1bor - D\u011btsk\u00fd T\u00e1bor \u010cern\u00fd Potok","og_description":"Letn\u00ed t\u00e1bory D\u016fle\u017eit\u00e9 upozorn\u011bn\u00ed !! Vzhledem k sou\u010dasn\u00e9 sv\u011btov\u00e9 situaci si po\u0159adatel t\u00e1bora vyhrazuje pr\u00e1vo na mo\u017enou \u00fapravu ceny turnusu nebo jeho \u00fapln\u00e9 zru\u0161en\u00ed z d\u016fvodu nep\u0159edv\u00eddateln\u00fdch ud\u00e1lost\u00ed ekonomick\u00e9ho, zdravotn\u00edho nebo celosv\u011btov\u00e9ho r\u00e1zu. V tomto p\u0159\u00edpad\u011b by \u00fa\u010dastn\u00edkovi t\u00e1bora byla vr\u00e1cena \u010d\u00e1stka ve v\u00fd\u0161i 90 &#8211; 100 % p\u016fvodn\u00ed zaplacen\u00e9 \u010d\u00e1stky. V\u00fd\u0161e t\u00e9to \u010d\u00e1stky se\u2026","og_url":"https:\/\/www.taborcernypotok.cz\/detsky-tabor\/letni-tabor\/","og_site_name":"D\u011btsk\u00fd T\u00e1bor \u010cern\u00fd Potok","article_modified_time":"2026-02-27T22:26:26+00:00","twitter_card":"summary_large_image","twitter_misc":{"Odhadovan\u00e1 doba \u010dten\u00ed":"2 minuty"},"schema":{"@context":"https:\/\/schema.org","@graph":[{"@type":"WebPage","@id":"https:\/\/www.taborcernypotok.cz\/detsky-tabor\/letni-tabor\/","url":"https:\/\/www.taborcernypotok.cz\/detsky-tabor\/letni-tabor\/","name":"Letn\u00ed t\u00e1bor - D\u011btsk\u00fd T\u00e1bor \u010cern\u00fd Potok","isPartOf":{"@id":"https:\/\/www.taborcernypotok.cz\/detsky-tabor\/#website"},"datePublished":"2016-11-12T22:57:17+00:00","dateModified":"2026-02-27T22:26:26+00:00","breadcrumb":{"@id":"https:\/\/www.taborcernypotok.cz\/detsky-tabor\/letni-tabor\/#breadcrumb"},"inLanguage":"cs","potentialAction":[{"@type":"ReadAction","target":["https:\/\/www.taborcernypotok.cz\/detsky-tabor\/letni-tabor\/"]}]},{"@type":"BreadcrumbList","@id":"https:\/\/www.taborcernypotok.cz\/detsky-tabor\/letni-tabor\/#breadcrumb","itemListElement":[{"@type":"ListItem","position":1,"name":"Dom\u016f","item":"https:\/\/www.taborcernypotok.cz\/detsky-tabor\/"},{"@type":"ListItem","position":2,"name":"Letn\u00ed t\u00e1bor"}]},{"@type":"WebSite","@id":"https:\/\/www.taborcernypotok.cz\/detsky-tabor\/#website","url":"https:\/\/www.taborcernypotok.cz\/detsky-tabor\/","name":"D\u011btsk\u00fd T\u00e1bor \u010cern\u00fd Potok","description":"D\u011btsk\u00e9 t\u00e1bory Rychlebsk\u00e9 Hory","potentialAction":[{"@type":"SearchAction","target":{"@type":"EntryPoint","urlTemplate":"https:\/\/www.taborcernypotok.cz\/detsky-tabor\/?s={search_term_string}"},"query-input":{"@type":"PropertyValueSpecification","valueRequired":true,"valueName":"search_term_string"}}],"inLanguage":"cs"}]}},"_links":{"self":[{"href":"https:\/\/www.taborcernypotok.cz\/detsky-tabor\/wp-json\/wp\/v2\/pages\/41","targetHints":{"allow":["GET"]}}],"collection":[{"href":"https:\/\/www.taborcernypotok.cz\/detsky-tabor\/wp-json\/wp\/v2\/pages"}],"about":[{"href":"https:\/\/www.taborcernypotok.cz\/detsky-tabor\/wp-json\/wp\/v2\/types\/page"}],"author":[{"embeddable":true,"href":"https:\/\/www.taborcernypotok.cz\/detsky-tabor\/wp-json\/wp\/v2\/users\/1"}],"replies":[{"embeddable":true,"href":"https:\/\/www.taborcernypotok.cz\/detsky-tabor\/wp-json\/wp\/v2\/comments?post=41"}],"version-history":[{"count":188,"href":"https:\/\/www.taborcernypotok.cz\/detsky-tabor\/wp-json\/wp\/v2\/pages\/41\/revisions"}],"predecessor-version":[{"id":12412,"href":"https:\/\/www.taborcernypotok.cz\/detsky-tabor\/wp-json\/wp\/v2\/pages\/41\/revisions\/12412"}],"wp:attachment":[{"href":"https:\/\/www.taborcernypotok.cz\/detsky-tabor\/wp-json\/wp\/v2\/media?parent=41"}],"curies":[{"name":"wp","href":"https:\/\/api.w.org\/{rel}","templated":true}]}}