{"id":4592,"date":"2021-02-27T21:04:02","date_gmt":"2021-02-27T20:04:02","guid":{"rendered":"https:\/\/www.taborcernypotok.cz\/detsky-tabor\/?page_id=4592"},"modified":"2025-05-26T20:40:29","modified_gmt":"2025-05-26T19:40:29","slug":"2021-james-bond-a-srdcova-dama-iii","status":"publish","type":"page","link":"https:\/\/www.taborcernypotok.cz\/detsky-tabor\/letni-tabor\/archiv-letnich-taboru\/2021-james-bond-a-srdcova-dama-iii\/","title":{"rendered":"2021 James Bond a Srdcov\u00e1 d\u00e1ma III."},"content":{"rendered":"<div class=\"page-header\">\n<h1>JAMES BOND A SRDCOV\u00c1 D\u00c1MA III.<\/h1>\n<\/div>\n<p>dobrodru\u017en\u00fd | 3.TURNUS | 8 DN\u00cd | <span style=\"font-weight: 400;\"> \u00a018.-25.7. 2021 |<\/span> 9-13 let<br \/>\n<em>&#8211; voln\u011b inspirov\u00e1no filmy o superagentovi 007<\/em><\/p>\n<p>Sv\u011bt je ji\u017e n\u011bkolik let sv\u011bdkem neuv\u011b\u0159iteln\u00fdch zlo\u010din\u016f a loupe\u017e\u00ed, kter\u00e9 maj\u00ed v\u017edy jeden spole\u010dn\u00fd podpis. Na m\u00edst\u011b \u010dinu je v\u017edy nalezena karta se znakem srdcov\u00e9 d\u00e1my. Na druh\u00e9 stran\u011b t\u00e9to karty je v\u017edy tajemn\u00fd vzkaz, kter\u00fd napov\u00edd\u00e1, kdo nebo co bude dal\u0161\u00edm c\u00edlem tajemn\u00e9ho zlo\u010dince. Policejn\u00ed a detektivn\u00ed slu\u017eby cel\u00e9ho sv\u011bta si marn\u011b l\u00e1mou hlavy nad t\u00edm, jak zabr\u00e1nit dal\u0161\u00edm loupe\u017e\u00edm a dopadnout hlavu zlo\u010dineck\u00e9 skupiny, kterou nazvaly <strong>SRDCOV\u00c1 D\u00c1MA<\/strong>.<\/p>\n<p>Na\u0161t\u011bst\u00ed m\u00e1 policie v ruk\u00e1vu schovan\u00e9 tak\u00e9 jedno eso. Po stop\u00e1ch t\u00e9to bandy vyr\u00e1\u017e\u00ed superagent jej\u00edho veli\u010denstva s k\u00f3dov\u00fdm ozna\u010den\u00edm 007. Nen\u00ed to nikdo jin\u00fd ne\u017e slavn\u00fd <strong>JAMES BOND<\/strong>.<br \/>\nAle ani on se neobejde bez neohro\u017een\u00fdch pomocn\u00edk\u016f\u2026..A velk\u00e9 dobrodru\u017estv\u00ed \u010dek\u00e1 pr\u00e1v\u011b na v\u00e1s.<br \/>\nSpeci\u00e1ln\u011b p\u0159ipraven\u00fd t\u00e1bor pro kluky a holky, kter\u00e9 cht\u011bj\u00ed pro\u017e\u00edt spoustu legrace a dobrodru\u017estv\u00ed.<\/p>\n<table style=\"border-collapse: collapse; width: 100%;\">\n<tbody>\n<tr>\n<td style=\"width: 100%;\"><\/td>\n<\/tr>\n<\/tbody>\n<\/table>\n<p><strong>V\u011bkov\u00e1 kategorie:<\/strong> 9-13 let ho\u0161i i d\u00edvky<br \/>\n<strong>M\u00edsto:<\/strong> T\u00e1bor \u010cern\u00fd Potok Velk\u00e1 Kra\u0161 u Vidnavy<br \/>\n<strong>Ubytov\u00e1n\u00ed:<\/strong> d\u0159ev\u011bn\u00e9 chatky<br \/>\n<strong>Stravov\u00e1n\u00ed:<\/strong> 5x denn\u011b<br \/>\n<strong>Zdravotn\u00ed dozor:<\/strong> delegovan\u00fd l\u00e9ka\u0159 nebo zdravotn\u00ed pracovn\u00edk<br \/>\n<strong>Garant:<\/strong> Mgr. Roman Lipavsk\u00fd<br \/>\n<strong>Cena v\u010detn\u011b dopravy busem:<\/strong> 4450,- K\u010d<br \/>\n<strong>Dohled vykon\u00e1vaj\u00ed \u0161kolen\u00ed instrukto\u0159i, tren\u00e9\u0159i a pedagogi\u010dt\u00ed pracovn\u00edci.<\/strong><\/p>\n<h2><\/h2>\n","protected":false},"excerpt":{"rendered":"<p>JAMES BOND A SRDCOV\u00c1 D\u00c1MA III. dobrodru\u017en\u00fd | 3.TURNUS | 8 DN\u00cd | \u00a018.-25.7. 2021 | 9-13 let &#8211; voln\u011b inspirov\u00e1no filmy o superagentovi 007 Sv\u011bt je ji\u017e n\u011bkolik let sv\u011bdkem neuv\u011b\u0159iteln\u00fdch zlo\u010din\u016f a loupe\u017e\u00ed, kter\u00e9 maj\u00ed v\u017edy jeden spole\u010dn\u00fd podpis. Na m\u00edst\u011b \u010dinu je v\u017edy nalezena karta se znakem srdcov\u00e9 d\u00e1my. Na druh\u00e9 stran\u011b\u2026<\/p>\n","protected":false},"author":1,"featured_media":0,"parent":59,"menu_order":0,"comment_status":"closed","ping_status":"closed","template":"","meta":{"footnotes":""},"class_list":["post-4592","page","type-page","status-publish","hentry"],"yoast_head":"<!-- This site is optimized with the Yoast SEO plugin v26.5 - https:\/\/yoast.com\/wordpress\/plugins\/seo\/ -->\n<title>2021 James Bond a Srdcov\u00e1 d\u00e1ma III. - D\u011btsk\u00fd T\u00e1bor \u010cern\u00fd Potok<\/title>\n<meta name=\"robots\" content=\"index, follow, max-snippet:-1, max-image-preview:large, max-video-preview:-1\" \/>\n<link rel=\"canonical\" href=\"https:\/\/www.taborcernypotok.cz\/detsky-tabor\/letni-tabor\/archiv-letnich-taboru\/2021-james-bond-a-srdcova-dama-iii\/\" \/>\n<meta property=\"og:locale\" content=\"cs_CZ\" \/>\n<meta property=\"og:type\" content=\"article\" \/>\n<meta property=\"og:title\" content=\"2021 James Bond a Srdcov\u00e1 d\u00e1ma III. - D\u011btsk\u00fd T\u00e1bor \u010cern\u00fd Potok\" \/>\n<meta property=\"og:description\" content=\"JAMES BOND A SRDCOV\u00c1 D\u00c1MA III. dobrodru\u017en\u00fd | 3.TURNUS | 8 DN\u00cd | \u00a018.-25.7. 2021 | 9-13 let &#8211; voln\u011b inspirov\u00e1no filmy o superagentovi 007 Sv\u011bt je ji\u017e n\u011bkolik let sv\u011bdkem neuv\u011b\u0159iteln\u00fdch zlo\u010din\u016f a loupe\u017e\u00ed, kter\u00e9 maj\u00ed v\u017edy jeden spole\u010dn\u00fd podpis. Na m\u00edst\u011b \u010dinu je v\u017edy nalezena karta se znakem srdcov\u00e9 d\u00e1my. Na druh\u00e9 stran\u011b\u2026\" \/>\n<meta property=\"og:url\" content=\"https:\/\/www.taborcernypotok.cz\/detsky-tabor\/letni-tabor\/archiv-letnich-taboru\/2021-james-bond-a-srdcova-dama-iii\/\" \/>\n<meta property=\"og:site_name\" content=\"D\u011btsk\u00fd T\u00e1bor \u010cern\u00fd Potok\" \/>\n<meta property=\"article:modified_time\" content=\"2025-05-26T19:40:29+00:00\" \/>\n<meta name=\"twitter:card\" content=\"summary_large_image\" \/>\n<meta name=\"twitter:label1\" content=\"Odhadovan\u00e1 doba \u010dten\u00ed\" \/>\n\t<meta name=\"twitter:data1\" content=\"2 minuty\" \/>\n<script type=\"application\/ld+json\" class=\"yoast-schema-graph\">{\"@context\":\"https:\/\/schema.org\",\"@graph\":[{\"@type\":\"WebPage\",\"@id\":\"https:\/\/www.taborcernypotok.cz\/detsky-tabor\/letni-tabor\/archiv-letnich-taboru\/2021-james-bond-a-srdcova-dama-iii\/\",\"url\":\"https:\/\/www.taborcernypotok.cz\/detsky-tabor\/letni-tabor\/archiv-letnich-taboru\/2021-james-bond-a-srdcova-dama-iii\/\",\"name\":\"2021 James Bond a Srdcov\u00e1 d\u00e1ma III. - D\u011btsk\u00fd T\u00e1bor \u010cern\u00fd Potok\",\"isPartOf\":{\"@id\":\"https:\/\/www.taborcernypotok.cz\/detsky-tabor\/#website\"},\"datePublished\":\"2021-02-27T20:04:02+00:00\",\"dateModified\":\"2025-05-26T19:40:29+00:00\",\"breadcrumb\":{\"@id\":\"https:\/\/www.taborcernypotok.cz\/detsky-tabor\/letni-tabor\/archiv-letnich-taboru\/2021-james-bond-a-srdcova-dama-iii\/#breadcrumb\"},\"inLanguage\":\"cs\",\"potentialAction\":[{\"@type\":\"ReadAction\",\"target\":[\"https:\/\/www.taborcernypotok.cz\/detsky-tabor\/letni-tabor\/archiv-letnich-taboru\/2021-james-bond-a-srdcova-dama-iii\/\"]}]},{\"@type\":\"BreadcrumbList\",\"@id\":\"https:\/\/www.taborcernypotok.cz\/detsky-tabor\/letni-tabor\/archiv-letnich-taboru\/2021-james-bond-a-srdcova-dama-iii\/#breadcrumb\",\"itemListElement\":[{\"@type\":\"ListItem\",\"position\":1,\"name\":\"Dom\u016f\",\"item\":\"https:\/\/www.taborcernypotok.cz\/detsky-tabor\/\"},{\"@type\":\"ListItem\",\"position\":2,\"name\":\"Letn\u00ed t\u00e1bor\",\"item\":\"https:\/\/www.taborcernypotok.cz\/detsky-tabor\/letni-tabor\/\"},{\"@type\":\"ListItem\",\"position\":3,\"name\":\"Archiv letn\u00edch t\u00e1bor\u016f\",\"item\":\"https:\/\/www.taborcernypotok.cz\/detsky-tabor\/letni-tabor\/archiv-letnich-taboru\/\"},{\"@type\":\"ListItem\",\"position\":4,\"name\":\"2021 James Bond a Srdcov\u00e1 d\u00e1ma III.\"}]},{\"@type\":\"WebSite\",\"@id\":\"https:\/\/www.taborcernypotok.cz\/detsky-tabor\/#website\",\"url\":\"https:\/\/www.taborcernypotok.cz\/detsky-tabor\/\",\"name\":\"D\u011btsk\u00fd T\u00e1bor \u010cern\u00fd Potok\",\"description\":\"D\u011btsk\u00e9 t\u00e1bory Rychlebsk\u00e9 Hory\",\"potentialAction\":[{\"@type\":\"SearchAction\",\"target\":{\"@type\":\"EntryPoint\",\"urlTemplate\":\"https:\/\/www.taborcernypotok.cz\/detsky-tabor\/?s={search_term_string}\"},\"query-input\":{\"@type\":\"PropertyValueSpecification\",\"valueRequired\":true,\"valueName\":\"search_term_string\"}}],\"inLanguage\":\"cs\"}]}<\/script>\n<!-- \/ Yoast SEO plugin. -->","yoast_head_json":{"title":"2021 James Bond a Srdcov\u00e1 d\u00e1ma III. - D\u011btsk\u00fd T\u00e1bor \u010cern\u00fd Potok","robots":{"index":"index","follow":"follow","max-snippet":"max-snippet:-1","max-image-preview":"max-image-preview:large","max-video-preview":"max-video-preview:-1"},"canonical":"https:\/\/www.taborcernypotok.cz\/detsky-tabor\/letni-tabor\/archiv-letnich-taboru\/2021-james-bond-a-srdcova-dama-iii\/","og_locale":"cs_CZ","og_type":"article","og_title":"2021 James Bond a Srdcov\u00e1 d\u00e1ma III. - D\u011btsk\u00fd T\u00e1bor \u010cern\u00fd Potok","og_description":"JAMES BOND A SRDCOV\u00c1 D\u00c1MA III. dobrodru\u017en\u00fd | 3.TURNUS | 8 DN\u00cd | \u00a018.-25.7. 2021 | 9-13 let &#8211; voln\u011b inspirov\u00e1no filmy o superagentovi 007 Sv\u011bt je ji\u017e n\u011bkolik let sv\u011bdkem neuv\u011b\u0159iteln\u00fdch zlo\u010din\u016f a loupe\u017e\u00ed, kter\u00e9 maj\u00ed v\u017edy jeden spole\u010dn\u00fd podpis. Na m\u00edst\u011b \u010dinu je v\u017edy nalezena karta se znakem srdcov\u00e9 d\u00e1my. Na druh\u00e9 stran\u011b\u2026","og_url":"https:\/\/www.taborcernypotok.cz\/detsky-tabor\/letni-tabor\/archiv-letnich-taboru\/2021-james-bond-a-srdcova-dama-iii\/","og_site_name":"D\u011btsk\u00fd T\u00e1bor \u010cern\u00fd Potok","article_modified_time":"2025-05-26T19:40:29+00:00","twitter_card":"summary_large_image","twitter_misc":{"Odhadovan\u00e1 doba \u010dten\u00ed":"2 minuty"},"schema":{"@context":"https:\/\/schema.org","@graph":[{"@type":"WebPage","@id":"https:\/\/www.taborcernypotok.cz\/detsky-tabor\/letni-tabor\/archiv-letnich-taboru\/2021-james-bond-a-srdcova-dama-iii\/","url":"https:\/\/www.taborcernypotok.cz\/detsky-tabor\/letni-tabor\/archiv-letnich-taboru\/2021-james-bond-a-srdcova-dama-iii\/","name":"2021 James Bond a Srdcov\u00e1 d\u00e1ma III. - D\u011btsk\u00fd T\u00e1bor \u010cern\u00fd Potok","isPartOf":{"@id":"https:\/\/www.taborcernypotok.cz\/detsky-tabor\/#website"},"datePublished":"2021-02-27T20:04:02+00:00","dateModified":"2025-05-26T19:40:29+00:00","breadcrumb":{"@id":"https:\/\/www.taborcernypotok.cz\/detsky-tabor\/letni-tabor\/archiv-letnich-taboru\/2021-james-bond-a-srdcova-dama-iii\/#breadcrumb"},"inLanguage":"cs","potentialAction":[{"@type":"ReadAction","target":["https:\/\/www.taborcernypotok.cz\/detsky-tabor\/letni-tabor\/archiv-letnich-taboru\/2021-james-bond-a-srdcova-dama-iii\/"]}]},{"@type":"BreadcrumbList","@id":"https:\/\/www.taborcernypotok.cz\/detsky-tabor\/letni-tabor\/archiv-letnich-taboru\/2021-james-bond-a-srdcova-dama-iii\/#breadcrumb","itemListElement":[{"@type":"ListItem","position":1,"name":"Dom\u016f","item":"https:\/\/www.taborcernypotok.cz\/detsky-tabor\/"},{"@type":"ListItem","position":2,"name":"Letn\u00ed t\u00e1bor","item":"https:\/\/www.taborcernypotok.cz\/detsky-tabor\/letni-tabor\/"},{"@type":"ListItem","position":3,"name":"Archiv letn\u00edch t\u00e1bor\u016f","item":"https:\/\/www.taborcernypotok.cz\/detsky-tabor\/letni-tabor\/archiv-letnich-taboru\/"},{"@type":"ListItem","position":4,"name":"2021 James Bond a Srdcov\u00e1 d\u00e1ma III."}]},{"@type":"WebSite","@id":"https:\/\/www.taborcernypotok.cz\/detsky-tabor\/#website","url":"https:\/\/www.taborcernypotok.cz\/detsky-tabor\/","name":"D\u011btsk\u00fd T\u00e1bor \u010cern\u00fd Potok","description":"D\u011btsk\u00e9 t\u00e1bory Rychlebsk\u00e9 Hory","potentialAction":[{"@type":"SearchAction","target":{"@type":"EntryPoint","urlTemplate":"https:\/\/www.taborcernypotok.cz\/detsky-tabor\/?s={search_term_string}"},"query-input":{"@type":"PropertyValueSpecification","valueRequired":true,"valueName":"search_term_string"}}],"inLanguage":"cs"}]}},"_links":{"self":[{"href":"https:\/\/www.taborcernypotok.cz\/detsky-tabor\/wp-json\/wp\/v2\/pages\/4592","targetHints":{"allow":["GET"]}}],"collection":[{"href":"https:\/\/www.taborcernypotok.cz\/detsky-tabor\/wp-json\/wp\/v2\/pages"}],"about":[{"href":"https:\/\/www.taborcernypotok.cz\/detsky-tabor\/wp-json\/wp\/v2\/types\/page"}],"author":[{"embeddable":true,"href":"https:\/\/www.taborcernypotok.cz\/detsky-tabor\/wp-json\/wp\/v2\/users\/1"}],"replies":[{"embeddable":true,"href":"https:\/\/www.taborcernypotok.cz\/detsky-tabor\/wp-json\/wp\/v2\/comments?post=4592"}],"version-history":[{"count":7,"href":"https:\/\/www.taborcernypotok.cz\/detsky-tabor\/wp-json\/wp\/v2\/pages\/4592\/revisions"}],"predecessor-version":[{"id":12012,"href":"https:\/\/www.taborcernypotok.cz\/detsky-tabor\/wp-json\/wp\/v2\/pages\/4592\/revisions\/12012"}],"up":[{"embeddable":true,"href":"https:\/\/www.taborcernypotok.cz\/detsky-tabor\/wp-json\/wp\/v2\/pages\/59"}],"wp:attachment":[{"href":"https:\/\/www.taborcernypotok.cz\/detsky-tabor\/wp-json\/wp\/v2\/media?parent=4592"}],"curies":[{"name":"wp","href":"https:\/\/api.w.org\/{rel}","templated":true}]}}