{"id":4607,"date":"2021-02-27T21:04:07","date_gmt":"2021-02-27T20:04:07","guid":{"rendered":"https:\/\/www.taborcernypotok.cz\/detsky-tabor\/?page_id=4607"},"modified":"2025-05-26T20:40:39","modified_gmt":"2025-05-26T19:40:39","slug":"2021-operace-bororo","status":"publish","type":"page","link":"https:\/\/www.taborcernypotok.cz\/detsky-tabor\/letni-tabor\/archiv-letnich-taboru\/2021-operace-bororo\/","title":{"rendered":"2021 Operace Bororo"},"content":{"rendered":"<div class=\"page-header\">\n<h1>OPERACE BORORO<\/h1>\n<\/div>\n<p>ak\u010dn\u00ed \u2013 dobrodru\u017en\u00fd | 5.TURNUS | 8 DN\u00cd | 8.-15.8. 2021 | 13-16 let<br \/>\n<em>&#8211; voln\u011b inspirov\u00e1no filmy Akce Bororo (1972) a Policejn\u00ed akademie<\/em><\/p>\n<p>Sv\u011bt se ji\u017e n\u011bkolik let zm\u00edt\u00e1 na vln\u00e1ch epidemi\u00ed a pandemi\u00ed. Lid\u00e9 jsou politiky nuceni k r\u016fzn\u00fdm nesmysln\u00fdm omezen\u00edm a m\u00e1lokdo vid\u00ed sv\u011btlo na konci tunelu. N\u011bkolik v\u011bdc\u016f hore\u010dn\u011b p\u00e1tr\u00e1 po opravdu \u00fa\u010dinn\u00fdch l\u00e9c\u00edch a zcela n\u00e1hodou se dost\u00e1vaj\u00ed k z\u00e1pisk\u016fm velk\u00e9ho cestovatele A.V. Fri\u010de. Ten ji\u017e na po\u010d\u00e1tku minul\u00e9ho stolet\u00ed p\u0159i sv\u00fdch cest\u00e1ch po Ji\u017en\u00ed Americe objevil star\u00fd indi\u00e1nsk\u00fd kmen.<br \/>\nIndi\u00e1ni tohoto kmene znali tajemstv\u00ed rostlin, ze kter\u00fdch se dal p\u0159ipravit v\u0161el\u00e9k \u00fa\u010dinn\u00fd na v\u011bt\u0161inu sou\u010dasn\u00fdch nemoc\u00ed. Dali mu jm\u00e9no BORORO. Jak u\u017e\u00edvat tento l\u00e9k, v\u0161ak znali pouze vyvolen\u00ed.<br \/>\nV\u011bdci p\u0159ipravuj\u00ed v\u00fdpravu a za z\u00e1hadn\u00fdch okolnost\u00ed n\u011bkolik \u010dlen\u016f n\u00e1hle zmiz\u00ed. V\u00fdprava se nevzd\u00e1v\u00e1 a na svou ochranu p\u0159ib\u00edraj\u00ed \u010dleny speci\u00e1ln\u00edch policejn\u00edch jednotek. Expedice za\u010d\u00edn\u00e1 a smy\u010dky zla se za\u010d\u00ednaj\u00ed stahovat. Ne ka\u017ed\u00fd m\u00e1 z\u00e1jem na objeven\u00ed v\u0161el\u00e9ku, kter\u00fd by lidstvo vyvedl z t\u00e9to slep\u00e9 uli\u010dky.<br \/>\nSpeci\u00e1ln\u011b p\u0159ipraven\u00fd p\u0159\u00edb\u011bh pro teenagery, kter\u00e9mu nebude chyb\u011bt akce, tajemno, nads\u00e1zka i legrace.<\/p>\n<table style=\"border-collapse: collapse; width: 100%;\">\n<tbody>\n<tr>\n<td style=\"width: 100%;\"><\/td>\n<\/tr>\n<\/tbody>\n<\/table>\n<p><strong>V\u011bkov\u00e1 kategorie:<\/strong> 13-16 let ho\u0161i i d\u00edvky<br \/>\n<strong>M\u00edsto:<\/strong> T\u00e1bor \u010cern\u00fd Potok Velk\u00e1 Kra\u0161 u Vidnavy<br \/>\n<strong>Ubytov\u00e1n\u00ed:<\/strong> d\u0159ev\u011bn\u00e9 chatky<br \/>\n<strong>Stravov\u00e1n\u00ed:<\/strong> 5x denn\u011b<br \/>\n<strong>Zdravotn\u00ed dozor:<\/strong> delegovan\u00fd l\u00e9ka\u0159 nebo zdravotn\u00ed pracovn\u00edk<br \/>\n<strong>Garant:<\/strong> Mgr. Roman Lipavsk\u00fd<br \/>\n<strong>Cena v\u010detn\u011b dopravy busem ze \u0160umperka:<\/strong> 4550,- K\u010d<br \/>\n<strong>Dohled vykon\u00e1vaj\u00ed \u0161kolen\u00ed instrukto\u0159i, tren\u00e9\u0159i a pedagogi\u010dt\u00ed pracovn\u00edci.<\/strong><\/p>\n","protected":false},"excerpt":{"rendered":"<p>OPERACE BORORO ak\u010dn\u00ed \u2013 dobrodru\u017en\u00fd | 5.TURNUS | 8 DN\u00cd | 8.-15.8. 2021 | 13-16 let &#8211; voln\u011b inspirov\u00e1no filmy Akce Bororo (1972) a Policejn\u00ed akademie Sv\u011bt se ji\u017e n\u011bkolik let zm\u00edt\u00e1 na vln\u00e1ch epidemi\u00ed a pandemi\u00ed. Lid\u00e9 jsou politiky nuceni k r\u016fzn\u00fdm nesmysln\u00fdm omezen\u00edm a m\u00e1lokdo vid\u00ed sv\u011btlo na konci tunelu. N\u011bkolik v\u011bdc\u016f hore\u010dn\u011b\u2026<\/p>\n","protected":false},"author":1,"featured_media":0,"parent":59,"menu_order":0,"comment_status":"closed","ping_status":"closed","template":"","meta":{"footnotes":""},"class_list":["post-4607","page","type-page","status-publish","hentry"],"yoast_head":"<!-- This site is optimized with the Yoast SEO plugin v26.5 - https:\/\/yoast.com\/wordpress\/plugins\/seo\/ -->\n<title>2021 Operace Bororo - D\u011btsk\u00fd T\u00e1bor \u010cern\u00fd Potok<\/title>\n<meta name=\"robots\" content=\"index, follow, max-snippet:-1, max-image-preview:large, max-video-preview:-1\" \/>\n<link rel=\"canonical\" href=\"https:\/\/www.taborcernypotok.cz\/detsky-tabor\/letni-tabor\/archiv-letnich-taboru\/2021-operace-bororo\/\" \/>\n<meta property=\"og:locale\" content=\"cs_CZ\" \/>\n<meta property=\"og:type\" content=\"article\" \/>\n<meta property=\"og:title\" content=\"2021 Operace Bororo - D\u011btsk\u00fd T\u00e1bor \u010cern\u00fd Potok\" \/>\n<meta property=\"og:description\" content=\"OPERACE BORORO ak\u010dn\u00ed \u2013 dobrodru\u017en\u00fd | 5.TURNUS | 8 DN\u00cd | 8.-15.8. 2021 | 13-16 let &#8211; voln\u011b inspirov\u00e1no filmy Akce Bororo (1972) a Policejn\u00ed akademie Sv\u011bt se ji\u017e n\u011bkolik let zm\u00edt\u00e1 na vln\u00e1ch epidemi\u00ed a pandemi\u00ed. Lid\u00e9 jsou politiky nuceni k r\u016fzn\u00fdm nesmysln\u00fdm omezen\u00edm a m\u00e1lokdo vid\u00ed sv\u011btlo na konci tunelu. N\u011bkolik v\u011bdc\u016f hore\u010dn\u011b\u2026\" \/>\n<meta property=\"og:url\" content=\"https:\/\/www.taborcernypotok.cz\/detsky-tabor\/letni-tabor\/archiv-letnich-taboru\/2021-operace-bororo\/\" \/>\n<meta property=\"og:site_name\" content=\"D\u011btsk\u00fd T\u00e1bor \u010cern\u00fd Potok\" \/>\n<meta property=\"article:modified_time\" content=\"2025-05-26T19:40:39+00:00\" \/>\n<meta name=\"twitter:card\" content=\"summary_large_image\" \/>\n<meta name=\"twitter:label1\" content=\"Odhadovan\u00e1 doba \u010dten\u00ed\" \/>\n\t<meta name=\"twitter:data1\" content=\"2 minuty\" \/>\n<script type=\"application\/ld+json\" class=\"yoast-schema-graph\">{\"@context\":\"https:\/\/schema.org\",\"@graph\":[{\"@type\":\"WebPage\",\"@id\":\"https:\/\/www.taborcernypotok.cz\/detsky-tabor\/letni-tabor\/archiv-letnich-taboru\/2021-operace-bororo\/\",\"url\":\"https:\/\/www.taborcernypotok.cz\/detsky-tabor\/letni-tabor\/archiv-letnich-taboru\/2021-operace-bororo\/\",\"name\":\"2021 Operace Bororo - D\u011btsk\u00fd T\u00e1bor \u010cern\u00fd Potok\",\"isPartOf\":{\"@id\":\"https:\/\/www.taborcernypotok.cz\/detsky-tabor\/#website\"},\"datePublished\":\"2021-02-27T20:04:07+00:00\",\"dateModified\":\"2025-05-26T19:40:39+00:00\",\"breadcrumb\":{\"@id\":\"https:\/\/www.taborcernypotok.cz\/detsky-tabor\/letni-tabor\/archiv-letnich-taboru\/2021-operace-bororo\/#breadcrumb\"},\"inLanguage\":\"cs\",\"potentialAction\":[{\"@type\":\"ReadAction\",\"target\":[\"https:\/\/www.taborcernypotok.cz\/detsky-tabor\/letni-tabor\/archiv-letnich-taboru\/2021-operace-bororo\/\"]}]},{\"@type\":\"BreadcrumbList\",\"@id\":\"https:\/\/www.taborcernypotok.cz\/detsky-tabor\/letni-tabor\/archiv-letnich-taboru\/2021-operace-bororo\/#breadcrumb\",\"itemListElement\":[{\"@type\":\"ListItem\",\"position\":1,\"name\":\"Dom\u016f\",\"item\":\"https:\/\/www.taborcernypotok.cz\/detsky-tabor\/\"},{\"@type\":\"ListItem\",\"position\":2,\"name\":\"Letn\u00ed t\u00e1bor\",\"item\":\"https:\/\/www.taborcernypotok.cz\/detsky-tabor\/letni-tabor\/\"},{\"@type\":\"ListItem\",\"position\":3,\"name\":\"Archiv letn\u00edch t\u00e1bor\u016f\",\"item\":\"https:\/\/www.taborcernypotok.cz\/detsky-tabor\/letni-tabor\/archiv-letnich-taboru\/\"},{\"@type\":\"ListItem\",\"position\":4,\"name\":\"2021 Operace Bororo\"}]},{\"@type\":\"WebSite\",\"@id\":\"https:\/\/www.taborcernypotok.cz\/detsky-tabor\/#website\",\"url\":\"https:\/\/www.taborcernypotok.cz\/detsky-tabor\/\",\"name\":\"D\u011btsk\u00fd T\u00e1bor \u010cern\u00fd Potok\",\"description\":\"D\u011btsk\u00e9 t\u00e1bory Rychlebsk\u00e9 Hory\",\"potentialAction\":[{\"@type\":\"SearchAction\",\"target\":{\"@type\":\"EntryPoint\",\"urlTemplate\":\"https:\/\/www.taborcernypotok.cz\/detsky-tabor\/?s={search_term_string}\"},\"query-input\":{\"@type\":\"PropertyValueSpecification\",\"valueRequired\":true,\"valueName\":\"search_term_string\"}}],\"inLanguage\":\"cs\"}]}<\/script>\n<!-- \/ Yoast SEO plugin. -->","yoast_head_json":{"title":"2021 Operace Bororo - D\u011btsk\u00fd T\u00e1bor \u010cern\u00fd Potok","robots":{"index":"index","follow":"follow","max-snippet":"max-snippet:-1","max-image-preview":"max-image-preview:large","max-video-preview":"max-video-preview:-1"},"canonical":"https:\/\/www.taborcernypotok.cz\/detsky-tabor\/letni-tabor\/archiv-letnich-taboru\/2021-operace-bororo\/","og_locale":"cs_CZ","og_type":"article","og_title":"2021 Operace Bororo - D\u011btsk\u00fd T\u00e1bor \u010cern\u00fd Potok","og_description":"OPERACE BORORO ak\u010dn\u00ed \u2013 dobrodru\u017en\u00fd | 5.TURNUS | 8 DN\u00cd | 8.-15.8. 2021 | 13-16 let &#8211; voln\u011b inspirov\u00e1no filmy Akce Bororo (1972) a Policejn\u00ed akademie Sv\u011bt se ji\u017e n\u011bkolik let zm\u00edt\u00e1 na vln\u00e1ch epidemi\u00ed a pandemi\u00ed. Lid\u00e9 jsou politiky nuceni k r\u016fzn\u00fdm nesmysln\u00fdm omezen\u00edm a m\u00e1lokdo vid\u00ed sv\u011btlo na konci tunelu. N\u011bkolik v\u011bdc\u016f hore\u010dn\u011b\u2026","og_url":"https:\/\/www.taborcernypotok.cz\/detsky-tabor\/letni-tabor\/archiv-letnich-taboru\/2021-operace-bororo\/","og_site_name":"D\u011btsk\u00fd T\u00e1bor \u010cern\u00fd Potok","article_modified_time":"2025-05-26T19:40:39+00:00","twitter_card":"summary_large_image","twitter_misc":{"Odhadovan\u00e1 doba \u010dten\u00ed":"2 minuty"},"schema":{"@context":"https:\/\/schema.org","@graph":[{"@type":"WebPage","@id":"https:\/\/www.taborcernypotok.cz\/detsky-tabor\/letni-tabor\/archiv-letnich-taboru\/2021-operace-bororo\/","url":"https:\/\/www.taborcernypotok.cz\/detsky-tabor\/letni-tabor\/archiv-letnich-taboru\/2021-operace-bororo\/","name":"2021 Operace Bororo - D\u011btsk\u00fd T\u00e1bor \u010cern\u00fd Potok","isPartOf":{"@id":"https:\/\/www.taborcernypotok.cz\/detsky-tabor\/#website"},"datePublished":"2021-02-27T20:04:07+00:00","dateModified":"2025-05-26T19:40:39+00:00","breadcrumb":{"@id":"https:\/\/www.taborcernypotok.cz\/detsky-tabor\/letni-tabor\/archiv-letnich-taboru\/2021-operace-bororo\/#breadcrumb"},"inLanguage":"cs","potentialAction":[{"@type":"ReadAction","target":["https:\/\/www.taborcernypotok.cz\/detsky-tabor\/letni-tabor\/archiv-letnich-taboru\/2021-operace-bororo\/"]}]},{"@type":"BreadcrumbList","@id":"https:\/\/www.taborcernypotok.cz\/detsky-tabor\/letni-tabor\/archiv-letnich-taboru\/2021-operace-bororo\/#breadcrumb","itemListElement":[{"@type":"ListItem","position":1,"name":"Dom\u016f","item":"https:\/\/www.taborcernypotok.cz\/detsky-tabor\/"},{"@type":"ListItem","position":2,"name":"Letn\u00ed t\u00e1bor","item":"https:\/\/www.taborcernypotok.cz\/detsky-tabor\/letni-tabor\/"},{"@type":"ListItem","position":3,"name":"Archiv letn\u00edch t\u00e1bor\u016f","item":"https:\/\/www.taborcernypotok.cz\/detsky-tabor\/letni-tabor\/archiv-letnich-taboru\/"},{"@type":"ListItem","position":4,"name":"2021 Operace Bororo"}]},{"@type":"WebSite","@id":"https:\/\/www.taborcernypotok.cz\/detsky-tabor\/#website","url":"https:\/\/www.taborcernypotok.cz\/detsky-tabor\/","name":"D\u011btsk\u00fd T\u00e1bor \u010cern\u00fd Potok","description":"D\u011btsk\u00e9 t\u00e1bory Rychlebsk\u00e9 Hory","potentialAction":[{"@type":"SearchAction","target":{"@type":"EntryPoint","urlTemplate":"https:\/\/www.taborcernypotok.cz\/detsky-tabor\/?s={search_term_string}"},"query-input":{"@type":"PropertyValueSpecification","valueRequired":true,"valueName":"search_term_string"}}],"inLanguage":"cs"}]}},"_links":{"self":[{"href":"https:\/\/www.taborcernypotok.cz\/detsky-tabor\/wp-json\/wp\/v2\/pages\/4607","targetHints":{"allow":["GET"]}}],"collection":[{"href":"https:\/\/www.taborcernypotok.cz\/detsky-tabor\/wp-json\/wp\/v2\/pages"}],"about":[{"href":"https:\/\/www.taborcernypotok.cz\/detsky-tabor\/wp-json\/wp\/v2\/types\/page"}],"author":[{"embeddable":true,"href":"https:\/\/www.taborcernypotok.cz\/detsky-tabor\/wp-json\/wp\/v2\/users\/1"}],"replies":[{"embeddable":true,"href":"https:\/\/www.taborcernypotok.cz\/detsky-tabor\/wp-json\/wp\/v2\/comments?post=4607"}],"version-history":[{"count":8,"href":"https:\/\/www.taborcernypotok.cz\/detsky-tabor\/wp-json\/wp\/v2\/pages\/4607\/revisions"}],"predecessor-version":[{"id":12014,"href":"https:\/\/www.taborcernypotok.cz\/detsky-tabor\/wp-json\/wp\/v2\/pages\/4607\/revisions\/12014"}],"up":[{"embeddable":true,"href":"https:\/\/www.taborcernypotok.cz\/detsky-tabor\/wp-json\/wp\/v2\/pages\/59"}],"wp:attachment":[{"href":"https:\/\/www.taborcernypotok.cz\/detsky-tabor\/wp-json\/wp\/v2\/media?parent=4607"}],"curies":[{"name":"wp","href":"https:\/\/api.w.org\/{rel}","templated":true}]}}