{"id":4662,"date":"2021-02-28T14:03:41","date_gmt":"2021-02-28T13:03:41","guid":{"rendered":"https:\/\/www.taborcernypotok.cz\/detsky-tabor\/?page_id=4662"},"modified":"2025-08-01T09:09:47","modified_gmt":"2025-08-01T08:09:47","slug":"seznam-7-turnus","status":"publish","type":"page","link":"https:\/\/www.taborcernypotok.cz\/detsky-tabor\/seznam-7-turnus\/","title":{"rendered":"Seznam 6. turnus"},"content":{"rendered":"<p>.<\/p>\n<p>Aktu\u00e1ln\u011b m\u00e1 uhrazeno a \u00fa\u010dast zaji\u0161t\u011bnou\u00a0 15 rodin z kapacity 26 rodin.<\/p>\n<p>.<\/p>\n<table width=\"437\">\n<tbody>\n<tr>\n<td colspan=\"4\" width=\"437\">D\u011aSN\u011a DIVOK\u00dd Z\u00c1PAD, 24. 8. &#8211; 30. 8. 2025<\/td>\n<\/tr>\n<tr>\n<td><\/td>\n<td>Jm\u00e9no<\/td>\n<td>P\u0159ihl\u00e1\u0161ka<\/td>\n<td>Zaplaceno<\/td>\n<\/tr>\n<tr>\n<td>1.<\/td>\n<td>7001 K. Roman<\/td>\n<td>Ano<\/td>\n<td>Ano<\/td>\n<\/tr>\n<tr>\n<td>2.<\/td>\n<td>7001 V. Dagmar<\/td>\n<td>Ano<\/td>\n<td>Ano<\/td>\n<\/tr>\n<tr>\n<td>3.<\/td>\n<td>7002 P. Jana<\/td>\n<td>Ano<\/td>\n<td>Ano<\/td>\n<\/tr>\n<tr>\n<td>4.<\/td>\n<td>7002 P. Emma<\/td>\n<td>Ano<\/td>\n<td>Ano<\/td>\n<\/tr>\n<tr>\n<td>5.<\/td>\n<td>7003 G. Pavel<\/td>\n<td>Ano<\/td>\n<td>Ano<\/td>\n<\/tr>\n<tr>\n<td>6.<\/td>\n<td>7003 G. Tom\u00e1\u0161<\/td>\n<td>Ano<\/td>\n<td>Ano<\/td>\n<\/tr>\n<tr>\n<td>7.<\/td>\n<td>7003 G. Martin<\/td>\n<td>Ano<\/td>\n<td>Ano<\/td>\n<\/tr>\n<tr>\n<td>8.<\/td>\n<td>7004 U. Lucie<\/td>\n<td>Ano<\/td>\n<td>Ano<\/td>\n<\/tr>\n<tr>\n<td>9.<\/td>\n<td>7004 U. Jan<\/td>\n<td>Ano<\/td>\n<td>Ano<\/td>\n<\/tr>\n<tr>\n<td>10.<\/td>\n<td>7005 B. Ale\u0161<\/td>\n<td>Ano<\/td>\n<td>Ano<\/td>\n<\/tr>\n<tr>\n<td>11.<\/td>\n<td>7005 B. Vendula<\/td>\n<td>Ano<\/td>\n<td>Ano<\/td>\n<\/tr>\n<tr>\n<td>12.<\/td>\n<td>7005 B. Mark\u00e9ta<\/td>\n<td>Ano<\/td>\n<td>Ano<\/td>\n<\/tr>\n<tr>\n<td>13.<\/td>\n<td>7006 K. Martin<\/td>\n<td>Ano<\/td>\n<td>Ano<\/td>\n<\/tr>\n<tr>\n<td>14.<\/td>\n<td>7006 K. Franti\u0161ek<\/td>\n<td>Ano<\/td>\n<td>Ano<\/td>\n<\/tr>\n<tr>\n<td>15.<\/td>\n<td>7006 K. Am\u00e1lie<\/td>\n<td>Ano<\/td>\n<td>Ano<\/td>\n<\/tr>\n<tr>\n<td>16.<\/td>\n<td>7007 H. Ladislav<\/td>\n<td>Ano<\/td>\n<td>Ano<\/td>\n<\/tr>\n<tr>\n<td>17.<\/td>\n<td>7007 H. Ema<\/td>\n<td>Ano<\/td>\n<td>Ano<\/td>\n<\/tr>\n<tr>\n<td>18.<\/td>\n<td>7008 J. Lubom\u00edr<\/td>\n<td>Ano<\/td>\n<td>Ano<\/td>\n<\/tr>\n<tr>\n<td>19.<\/td>\n<td>7008 J. Libu\u0161e<\/td>\n<td>Ano<\/td>\n<td>Ano<\/td>\n<\/tr>\n<tr>\n<td>20.<\/td>\n<td>7008 J. R\u016f\u017eena<\/td>\n<td>Ano<\/td>\n<td>Ano<\/td>\n<\/tr>\n<tr>\n<td>21.<\/td>\n<td>7009 G. Tereza<\/td>\n<td>Ano<\/td>\n<td>Ano<\/td>\n<\/tr>\n<tr>\n<td>22.<\/td>\n<td>7009 G. Eleonora<\/td>\n<td>Ano<\/td>\n<td>Ano<\/td>\n<\/tr>\n<tr>\n<td>23.<\/td>\n<td>7010 Z. Vendula<\/td>\n<td>Ano<\/td>\n<td>Ano<\/td>\n<\/tr>\n<tr>\n<td>24.<\/td>\n<td>7010 Z. Monika<\/td>\n<td>Ano<\/td>\n<td>Ano<\/td>\n<\/tr>\n<tr>\n<td>25.<\/td>\n<td>7010 Z. Martin<\/td>\n<td>Ano<\/td>\n<td>Ano<\/td>\n<\/tr>\n<tr>\n<td>26.<\/td>\n<td>7011 \u0160. Marek<\/td>\n<td>Ano<\/td>\n<td>Ano<\/td>\n<\/tr>\n<tr>\n<td>27.<\/td>\n<td>7011 \u0160. Lilien<\/td>\n<td>Ano<\/td>\n<td>Ano<\/td>\n<\/tr>\n<tr>\n<td>28.<\/td>\n<td>7012 S. Lud\u011bk<\/td>\n<td>Ano<\/td>\n<td>Ano<\/td>\n<\/tr>\n<tr>\n<td>29.<\/td>\n<td>7012 S. Laura<\/td>\n<td>Ano<\/td>\n<td>Ano<\/td>\n<\/tr>\n<tr>\n<td>30.<\/td>\n<td>7013 G. Jana<\/td>\n<td>Ano<\/td>\n<td>Ano<\/td>\n<\/tr>\n<tr>\n<td>31.<\/td>\n<td>7013 G. Dominika<\/td>\n<td>Ano<\/td>\n<td>Ano<\/td>\n<\/tr>\n<tr>\n<td>32.<\/td>\n<td>7013 H. Jitka<\/td>\n<td>Ano<\/td>\n<td>Ano<\/td>\n<\/tr>\n<tr>\n<td>33.<\/td>\n<td>7014 H. Michael Neil<\/td>\n<td>Ano<\/td>\n<td>Ano<\/td>\n<\/tr>\n<tr>\n<td>34.<\/td>\n<td>7014 H. Viviven Helena<\/td>\n<td>Ano<\/td>\n<td>Ano<\/td>\n<\/tr>\n<tr>\n<td>35.<\/td>\n<td>7015 E. Martin<\/td>\n<td>Ano<\/td>\n<td>Ano<\/td>\n<\/tr>\n<tr>\n<td>36.<\/td>\n<td>7016 K. Tom\u00e1\u0161<\/td>\n<td>Ano<\/td>\n<td>Ano<\/td>\n<\/tr>\n<tr>\n<td>37.<\/td>\n<td>7016 K. Patrik<\/td>\n<td>Ano<\/td>\n<td>Ano<\/td>\n<\/tr>\n<tr>\n<td>38.<\/td>\n<td>7016 K. David<\/td>\n<td>Ano<\/td>\n<td>Ano<\/td>\n<\/tr>\n<tr>\n<td>39.<\/td>\n<td>&#8211;<\/td>\n<td>.<\/td>\n<td>.<\/td>\n<\/tr>\n<tr>\n<td>40.<\/td>\n<td>&#8211;<\/td>\n<td>.<\/td>\n<td>.<\/td>\n<\/tr>\n<\/tbody>\n<\/table>\n<p>.<\/p>\n","protected":false},"excerpt":{"rendered":"<p>. Aktu\u00e1ln\u011b m\u00e1 uhrazeno a \u00fa\u010dast zaji\u0161t\u011bnou\u00a0 15 rodin z kapacity 26 rodin. . D\u011aSN\u011a DIVOK\u00dd Z\u00c1PAD, 24. 8. &#8211; 30. 8. 2025 Jm\u00e9no P\u0159ihl\u00e1\u0161ka Zaplaceno 1. 7001 K. Roman Ano Ano 2. 7001 V. Dagmar Ano Ano 3. 7002 P. Jana Ano Ano 4. 7002 P. Emma Ano Ano 5. 7003 G. Pavel Ano\u2026<\/p>\n","protected":false},"author":4,"featured_media":0,"parent":0,"menu_order":0,"comment_status":"closed","ping_status":"closed","template":"","meta":{"footnotes":""},"class_list":["post-4662","page","type-page","status-publish","hentry"],"yoast_head":"<!-- This site is optimized with the Yoast SEO plugin v26.5 - https:\/\/yoast.com\/wordpress\/plugins\/seo\/ -->\n<title>Seznam 6. turnus - D\u011btsk\u00fd T\u00e1bor \u010cern\u00fd Potok<\/title>\n<meta name=\"robots\" content=\"index, follow, max-snippet:-1, max-image-preview:large, max-video-preview:-1\" \/>\n<link rel=\"canonical\" href=\"https:\/\/www.taborcernypotok.cz\/detsky-tabor\/seznam-7-turnus\/\" \/>\n<meta property=\"og:locale\" content=\"cs_CZ\" \/>\n<meta property=\"og:type\" content=\"article\" \/>\n<meta property=\"og:title\" content=\"Seznam 6. turnus - D\u011btsk\u00fd T\u00e1bor \u010cern\u00fd Potok\" \/>\n<meta property=\"og:description\" content=\". Aktu\u00e1ln\u011b m\u00e1 uhrazeno a \u00fa\u010dast zaji\u0161t\u011bnou\u00a0 15 rodin z kapacity 26 rodin. . D\u011aSN\u011a DIVOK\u00dd Z\u00c1PAD, 24. 8. &#8211; 30. 8. 2025 Jm\u00e9no P\u0159ihl\u00e1\u0161ka Zaplaceno 1. 7001 K. Roman Ano Ano 2. 7001 V. Dagmar Ano Ano 3. 7002 P. Jana Ano Ano 4. 7002 P. Emma Ano Ano 5. 7003 G. Pavel Ano\u2026\" \/>\n<meta property=\"og:url\" content=\"https:\/\/www.taborcernypotok.cz\/detsky-tabor\/seznam-7-turnus\/\" \/>\n<meta property=\"og:site_name\" content=\"D\u011btsk\u00fd T\u00e1bor \u010cern\u00fd Potok\" \/>\n<meta property=\"article:modified_time\" content=\"2025-08-01T08:09:47+00:00\" \/>\n<meta name=\"twitter:card\" content=\"summary_large_image\" \/>\n<meta name=\"twitter:label1\" content=\"Odhadovan\u00e1 doba \u010dten\u00ed\" \/>\n\t<meta name=\"twitter:data1\" content=\"2 minuty\" \/>\n<script type=\"application\/ld+json\" class=\"yoast-schema-graph\">{\"@context\":\"https:\/\/schema.org\",\"@graph\":[{\"@type\":\"WebPage\",\"@id\":\"https:\/\/www.taborcernypotok.cz\/detsky-tabor\/seznam-7-turnus\/\",\"url\":\"https:\/\/www.taborcernypotok.cz\/detsky-tabor\/seznam-7-turnus\/\",\"name\":\"Seznam 6. turnus - D\u011btsk\u00fd T\u00e1bor \u010cern\u00fd Potok\",\"isPartOf\":{\"@id\":\"https:\/\/www.taborcernypotok.cz\/detsky-tabor\/#website\"},\"datePublished\":\"2021-02-28T13:03:41+00:00\",\"dateModified\":\"2025-08-01T08:09:47+00:00\",\"breadcrumb\":{\"@id\":\"https:\/\/www.taborcernypotok.cz\/detsky-tabor\/seznam-7-turnus\/#breadcrumb\"},\"inLanguage\":\"cs\",\"potentialAction\":[{\"@type\":\"ReadAction\",\"target\":[\"https:\/\/www.taborcernypotok.cz\/detsky-tabor\/seznam-7-turnus\/\"]}]},{\"@type\":\"BreadcrumbList\",\"@id\":\"https:\/\/www.taborcernypotok.cz\/detsky-tabor\/seznam-7-turnus\/#breadcrumb\",\"itemListElement\":[{\"@type\":\"ListItem\",\"position\":1,\"name\":\"Dom\u016f\",\"item\":\"https:\/\/www.taborcernypotok.cz\/detsky-tabor\/\"},{\"@type\":\"ListItem\",\"position\":2,\"name\":\"Seznam 6. turnus\"}]},{\"@type\":\"WebSite\",\"@id\":\"https:\/\/www.taborcernypotok.cz\/detsky-tabor\/#website\",\"url\":\"https:\/\/www.taborcernypotok.cz\/detsky-tabor\/\",\"name\":\"D\u011btsk\u00fd T\u00e1bor \u010cern\u00fd Potok\",\"description\":\"D\u011btsk\u00e9 t\u00e1bory Rychlebsk\u00e9 Hory\",\"potentialAction\":[{\"@type\":\"SearchAction\",\"target\":{\"@type\":\"EntryPoint\",\"urlTemplate\":\"https:\/\/www.taborcernypotok.cz\/detsky-tabor\/?s={search_term_string}\"},\"query-input\":{\"@type\":\"PropertyValueSpecification\",\"valueRequired\":true,\"valueName\":\"search_term_string\"}}],\"inLanguage\":\"cs\"}]}<\/script>\n<!-- \/ Yoast SEO plugin. -->","yoast_head_json":{"title":"Seznam 6. turnus - D\u011btsk\u00fd T\u00e1bor \u010cern\u00fd Potok","robots":{"index":"index","follow":"follow","max-snippet":"max-snippet:-1","max-image-preview":"max-image-preview:large","max-video-preview":"max-video-preview:-1"},"canonical":"https:\/\/www.taborcernypotok.cz\/detsky-tabor\/seznam-7-turnus\/","og_locale":"cs_CZ","og_type":"article","og_title":"Seznam 6. turnus - D\u011btsk\u00fd T\u00e1bor \u010cern\u00fd Potok","og_description":". Aktu\u00e1ln\u011b m\u00e1 uhrazeno a \u00fa\u010dast zaji\u0161t\u011bnou\u00a0 15 rodin z kapacity 26 rodin. . D\u011aSN\u011a DIVOK\u00dd Z\u00c1PAD, 24. 8. &#8211; 30. 8. 2025 Jm\u00e9no P\u0159ihl\u00e1\u0161ka Zaplaceno 1. 7001 K. Roman Ano Ano 2. 7001 V. Dagmar Ano Ano 3. 7002 P. Jana Ano Ano 4. 7002 P. Emma Ano Ano 5. 7003 G. Pavel Ano\u2026","og_url":"https:\/\/www.taborcernypotok.cz\/detsky-tabor\/seznam-7-turnus\/","og_site_name":"D\u011btsk\u00fd T\u00e1bor \u010cern\u00fd Potok","article_modified_time":"2025-08-01T08:09:47+00:00","twitter_card":"summary_large_image","twitter_misc":{"Odhadovan\u00e1 doba \u010dten\u00ed":"2 minuty"},"schema":{"@context":"https:\/\/schema.org","@graph":[{"@type":"WebPage","@id":"https:\/\/www.taborcernypotok.cz\/detsky-tabor\/seznam-7-turnus\/","url":"https:\/\/www.taborcernypotok.cz\/detsky-tabor\/seznam-7-turnus\/","name":"Seznam 6. turnus - D\u011btsk\u00fd T\u00e1bor \u010cern\u00fd Potok","isPartOf":{"@id":"https:\/\/www.taborcernypotok.cz\/detsky-tabor\/#website"},"datePublished":"2021-02-28T13:03:41+00:00","dateModified":"2025-08-01T08:09:47+00:00","breadcrumb":{"@id":"https:\/\/www.taborcernypotok.cz\/detsky-tabor\/seznam-7-turnus\/#breadcrumb"},"inLanguage":"cs","potentialAction":[{"@type":"ReadAction","target":["https:\/\/www.taborcernypotok.cz\/detsky-tabor\/seznam-7-turnus\/"]}]},{"@type":"BreadcrumbList","@id":"https:\/\/www.taborcernypotok.cz\/detsky-tabor\/seznam-7-turnus\/#breadcrumb","itemListElement":[{"@type":"ListItem","position":1,"name":"Dom\u016f","item":"https:\/\/www.taborcernypotok.cz\/detsky-tabor\/"},{"@type":"ListItem","position":2,"name":"Seznam 6. turnus"}]},{"@type":"WebSite","@id":"https:\/\/www.taborcernypotok.cz\/detsky-tabor\/#website","url":"https:\/\/www.taborcernypotok.cz\/detsky-tabor\/","name":"D\u011btsk\u00fd T\u00e1bor \u010cern\u00fd Potok","description":"D\u011btsk\u00e9 t\u00e1bory Rychlebsk\u00e9 Hory","potentialAction":[{"@type":"SearchAction","target":{"@type":"EntryPoint","urlTemplate":"https:\/\/www.taborcernypotok.cz\/detsky-tabor\/?s={search_term_string}"},"query-input":{"@type":"PropertyValueSpecification","valueRequired":true,"valueName":"search_term_string"}}],"inLanguage":"cs"}]}},"_links":{"self":[{"href":"https:\/\/www.taborcernypotok.cz\/detsky-tabor\/wp-json\/wp\/v2\/pages\/4662","targetHints":{"allow":["GET"]}}],"collection":[{"href":"https:\/\/www.taborcernypotok.cz\/detsky-tabor\/wp-json\/wp\/v2\/pages"}],"about":[{"href":"https:\/\/www.taborcernypotok.cz\/detsky-tabor\/wp-json\/wp\/v2\/types\/page"}],"author":[{"embeddable":true,"href":"https:\/\/www.taborcernypotok.cz\/detsky-tabor\/wp-json\/wp\/v2\/users\/4"}],"replies":[{"embeddable":true,"href":"https:\/\/www.taborcernypotok.cz\/detsky-tabor\/wp-json\/wp\/v2\/comments?post=4662"}],"version-history":[{"count":178,"href":"https:\/\/www.taborcernypotok.cz\/detsky-tabor\/wp-json\/wp\/v2\/pages\/4662\/revisions"}],"predecessor-version":[{"id":12260,"href":"https:\/\/www.taborcernypotok.cz\/detsky-tabor\/wp-json\/wp\/v2\/pages\/4662\/revisions\/12260"}],"wp:attachment":[{"href":"https:\/\/www.taborcernypotok.cz\/detsky-tabor\/wp-json\/wp\/v2\/media?parent=4662"}],"curies":[{"name":"wp","href":"https:\/\/api.w.org\/{rel}","templated":true}]}}