{"id":47,"date":"2016-11-13T00:05:29","date_gmt":"2016-11-12T23:05:29","guid":{"rendered":"https:\/\/www.taborcernypotok.cz\/detsky-tabor\/?page_id=47"},"modified":"2025-11-14T22:47:56","modified_gmt":"2025-11-14T21:47:56","slug":"kontakt","status":"publish","type":"page","link":"https:\/\/www.taborcernypotok.cz\/detsky-tabor\/kontakt\/","title":{"rendered":"Kontakt"},"content":{"rendered":"\n<div class=\"page-header\">\n<h1>Kontakty<\/h1>\n<\/div>\n\n\n\n<p><strong>Adresa t\u00e1bora:<\/strong><br>Cyklokemp \u010cern\u00fd Potok<br>Velk\u00e1 Kra\u0161 456<br>790 58 Velk\u00e1 Kra\u0161<\/p>\n\n\n<p>[huge_it_maps id=&#8220;2&#8243;]<\/p>\n\n\n\n<p><strong>Organiz\u00e1tor t\u00e1bora:<\/strong><br>Letn\u00ed sporty, z.s.<br>Van\u010durova 3381\/51,<br>\u0160umperk 787 01, \u010cesk\u00e1 republika<\/p>\n\n\n\n<p><strong>I\u010cO:<\/strong> 26556812<br><strong>Datov\u00e1 schr\u00e1nka:<\/strong> uz6ip4t<\/p>\n\n\n\n<p><strong>Hlavn\u00ed vedouc\u00ed t\u00e1bora:<\/strong><br>Mgr. Roman Lipavsk\u00fd<br><strong>E-mail:<\/strong> <a class=\"mail\" href=\"mailto:%20romanlipavsky@seznam.cz\">romanlipavsky@seznam.cz<\/a><br><strong>Mobil:<\/strong> <a href=\"mailto:+420602484083\">+420 602 484 083<\/a><\/p>\n\n\n\n<p><strong>P\u0159ihl\u00e1\u0161ky, platby a potvrzen\u00ed o platb\u00e1ch<br><\/strong>Eva Lipavsk\u00e1<br><strong>E-mail: <\/strong><a href=\"mailto:prihlasky@taborcernypotok.cz\">prihlasky@taborcernypotok.cz<\/a><br><strong>Mobil: <\/strong><a href=\"mailto:+420774757209\">+420<\/a> 604 884 080<\/p>\n\n\n\n<p><\/p>\n","protected":false},"excerpt":{"rendered":"<p>Kontakty Adresa t\u00e1bora:Cyklokemp \u010cern\u00fd PotokVelk\u00e1 Kra\u0161 456790 58 Velk\u00e1 Kra\u0161 Organiz\u00e1tor t\u00e1bora:Letn\u00ed sporty, z.s.Van\u010durova 3381\/51,\u0160umperk 787 01, \u010cesk\u00e1 republika I\u010cO: 26556812Datov\u00e1 schr\u00e1nka: uz6ip4t Hlavn\u00ed vedouc\u00ed t\u00e1bora:Mgr. Roman Lipavsk\u00fdE-mail: romanlipavsky@seznam.czMobil: +420 602 484 083 P\u0159ihl\u00e1\u0161ky, platby a potvrzen\u00ed o platb\u00e1chEva Lipavsk\u00e1E-mail: prihlasky@taborcernypotok.czMobil: +420 604 884 080<\/p>\n","protected":false},"author":1,"featured_media":0,"parent":0,"menu_order":0,"comment_status":"closed","ping_status":"closed","template":"","meta":{"footnotes":""},"class_list":["post-47","page","type-page","status-publish","hentry"],"yoast_head":"<!-- This site is optimized with the Yoast SEO plugin v26.5 - https:\/\/yoast.com\/wordpress\/plugins\/seo\/ -->\n<title>Kontakt - D\u011btsk\u00fd T\u00e1bor \u010cern\u00fd Potok<\/title>\n<meta name=\"robots\" content=\"index, follow, max-snippet:-1, max-image-preview:large, max-video-preview:-1\" \/>\n<link rel=\"canonical\" href=\"https:\/\/www.taborcernypotok.cz\/detsky-tabor\/kontakt\/\" \/>\n<meta property=\"og:locale\" content=\"cs_CZ\" \/>\n<meta property=\"og:type\" content=\"article\" \/>\n<meta property=\"og:title\" content=\"Kontakt - D\u011btsk\u00fd T\u00e1bor \u010cern\u00fd Potok\" \/>\n<meta property=\"og:description\" content=\"Kontakty Adresa t\u00e1bora:Cyklokemp \u010cern\u00fd PotokVelk\u00e1 Kra\u0161 456790 58 Velk\u00e1 Kra\u0161 Organiz\u00e1tor t\u00e1bora:Letn\u00ed sporty, z.s.Van\u010durova 3381\/51,\u0160umperk 787 01, \u010cesk\u00e1 republika I\u010cO: 26556812Datov\u00e1 schr\u00e1nka: uz6ip4t Hlavn\u00ed vedouc\u00ed t\u00e1bora:Mgr. Roman Lipavsk\u00fdE-mail: romanlipavsky@seznam.czMobil: +420 602 484 083 P\u0159ihl\u00e1\u0161ky, platby a potvrzen\u00ed o platb\u00e1chEva Lipavsk\u00e1E-mail: prihlasky@taborcernypotok.czMobil: +420 604 884 080\" \/>\n<meta property=\"og:url\" content=\"https:\/\/www.taborcernypotok.cz\/detsky-tabor\/kontakt\/\" \/>\n<meta property=\"og:site_name\" content=\"D\u011btsk\u00fd T\u00e1bor \u010cern\u00fd Potok\" \/>\n<meta property=\"article:modified_time\" content=\"2025-11-14T21:47:56+00:00\" \/>\n<meta name=\"twitter:card\" content=\"summary_large_image\" \/>\n<meta name=\"twitter:label1\" content=\"Odhadovan\u00e1 doba \u010dten\u00ed\" \/>\n\t<meta name=\"twitter:data1\" content=\"1 minuta\" \/>\n<script type=\"application\/ld+json\" class=\"yoast-schema-graph\">{\"@context\":\"https:\/\/schema.org\",\"@graph\":[{\"@type\":\"WebPage\",\"@id\":\"https:\/\/www.taborcernypotok.cz\/detsky-tabor\/kontakt\/\",\"url\":\"https:\/\/www.taborcernypotok.cz\/detsky-tabor\/kontakt\/\",\"name\":\"Kontakt - D\u011btsk\u00fd T\u00e1bor \u010cern\u00fd Potok\",\"isPartOf\":{\"@id\":\"https:\/\/www.taborcernypotok.cz\/detsky-tabor\/#website\"},\"datePublished\":\"2016-11-12T23:05:29+00:00\",\"dateModified\":\"2025-11-14T21:47:56+00:00\",\"breadcrumb\":{\"@id\":\"https:\/\/www.taborcernypotok.cz\/detsky-tabor\/kontakt\/#breadcrumb\"},\"inLanguage\":\"cs\",\"potentialAction\":[{\"@type\":\"ReadAction\",\"target\":[\"https:\/\/www.taborcernypotok.cz\/detsky-tabor\/kontakt\/\"]}]},{\"@type\":\"BreadcrumbList\",\"@id\":\"https:\/\/www.taborcernypotok.cz\/detsky-tabor\/kontakt\/#breadcrumb\",\"itemListElement\":[{\"@type\":\"ListItem\",\"position\":1,\"name\":\"Dom\u016f\",\"item\":\"https:\/\/www.taborcernypotok.cz\/detsky-tabor\/\"},{\"@type\":\"ListItem\",\"position\":2,\"name\":\"Kontakt\"}]},{\"@type\":\"WebSite\",\"@id\":\"https:\/\/www.taborcernypotok.cz\/detsky-tabor\/#website\",\"url\":\"https:\/\/www.taborcernypotok.cz\/detsky-tabor\/\",\"name\":\"D\u011btsk\u00fd T\u00e1bor \u010cern\u00fd Potok\",\"description\":\"D\u011btsk\u00e9 t\u00e1bory Rychlebsk\u00e9 Hory\",\"potentialAction\":[{\"@type\":\"SearchAction\",\"target\":{\"@type\":\"EntryPoint\",\"urlTemplate\":\"https:\/\/www.taborcernypotok.cz\/detsky-tabor\/?s={search_term_string}\"},\"query-input\":{\"@type\":\"PropertyValueSpecification\",\"valueRequired\":true,\"valueName\":\"search_term_string\"}}],\"inLanguage\":\"cs\"}]}<\/script>\n<!-- \/ Yoast SEO plugin. -->","yoast_head_json":{"title":"Kontakt - D\u011btsk\u00fd T\u00e1bor \u010cern\u00fd Potok","robots":{"index":"index","follow":"follow","max-snippet":"max-snippet:-1","max-image-preview":"max-image-preview:large","max-video-preview":"max-video-preview:-1"},"canonical":"https:\/\/www.taborcernypotok.cz\/detsky-tabor\/kontakt\/","og_locale":"cs_CZ","og_type":"article","og_title":"Kontakt - D\u011btsk\u00fd T\u00e1bor \u010cern\u00fd Potok","og_description":"Kontakty Adresa t\u00e1bora:Cyklokemp \u010cern\u00fd PotokVelk\u00e1 Kra\u0161 456790 58 Velk\u00e1 Kra\u0161 Organiz\u00e1tor t\u00e1bora:Letn\u00ed sporty, z.s.Van\u010durova 3381\/51,\u0160umperk 787 01, \u010cesk\u00e1 republika I\u010cO: 26556812Datov\u00e1 schr\u00e1nka: uz6ip4t Hlavn\u00ed vedouc\u00ed t\u00e1bora:Mgr. Roman Lipavsk\u00fdE-mail: romanlipavsky@seznam.czMobil: +420 602 484 083 P\u0159ihl\u00e1\u0161ky, platby a potvrzen\u00ed o platb\u00e1chEva Lipavsk\u00e1E-mail: prihlasky@taborcernypotok.czMobil: +420 604 884 080","og_url":"https:\/\/www.taborcernypotok.cz\/detsky-tabor\/kontakt\/","og_site_name":"D\u011btsk\u00fd T\u00e1bor \u010cern\u00fd Potok","article_modified_time":"2025-11-14T21:47:56+00:00","twitter_card":"summary_large_image","twitter_misc":{"Odhadovan\u00e1 doba \u010dten\u00ed":"1 minuta"},"schema":{"@context":"https:\/\/schema.org","@graph":[{"@type":"WebPage","@id":"https:\/\/www.taborcernypotok.cz\/detsky-tabor\/kontakt\/","url":"https:\/\/www.taborcernypotok.cz\/detsky-tabor\/kontakt\/","name":"Kontakt - D\u011btsk\u00fd T\u00e1bor \u010cern\u00fd Potok","isPartOf":{"@id":"https:\/\/www.taborcernypotok.cz\/detsky-tabor\/#website"},"datePublished":"2016-11-12T23:05:29+00:00","dateModified":"2025-11-14T21:47:56+00:00","breadcrumb":{"@id":"https:\/\/www.taborcernypotok.cz\/detsky-tabor\/kontakt\/#breadcrumb"},"inLanguage":"cs","potentialAction":[{"@type":"ReadAction","target":["https:\/\/www.taborcernypotok.cz\/detsky-tabor\/kontakt\/"]}]},{"@type":"BreadcrumbList","@id":"https:\/\/www.taborcernypotok.cz\/detsky-tabor\/kontakt\/#breadcrumb","itemListElement":[{"@type":"ListItem","position":1,"name":"Dom\u016f","item":"https:\/\/www.taborcernypotok.cz\/detsky-tabor\/"},{"@type":"ListItem","position":2,"name":"Kontakt"}]},{"@type":"WebSite","@id":"https:\/\/www.taborcernypotok.cz\/detsky-tabor\/#website","url":"https:\/\/www.taborcernypotok.cz\/detsky-tabor\/","name":"D\u011btsk\u00fd T\u00e1bor \u010cern\u00fd Potok","description":"D\u011btsk\u00e9 t\u00e1bory Rychlebsk\u00e9 Hory","potentialAction":[{"@type":"SearchAction","target":{"@type":"EntryPoint","urlTemplate":"https:\/\/www.taborcernypotok.cz\/detsky-tabor\/?s={search_term_string}"},"query-input":{"@type":"PropertyValueSpecification","valueRequired":true,"valueName":"search_term_string"}}],"inLanguage":"cs"}]}},"_links":{"self":[{"href":"https:\/\/www.taborcernypotok.cz\/detsky-tabor\/wp-json\/wp\/v2\/pages\/47","targetHints":{"allow":["GET"]}}],"collection":[{"href":"https:\/\/www.taborcernypotok.cz\/detsky-tabor\/wp-json\/wp\/v2\/pages"}],"about":[{"href":"https:\/\/www.taborcernypotok.cz\/detsky-tabor\/wp-json\/wp\/v2\/types\/page"}],"author":[{"embeddable":true,"href":"https:\/\/www.taborcernypotok.cz\/detsky-tabor\/wp-json\/wp\/v2\/users\/1"}],"replies":[{"embeddable":true,"href":"https:\/\/www.taborcernypotok.cz\/detsky-tabor\/wp-json\/wp\/v2\/comments?post=47"}],"version-history":[{"count":19,"href":"https:\/\/www.taborcernypotok.cz\/detsky-tabor\/wp-json\/wp\/v2\/pages\/47\/revisions"}],"predecessor-version":[{"id":12272,"href":"https:\/\/www.taborcernypotok.cz\/detsky-tabor\/wp-json\/wp\/v2\/pages\/47\/revisions\/12272"}],"wp:attachment":[{"href":"https:\/\/www.taborcernypotok.cz\/detsky-tabor\/wp-json\/wp\/v2\/media?parent=47"}],"curies":[{"name":"wp","href":"https:\/\/api.w.org\/{rel}","templated":true}]}}