{"id":71,"date":"2016-11-19T14:35:12","date_gmt":"2016-11-19T13:35:12","guid":{"rendered":"https:\/\/www.taborcernypotok.cz\/detsky-tabor\/?page_id=71"},"modified":"2016-11-19T15:08:41","modified_gmt":"2016-11-19T14:08:41","slug":"2016-stare-povesti-hezke","status":"publish","type":"page","link":"https:\/\/www.taborcernypotok.cz\/detsky-tabor\/letni-tabor\/archiv-letnich-taboru\/2016-stare-povesti-hezke\/","title":{"rendered":"2016 Star\u00e9 pov\u011bsti hezk\u00e9"},"content":{"rendered":"<div class=\"page-header\">\n<h1>Star\u00e9 pov\u011bsti hezk\u00e9<\/h1>\n<\/div>\n<p>6. turnus (rodi\u010de s d\u011btmi 5 &#8211; 12 let), 21.8. \u2013 27.8.2016<\/p>\n<p>Tou\u017e\u00edte po legraci a chcete se st\u00e1t \u201eodborn\u00edky\u201c na \u010desk\u00e9 d\u011bjiny? A je mo\u017en\u00e9, \u017ee by se Jir\u00e1sek m\u00fdlil? Prozkoumali jsme historick\u00e9 z\u00e1znamy a na povrch vypl\u00fdvaj\u00ed \u00fapln\u011b nov\u00e9 skute\u010dnosti.<br \/>\nByla kn\u011b\u017ena Libu\u0161e opravdu \u017eena?<br \/>\nA p\u0159emohl udatn\u00fd Bivoj nebezpe\u010dn\u00e9ho kance?<br \/>\nA kam to vlastn\u011b do\u0161el slavn\u00fd praotec \u010cech?<br \/>\nNa tyto a mnoho dal\u0161\u00edch ot\u00e1zek v\u00e1m odpov\u00edme b\u011bhem n\u00e1dhern\u00e9ho srpnov\u00e9ho t\u00fddne na na\u0161em t\u00e1bo\u0159e.<br \/>\nTento turnus je pravideln\u011b p\u0159ipravov\u00e1n pro d\u011bti a dosp\u011bl\u00e1ky, kte\u0159\u00ed tou\u017e\u00ed po legraci, dobrodru\u017estv\u00ed, sezn\u00e1men\u00ed s\u00a0nov\u00fdmi lidmi a nev\u0161edn\u00edmi z\u00e1\u017eitky.<\/p>\n<p>Jedn\u00e1 se t\u00e1bor o rodi\u010de s d\u011btmi 5-12 let a doprava na t\u00e1bor vlastn\u00ed.<\/p>\n","protected":false},"excerpt":{"rendered":"<p>Star\u00e9 pov\u011bsti hezk\u00e9 6. turnus (rodi\u010de s d\u011btmi 5 &#8211; 12 let), 21.8. \u2013 27.8.2016 Tou\u017e\u00edte po legraci a chcete se st\u00e1t \u201eodborn\u00edky\u201c na \u010desk\u00e9 d\u011bjiny? A je mo\u017en\u00e9, \u017ee by se Jir\u00e1sek m\u00fdlil? Prozkoumali jsme historick\u00e9 z\u00e1znamy a na povrch vypl\u00fdvaj\u00ed \u00fapln\u011b nov\u00e9 skute\u010dnosti. Byla kn\u011b\u017ena Libu\u0161e opravdu \u017eena? A p\u0159emohl udatn\u00fd Bivoj nebezpe\u010dn\u00e9ho\u2026<\/p>\n","protected":false},"author":1,"featured_media":0,"parent":59,"menu_order":0,"comment_status":"closed","ping_status":"closed","template":"","meta":{"footnotes":""},"class_list":["post-71","page","type-page","status-publish","hentry"],"yoast_head":"<!-- This site is optimized with the Yoast SEO plugin v26.5 - https:\/\/yoast.com\/wordpress\/plugins\/seo\/ -->\n<title>2016 Star\u00e9 pov\u011bsti hezk\u00e9 - D\u011btsk\u00fd T\u00e1bor \u010cern\u00fd Potok<\/title>\n<meta name=\"robots\" content=\"index, follow, max-snippet:-1, max-image-preview:large, max-video-preview:-1\" \/>\n<link rel=\"canonical\" href=\"https:\/\/www.taborcernypotok.cz\/detsky-tabor\/letni-tabor\/archiv-letnich-taboru\/2016-stare-povesti-hezke\/\" \/>\n<meta property=\"og:locale\" content=\"cs_CZ\" \/>\n<meta property=\"og:type\" content=\"article\" \/>\n<meta property=\"og:title\" content=\"2016 Star\u00e9 pov\u011bsti hezk\u00e9 - D\u011btsk\u00fd T\u00e1bor \u010cern\u00fd Potok\" \/>\n<meta property=\"og:description\" content=\"Star\u00e9 pov\u011bsti hezk\u00e9 6. turnus (rodi\u010de s d\u011btmi 5 &#8211; 12 let), 21.8. \u2013 27.8.2016 Tou\u017e\u00edte po legraci a chcete se st\u00e1t \u201eodborn\u00edky\u201c na \u010desk\u00e9 d\u011bjiny? A je mo\u017en\u00e9, \u017ee by se Jir\u00e1sek m\u00fdlil? Prozkoumali jsme historick\u00e9 z\u00e1znamy a na povrch vypl\u00fdvaj\u00ed \u00fapln\u011b nov\u00e9 skute\u010dnosti. Byla kn\u011b\u017ena Libu\u0161e opravdu \u017eena? A p\u0159emohl udatn\u00fd Bivoj nebezpe\u010dn\u00e9ho\u2026\" \/>\n<meta property=\"og:url\" content=\"https:\/\/www.taborcernypotok.cz\/detsky-tabor\/letni-tabor\/archiv-letnich-taboru\/2016-stare-povesti-hezke\/\" \/>\n<meta property=\"og:site_name\" content=\"D\u011btsk\u00fd T\u00e1bor \u010cern\u00fd Potok\" \/>\n<meta property=\"article:modified_time\" content=\"2016-11-19T14:08:41+00:00\" \/>\n<meta name=\"twitter:card\" content=\"summary_large_image\" \/>\n<meta name=\"twitter:label1\" content=\"Odhadovan\u00e1 doba \u010dten\u00ed\" \/>\n\t<meta name=\"twitter:data1\" content=\"1 minuta\" \/>\n<script type=\"application\/ld+json\" class=\"yoast-schema-graph\">{\"@context\":\"https:\/\/schema.org\",\"@graph\":[{\"@type\":\"WebPage\",\"@id\":\"https:\/\/www.taborcernypotok.cz\/detsky-tabor\/letni-tabor\/archiv-letnich-taboru\/2016-stare-povesti-hezke\/\",\"url\":\"https:\/\/www.taborcernypotok.cz\/detsky-tabor\/letni-tabor\/archiv-letnich-taboru\/2016-stare-povesti-hezke\/\",\"name\":\"2016 Star\u00e9 pov\u011bsti hezk\u00e9 - D\u011btsk\u00fd T\u00e1bor \u010cern\u00fd Potok\",\"isPartOf\":{\"@id\":\"https:\/\/www.taborcernypotok.cz\/detsky-tabor\/#website\"},\"datePublished\":\"2016-11-19T13:35:12+00:00\",\"dateModified\":\"2016-11-19T14:08:41+00:00\",\"breadcrumb\":{\"@id\":\"https:\/\/www.taborcernypotok.cz\/detsky-tabor\/letni-tabor\/archiv-letnich-taboru\/2016-stare-povesti-hezke\/#breadcrumb\"},\"inLanguage\":\"cs\",\"potentialAction\":[{\"@type\":\"ReadAction\",\"target\":[\"https:\/\/www.taborcernypotok.cz\/detsky-tabor\/letni-tabor\/archiv-letnich-taboru\/2016-stare-povesti-hezke\/\"]}]},{\"@type\":\"BreadcrumbList\",\"@id\":\"https:\/\/www.taborcernypotok.cz\/detsky-tabor\/letni-tabor\/archiv-letnich-taboru\/2016-stare-povesti-hezke\/#breadcrumb\",\"itemListElement\":[{\"@type\":\"ListItem\",\"position\":1,\"name\":\"Dom\u016f\",\"item\":\"https:\/\/www.taborcernypotok.cz\/detsky-tabor\/\"},{\"@type\":\"ListItem\",\"position\":2,\"name\":\"Letn\u00ed t\u00e1bor\",\"item\":\"https:\/\/www.taborcernypotok.cz\/detsky-tabor\/letni-tabor\/\"},{\"@type\":\"ListItem\",\"position\":3,\"name\":\"Archiv letn\u00edch t\u00e1bor\u016f\",\"item\":\"https:\/\/www.taborcernypotok.cz\/detsky-tabor\/letni-tabor\/archiv-letnich-taboru\/\"},{\"@type\":\"ListItem\",\"position\":4,\"name\":\"2016 Star\u00e9 pov\u011bsti hezk\u00e9\"}]},{\"@type\":\"WebSite\",\"@id\":\"https:\/\/www.taborcernypotok.cz\/detsky-tabor\/#website\",\"url\":\"https:\/\/www.taborcernypotok.cz\/detsky-tabor\/\",\"name\":\"D\u011btsk\u00fd T\u00e1bor \u010cern\u00fd Potok\",\"description\":\"D\u011btsk\u00e9 t\u00e1bory Rychlebsk\u00e9 Hory\",\"potentialAction\":[{\"@type\":\"SearchAction\",\"target\":{\"@type\":\"EntryPoint\",\"urlTemplate\":\"https:\/\/www.taborcernypotok.cz\/detsky-tabor\/?s={search_term_string}\"},\"query-input\":{\"@type\":\"PropertyValueSpecification\",\"valueRequired\":true,\"valueName\":\"search_term_string\"}}],\"inLanguage\":\"cs\"}]}<\/script>\n<!-- \/ Yoast SEO plugin. -->","yoast_head_json":{"title":"2016 Star\u00e9 pov\u011bsti hezk\u00e9 - D\u011btsk\u00fd T\u00e1bor \u010cern\u00fd Potok","robots":{"index":"index","follow":"follow","max-snippet":"max-snippet:-1","max-image-preview":"max-image-preview:large","max-video-preview":"max-video-preview:-1"},"canonical":"https:\/\/www.taborcernypotok.cz\/detsky-tabor\/letni-tabor\/archiv-letnich-taboru\/2016-stare-povesti-hezke\/","og_locale":"cs_CZ","og_type":"article","og_title":"2016 Star\u00e9 pov\u011bsti hezk\u00e9 - D\u011btsk\u00fd T\u00e1bor \u010cern\u00fd Potok","og_description":"Star\u00e9 pov\u011bsti hezk\u00e9 6. turnus (rodi\u010de s d\u011btmi 5 &#8211; 12 let), 21.8. \u2013 27.8.2016 Tou\u017e\u00edte po legraci a chcete se st\u00e1t \u201eodborn\u00edky\u201c na \u010desk\u00e9 d\u011bjiny? A je mo\u017en\u00e9, \u017ee by se Jir\u00e1sek m\u00fdlil? Prozkoumali jsme historick\u00e9 z\u00e1znamy a na povrch vypl\u00fdvaj\u00ed \u00fapln\u011b nov\u00e9 skute\u010dnosti. Byla kn\u011b\u017ena Libu\u0161e opravdu \u017eena? A p\u0159emohl udatn\u00fd Bivoj nebezpe\u010dn\u00e9ho\u2026","og_url":"https:\/\/www.taborcernypotok.cz\/detsky-tabor\/letni-tabor\/archiv-letnich-taboru\/2016-stare-povesti-hezke\/","og_site_name":"D\u011btsk\u00fd T\u00e1bor \u010cern\u00fd Potok","article_modified_time":"2016-11-19T14:08:41+00:00","twitter_card":"summary_large_image","twitter_misc":{"Odhadovan\u00e1 doba \u010dten\u00ed":"1 minuta"},"schema":{"@context":"https:\/\/schema.org","@graph":[{"@type":"WebPage","@id":"https:\/\/www.taborcernypotok.cz\/detsky-tabor\/letni-tabor\/archiv-letnich-taboru\/2016-stare-povesti-hezke\/","url":"https:\/\/www.taborcernypotok.cz\/detsky-tabor\/letni-tabor\/archiv-letnich-taboru\/2016-stare-povesti-hezke\/","name":"2016 Star\u00e9 pov\u011bsti hezk\u00e9 - D\u011btsk\u00fd T\u00e1bor \u010cern\u00fd Potok","isPartOf":{"@id":"https:\/\/www.taborcernypotok.cz\/detsky-tabor\/#website"},"datePublished":"2016-11-19T13:35:12+00:00","dateModified":"2016-11-19T14:08:41+00:00","breadcrumb":{"@id":"https:\/\/www.taborcernypotok.cz\/detsky-tabor\/letni-tabor\/archiv-letnich-taboru\/2016-stare-povesti-hezke\/#breadcrumb"},"inLanguage":"cs","potentialAction":[{"@type":"ReadAction","target":["https:\/\/www.taborcernypotok.cz\/detsky-tabor\/letni-tabor\/archiv-letnich-taboru\/2016-stare-povesti-hezke\/"]}]},{"@type":"BreadcrumbList","@id":"https:\/\/www.taborcernypotok.cz\/detsky-tabor\/letni-tabor\/archiv-letnich-taboru\/2016-stare-povesti-hezke\/#breadcrumb","itemListElement":[{"@type":"ListItem","position":1,"name":"Dom\u016f","item":"https:\/\/www.taborcernypotok.cz\/detsky-tabor\/"},{"@type":"ListItem","position":2,"name":"Letn\u00ed t\u00e1bor","item":"https:\/\/www.taborcernypotok.cz\/detsky-tabor\/letni-tabor\/"},{"@type":"ListItem","position":3,"name":"Archiv letn\u00edch t\u00e1bor\u016f","item":"https:\/\/www.taborcernypotok.cz\/detsky-tabor\/letni-tabor\/archiv-letnich-taboru\/"},{"@type":"ListItem","position":4,"name":"2016 Star\u00e9 pov\u011bsti hezk\u00e9"}]},{"@type":"WebSite","@id":"https:\/\/www.taborcernypotok.cz\/detsky-tabor\/#website","url":"https:\/\/www.taborcernypotok.cz\/detsky-tabor\/","name":"D\u011btsk\u00fd T\u00e1bor \u010cern\u00fd Potok","description":"D\u011btsk\u00e9 t\u00e1bory Rychlebsk\u00e9 Hory","potentialAction":[{"@type":"SearchAction","target":{"@type":"EntryPoint","urlTemplate":"https:\/\/www.taborcernypotok.cz\/detsky-tabor\/?s={search_term_string}"},"query-input":{"@type":"PropertyValueSpecification","valueRequired":true,"valueName":"search_term_string"}}],"inLanguage":"cs"}]}},"_links":{"self":[{"href":"https:\/\/www.taborcernypotok.cz\/detsky-tabor\/wp-json\/wp\/v2\/pages\/71","targetHints":{"allow":["GET"]}}],"collection":[{"href":"https:\/\/www.taborcernypotok.cz\/detsky-tabor\/wp-json\/wp\/v2\/pages"}],"about":[{"href":"https:\/\/www.taborcernypotok.cz\/detsky-tabor\/wp-json\/wp\/v2\/types\/page"}],"author":[{"embeddable":true,"href":"https:\/\/www.taborcernypotok.cz\/detsky-tabor\/wp-json\/wp\/v2\/users\/1"}],"replies":[{"embeddable":true,"href":"https:\/\/www.taborcernypotok.cz\/detsky-tabor\/wp-json\/wp\/v2\/comments?post=71"}],"version-history":[{"count":3,"href":"https:\/\/www.taborcernypotok.cz\/detsky-tabor\/wp-json\/wp\/v2\/pages\/71\/revisions"}],"predecessor-version":[{"id":85,"href":"https:\/\/www.taborcernypotok.cz\/detsky-tabor\/wp-json\/wp\/v2\/pages\/71\/revisions\/85"}],"up":[{"embeddable":true,"href":"https:\/\/www.taborcernypotok.cz\/detsky-tabor\/wp-json\/wp\/v2\/pages\/59"}],"wp:attachment":[{"href":"https:\/\/www.taborcernypotok.cz\/detsky-tabor\/wp-json\/wp\/v2\/media?parent=71"}],"curies":[{"name":"wp","href":"https:\/\/api.w.org\/{rel}","templated":true}]}}