{"id":8119,"date":"2023-02-24T21:27:51","date_gmt":"2023-02-24T20:27:51","guid":{"rendered":"https:\/\/www.taborcernypotok.cz\/detsky-tabor\/?page_id=8119"},"modified":"2025-05-26T20:43:01","modified_gmt":"2025-05-26T19:43:01","slug":"2023-avatar-vyprava-na-pandoru-ii","status":"publish","type":"page","link":"https:\/\/www.taborcernypotok.cz\/detsky-tabor\/letni-tabor\/archiv-letnich-taboru\/2023-avatar-vyprava-na-pandoru-ii\/","title":{"rendered":"2023 AVATAR\u00a0&#8211; V\u00ddPRAVA NA PANDORU II."},"content":{"rendered":"\n<h1 class=\"wp-block-heading\"><strong>AVATAR &#8211; V\u00ddPRAVA NA PANDORU <strong>I<\/strong>I.<\/strong><\/h1>\n\n\n\n<p><strong>2.TURNUS | 8 DN\u00cd | 9.-16.7. 2023 | 9-12 let | dobrodru\u017en\u00fd<\/strong><\/p>\n\n\n\n<p><em>-voln\u011b inspirov\u00e1no filmem Avatar<br><\/em>PANDORA \u2013 p\u0159ekr\u00e1sn\u00e1 divok\u00e1 planeta ji\u017e n\u011bkolik let za\u017e\u00edv\u00e1 sou\u017eit\u00ed p\u016fvodn\u00edch obyvatel s v\u011bdeck\u00fdmi t\u00fdmy ze Zem\u011b. Toto sou\u017eit\u00ed a v\u011bdeck\u00e9 v\u00fdzkumy se n\u00e1hle za\u010d\u00ednaj\u00ed pot\u00fdkat s neobjasn\u011bn\u00fdmi probl\u00e9my. V\u00fdzkumy se zastavuj\u00ed a n\u00e1lada na Pando\u0159e houstne. Nikdo netu\u0161\u00ed, kdo nebo co to zp\u016fsobuje. <\/p>\n\n\n\n<p>Planeta Zem\u011b vys\u00edl\u00e1 dal\u0161\u00ed t\u00fdmy odv\u00e1\u017en\u00fdch v\u011bdc\u016f, kte\u0159\u00ed maj\u00ed jedin\u00fd \u00fakol. Znovu nav\u00e1zat p\u0159\u00e1telstv\u00ed s n\u00e1rodem Na&#8217;vi a pokra\u010dovat v p\u0159eru\u0161en\u00fdch v\u00fdzkumech. Tajemstv\u00ed se za\u010d\u00edn\u00e1 odhalovat a sled ud\u00e1lost\u00ed nab\u00edr\u00e1 \u010d\u00edm d\u00e1l t\u00edm v\u011bt\u0161\u00ed tempo. V\u00fdzkumn\u00edci n\u00e1hle zjist\u00ed, \u017ee Pandora dovede uk\u00e1zat i jinou tv\u00e1\u0159\u2026..<\/p>\n\n\n\n<p><strong>V\u011bkov\u00e1 kategorie:<\/strong> 9-12 let ho\u0161i i d\u00edvky<br><strong>M\u00edsto:<\/strong> T\u00e1bor \u010cern\u00fd Potok Velk\u00e1 Kra\u0161 u Vidnavy<br><strong>Ubytov\u00e1n\u00ed:<\/strong> d\u0159ev\u011bn\u00e9 chatky<br><strong>Stravov\u00e1n\u00ed: <\/strong>5x denn\u011b<br><strong>Zdravotn\u00ed dozor:<\/strong> delegovan\u00fd l\u00e9ka\u0159 nebo zdravotn\u00ed pracovn\u00edk<br><strong>Garant:<\/strong> Mgr. Roman Lipavsk\u00fd<br><strong>Cena v\u010detn\u011b dopravy busem:<\/strong> 5390,- K\u010d<br><strong>Dohled vykon\u00e1vaj\u00ed \u0161kolen\u00ed instrukto\u0159i, tren\u00e9\u0159i a pedagogi\u010dt\u00ed pracovn\u00edci.<\/strong><\/p>\n\n\n\n<div style=\"height:50px\" aria-hidden=\"true\" class=\"wp-block-spacer\"><\/div>\n\n\n\n<h2 class=\"wp-block-heading has-text-align-center\">P\u0159ihl\u00e1\u0161ka<\/h2>\n\n\n\n<div class=\"wp-block-columns is-layout-flex wp-container-core-columns-is-layout-9d6595d7 wp-block-columns-is-layout-flex\">\n<div class=\"wp-block-column is-layout-flow wp-block-column-is-layout-flow\" style=\"flex-basis:25%\"><\/div>\n\n\n\n<div class=\"wp-block-column is-layout-flow wp-block-column-is-layout-flow\" style=\"flex-basis:50%\"><\/div>\n\n\n\n<div class=\"wp-block-column is-layout-flow wp-block-column-is-layout-flow\" style=\"flex-basis:25%\"><\/div>\n<\/div>\n","protected":false},"excerpt":{"rendered":"<p>AVATAR &#8211; V\u00ddPRAVA NA PANDORU II. 2.TURNUS | 8 DN\u00cd | 9.-16.7. 2023 | 9-12 let | dobrodru\u017en\u00fd -voln\u011b inspirov\u00e1no filmem AvatarPANDORA \u2013 p\u0159ekr\u00e1sn\u00e1 divok\u00e1 planeta ji\u017e n\u011bkolik let za\u017e\u00edv\u00e1 sou\u017eit\u00ed p\u016fvodn\u00edch obyvatel s v\u011bdeck\u00fdmi t\u00fdmy ze Zem\u011b. Toto sou\u017eit\u00ed a v\u011bdeck\u00e9 v\u00fdzkumy se n\u00e1hle za\u010d\u00ednaj\u00ed pot\u00fdkat s neobjasn\u011bn\u00fdmi probl\u00e9my. V\u00fdzkumy se zastavuj\u00ed a n\u00e1lada\u2026<\/p>\n","protected":false},"author":1,"featured_media":0,"parent":59,"menu_order":0,"comment_status":"closed","ping_status":"closed","template":"","meta":{"footnotes":""},"class_list":["post-8119","page","type-page","status-publish","hentry"],"yoast_head":"<!-- This site is optimized with the Yoast SEO plugin v26.5 - https:\/\/yoast.com\/wordpress\/plugins\/seo\/ -->\n<title>2023 AVATAR\u00a0- V\u00ddPRAVA NA PANDORU II. - D\u011btsk\u00fd T\u00e1bor \u010cern\u00fd Potok<\/title>\n<meta name=\"robots\" content=\"index, follow, max-snippet:-1, max-image-preview:large, max-video-preview:-1\" \/>\n<link rel=\"canonical\" href=\"https:\/\/www.taborcernypotok.cz\/detsky-tabor\/letni-tabor\/archiv-letnich-taboru\/2023-avatar-vyprava-na-pandoru-ii\/\" \/>\n<meta property=\"og:locale\" content=\"cs_CZ\" \/>\n<meta property=\"og:type\" content=\"article\" \/>\n<meta property=\"og:title\" content=\"2023 AVATAR\u00a0- V\u00ddPRAVA NA PANDORU II. - D\u011btsk\u00fd T\u00e1bor \u010cern\u00fd Potok\" \/>\n<meta property=\"og:description\" content=\"AVATAR &#8211; V\u00ddPRAVA NA PANDORU II. 2.TURNUS | 8 DN\u00cd | 9.-16.7. 2023 | 9-12 let | dobrodru\u017en\u00fd -voln\u011b inspirov\u00e1no filmem AvatarPANDORA \u2013 p\u0159ekr\u00e1sn\u00e1 divok\u00e1 planeta ji\u017e n\u011bkolik let za\u017e\u00edv\u00e1 sou\u017eit\u00ed p\u016fvodn\u00edch obyvatel s v\u011bdeck\u00fdmi t\u00fdmy ze Zem\u011b. Toto sou\u017eit\u00ed a v\u011bdeck\u00e9 v\u00fdzkumy se n\u00e1hle za\u010d\u00ednaj\u00ed pot\u00fdkat s neobjasn\u011bn\u00fdmi probl\u00e9my. V\u00fdzkumy se zastavuj\u00ed a n\u00e1lada\u2026\" \/>\n<meta property=\"og:url\" content=\"https:\/\/www.taborcernypotok.cz\/detsky-tabor\/letni-tabor\/archiv-letnich-taboru\/2023-avatar-vyprava-na-pandoru-ii\/\" \/>\n<meta property=\"og:site_name\" content=\"D\u011btsk\u00fd T\u00e1bor \u010cern\u00fd Potok\" \/>\n<meta property=\"article:modified_time\" content=\"2025-05-26T19:43:01+00:00\" \/>\n<meta name=\"twitter:card\" content=\"summary_large_image\" \/>\n<meta name=\"twitter:label1\" content=\"Odhadovan\u00e1 doba \u010dten\u00ed\" \/>\n\t<meta name=\"twitter:data1\" content=\"2 minuty\" \/>\n<script type=\"application\/ld+json\" class=\"yoast-schema-graph\">{\"@context\":\"https:\/\/schema.org\",\"@graph\":[{\"@type\":\"WebPage\",\"@id\":\"https:\/\/www.taborcernypotok.cz\/detsky-tabor\/letni-tabor\/archiv-letnich-taboru\/2023-avatar-vyprava-na-pandoru-ii\/\",\"url\":\"https:\/\/www.taborcernypotok.cz\/detsky-tabor\/letni-tabor\/archiv-letnich-taboru\/2023-avatar-vyprava-na-pandoru-ii\/\",\"name\":\"2023 AVATAR\u00a0- V\u00ddPRAVA NA PANDORU II. - D\u011btsk\u00fd T\u00e1bor \u010cern\u00fd Potok\",\"isPartOf\":{\"@id\":\"https:\/\/www.taborcernypotok.cz\/detsky-tabor\/#website\"},\"datePublished\":\"2023-02-24T20:27:51+00:00\",\"dateModified\":\"2025-05-26T19:43:01+00:00\",\"breadcrumb\":{\"@id\":\"https:\/\/www.taborcernypotok.cz\/detsky-tabor\/letni-tabor\/archiv-letnich-taboru\/2023-avatar-vyprava-na-pandoru-ii\/#breadcrumb\"},\"inLanguage\":\"cs\",\"potentialAction\":[{\"@type\":\"ReadAction\",\"target\":[\"https:\/\/www.taborcernypotok.cz\/detsky-tabor\/letni-tabor\/archiv-letnich-taboru\/2023-avatar-vyprava-na-pandoru-ii\/\"]}]},{\"@type\":\"BreadcrumbList\",\"@id\":\"https:\/\/www.taborcernypotok.cz\/detsky-tabor\/letni-tabor\/archiv-letnich-taboru\/2023-avatar-vyprava-na-pandoru-ii\/#breadcrumb\",\"itemListElement\":[{\"@type\":\"ListItem\",\"position\":1,\"name\":\"Dom\u016f\",\"item\":\"https:\/\/www.taborcernypotok.cz\/detsky-tabor\/\"},{\"@type\":\"ListItem\",\"position\":2,\"name\":\"Letn\u00ed t\u00e1bor\",\"item\":\"https:\/\/www.taborcernypotok.cz\/detsky-tabor\/letni-tabor\/\"},{\"@type\":\"ListItem\",\"position\":3,\"name\":\"Archiv letn\u00edch t\u00e1bor\u016f\",\"item\":\"https:\/\/www.taborcernypotok.cz\/detsky-tabor\/letni-tabor\/archiv-letnich-taboru\/\"},{\"@type\":\"ListItem\",\"position\":4,\"name\":\"2023 AVATAR\u00a0&#8211; V\u00ddPRAVA NA PANDORU II.\"}]},{\"@type\":\"WebSite\",\"@id\":\"https:\/\/www.taborcernypotok.cz\/detsky-tabor\/#website\",\"url\":\"https:\/\/www.taborcernypotok.cz\/detsky-tabor\/\",\"name\":\"D\u011btsk\u00fd T\u00e1bor \u010cern\u00fd Potok\",\"description\":\"D\u011btsk\u00e9 t\u00e1bory Rychlebsk\u00e9 Hory\",\"potentialAction\":[{\"@type\":\"SearchAction\",\"target\":{\"@type\":\"EntryPoint\",\"urlTemplate\":\"https:\/\/www.taborcernypotok.cz\/detsky-tabor\/?s={search_term_string}\"},\"query-input\":{\"@type\":\"PropertyValueSpecification\",\"valueRequired\":true,\"valueName\":\"search_term_string\"}}],\"inLanguage\":\"cs\"}]}<\/script>\n<!-- \/ Yoast SEO plugin. -->","yoast_head_json":{"title":"2023 AVATAR\u00a0- V\u00ddPRAVA NA PANDORU II. - D\u011btsk\u00fd T\u00e1bor \u010cern\u00fd Potok","robots":{"index":"index","follow":"follow","max-snippet":"max-snippet:-1","max-image-preview":"max-image-preview:large","max-video-preview":"max-video-preview:-1"},"canonical":"https:\/\/www.taborcernypotok.cz\/detsky-tabor\/letni-tabor\/archiv-letnich-taboru\/2023-avatar-vyprava-na-pandoru-ii\/","og_locale":"cs_CZ","og_type":"article","og_title":"2023 AVATAR\u00a0- V\u00ddPRAVA NA PANDORU II. - D\u011btsk\u00fd T\u00e1bor \u010cern\u00fd Potok","og_description":"AVATAR &#8211; V\u00ddPRAVA NA PANDORU II. 2.TURNUS | 8 DN\u00cd | 9.-16.7. 2023 | 9-12 let | dobrodru\u017en\u00fd -voln\u011b inspirov\u00e1no filmem AvatarPANDORA \u2013 p\u0159ekr\u00e1sn\u00e1 divok\u00e1 planeta ji\u017e n\u011bkolik let za\u017e\u00edv\u00e1 sou\u017eit\u00ed p\u016fvodn\u00edch obyvatel s v\u011bdeck\u00fdmi t\u00fdmy ze Zem\u011b. Toto sou\u017eit\u00ed a v\u011bdeck\u00e9 v\u00fdzkumy se n\u00e1hle za\u010d\u00ednaj\u00ed pot\u00fdkat s neobjasn\u011bn\u00fdmi probl\u00e9my. V\u00fdzkumy se zastavuj\u00ed a n\u00e1lada\u2026","og_url":"https:\/\/www.taborcernypotok.cz\/detsky-tabor\/letni-tabor\/archiv-letnich-taboru\/2023-avatar-vyprava-na-pandoru-ii\/","og_site_name":"D\u011btsk\u00fd T\u00e1bor \u010cern\u00fd Potok","article_modified_time":"2025-05-26T19:43:01+00:00","twitter_card":"summary_large_image","twitter_misc":{"Odhadovan\u00e1 doba \u010dten\u00ed":"2 minuty"},"schema":{"@context":"https:\/\/schema.org","@graph":[{"@type":"WebPage","@id":"https:\/\/www.taborcernypotok.cz\/detsky-tabor\/letni-tabor\/archiv-letnich-taboru\/2023-avatar-vyprava-na-pandoru-ii\/","url":"https:\/\/www.taborcernypotok.cz\/detsky-tabor\/letni-tabor\/archiv-letnich-taboru\/2023-avatar-vyprava-na-pandoru-ii\/","name":"2023 AVATAR\u00a0- V\u00ddPRAVA NA PANDORU II. - D\u011btsk\u00fd T\u00e1bor \u010cern\u00fd Potok","isPartOf":{"@id":"https:\/\/www.taborcernypotok.cz\/detsky-tabor\/#website"},"datePublished":"2023-02-24T20:27:51+00:00","dateModified":"2025-05-26T19:43:01+00:00","breadcrumb":{"@id":"https:\/\/www.taborcernypotok.cz\/detsky-tabor\/letni-tabor\/archiv-letnich-taboru\/2023-avatar-vyprava-na-pandoru-ii\/#breadcrumb"},"inLanguage":"cs","potentialAction":[{"@type":"ReadAction","target":["https:\/\/www.taborcernypotok.cz\/detsky-tabor\/letni-tabor\/archiv-letnich-taboru\/2023-avatar-vyprava-na-pandoru-ii\/"]}]},{"@type":"BreadcrumbList","@id":"https:\/\/www.taborcernypotok.cz\/detsky-tabor\/letni-tabor\/archiv-letnich-taboru\/2023-avatar-vyprava-na-pandoru-ii\/#breadcrumb","itemListElement":[{"@type":"ListItem","position":1,"name":"Dom\u016f","item":"https:\/\/www.taborcernypotok.cz\/detsky-tabor\/"},{"@type":"ListItem","position":2,"name":"Letn\u00ed t\u00e1bor","item":"https:\/\/www.taborcernypotok.cz\/detsky-tabor\/letni-tabor\/"},{"@type":"ListItem","position":3,"name":"Archiv letn\u00edch t\u00e1bor\u016f","item":"https:\/\/www.taborcernypotok.cz\/detsky-tabor\/letni-tabor\/archiv-letnich-taboru\/"},{"@type":"ListItem","position":4,"name":"2023 AVATAR\u00a0&#8211; V\u00ddPRAVA NA PANDORU II."}]},{"@type":"WebSite","@id":"https:\/\/www.taborcernypotok.cz\/detsky-tabor\/#website","url":"https:\/\/www.taborcernypotok.cz\/detsky-tabor\/","name":"D\u011btsk\u00fd T\u00e1bor \u010cern\u00fd Potok","description":"D\u011btsk\u00e9 t\u00e1bory Rychlebsk\u00e9 Hory","potentialAction":[{"@type":"SearchAction","target":{"@type":"EntryPoint","urlTemplate":"https:\/\/www.taborcernypotok.cz\/detsky-tabor\/?s={search_term_string}"},"query-input":{"@type":"PropertyValueSpecification","valueRequired":true,"valueName":"search_term_string"}}],"inLanguage":"cs"}]}},"_links":{"self":[{"href":"https:\/\/www.taborcernypotok.cz\/detsky-tabor\/wp-json\/wp\/v2\/pages\/8119","targetHints":{"allow":["GET"]}}],"collection":[{"href":"https:\/\/www.taborcernypotok.cz\/detsky-tabor\/wp-json\/wp\/v2\/pages"}],"about":[{"href":"https:\/\/www.taborcernypotok.cz\/detsky-tabor\/wp-json\/wp\/v2\/types\/page"}],"author":[{"embeddable":true,"href":"https:\/\/www.taborcernypotok.cz\/detsky-tabor\/wp-json\/wp\/v2\/users\/1"}],"replies":[{"embeddable":true,"href":"https:\/\/www.taborcernypotok.cz\/detsky-tabor\/wp-json\/wp\/v2\/comments?post=8119"}],"version-history":[{"count":5,"href":"https:\/\/www.taborcernypotok.cz\/detsky-tabor\/wp-json\/wp\/v2\/pages\/8119\/revisions"}],"predecessor-version":[{"id":12027,"href":"https:\/\/www.taborcernypotok.cz\/detsky-tabor\/wp-json\/wp\/v2\/pages\/8119\/revisions\/12027"}],"up":[{"embeddable":true,"href":"https:\/\/www.taborcernypotok.cz\/detsky-tabor\/wp-json\/wp\/v2\/pages\/59"}],"wp:attachment":[{"href":"https:\/\/www.taborcernypotok.cz\/detsky-tabor\/wp-json\/wp\/v2\/media?parent=8119"}],"curies":[{"name":"wp","href":"https:\/\/api.w.org\/{rel}","templated":true}]}}