{"id":93,"date":"2016-11-21T20:45:39","date_gmt":"2016-11-21T19:45:39","guid":{"rendered":"https:\/\/www.taborcernypotok.cz\/detsky-tabor\/?page_id=93"},"modified":"2018-01-06T14:01:18","modified_gmt":"2018-01-06T13:01:18","slug":"2017-zlata-horecka-na-aljasce","status":"publish","type":"page","link":"https:\/\/www.taborcernypotok.cz\/detsky-tabor\/zimni-tabor\/archiv-zimnich-taboru\/2017-zlata-horecka-na-aljasce\/","title":{"rendered":"2017 Zlat\u00e1 hore\u010dka na Alja\u0161ce"},"content":{"rendered":"<div class=\"page-header\">\n<h1>ZLAT\u00c1 HORE\u010cKA NA ALJA\u0160CE<\/h1>\n<\/div>\n<p>(9-13 let) cena 2 980,- K\u010d, 26.2. \u2013 3.3. 2017 (jarn\u00ed pr\u00e1zdniny)<\/p>\n<p><strong>(Nejedn\u00e1 se o ly\u017ea\u0159sk\u00fd v\u00fdcvik)<\/strong><\/p>\n<p><img loading=\"lazy\" decoding=\"async\" class=\"wp-image-118 size-medium alignleft\" src=\"https:\/\/www.taborcernypotok.cz\/detsky-tabor\/wp-content\/uploads\/sites\/2\/2016\/11\/obr.9-300x220.jpg\" alt=\"obr-9\" width=\"300\" height=\"220\" \/> S partou zlatokop\u016f se p\u0159eneseme do roku 1896, kdy na Alja\u0161ce vypuklo \u0161\u00edlenstv\u00ed po zlat\u011b, kter\u00e9 zm\u011bnilo \u017eivoty v\u00edce jak 100 000 lid\u00ed a prov\u011b\u0159ilo charaktery a hodnoty t\u011bch, kte\u0159\u00ed sem p\u0159ijeli zbohatnout. Za\u017eijeme spolu samotn\u00fd za\u010d\u00e1tek zlat\u00e9 hore\u010dky, strastiplnou cestu p\u0159es Chilkootsk\u00fd pr\u016fsmyk, stav\u011bn\u00ed vor\u016f na Benettov\u011b jeze\u0159e, n\u00e1strahy zlatokopeck\u00e9ho m\u011bsta Dawsonu, hled\u00e1n\u00ed ztracen\u00e9 mapy a objeven\u00ed tajemn\u00e9 zlat\u00e9 \u017e\u00edly na Kr\u00e1li\u010d\u00edm potoce. A nebude chyb\u011bt ani stavba lesn\u00edch srub\u016f, z\u00e1vody ps\u00edch sp\u0159e\u017een\u00ed, kas\u00edno, r\u00fd\u017eov\u00e1n\u00ed zlata, souboje zlatokop\u016f i cesta lemovan\u00e1 vl\u010d\u00edmi stopami. No, a nakonec odhal\u00edme i legendu o palcov\u00e9 whisky.<img loading=\"lazy\" decoding=\"async\" class=\"size-full wp-image-119 alignright\" src=\"https:\/\/www.taborcernypotok.cz\/detsky-tabor\/wp-content\/uploads\/sites\/2\/2016\/11\/obr.4.jpg\" alt=\"obr-4\" width=\"272\" height=\"185\" \/><\/p>\n<p>&nbsp;<\/p>\n<p><strong><a href=\"https:\/\/www.taborcernypotok.cz\/detsky-tabor\/zimni-tabor\/2017-zlata-horecka-na-aljasce\/2017-nalezeny-dopis-george-carmaga\/\">\u00bb NALEZEN\u00dd DOPIS GEORGE CARMAGA, aneb jak to cel\u00e9 za\u010dalo\u2026 \u00bb<\/a><\/strong><\/p>\n<table class=\"table table-bordered table-condensed\">\n<tbody>\n<tr>\n<td>GARANT:<\/td>\n<td>Mgr. Roman Lipavsk\u00fd<\/td>\n<\/tr>\n<tr>\n<td>TERM\u00cdN:<\/td>\n<td>ned\u011ble 26.2. \u2013 p\u00e1tek 3.3. 2017 (jarn\u00ed pr\u00e1zdniny)<\/td>\n<\/tr>\n<tr>\n<td>V\u011aK.KATEGORIE:<\/td>\n<td>kluci i holky 9 \u2013 13 let<\/td>\n<\/tr>\n<tr>\n<td>M\u00cdSTO:<\/td>\n<td>VERN\u00cd\u0158OVICE \u2013 hotel REONEO (12 km od \u0160umperka, 2 km od \u0160vagrova)<\/td>\n<\/tr>\n<tr>\n<td>UBYTOV\u00c1N\u00cd:<\/td>\n<td>hotelov\u00e9 pokoje (nen\u00ed t\u0159eba spac\u00e1k)<\/td>\n<\/tr>\n<tr>\n<td>STRAVOV\u00c1N\u00cd:<\/td>\n<td>5 x denn\u011b<\/td>\n<\/tr>\n<tr>\n<td>DOPRAVA:<\/td>\n<td>vlastn\u00ed<\/td>\n<\/tr>\n<tr>\n<td>MINIM\u00c1LN\u00cd KAPACITA:<\/td>\n<td>30 \u00fa\u010dastn\u00edk\u016f<\/td>\n<\/tr>\n<tr>\n<td>MAXIM\u00c1LN\u00cd KAPACITA:<\/td>\n<td>70 \u00fa\u010dastn\u00edk\u016f (prvn\u00edch plat\u00edc\u00edch)<\/td>\n<\/tr>\n<tr>\n<td>P\u0158\u00cdJEZD:<\/td>\n<td>hotel REONEO 15:45 \u2013 16:00<\/td>\n<\/tr>\n<tr>\n<td>ODJEZD (konec t\u00e1bora):<\/td>\n<td>Od hotelu REONEO 15:30<\/td>\n<\/tr>\n<tr>\n<td>CENA:<\/td>\n<td>2 980,- K\u010d<\/td>\n<\/tr>\n<\/tbody>\n<\/table>\n<p><a href=\"https:\/\/www.taborcernypotok.cz\/detsky-tabor\/zpusob-prihlaseni-a-provedeni-platby\/\"><strong>\u00bb Zp\u016fsob p\u0159ihl\u00e1\u0161en\u00ed a proveden\u00e9 platby \u00bb<\/strong><\/a><\/p>\n<p><a href=\"https:\/\/www.taborcernypotok.cz\/detsky-tabor\/storno-podminky\/\"><strong>\u00bb Storno podm\u00ednky \u00bb<\/strong><\/a><\/p>\n<p><a href=\"https:\/\/www.taborcernypotok.cz\/detsky-tabor\/kontakt\/\">\u00bb V p\u0159\u00edpad\u011b nutnosti n\u00e1s pros\u00edm kontaktujte p\u0159\u00edmo, v\u00edce informac\u00ed naleznete zde \u00bb<\/a><\/p>\n<p>&nbsp;<\/p>\n<p>&nbsp;<\/p>\n<p>&nbsp;<\/p>\n","protected":false},"excerpt":{"rendered":"<p>ZLAT\u00c1 HORE\u010cKA NA ALJA\u0160CE (9-13 let) cena 2 980,- K\u010d, 26.2. \u2013 3.3. 2017 (jarn\u00ed pr\u00e1zdniny) (Nejedn\u00e1 se o ly\u017ea\u0159sk\u00fd v\u00fdcvik) S partou zlatokop\u016f se p\u0159eneseme do roku 1896, kdy na Alja\u0161ce vypuklo \u0161\u00edlenstv\u00ed po zlat\u011b, kter\u00e9 zm\u011bnilo \u017eivoty v\u00edce jak 100 000 lid\u00ed a prov\u011b\u0159ilo charaktery a hodnoty t\u011bch, kte\u0159\u00ed sem p\u0159ijeli zbohatnout. Za\u017eijeme\u2026<\/p>\n","protected":false},"author":1,"featured_media":0,"parent":98,"menu_order":0,"comment_status":"closed","ping_status":"closed","template":"","meta":{"footnotes":""},"class_list":["post-93","page","type-page","status-publish","hentry"],"yoast_head":"<!-- This site is optimized with the Yoast SEO plugin v26.5 - https:\/\/yoast.com\/wordpress\/plugins\/seo\/ -->\n<title>2017 Zlat\u00e1 hore\u010dka na Alja\u0161ce - D\u011btsk\u00fd T\u00e1bor \u010cern\u00fd Potok<\/title>\n<meta name=\"robots\" content=\"index, follow, max-snippet:-1, max-image-preview:large, max-video-preview:-1\" \/>\n<link rel=\"canonical\" href=\"https:\/\/www.taborcernypotok.cz\/detsky-tabor\/zimni-tabor\/archiv-zimnich-taboru\/2017-zlata-horecka-na-aljasce\/\" \/>\n<meta property=\"og:locale\" content=\"cs_CZ\" \/>\n<meta property=\"og:type\" content=\"article\" \/>\n<meta property=\"og:title\" content=\"2017 Zlat\u00e1 hore\u010dka na Alja\u0161ce - D\u011btsk\u00fd T\u00e1bor \u010cern\u00fd Potok\" \/>\n<meta property=\"og:description\" content=\"ZLAT\u00c1 HORE\u010cKA NA ALJA\u0160CE (9-13 let) cena 2 980,- K\u010d, 26.2. \u2013 3.3. 2017 (jarn\u00ed pr\u00e1zdniny) (Nejedn\u00e1 se o ly\u017ea\u0159sk\u00fd v\u00fdcvik) S partou zlatokop\u016f se p\u0159eneseme do roku 1896, kdy na Alja\u0161ce vypuklo \u0161\u00edlenstv\u00ed po zlat\u011b, kter\u00e9 zm\u011bnilo \u017eivoty v\u00edce jak 100 000 lid\u00ed a prov\u011b\u0159ilo charaktery a hodnoty t\u011bch, kte\u0159\u00ed sem p\u0159ijeli zbohatnout. Za\u017eijeme\u2026\" \/>\n<meta property=\"og:url\" content=\"https:\/\/www.taborcernypotok.cz\/detsky-tabor\/zimni-tabor\/archiv-zimnich-taboru\/2017-zlata-horecka-na-aljasce\/\" \/>\n<meta property=\"og:site_name\" content=\"D\u011btsk\u00fd T\u00e1bor \u010cern\u00fd Potok\" \/>\n<meta property=\"article:modified_time\" content=\"2018-01-06T13:01:18+00:00\" \/>\n<meta property=\"og:image\" content=\"https:\/\/www.taborcernypotok.cz\/detsky-tabor\/wp-content\/uploads\/sites\/2\/2016\/11\/obr.9-300x220.jpg\" \/>\n<meta name=\"twitter:card\" content=\"summary_large_image\" \/>\n<meta name=\"twitter:label1\" content=\"Odhadovan\u00e1 doba \u010dten\u00ed\" \/>\n\t<meta name=\"twitter:data1\" content=\"1 minuta\" \/>\n<script type=\"application\/ld+json\" class=\"yoast-schema-graph\">{\"@context\":\"https:\/\/schema.org\",\"@graph\":[{\"@type\":\"WebPage\",\"@id\":\"https:\/\/www.taborcernypotok.cz\/detsky-tabor\/zimni-tabor\/archiv-zimnich-taboru\/2017-zlata-horecka-na-aljasce\/\",\"url\":\"https:\/\/www.taborcernypotok.cz\/detsky-tabor\/zimni-tabor\/archiv-zimnich-taboru\/2017-zlata-horecka-na-aljasce\/\",\"name\":\"2017 Zlat\u00e1 hore\u010dka na Alja\u0161ce - D\u011btsk\u00fd T\u00e1bor \u010cern\u00fd Potok\",\"isPartOf\":{\"@id\":\"https:\/\/www.taborcernypotok.cz\/detsky-tabor\/#website\"},\"primaryImageOfPage\":{\"@id\":\"https:\/\/www.taborcernypotok.cz\/detsky-tabor\/zimni-tabor\/archiv-zimnich-taboru\/2017-zlata-horecka-na-aljasce\/#primaryimage\"},\"image\":{\"@id\":\"https:\/\/www.taborcernypotok.cz\/detsky-tabor\/zimni-tabor\/archiv-zimnich-taboru\/2017-zlata-horecka-na-aljasce\/#primaryimage\"},\"thumbnailUrl\":\"https:\/\/www.taborcernypotok.cz\/detsky-tabor\/wp-content\/uploads\/sites\/2\/2016\/11\/obr.9-300x220.jpg\",\"datePublished\":\"2016-11-21T19:45:39+00:00\",\"dateModified\":\"2018-01-06T13:01:18+00:00\",\"breadcrumb\":{\"@id\":\"https:\/\/www.taborcernypotok.cz\/detsky-tabor\/zimni-tabor\/archiv-zimnich-taboru\/2017-zlata-horecka-na-aljasce\/#breadcrumb\"},\"inLanguage\":\"cs\",\"potentialAction\":[{\"@type\":\"ReadAction\",\"target\":[\"https:\/\/www.taborcernypotok.cz\/detsky-tabor\/zimni-tabor\/archiv-zimnich-taboru\/2017-zlata-horecka-na-aljasce\/\"]}]},{\"@type\":\"ImageObject\",\"inLanguage\":\"cs\",\"@id\":\"https:\/\/www.taborcernypotok.cz\/detsky-tabor\/zimni-tabor\/archiv-zimnich-taboru\/2017-zlata-horecka-na-aljasce\/#primaryimage\",\"url\":\"\",\"contentUrl\":\"\"},{\"@type\":\"BreadcrumbList\",\"@id\":\"https:\/\/www.taborcernypotok.cz\/detsky-tabor\/zimni-tabor\/archiv-zimnich-taboru\/2017-zlata-horecka-na-aljasce\/#breadcrumb\",\"itemListElement\":[{\"@type\":\"ListItem\",\"position\":1,\"name\":\"Dom\u016f\",\"item\":\"https:\/\/www.taborcernypotok.cz\/detsky-tabor\/\"},{\"@type\":\"ListItem\",\"position\":2,\"name\":\"Zimn\u00ed t\u00e1bor\",\"item\":\"https:\/\/www.taborcernypotok.cz\/detsky-tabor\/zimni-tabor\/\"},{\"@type\":\"ListItem\",\"position\":3,\"name\":\"Archiv zimn\u00edch t\u00e1bor\u016f\",\"item\":\"https:\/\/www.taborcernypotok.cz\/detsky-tabor\/zimni-tabor\/archiv-zimnich-taboru\/\"},{\"@type\":\"ListItem\",\"position\":4,\"name\":\"2017 Zlat\u00e1 hore\u010dka na Alja\u0161ce\"}]},{\"@type\":\"WebSite\",\"@id\":\"https:\/\/www.taborcernypotok.cz\/detsky-tabor\/#website\",\"url\":\"https:\/\/www.taborcernypotok.cz\/detsky-tabor\/\",\"name\":\"D\u011btsk\u00fd T\u00e1bor \u010cern\u00fd Potok\",\"description\":\"D\u011btsk\u00e9 t\u00e1bory Rychlebsk\u00e9 Hory\",\"potentialAction\":[{\"@type\":\"SearchAction\",\"target\":{\"@type\":\"EntryPoint\",\"urlTemplate\":\"https:\/\/www.taborcernypotok.cz\/detsky-tabor\/?s={search_term_string}\"},\"query-input\":{\"@type\":\"PropertyValueSpecification\",\"valueRequired\":true,\"valueName\":\"search_term_string\"}}],\"inLanguage\":\"cs\"}]}<\/script>\n<!-- \/ Yoast SEO plugin. -->","yoast_head_json":{"title":"2017 Zlat\u00e1 hore\u010dka na Alja\u0161ce - D\u011btsk\u00fd T\u00e1bor \u010cern\u00fd Potok","robots":{"index":"index","follow":"follow","max-snippet":"max-snippet:-1","max-image-preview":"max-image-preview:large","max-video-preview":"max-video-preview:-1"},"canonical":"https:\/\/www.taborcernypotok.cz\/detsky-tabor\/zimni-tabor\/archiv-zimnich-taboru\/2017-zlata-horecka-na-aljasce\/","og_locale":"cs_CZ","og_type":"article","og_title":"2017 Zlat\u00e1 hore\u010dka na Alja\u0161ce - D\u011btsk\u00fd T\u00e1bor \u010cern\u00fd Potok","og_description":"ZLAT\u00c1 HORE\u010cKA NA ALJA\u0160CE (9-13 let) cena 2 980,- K\u010d, 26.2. \u2013 3.3. 2017 (jarn\u00ed pr\u00e1zdniny) (Nejedn\u00e1 se o ly\u017ea\u0159sk\u00fd v\u00fdcvik) S partou zlatokop\u016f se p\u0159eneseme do roku 1896, kdy na Alja\u0161ce vypuklo \u0161\u00edlenstv\u00ed po zlat\u011b, kter\u00e9 zm\u011bnilo \u017eivoty v\u00edce jak 100 000 lid\u00ed a prov\u011b\u0159ilo charaktery a hodnoty t\u011bch, kte\u0159\u00ed sem p\u0159ijeli zbohatnout. Za\u017eijeme\u2026","og_url":"https:\/\/www.taborcernypotok.cz\/detsky-tabor\/zimni-tabor\/archiv-zimnich-taboru\/2017-zlata-horecka-na-aljasce\/","og_site_name":"D\u011btsk\u00fd T\u00e1bor \u010cern\u00fd Potok","article_modified_time":"2018-01-06T13:01:18+00:00","og_image":[{"url":"https:\/\/www.taborcernypotok.cz\/detsky-tabor\/wp-content\/uploads\/sites\/2\/2016\/11\/obr.9-300x220.jpg","type":"","width":"","height":""}],"twitter_card":"summary_large_image","twitter_misc":{"Odhadovan\u00e1 doba \u010dten\u00ed":"1 minuta"},"schema":{"@context":"https:\/\/schema.org","@graph":[{"@type":"WebPage","@id":"https:\/\/www.taborcernypotok.cz\/detsky-tabor\/zimni-tabor\/archiv-zimnich-taboru\/2017-zlata-horecka-na-aljasce\/","url":"https:\/\/www.taborcernypotok.cz\/detsky-tabor\/zimni-tabor\/archiv-zimnich-taboru\/2017-zlata-horecka-na-aljasce\/","name":"2017 Zlat\u00e1 hore\u010dka na Alja\u0161ce - D\u011btsk\u00fd T\u00e1bor \u010cern\u00fd Potok","isPartOf":{"@id":"https:\/\/www.taborcernypotok.cz\/detsky-tabor\/#website"},"primaryImageOfPage":{"@id":"https:\/\/www.taborcernypotok.cz\/detsky-tabor\/zimni-tabor\/archiv-zimnich-taboru\/2017-zlata-horecka-na-aljasce\/#primaryimage"},"image":{"@id":"https:\/\/www.taborcernypotok.cz\/detsky-tabor\/zimni-tabor\/archiv-zimnich-taboru\/2017-zlata-horecka-na-aljasce\/#primaryimage"},"thumbnailUrl":"https:\/\/www.taborcernypotok.cz\/detsky-tabor\/wp-content\/uploads\/sites\/2\/2016\/11\/obr.9-300x220.jpg","datePublished":"2016-11-21T19:45:39+00:00","dateModified":"2018-01-06T13:01:18+00:00","breadcrumb":{"@id":"https:\/\/www.taborcernypotok.cz\/detsky-tabor\/zimni-tabor\/archiv-zimnich-taboru\/2017-zlata-horecka-na-aljasce\/#breadcrumb"},"inLanguage":"cs","potentialAction":[{"@type":"ReadAction","target":["https:\/\/www.taborcernypotok.cz\/detsky-tabor\/zimni-tabor\/archiv-zimnich-taboru\/2017-zlata-horecka-na-aljasce\/"]}]},{"@type":"ImageObject","inLanguage":"cs","@id":"https:\/\/www.taborcernypotok.cz\/detsky-tabor\/zimni-tabor\/archiv-zimnich-taboru\/2017-zlata-horecka-na-aljasce\/#primaryimage","url":"","contentUrl":""},{"@type":"BreadcrumbList","@id":"https:\/\/www.taborcernypotok.cz\/detsky-tabor\/zimni-tabor\/archiv-zimnich-taboru\/2017-zlata-horecka-na-aljasce\/#breadcrumb","itemListElement":[{"@type":"ListItem","position":1,"name":"Dom\u016f","item":"https:\/\/www.taborcernypotok.cz\/detsky-tabor\/"},{"@type":"ListItem","position":2,"name":"Zimn\u00ed t\u00e1bor","item":"https:\/\/www.taborcernypotok.cz\/detsky-tabor\/zimni-tabor\/"},{"@type":"ListItem","position":3,"name":"Archiv zimn\u00edch t\u00e1bor\u016f","item":"https:\/\/www.taborcernypotok.cz\/detsky-tabor\/zimni-tabor\/archiv-zimnich-taboru\/"},{"@type":"ListItem","position":4,"name":"2017 Zlat\u00e1 hore\u010dka na Alja\u0161ce"}]},{"@type":"WebSite","@id":"https:\/\/www.taborcernypotok.cz\/detsky-tabor\/#website","url":"https:\/\/www.taborcernypotok.cz\/detsky-tabor\/","name":"D\u011btsk\u00fd T\u00e1bor \u010cern\u00fd Potok","description":"D\u011btsk\u00e9 t\u00e1bory Rychlebsk\u00e9 Hory","potentialAction":[{"@type":"SearchAction","target":{"@type":"EntryPoint","urlTemplate":"https:\/\/www.taborcernypotok.cz\/detsky-tabor\/?s={search_term_string}"},"query-input":{"@type":"PropertyValueSpecification","valueRequired":true,"valueName":"search_term_string"}}],"inLanguage":"cs"}]}},"_links":{"self":[{"href":"https:\/\/www.taborcernypotok.cz\/detsky-tabor\/wp-json\/wp\/v2\/pages\/93","targetHints":{"allow":["GET"]}}],"collection":[{"href":"https:\/\/www.taborcernypotok.cz\/detsky-tabor\/wp-json\/wp\/v2\/pages"}],"about":[{"href":"https:\/\/www.taborcernypotok.cz\/detsky-tabor\/wp-json\/wp\/v2\/types\/page"}],"author":[{"embeddable":true,"href":"https:\/\/www.taborcernypotok.cz\/detsky-tabor\/wp-json\/wp\/v2\/users\/1"}],"replies":[{"embeddable":true,"href":"https:\/\/www.taborcernypotok.cz\/detsky-tabor\/wp-json\/wp\/v2\/comments?post=93"}],"version-history":[{"count":16,"href":"https:\/\/www.taborcernypotok.cz\/detsky-tabor\/wp-json\/wp\/v2\/pages\/93\/revisions"}],"predecessor-version":[{"id":1045,"href":"https:\/\/www.taborcernypotok.cz\/detsky-tabor\/wp-json\/wp\/v2\/pages\/93\/revisions\/1045"}],"up":[{"embeddable":true,"href":"https:\/\/www.taborcernypotok.cz\/detsky-tabor\/wp-json\/wp\/v2\/pages\/98"}],"wp:attachment":[{"href":"https:\/\/www.taborcernypotok.cz\/detsky-tabor\/wp-json\/wp\/v2\/media?parent=93"}],"curies":[{"name":"wp","href":"https:\/\/api.w.org\/{rel}","templated":true}]}}