{"id":932,"date":"2017-06-21T21:23:48","date_gmt":"2017-06-21T20:23:48","guid":{"rendered":"https:\/\/www.taborcernypotok.cz\/detsky-tabor\/?page_id=932"},"modified":"2017-06-21T21:24:13","modified_gmt":"2017-06-21T20:24:13","slug":"posledni-pokyny","status":"publish","type":"page","link":"https:\/\/www.taborcernypotok.cz\/detsky-tabor\/letni-tabor\/archiv-letnich-taboru\/2017-liska-letni-instruktorska-skola\/posledni-pokyny\/","title":{"rendered":"Posledn\u00ed pokyny &#8211; LI\u0160KA 2017"},"content":{"rendered":"<div class=\"page-header\">\n<h1>Posledn\u00ed pokyny &#8211; LI\u0160KA 2017<\/h1>\n<\/div>\n<p><strong>KDY:<\/strong> 25.6. \u2013 1.7.2017<\/p>\n<p><strong>P\u0158\u00cdJEZD A ODJEZD:<\/strong><\/p>\n<ul>\n<li>NED\u011aLE 25.6.2017 17:45 \u2013 18:00 hod. (ne d\u0159\u00edve, ne pozd\u011bji)<\/li>\n<li>SOBOTA 1.7.2017 10:00 hod.<\/li>\n<\/ul>\n<p><strong>M\u00cdSTO:<\/strong> T\u00c1BOR \u010cERN\u00dd POTOK \u2013 VELK\u00c1 KRA\u0160 u VIDNAVY (okres Jesen\u00edk)<\/p>\n<p><strong>CO S SEBOU:<\/strong><br \/>\n<em><strong>A) B\u011a\u017dN\u00c9 VYBAVEN\u00cd<\/strong><\/em><br \/>\nSportovn\u00ed (outdoorov\u00e9 ) oble\u010den\u00ed a obut\u00ed do p\u0159\u00edrody a na sport, do potoka (plavky, obut\u00ed), oble\u010den\u00ed na tot\u00e1ln\u00ed zni\u010den\u00ed. D\u00e1le:<\/p>\n<ul>\n<li>spac\u00e1k, karimatka<\/li>\n<li>n\u00e1hradn\u00ed boty, tri\u010dka, mikina<\/li>\n<li>\u0161\u00e1tek, hodinky, baterka \u2013 \u010delovka<\/li>\n<li>hygienick\u00e9 a osobn\u00ed v\u011bci<\/li>\n<li>dobr\u00fd n\u016f\u017e, z\u00e1palky<\/li>\n<li>mobiln\u00ed telefon<\/li>\n<\/ul>\n<p><em><strong>B) SPECI\u00c1LN\u00cd VYBAVEN\u00cd<\/strong><\/em><\/p>\n<ul>\n<li>krabi\u010dka posledn\u00ed z\u00e1chrany (dle vlastn\u00edho uv\u00e1\u017een\u00ed)<\/li>\n<li>fotografie m\u00edsta, kde pracujete \u2013 studujete,<\/li>\n<li>fotografie toho, co m\u00e1te r\u00e1di,<\/li>\n<li>fotografie, kter\u00e1 vystihuje tv\u016fj obvykl\u00fd den,<\/li>\n<li>fotografie po\u0159\u00edzen\u00e1 ve \u010dtvrtek 22.6. 2017 v 18:00, kter\u00e1 vystihuje tento dan\u00fd moment,<\/li>\n<li>spole\u010densk\u00fd od\u011bv vystihuj\u00edc\u00ed 30. l\u00e9ta min. stolet\u00ed.<\/li>\n<\/ul>\n<p>&nbsp;<\/p>\n<p>T\u011b\u0161\u00edme se na V\u00e1s<\/p>\n","protected":false},"excerpt":{"rendered":"<p>Posledn\u00ed pokyny &#8211; LI\u0160KA 2017 KDY: 25.6. \u2013 1.7.2017 P\u0158\u00cdJEZD A ODJEZD: NED\u011aLE 25.6.2017 17:45 \u2013 18:00 hod. (ne d\u0159\u00edve, ne pozd\u011bji) SOBOTA 1.7.2017 10:00 hod. M\u00cdSTO: T\u00c1BOR \u010cERN\u00dd POTOK \u2013 VELK\u00c1 KRA\u0160 u VIDNAVY (okres Jesen\u00edk) CO S SEBOU: A) B\u011a\u017dN\u00c9 VYBAVEN\u00cd Sportovn\u00ed (outdoorov\u00e9 ) oble\u010den\u00ed a obut\u00ed do p\u0159\u00edrody a na sport, do\u2026<\/p>\n","protected":false},"author":1,"featured_media":0,"parent":328,"menu_order":0,"comment_status":"closed","ping_status":"closed","template":"","meta":{"footnotes":""},"class_list":["post-932","page","type-page","status-publish","hentry"],"yoast_head":"<!-- This site is optimized with the Yoast SEO plugin v26.5 - https:\/\/yoast.com\/wordpress\/plugins\/seo\/ -->\n<title>Posledn\u00ed pokyny - LI\u0160KA 2017 - D\u011btsk\u00fd T\u00e1bor \u010cern\u00fd Potok<\/title>\n<meta name=\"robots\" content=\"index, follow, max-snippet:-1, max-image-preview:large, max-video-preview:-1\" \/>\n<link rel=\"canonical\" href=\"https:\/\/www.taborcernypotok.cz\/detsky-tabor\/letni-tabor\/archiv-letnich-taboru\/2017-liska-letni-instruktorska-skola\/posledni-pokyny\/\" \/>\n<meta property=\"og:locale\" content=\"cs_CZ\" \/>\n<meta property=\"og:type\" content=\"article\" \/>\n<meta property=\"og:title\" content=\"Posledn\u00ed pokyny - LI\u0160KA 2017 - D\u011btsk\u00fd T\u00e1bor \u010cern\u00fd Potok\" \/>\n<meta property=\"og:description\" content=\"Posledn\u00ed pokyny &#8211; LI\u0160KA 2017 KDY: 25.6. \u2013 1.7.2017 P\u0158\u00cdJEZD A ODJEZD: NED\u011aLE 25.6.2017 17:45 \u2013 18:00 hod. (ne d\u0159\u00edve, ne pozd\u011bji) SOBOTA 1.7.2017 10:00 hod. M\u00cdSTO: T\u00c1BOR \u010cERN\u00dd POTOK \u2013 VELK\u00c1 KRA\u0160 u VIDNAVY (okres Jesen\u00edk) CO S SEBOU: A) B\u011a\u017dN\u00c9 VYBAVEN\u00cd Sportovn\u00ed (outdoorov\u00e9 ) oble\u010den\u00ed a obut\u00ed do p\u0159\u00edrody a na sport, do\u2026\" \/>\n<meta property=\"og:url\" content=\"https:\/\/www.taborcernypotok.cz\/detsky-tabor\/letni-tabor\/archiv-letnich-taboru\/2017-liska-letni-instruktorska-skola\/posledni-pokyny\/\" \/>\n<meta property=\"og:site_name\" content=\"D\u011btsk\u00fd T\u00e1bor \u010cern\u00fd Potok\" \/>\n<meta property=\"article:modified_time\" content=\"2017-06-21T20:24:13+00:00\" \/>\n<meta name=\"twitter:card\" content=\"summary_large_image\" \/>\n<meta name=\"twitter:label1\" content=\"Odhadovan\u00e1 doba \u010dten\u00ed\" \/>\n\t<meta name=\"twitter:data1\" content=\"1 minuta\" \/>\n<script type=\"application\/ld+json\" class=\"yoast-schema-graph\">{\"@context\":\"https:\/\/schema.org\",\"@graph\":[{\"@type\":\"WebPage\",\"@id\":\"https:\/\/www.taborcernypotok.cz\/detsky-tabor\/letni-tabor\/archiv-letnich-taboru\/2017-liska-letni-instruktorska-skola\/posledni-pokyny\/\",\"url\":\"https:\/\/www.taborcernypotok.cz\/detsky-tabor\/letni-tabor\/archiv-letnich-taboru\/2017-liska-letni-instruktorska-skola\/posledni-pokyny\/\",\"name\":\"Posledn\u00ed pokyny - LI\u0160KA 2017 - D\u011btsk\u00fd T\u00e1bor \u010cern\u00fd Potok\",\"isPartOf\":{\"@id\":\"https:\/\/www.taborcernypotok.cz\/detsky-tabor\/#website\"},\"datePublished\":\"2017-06-21T20:23:48+00:00\",\"dateModified\":\"2017-06-21T20:24:13+00:00\",\"breadcrumb\":{\"@id\":\"https:\/\/www.taborcernypotok.cz\/detsky-tabor\/letni-tabor\/archiv-letnich-taboru\/2017-liska-letni-instruktorska-skola\/posledni-pokyny\/#breadcrumb\"},\"inLanguage\":\"cs\",\"potentialAction\":[{\"@type\":\"ReadAction\",\"target\":[\"https:\/\/www.taborcernypotok.cz\/detsky-tabor\/letni-tabor\/archiv-letnich-taboru\/2017-liska-letni-instruktorska-skola\/posledni-pokyny\/\"]}]},{\"@type\":\"BreadcrumbList\",\"@id\":\"https:\/\/www.taborcernypotok.cz\/detsky-tabor\/letni-tabor\/archiv-letnich-taboru\/2017-liska-letni-instruktorska-skola\/posledni-pokyny\/#breadcrumb\",\"itemListElement\":[{\"@type\":\"ListItem\",\"position\":1,\"name\":\"Dom\u016f\",\"item\":\"https:\/\/www.taborcernypotok.cz\/detsky-tabor\/\"},{\"@type\":\"ListItem\",\"position\":2,\"name\":\"Letn\u00ed t\u00e1bor\",\"item\":\"https:\/\/www.taborcernypotok.cz\/detsky-tabor\/letni-tabor\/\"},{\"@type\":\"ListItem\",\"position\":3,\"name\":\"Archiv letn\u00edch t\u00e1bor\u016f\",\"item\":\"https:\/\/www.taborcernypotok.cz\/detsky-tabor\/letni-tabor\/archiv-letnich-taboru\/\"},{\"@type\":\"ListItem\",\"position\":4,\"name\":\"2017 LI\u0160KA Letn\u00ed instruktorsk\u00e1 \u0161kola\",\"item\":\"https:\/\/www.taborcernypotok.cz\/detsky-tabor\/letni-tabor\/archiv-letnich-taboru\/2017-liska-letni-instruktorska-skola\/\"},{\"@type\":\"ListItem\",\"position\":5,\"name\":\"Posledn\u00ed pokyny &#8211; LI\u0160KA 2017\"}]},{\"@type\":\"WebSite\",\"@id\":\"https:\/\/www.taborcernypotok.cz\/detsky-tabor\/#website\",\"url\":\"https:\/\/www.taborcernypotok.cz\/detsky-tabor\/\",\"name\":\"D\u011btsk\u00fd T\u00e1bor \u010cern\u00fd Potok\",\"description\":\"D\u011btsk\u00e9 t\u00e1bory Rychlebsk\u00e9 Hory\",\"potentialAction\":[{\"@type\":\"SearchAction\",\"target\":{\"@type\":\"EntryPoint\",\"urlTemplate\":\"https:\/\/www.taborcernypotok.cz\/detsky-tabor\/?s={search_term_string}\"},\"query-input\":{\"@type\":\"PropertyValueSpecification\",\"valueRequired\":true,\"valueName\":\"search_term_string\"}}],\"inLanguage\":\"cs\"}]}<\/script>\n<!-- \/ Yoast SEO plugin. -->","yoast_head_json":{"title":"Posledn\u00ed pokyny - LI\u0160KA 2017 - D\u011btsk\u00fd T\u00e1bor \u010cern\u00fd Potok","robots":{"index":"index","follow":"follow","max-snippet":"max-snippet:-1","max-image-preview":"max-image-preview:large","max-video-preview":"max-video-preview:-1"},"canonical":"https:\/\/www.taborcernypotok.cz\/detsky-tabor\/letni-tabor\/archiv-letnich-taboru\/2017-liska-letni-instruktorska-skola\/posledni-pokyny\/","og_locale":"cs_CZ","og_type":"article","og_title":"Posledn\u00ed pokyny - LI\u0160KA 2017 - D\u011btsk\u00fd T\u00e1bor \u010cern\u00fd Potok","og_description":"Posledn\u00ed pokyny &#8211; LI\u0160KA 2017 KDY: 25.6. \u2013 1.7.2017 P\u0158\u00cdJEZD A ODJEZD: NED\u011aLE 25.6.2017 17:45 \u2013 18:00 hod. (ne d\u0159\u00edve, ne pozd\u011bji) SOBOTA 1.7.2017 10:00 hod. M\u00cdSTO: T\u00c1BOR \u010cERN\u00dd POTOK \u2013 VELK\u00c1 KRA\u0160 u VIDNAVY (okres Jesen\u00edk) CO S SEBOU: A) B\u011a\u017dN\u00c9 VYBAVEN\u00cd Sportovn\u00ed (outdoorov\u00e9 ) oble\u010den\u00ed a obut\u00ed do p\u0159\u00edrody a na sport, do\u2026","og_url":"https:\/\/www.taborcernypotok.cz\/detsky-tabor\/letni-tabor\/archiv-letnich-taboru\/2017-liska-letni-instruktorska-skola\/posledni-pokyny\/","og_site_name":"D\u011btsk\u00fd T\u00e1bor \u010cern\u00fd Potok","article_modified_time":"2017-06-21T20:24:13+00:00","twitter_card":"summary_large_image","twitter_misc":{"Odhadovan\u00e1 doba \u010dten\u00ed":"1 minuta"},"schema":{"@context":"https:\/\/schema.org","@graph":[{"@type":"WebPage","@id":"https:\/\/www.taborcernypotok.cz\/detsky-tabor\/letni-tabor\/archiv-letnich-taboru\/2017-liska-letni-instruktorska-skola\/posledni-pokyny\/","url":"https:\/\/www.taborcernypotok.cz\/detsky-tabor\/letni-tabor\/archiv-letnich-taboru\/2017-liska-letni-instruktorska-skola\/posledni-pokyny\/","name":"Posledn\u00ed pokyny - LI\u0160KA 2017 - D\u011btsk\u00fd T\u00e1bor \u010cern\u00fd Potok","isPartOf":{"@id":"https:\/\/www.taborcernypotok.cz\/detsky-tabor\/#website"},"datePublished":"2017-06-21T20:23:48+00:00","dateModified":"2017-06-21T20:24:13+00:00","breadcrumb":{"@id":"https:\/\/www.taborcernypotok.cz\/detsky-tabor\/letni-tabor\/archiv-letnich-taboru\/2017-liska-letni-instruktorska-skola\/posledni-pokyny\/#breadcrumb"},"inLanguage":"cs","potentialAction":[{"@type":"ReadAction","target":["https:\/\/www.taborcernypotok.cz\/detsky-tabor\/letni-tabor\/archiv-letnich-taboru\/2017-liska-letni-instruktorska-skola\/posledni-pokyny\/"]}]},{"@type":"BreadcrumbList","@id":"https:\/\/www.taborcernypotok.cz\/detsky-tabor\/letni-tabor\/archiv-letnich-taboru\/2017-liska-letni-instruktorska-skola\/posledni-pokyny\/#breadcrumb","itemListElement":[{"@type":"ListItem","position":1,"name":"Dom\u016f","item":"https:\/\/www.taborcernypotok.cz\/detsky-tabor\/"},{"@type":"ListItem","position":2,"name":"Letn\u00ed t\u00e1bor","item":"https:\/\/www.taborcernypotok.cz\/detsky-tabor\/letni-tabor\/"},{"@type":"ListItem","position":3,"name":"Archiv letn\u00edch t\u00e1bor\u016f","item":"https:\/\/www.taborcernypotok.cz\/detsky-tabor\/letni-tabor\/archiv-letnich-taboru\/"},{"@type":"ListItem","position":4,"name":"2017 LI\u0160KA Letn\u00ed instruktorsk\u00e1 \u0161kola","item":"https:\/\/www.taborcernypotok.cz\/detsky-tabor\/letni-tabor\/archiv-letnich-taboru\/2017-liska-letni-instruktorska-skola\/"},{"@type":"ListItem","position":5,"name":"Posledn\u00ed pokyny &#8211; LI\u0160KA 2017"}]},{"@type":"WebSite","@id":"https:\/\/www.taborcernypotok.cz\/detsky-tabor\/#website","url":"https:\/\/www.taborcernypotok.cz\/detsky-tabor\/","name":"D\u011btsk\u00fd T\u00e1bor \u010cern\u00fd Potok","description":"D\u011btsk\u00e9 t\u00e1bory Rychlebsk\u00e9 Hory","potentialAction":[{"@type":"SearchAction","target":{"@type":"EntryPoint","urlTemplate":"https:\/\/www.taborcernypotok.cz\/detsky-tabor\/?s={search_term_string}"},"query-input":{"@type":"PropertyValueSpecification","valueRequired":true,"valueName":"search_term_string"}}],"inLanguage":"cs"}]}},"_links":{"self":[{"href":"https:\/\/www.taborcernypotok.cz\/detsky-tabor\/wp-json\/wp\/v2\/pages\/932","targetHints":{"allow":["GET"]}}],"collection":[{"href":"https:\/\/www.taborcernypotok.cz\/detsky-tabor\/wp-json\/wp\/v2\/pages"}],"about":[{"href":"https:\/\/www.taborcernypotok.cz\/detsky-tabor\/wp-json\/wp\/v2\/types\/page"}],"author":[{"embeddable":true,"href":"https:\/\/www.taborcernypotok.cz\/detsky-tabor\/wp-json\/wp\/v2\/users\/1"}],"replies":[{"embeddable":true,"href":"https:\/\/www.taborcernypotok.cz\/detsky-tabor\/wp-json\/wp\/v2\/comments?post=932"}],"version-history":[{"count":2,"href":"https:\/\/www.taborcernypotok.cz\/detsky-tabor\/wp-json\/wp\/v2\/pages\/932\/revisions"}],"predecessor-version":[{"id":934,"href":"https:\/\/www.taborcernypotok.cz\/detsky-tabor\/wp-json\/wp\/v2\/pages\/932\/revisions\/934"}],"up":[{"embeddable":true,"href":"https:\/\/www.taborcernypotok.cz\/detsky-tabor\/wp-json\/wp\/v2\/pages\/328"}],"wp:attachment":[{"href":"https:\/\/www.taborcernypotok.cz\/detsky-tabor\/wp-json\/wp\/v2\/media?parent=932"}],"curies":[{"name":"wp","href":"https:\/\/api.w.org\/{rel}","templated":true}]}}