{"id":98,"date":"2016-11-21T20:50:09","date_gmt":"2016-11-21T19:50:09","guid":{"rendered":"https:\/\/www.taborcernypotok.cz\/detsky-tabor\/?page_id=98"},"modified":"2022-02-28T13:09:25","modified_gmt":"2022-02-28T12:09:25","slug":"archiv-zimnich-taboru","status":"publish","type":"page","link":"https:\/\/www.taborcernypotok.cz\/detsky-tabor\/zimni-tabor\/archiv-zimnich-taboru\/","title":{"rendered":"Archiv zimn\u00edch t\u00e1bor\u016f"},"content":{"rendered":"\n<h1 class=\"wp-block-heading\">Archiv zimn\u00edch t\u00e1bor\u016f<\/h1>\n\n\n\n<h2 class=\"wp-block-heading\">2019<\/h2>\n\n\n\n<ul class=\"wp-block-list\"><li><a href=\"https:\/\/www.taborcernypotok.cz\/detsky-tabor\/zimni-tabor\/2019-kokosy-na-snehu\/\">Kokosy na sn\u011bhu (8-13 let)<\/a><\/li><\/ul>\n\n\n\n<h2 class=\"wp-block-heading\">2018<\/h2>\n\n\n\n<ul class=\"wp-block-list\"><li><a href=\"https:\/\/www.taborcernypotok.cz\/detsky-tabor\/zimni-tabor\/archiv-zimnich-taboru\/2018-zahada-ztracene-expedice\/\">Z\u00e1hada ztracen\u00e9 expedice (8-13 let)<\/a><\/li><\/ul>\n\n\n\n<h2 class=\"wp-block-heading\">2017<\/h2>\n\n\n\n<ul class=\"wp-block-list\"><li><a href=\"https:\/\/www.taborcernypotok.cz\/detsky-tabor\/zimni-tabor\/archiv-zimnich-taboru\/2017-zlata-horecka-na-aljasce\/\">ZLAT\u00c1 HORE\u010cKA NA ALJA\u0160CE (9-13 let), 26.2. \u2013 3.3. 2017 (jarn\u00ed pr\u00e1zdniny)<\/a><\/li><\/ul>\n\n\n\n<h2 class=\"wp-block-heading\">2016<\/h2>\n\n\n\n<ul class=\"wp-block-list\"><li><a href=\"https:\/\/www.taborcernypotok.cz\/detsky-tabor\/zimni-tabor\/archiv-zimnich-taboru\/2016-dobyti-severniho-polu\/\">Dobyt\u00ed severn\u00edho p\u00f3lu, 9 \u2013 13 let, 14.-20.2.2016<\/a><\/li><\/ul>\n\n\n\n<p><\/p>\n","protected":false},"excerpt":{"rendered":"<p>Archiv zimn\u00edch t\u00e1bor\u016f 2019 Kokosy na sn\u011bhu (8-13 let) 2018 Z\u00e1hada ztracen\u00e9 expedice (8-13 let) 2017 ZLAT\u00c1 HORE\u010cKA NA ALJA\u0160CE (9-13 let), 26.2. \u2013 3.3. 2017 (jarn\u00ed pr\u00e1zdniny) 2016 Dobyt\u00ed severn\u00edho p\u00f3lu, 9 \u2013 13 let, 14.-20.2.2016<\/p>\n","protected":false},"author":1,"featured_media":0,"parent":91,"menu_order":0,"comment_status":"closed","ping_status":"closed","template":"","meta":{"footnotes":""},"class_list":["post-98","page","type-page","status-publish","hentry"],"yoast_head":"<!-- This site is optimized with the Yoast SEO plugin v26.5 - https:\/\/yoast.com\/wordpress\/plugins\/seo\/ -->\n<title>Archiv zimn\u00edch t\u00e1bor\u016f - D\u011btsk\u00fd T\u00e1bor \u010cern\u00fd Potok<\/title>\n<meta name=\"robots\" content=\"index, follow, max-snippet:-1, max-image-preview:large, max-video-preview:-1\" \/>\n<link rel=\"canonical\" href=\"https:\/\/www.taborcernypotok.cz\/detsky-tabor\/zimni-tabor\/archiv-zimnich-taboru\/\" \/>\n<meta property=\"og:locale\" content=\"cs_CZ\" \/>\n<meta property=\"og:type\" content=\"article\" \/>\n<meta property=\"og:title\" content=\"Archiv zimn\u00edch t\u00e1bor\u016f - D\u011btsk\u00fd T\u00e1bor \u010cern\u00fd Potok\" \/>\n<meta property=\"og:description\" content=\"Archiv zimn\u00edch t\u00e1bor\u016f 2019 Kokosy na sn\u011bhu (8-13 let) 2018 Z\u00e1hada ztracen\u00e9 expedice (8-13 let) 2017 ZLAT\u00c1 HORE\u010cKA NA ALJA\u0160CE (9-13 let), 26.2. \u2013 3.3. 2017 (jarn\u00ed pr\u00e1zdniny) 2016 Dobyt\u00ed severn\u00edho p\u00f3lu, 9 \u2013 13 let, 14.-20.2.2016\" \/>\n<meta property=\"og:url\" content=\"https:\/\/www.taborcernypotok.cz\/detsky-tabor\/zimni-tabor\/archiv-zimnich-taboru\/\" \/>\n<meta property=\"og:site_name\" content=\"D\u011btsk\u00fd T\u00e1bor \u010cern\u00fd Potok\" \/>\n<meta property=\"article:modified_time\" content=\"2022-02-28T12:09:25+00:00\" \/>\n<meta name=\"twitter:card\" content=\"summary_large_image\" \/>\n<meta name=\"twitter:label1\" content=\"Odhadovan\u00e1 doba \u010dten\u00ed\" \/>\n\t<meta name=\"twitter:data1\" content=\"1 minuta\" \/>\n<script type=\"application\/ld+json\" class=\"yoast-schema-graph\">{\"@context\":\"https:\/\/schema.org\",\"@graph\":[{\"@type\":\"WebPage\",\"@id\":\"https:\/\/www.taborcernypotok.cz\/detsky-tabor\/zimni-tabor\/archiv-zimnich-taboru\/\",\"url\":\"https:\/\/www.taborcernypotok.cz\/detsky-tabor\/zimni-tabor\/archiv-zimnich-taboru\/\",\"name\":\"Archiv zimn\u00edch t\u00e1bor\u016f - D\u011btsk\u00fd T\u00e1bor \u010cern\u00fd Potok\",\"isPartOf\":{\"@id\":\"https:\/\/www.taborcernypotok.cz\/detsky-tabor\/#website\"},\"datePublished\":\"2016-11-21T19:50:09+00:00\",\"dateModified\":\"2022-02-28T12:09:25+00:00\",\"breadcrumb\":{\"@id\":\"https:\/\/www.taborcernypotok.cz\/detsky-tabor\/zimni-tabor\/archiv-zimnich-taboru\/#breadcrumb\"},\"inLanguage\":\"cs\",\"potentialAction\":[{\"@type\":\"ReadAction\",\"target\":[\"https:\/\/www.taborcernypotok.cz\/detsky-tabor\/zimni-tabor\/archiv-zimnich-taboru\/\"]}]},{\"@type\":\"BreadcrumbList\",\"@id\":\"https:\/\/www.taborcernypotok.cz\/detsky-tabor\/zimni-tabor\/archiv-zimnich-taboru\/#breadcrumb\",\"itemListElement\":[{\"@type\":\"ListItem\",\"position\":1,\"name\":\"Dom\u016f\",\"item\":\"https:\/\/www.taborcernypotok.cz\/detsky-tabor\/\"},{\"@type\":\"ListItem\",\"position\":2,\"name\":\"Zimn\u00ed t\u00e1bor\",\"item\":\"https:\/\/www.taborcernypotok.cz\/detsky-tabor\/zimni-tabor\/\"},{\"@type\":\"ListItem\",\"position\":3,\"name\":\"Archiv zimn\u00edch t\u00e1bor\u016f\"}]},{\"@type\":\"WebSite\",\"@id\":\"https:\/\/www.taborcernypotok.cz\/detsky-tabor\/#website\",\"url\":\"https:\/\/www.taborcernypotok.cz\/detsky-tabor\/\",\"name\":\"D\u011btsk\u00fd T\u00e1bor \u010cern\u00fd Potok\",\"description\":\"D\u011btsk\u00e9 t\u00e1bory Rychlebsk\u00e9 Hory\",\"potentialAction\":[{\"@type\":\"SearchAction\",\"target\":{\"@type\":\"EntryPoint\",\"urlTemplate\":\"https:\/\/www.taborcernypotok.cz\/detsky-tabor\/?s={search_term_string}\"},\"query-input\":{\"@type\":\"PropertyValueSpecification\",\"valueRequired\":true,\"valueName\":\"search_term_string\"}}],\"inLanguage\":\"cs\"}]}<\/script>\n<!-- \/ Yoast SEO plugin. -->","yoast_head_json":{"title":"Archiv zimn\u00edch t\u00e1bor\u016f - D\u011btsk\u00fd T\u00e1bor \u010cern\u00fd Potok","robots":{"index":"index","follow":"follow","max-snippet":"max-snippet:-1","max-image-preview":"max-image-preview:large","max-video-preview":"max-video-preview:-1"},"canonical":"https:\/\/www.taborcernypotok.cz\/detsky-tabor\/zimni-tabor\/archiv-zimnich-taboru\/","og_locale":"cs_CZ","og_type":"article","og_title":"Archiv zimn\u00edch t\u00e1bor\u016f - D\u011btsk\u00fd T\u00e1bor \u010cern\u00fd Potok","og_description":"Archiv zimn\u00edch t\u00e1bor\u016f 2019 Kokosy na sn\u011bhu (8-13 let) 2018 Z\u00e1hada ztracen\u00e9 expedice (8-13 let) 2017 ZLAT\u00c1 HORE\u010cKA NA ALJA\u0160CE (9-13 let), 26.2. \u2013 3.3. 2017 (jarn\u00ed pr\u00e1zdniny) 2016 Dobyt\u00ed severn\u00edho p\u00f3lu, 9 \u2013 13 let, 14.-20.2.2016","og_url":"https:\/\/www.taborcernypotok.cz\/detsky-tabor\/zimni-tabor\/archiv-zimnich-taboru\/","og_site_name":"D\u011btsk\u00fd T\u00e1bor \u010cern\u00fd Potok","article_modified_time":"2022-02-28T12:09:25+00:00","twitter_card":"summary_large_image","twitter_misc":{"Odhadovan\u00e1 doba \u010dten\u00ed":"1 minuta"},"schema":{"@context":"https:\/\/schema.org","@graph":[{"@type":"WebPage","@id":"https:\/\/www.taborcernypotok.cz\/detsky-tabor\/zimni-tabor\/archiv-zimnich-taboru\/","url":"https:\/\/www.taborcernypotok.cz\/detsky-tabor\/zimni-tabor\/archiv-zimnich-taboru\/","name":"Archiv zimn\u00edch t\u00e1bor\u016f - D\u011btsk\u00fd T\u00e1bor \u010cern\u00fd Potok","isPartOf":{"@id":"https:\/\/www.taborcernypotok.cz\/detsky-tabor\/#website"},"datePublished":"2016-11-21T19:50:09+00:00","dateModified":"2022-02-28T12:09:25+00:00","breadcrumb":{"@id":"https:\/\/www.taborcernypotok.cz\/detsky-tabor\/zimni-tabor\/archiv-zimnich-taboru\/#breadcrumb"},"inLanguage":"cs","potentialAction":[{"@type":"ReadAction","target":["https:\/\/www.taborcernypotok.cz\/detsky-tabor\/zimni-tabor\/archiv-zimnich-taboru\/"]}]},{"@type":"BreadcrumbList","@id":"https:\/\/www.taborcernypotok.cz\/detsky-tabor\/zimni-tabor\/archiv-zimnich-taboru\/#breadcrumb","itemListElement":[{"@type":"ListItem","position":1,"name":"Dom\u016f","item":"https:\/\/www.taborcernypotok.cz\/detsky-tabor\/"},{"@type":"ListItem","position":2,"name":"Zimn\u00ed t\u00e1bor","item":"https:\/\/www.taborcernypotok.cz\/detsky-tabor\/zimni-tabor\/"},{"@type":"ListItem","position":3,"name":"Archiv zimn\u00edch t\u00e1bor\u016f"}]},{"@type":"WebSite","@id":"https:\/\/www.taborcernypotok.cz\/detsky-tabor\/#website","url":"https:\/\/www.taborcernypotok.cz\/detsky-tabor\/","name":"D\u011btsk\u00fd T\u00e1bor \u010cern\u00fd Potok","description":"D\u011btsk\u00e9 t\u00e1bory Rychlebsk\u00e9 Hory","potentialAction":[{"@type":"SearchAction","target":{"@type":"EntryPoint","urlTemplate":"https:\/\/www.taborcernypotok.cz\/detsky-tabor\/?s={search_term_string}"},"query-input":{"@type":"PropertyValueSpecification","valueRequired":true,"valueName":"search_term_string"}}],"inLanguage":"cs"}]}},"_links":{"self":[{"href":"https:\/\/www.taborcernypotok.cz\/detsky-tabor\/wp-json\/wp\/v2\/pages\/98","targetHints":{"allow":["GET"]}}],"collection":[{"href":"https:\/\/www.taborcernypotok.cz\/detsky-tabor\/wp-json\/wp\/v2\/pages"}],"about":[{"href":"https:\/\/www.taborcernypotok.cz\/detsky-tabor\/wp-json\/wp\/v2\/types\/page"}],"author":[{"embeddable":true,"href":"https:\/\/www.taborcernypotok.cz\/detsky-tabor\/wp-json\/wp\/v2\/users\/1"}],"replies":[{"embeddable":true,"href":"https:\/\/www.taborcernypotok.cz\/detsky-tabor\/wp-json\/wp\/v2\/comments?post=98"}],"version-history":[{"count":6,"href":"https:\/\/www.taborcernypotok.cz\/detsky-tabor\/wp-json\/wp\/v2\/pages\/98\/revisions"}],"predecessor-version":[{"id":6540,"href":"https:\/\/www.taborcernypotok.cz\/detsky-tabor\/wp-json\/wp\/v2\/pages\/98\/revisions\/6540"}],"up":[{"embeddable":true,"href":"https:\/\/www.taborcernypotok.cz\/detsky-tabor\/wp-json\/wp\/v2\/pages\/91"}],"wp:attachment":[{"href":"https:\/\/www.taborcernypotok.cz\/detsky-tabor\/wp-json\/wp\/v2\/media?parent=98"}],"curies":[{"name":"wp","href":"https:\/\/api.w.org\/{rel}","templated":true}]}}