{"id":9915,"date":"2024-02-21T00:05:43","date_gmt":"2024-02-20T23:05:43","guid":{"rendered":"https:\/\/www.taborcernypotok.cz\/detsky-tabor\/?page_id=9915"},"modified":"2025-05-26T20:44:51","modified_gmt":"2025-05-26T19:44:51","slug":"2024-liska-letni-instruktorska-skola","status":"publish","type":"page","link":"https:\/\/www.taborcernypotok.cz\/detsky-tabor\/letni-tabor\/archiv-letnich-taboru\/2024-liska-letni-instruktorska-skola\/","title":{"rendered":"2024 LI\u0160KA letn\u00ed instruktorsk\u00e1 \u0161kola"},"content":{"rendered":"\n<h1 class=\"wp-block-heading\">LI\u0160KA letn\u00ed instruktorsk\u00e1 \u0161kola<\/h1>\n\n\n\n<p><strong>0.TURNUS | 7 DN\u00cd | 23.6. &#8211; 29.6. 2024 | z\u00e1jemci o pr\u00e1ci t\u00e1borov\u00e9ho instruktora od 16 let <\/strong><\/p>\n\n\n\n<p>LI\u0160KA je origin\u00e1ln\u00ed z\u00e1\u017eitkov\u00fd kurz pro ty, kte\u0159\u00ed p\u0159ekro\u010dili v\u011bkovou hranici 16 let a st\u00e1le se jim na t\u00e1borech l\u00edb\u00ed. Cht\u011bli byste se nau\u010dit b\u00fdt dobr\u00fdm instruktorem z\u00e1bavn\u00fdch her a z\u00e1\u017eitkov\u00fdch aktivit? Tak potom nem\u016f\u017eete chyb\u011bt na na\u0161em v\u00fdcvikov\u00e9m t\u00e1bo\u0159e, kter\u00fd v\u00e1m nab\u00eddne pohled na p\u0159\u00edpravu her z druh\u00e9 strany.<\/p>\n\n\n\n<p>LI\u0160KA v\u00e1m nab\u00eddne z\u00e1kladn\u00ed v\u00fdcvik prvn\u00ed pomoci a z\u00e1chrany na vod\u011b, pravidla bezpe\u010dnosti p\u0159i hr\u00e1ch, t\u00e1bornick\u00e9 dovednosti a z\u00e1klady p\u0159e\u017eit\u00ed v p\u0159\u00edrod\u011b. Nebude chyb\u011bt hereck\u00fd workshop a nau\u010d\u00edme v\u00e1s, jak mluvit a vystupovat p\u0159ed skupinou. Sezn\u00e1m\u00edme v\u00e1s s pravidly p\u0159\u00edpravy her a prakticky si vyzkou\u0161\u00edte uv\u00e1d\u011bn\u00ed t\u00e1borov\u00fdch program\u016f. Po ka\u017ed\u00e9 akci v\u00e1m poskytneme zp\u011btnou vazbu a radu, v \u010dem se zlep\u0161it. D\u016fle\u017eitou sou\u010d\u00e1st\u00ed \u0161kolen\u00ed je i profil instruktora a psychologick\u00e9 zvl\u00e1\u0161tnosti jednotliv\u00fdch v\u011bkov\u00fdch kategori\u00ed, se kter\u00fdmi se budete na t\u00e1bo\u0159e potk\u00e1vat.<\/p>\n\n\n\n<p>Celou LI\u0160KOU v\u00e1s budou prov\u00e1zet na\u0161i nejzku\u0161en\u011bj\u0161\u00ed instrukto\u0159i a specialist\u00e9 z \u0159ad z\u00e1chran\u00e1\u0159\u016f a lektor\u016f na p\u0159e\u017eit\u00ed v p\u0159\u00edrod\u011b.<\/p>\n\n\n\n<p>P\u0159i bezprobl\u00e9mov\u00e9m absolvov\u00e1n\u00ed kurzu bude LI\u0160KA zakon\u010dena p\u0159ed\u00e1n\u00edm certifik\u00e1tu.<br>Na cel\u00fd pr\u016fb\u011bh LI\u0160KY se m\u016f\u017eete p\u0159edp\u0159ipravit na instruktorsk\u00fdch v\u00edkendovk\u00e1ch (duben, kv\u011bten), nebo jako pomocn\u00fd instruktor na \u0161koln\u00edch v\u00fdletech (kv\u011bten, \u010derven). \u00dasp\u011b\u0161n\u00fdm absolvent\u016fm na\u0161eho kurzu bude nab\u00eddnuta \u00fa\u010dast na turnusech t\u00e1bora \u010cern\u00fd Potok v pozici za\u010d\u00ednaj\u00edc\u00edho instruktora &#8211; el\u00e9va. M\u016f\u017ee to b\u00fdt pro v\u00e1s prvn\u00ed zku\u0161enost a z\u00e1rove\u0148 start va\u0161\u00ed instruktorsk\u00e9 kari\u00e9ry a v\u00fdhodnou ka\u017edoro\u010dn\u00ed brig\u00e1dou p\u0159i studiu. T\u011b\u0161\u00edme se na v\u00e1s.<\/p>\n\n\n\n<div style=\"height:50px\" aria-hidden=\"true\" class=\"wp-block-spacer\"><\/div>\n\n\n\n<p><strong>V\u011bkov\u00e1 kategorie:<\/strong> 16+ (ro\u010dn\u00edk od 2008) ho\u0161i i d\u00edvky<br><strong>M\u00edsto:<\/strong> T\u00e1bor \u010cern\u00fd Potok Velk\u00e1 Kra\u0161 u Vidnavy<br><strong>Doprava:<\/strong> vlastn\u00ed<br><strong>Garant:<\/strong> Mgr. Roman Lipavsk\u00fd<br><strong>Cena: <\/strong><\/p>\n\n\n\n<ul class=\"wp-block-list\">\n<li>4200,- K\u010d pro studenty se z\u00e1jmem pracovat na T\u00e1bo\u0159e \u010cern\u00fd Potok<\/li>\n\n\n\n<li>5600,- K\u010d pro ostatn\u00ed uchaze\u010de<br><\/li>\n<\/ul>\n\n\n\n<p><strong>Cena zahrnuje:<\/strong><\/p>\n\n\n\n<ul class=\"wp-block-list\">\n<li>7 dn\u016f aktivit a \u0161kol\u00edc\u00edch program\u016f pod veden\u00edm \u0161kolen\u00fdch instruktor\u016f, specialist\u016f a pracovn\u00edk\u016f \u010cerven\u00e9ho k\u0159\u00ed\u017ee, nebo Z\u00e1chrann\u00e9ho syst\u00e9mu \u010cR,<\/li>\n\n\n\n<li>p\u0159\u00edpadn\u00e9 vstupy na koupali\u0161t\u011b,<\/li>\n\n\n\n<li>ubytov\u00e1n\u00ed s vlastn\u00edm spac\u00e1kem (prost\u011bradlo a povle\u010den\u00fd pol\u0161t\u00e1\u0159 k dispozici),<\/li>\n\n\n\n<li>stravov\u00e1n\u00ed 5x denn\u011b,<\/li>\n\n\n\n<li>celodenn\u00ed pitn\u00fd re\u017eim,<\/li>\n\n\n\n<li>t\u00e1borov\u00e9 tri\u010dko s potiskem p\u0159\u00edslu\u0161n\u00e9ho turnusu,<\/li>\n\n\n\n<li>zap\u016fj\u010den\u00ed kolob\u011b\u017eek a dal\u0161\u00edho sportovn\u00edho vybaven\u00ed pro voln\u00fd \u010das,<\/li>\n\n\n\n<li>poji\u0161t\u011bn\u00ed proti zp\u016fsoben\u00e9 \u0161kod\u011b v r\u00e1mci organizovan\u00e9ho programu.<\/li>\n<\/ul>\n\n\n\n<div style=\"height:50px\" aria-hidden=\"true\" class=\"wp-block-spacer\"><\/div>\n\n\n\n<div class=\"wp-block-columns is-layout-flex wp-container-core-columns-is-layout-9d6595d7 wp-block-columns-is-layout-flex\">\n<div class=\"wp-block-column is-layout-flow wp-block-column-is-layout-flow\" style=\"flex-basis:25%\"><\/div>\n\n\n\n<div class=\"wp-block-column is-layout-flow wp-block-column-is-layout-flow\" style=\"flex-basis:50%\"><\/div>\n\n\n\n<div class=\"wp-block-column is-layout-flow wp-block-column-is-layout-flow\" style=\"flex-basis:25%\"><\/div>\n<\/div>\n","protected":false},"excerpt":{"rendered":"<p>LI\u0160KA letn\u00ed instruktorsk\u00e1 \u0161kola 0.TURNUS | 7 DN\u00cd | 23.6. &#8211; 29.6. 2024 | z\u00e1jemci o pr\u00e1ci t\u00e1borov\u00e9ho instruktora od 16 let LI\u0160KA je origin\u00e1ln\u00ed z\u00e1\u017eitkov\u00fd kurz pro ty, kte\u0159\u00ed p\u0159ekro\u010dili v\u011bkovou hranici 16 let a st\u00e1le se jim na t\u00e1borech l\u00edb\u00ed. Cht\u011bli byste se nau\u010dit b\u00fdt dobr\u00fdm instruktorem z\u00e1bavn\u00fdch her a z\u00e1\u017eitkov\u00fdch aktivit? Tak\u2026<\/p>\n","protected":false},"author":1,"featured_media":0,"parent":59,"menu_order":0,"comment_status":"closed","ping_status":"closed","template":"","meta":{"footnotes":""},"class_list":["post-9915","page","type-page","status-publish","hentry"],"yoast_head":"<!-- This site is optimized with the Yoast SEO plugin v26.5 - https:\/\/yoast.com\/wordpress\/plugins\/seo\/ -->\n<title>2024 LI\u0160KA letn\u00ed instruktorsk\u00e1 \u0161kola - D\u011btsk\u00fd T\u00e1bor \u010cern\u00fd Potok<\/title>\n<meta name=\"robots\" content=\"index, follow, max-snippet:-1, max-image-preview:large, max-video-preview:-1\" \/>\n<link rel=\"canonical\" href=\"https:\/\/www.taborcernypotok.cz\/detsky-tabor\/letni-tabor\/archiv-letnich-taboru\/2024-liska-letni-instruktorska-skola\/\" \/>\n<meta property=\"og:locale\" content=\"cs_CZ\" \/>\n<meta property=\"og:type\" content=\"article\" \/>\n<meta property=\"og:title\" content=\"2024 LI\u0160KA letn\u00ed instruktorsk\u00e1 \u0161kola - D\u011btsk\u00fd T\u00e1bor \u010cern\u00fd Potok\" \/>\n<meta property=\"og:description\" content=\"LI\u0160KA letn\u00ed instruktorsk\u00e1 \u0161kola 0.TURNUS | 7 DN\u00cd | 23.6. &#8211; 29.6. 2024 | z\u00e1jemci o pr\u00e1ci t\u00e1borov\u00e9ho instruktora od 16 let LI\u0160KA je origin\u00e1ln\u00ed z\u00e1\u017eitkov\u00fd kurz pro ty, kte\u0159\u00ed p\u0159ekro\u010dili v\u011bkovou hranici 16 let a st\u00e1le se jim na t\u00e1borech l\u00edb\u00ed. Cht\u011bli byste se nau\u010dit b\u00fdt dobr\u00fdm instruktorem z\u00e1bavn\u00fdch her a z\u00e1\u017eitkov\u00fdch aktivit? Tak\u2026\" \/>\n<meta property=\"og:url\" content=\"https:\/\/www.taborcernypotok.cz\/detsky-tabor\/letni-tabor\/archiv-letnich-taboru\/2024-liska-letni-instruktorska-skola\/\" \/>\n<meta property=\"og:site_name\" content=\"D\u011btsk\u00fd T\u00e1bor \u010cern\u00fd Potok\" \/>\n<meta property=\"article:modified_time\" content=\"2025-05-26T19:44:51+00:00\" \/>\n<meta name=\"twitter:card\" content=\"summary_large_image\" \/>\n<meta name=\"twitter:label1\" content=\"Odhadovan\u00e1 doba \u010dten\u00ed\" \/>\n\t<meta name=\"twitter:data1\" content=\"2 minuty\" \/>\n<script type=\"application\/ld+json\" class=\"yoast-schema-graph\">{\"@context\":\"https:\/\/schema.org\",\"@graph\":[{\"@type\":\"WebPage\",\"@id\":\"https:\/\/www.taborcernypotok.cz\/detsky-tabor\/letni-tabor\/archiv-letnich-taboru\/2024-liska-letni-instruktorska-skola\/\",\"url\":\"https:\/\/www.taborcernypotok.cz\/detsky-tabor\/letni-tabor\/archiv-letnich-taboru\/2024-liska-letni-instruktorska-skola\/\",\"name\":\"2024 LI\u0160KA letn\u00ed instruktorsk\u00e1 \u0161kola - D\u011btsk\u00fd T\u00e1bor \u010cern\u00fd Potok\",\"isPartOf\":{\"@id\":\"https:\/\/www.taborcernypotok.cz\/detsky-tabor\/#website\"},\"datePublished\":\"2024-02-20T23:05:43+00:00\",\"dateModified\":\"2025-05-26T19:44:51+00:00\",\"breadcrumb\":{\"@id\":\"https:\/\/www.taborcernypotok.cz\/detsky-tabor\/letni-tabor\/archiv-letnich-taboru\/2024-liska-letni-instruktorska-skola\/#breadcrumb\"},\"inLanguage\":\"cs\",\"potentialAction\":[{\"@type\":\"ReadAction\",\"target\":[\"https:\/\/www.taborcernypotok.cz\/detsky-tabor\/letni-tabor\/archiv-letnich-taboru\/2024-liska-letni-instruktorska-skola\/\"]}]},{\"@type\":\"BreadcrumbList\",\"@id\":\"https:\/\/www.taborcernypotok.cz\/detsky-tabor\/letni-tabor\/archiv-letnich-taboru\/2024-liska-letni-instruktorska-skola\/#breadcrumb\",\"itemListElement\":[{\"@type\":\"ListItem\",\"position\":1,\"name\":\"Dom\u016f\",\"item\":\"https:\/\/www.taborcernypotok.cz\/detsky-tabor\/\"},{\"@type\":\"ListItem\",\"position\":2,\"name\":\"Letn\u00ed t\u00e1bor\",\"item\":\"https:\/\/www.taborcernypotok.cz\/detsky-tabor\/letni-tabor\/\"},{\"@type\":\"ListItem\",\"position\":3,\"name\":\"Archiv letn\u00edch t\u00e1bor\u016f\",\"item\":\"https:\/\/www.taborcernypotok.cz\/detsky-tabor\/letni-tabor\/archiv-letnich-taboru\/\"},{\"@type\":\"ListItem\",\"position\":4,\"name\":\"2024 LI\u0160KA letn\u00ed instruktorsk\u00e1 \u0161kola\"}]},{\"@type\":\"WebSite\",\"@id\":\"https:\/\/www.taborcernypotok.cz\/detsky-tabor\/#website\",\"url\":\"https:\/\/www.taborcernypotok.cz\/detsky-tabor\/\",\"name\":\"D\u011btsk\u00fd T\u00e1bor \u010cern\u00fd Potok\",\"description\":\"D\u011btsk\u00e9 t\u00e1bory Rychlebsk\u00e9 Hory\",\"potentialAction\":[{\"@type\":\"SearchAction\",\"target\":{\"@type\":\"EntryPoint\",\"urlTemplate\":\"https:\/\/www.taborcernypotok.cz\/detsky-tabor\/?s={search_term_string}\"},\"query-input\":{\"@type\":\"PropertyValueSpecification\",\"valueRequired\":true,\"valueName\":\"search_term_string\"}}],\"inLanguage\":\"cs\"}]}<\/script>\n<!-- \/ Yoast SEO plugin. -->","yoast_head_json":{"title":"2024 LI\u0160KA letn\u00ed instruktorsk\u00e1 \u0161kola - D\u011btsk\u00fd T\u00e1bor \u010cern\u00fd Potok","robots":{"index":"index","follow":"follow","max-snippet":"max-snippet:-1","max-image-preview":"max-image-preview:large","max-video-preview":"max-video-preview:-1"},"canonical":"https:\/\/www.taborcernypotok.cz\/detsky-tabor\/letni-tabor\/archiv-letnich-taboru\/2024-liska-letni-instruktorska-skola\/","og_locale":"cs_CZ","og_type":"article","og_title":"2024 LI\u0160KA letn\u00ed instruktorsk\u00e1 \u0161kola - D\u011btsk\u00fd T\u00e1bor \u010cern\u00fd Potok","og_description":"LI\u0160KA letn\u00ed instruktorsk\u00e1 \u0161kola 0.TURNUS | 7 DN\u00cd | 23.6. &#8211; 29.6. 2024 | z\u00e1jemci o pr\u00e1ci t\u00e1borov\u00e9ho instruktora od 16 let LI\u0160KA je origin\u00e1ln\u00ed z\u00e1\u017eitkov\u00fd kurz pro ty, kte\u0159\u00ed p\u0159ekro\u010dili v\u011bkovou hranici 16 let a st\u00e1le se jim na t\u00e1borech l\u00edb\u00ed. Cht\u011bli byste se nau\u010dit b\u00fdt dobr\u00fdm instruktorem z\u00e1bavn\u00fdch her a z\u00e1\u017eitkov\u00fdch aktivit? Tak\u2026","og_url":"https:\/\/www.taborcernypotok.cz\/detsky-tabor\/letni-tabor\/archiv-letnich-taboru\/2024-liska-letni-instruktorska-skola\/","og_site_name":"D\u011btsk\u00fd T\u00e1bor \u010cern\u00fd Potok","article_modified_time":"2025-05-26T19:44:51+00:00","twitter_card":"summary_large_image","twitter_misc":{"Odhadovan\u00e1 doba \u010dten\u00ed":"2 minuty"},"schema":{"@context":"https:\/\/schema.org","@graph":[{"@type":"WebPage","@id":"https:\/\/www.taborcernypotok.cz\/detsky-tabor\/letni-tabor\/archiv-letnich-taboru\/2024-liska-letni-instruktorska-skola\/","url":"https:\/\/www.taborcernypotok.cz\/detsky-tabor\/letni-tabor\/archiv-letnich-taboru\/2024-liska-letni-instruktorska-skola\/","name":"2024 LI\u0160KA letn\u00ed instruktorsk\u00e1 \u0161kola - D\u011btsk\u00fd T\u00e1bor \u010cern\u00fd Potok","isPartOf":{"@id":"https:\/\/www.taborcernypotok.cz\/detsky-tabor\/#website"},"datePublished":"2024-02-20T23:05:43+00:00","dateModified":"2025-05-26T19:44:51+00:00","breadcrumb":{"@id":"https:\/\/www.taborcernypotok.cz\/detsky-tabor\/letni-tabor\/archiv-letnich-taboru\/2024-liska-letni-instruktorska-skola\/#breadcrumb"},"inLanguage":"cs","potentialAction":[{"@type":"ReadAction","target":["https:\/\/www.taborcernypotok.cz\/detsky-tabor\/letni-tabor\/archiv-letnich-taboru\/2024-liska-letni-instruktorska-skola\/"]}]},{"@type":"BreadcrumbList","@id":"https:\/\/www.taborcernypotok.cz\/detsky-tabor\/letni-tabor\/archiv-letnich-taboru\/2024-liska-letni-instruktorska-skola\/#breadcrumb","itemListElement":[{"@type":"ListItem","position":1,"name":"Dom\u016f","item":"https:\/\/www.taborcernypotok.cz\/detsky-tabor\/"},{"@type":"ListItem","position":2,"name":"Letn\u00ed t\u00e1bor","item":"https:\/\/www.taborcernypotok.cz\/detsky-tabor\/letni-tabor\/"},{"@type":"ListItem","position":3,"name":"Archiv letn\u00edch t\u00e1bor\u016f","item":"https:\/\/www.taborcernypotok.cz\/detsky-tabor\/letni-tabor\/archiv-letnich-taboru\/"},{"@type":"ListItem","position":4,"name":"2024 LI\u0160KA letn\u00ed instruktorsk\u00e1 \u0161kola"}]},{"@type":"WebSite","@id":"https:\/\/www.taborcernypotok.cz\/detsky-tabor\/#website","url":"https:\/\/www.taborcernypotok.cz\/detsky-tabor\/","name":"D\u011btsk\u00fd T\u00e1bor \u010cern\u00fd Potok","description":"D\u011btsk\u00e9 t\u00e1bory Rychlebsk\u00e9 Hory","potentialAction":[{"@type":"SearchAction","target":{"@type":"EntryPoint","urlTemplate":"https:\/\/www.taborcernypotok.cz\/detsky-tabor\/?s={search_term_string}"},"query-input":{"@type":"PropertyValueSpecification","valueRequired":true,"valueName":"search_term_string"}}],"inLanguage":"cs"}]}},"_links":{"self":[{"href":"https:\/\/www.taborcernypotok.cz\/detsky-tabor\/wp-json\/wp\/v2\/pages\/9915","targetHints":{"allow":["GET"]}}],"collection":[{"href":"https:\/\/www.taborcernypotok.cz\/detsky-tabor\/wp-json\/wp\/v2\/pages"}],"about":[{"href":"https:\/\/www.taborcernypotok.cz\/detsky-tabor\/wp-json\/wp\/v2\/types\/page"}],"author":[{"embeddable":true,"href":"https:\/\/www.taborcernypotok.cz\/detsky-tabor\/wp-json\/wp\/v2\/users\/1"}],"replies":[{"embeddable":true,"href":"https:\/\/www.taborcernypotok.cz\/detsky-tabor\/wp-json\/wp\/v2\/comments?post=9915"}],"version-history":[{"count":8,"href":"https:\/\/www.taborcernypotok.cz\/detsky-tabor\/wp-json\/wp\/v2\/pages\/9915\/revisions"}],"predecessor-version":[{"id":12037,"href":"https:\/\/www.taborcernypotok.cz\/detsky-tabor\/wp-json\/wp\/v2\/pages\/9915\/revisions\/12037"}],"up":[{"embeddable":true,"href":"https:\/\/www.taborcernypotok.cz\/detsky-tabor\/wp-json\/wp\/v2\/pages\/59"}],"wp:attachment":[{"href":"https:\/\/www.taborcernypotok.cz\/detsky-tabor\/wp-json\/wp\/v2\/media?parent=9915"}],"curies":[{"name":"wp","href":"https:\/\/api.w.org\/{rel}","templated":true}]}}