{"id":9947,"date":"2024-02-21T00:33:04","date_gmt":"2024-02-20T23:33:04","guid":{"rendered":"https:\/\/www.taborcernypotok.cz\/detsky-tabor\/?page_id=9947"},"modified":"2025-05-26T20:44:27","modified_gmt":"2025-05-26T19:44:27","slug":"2024-hunger-games","status":"publish","type":"page","link":"https:\/\/www.taborcernypotok.cz\/detsky-tabor\/letni-tabor\/archiv-letnich-taboru\/2024-hunger-games\/","title":{"rendered":"2024 HUNGER GAMES"},"content":{"rendered":"\n<h1 class=\"wp-block-heading\">HUNGER GAMES<\/h1>\n\n\n\n<p><strong>4.TURNUS | 8 DN\u00cd | 4.-11.8. 2024 | 13-16 let | ak\u010dn\u00ed \u2013 dobrodru\u017en\u00fd<br><\/strong><em>&#8211; Ak\u010dn\u00ed program voln\u011b inspirovan\u00fd filmovou s\u00e9ri\u00ed Hunger Games.<\/em><\/p>\n\n\n\n<p>Kdysi d\u00e1vno \u017eili lid\u00e9 v zemi Panem. Ta se skl\u00e1dala z deseti kraj\u016f a hlavn\u00edho m\u011bsta &#8211; Kapitolu. Hlavn\u00ed m\u011bsto v\u0161ak za\u010dalo ostatn\u00ed kraje vyko\u0159is\u0165ovat a ty se proti n\u011bmu vzbou\u0159ily. Jejich zaostalost se v\u0161ak nemohla m\u011b\u0159it s technologicky i vojensky pokro\u010dilej\u0161\u00edm Kapitolem, kter\u00fd je v ob\u010dansk\u00e9 v\u00e1lce porazil.<br>Od t\u00e9 doby se konaj\u00ed Hunger Games &#8211; hladov\u00e9 hry. Na pam\u00e1tku por\u00e1\u017eky kraj\u016f, aby nikdy nezapomn\u011bly, kde je jejich m\u00edsto se po\u0159\u00e1d\u00e1 krut\u00e1 \u201creality show\u201d.<\/p>\n\n\n\n<p>Ka\u017ed\u00fd rok se v r\u00e1mci tzv. \u201cSklizn\u011b\u201d z ka\u017ed\u00e9ho kraje vybere n\u011bkolik mlad\u00fdch chlapc\u016f a d\u00edvek, kte\u0159\u00ed maj\u00ed proti sob\u011b bojovat v ar\u00e9n\u011b na \u017eivot a na smrt. V\u00edt\u011bz m\u016f\u017ee b\u00fdt jen jeden. Pro\u017eij s n\u00e1mi p\u0159\u00edb\u011bh pln\u00fd nap\u011bt\u00ed, lidskosti, osobn\u00ed odvahy, ale i legrace. Speci\u00e1ln\u00ed program pro teenagery, kte\u0159\u00ed tou\u017e\u00ed pro\u017e\u00edt sv\u016fj dobrodru\u017en\u00fd p\u0159\u00edb\u011bh doopravdy.<\/p>\n\n\n\n<div style=\"height:50px\" aria-hidden=\"true\" class=\"wp-block-spacer\"><\/div>\n\n\n\n<p><strong>V\u011bkov\u00e1 kategorie:<\/strong> 13-16 let ho\u0161i i d\u00edvky<br><strong>M\u00edsto:<\/strong> T\u00e1bor \u010cern\u00fd Potok Velk\u00e1 Kra\u0161 u Vidnavy<br><strong>Garant:<\/strong> Mgr. Roman Lipavsk\u00fd<br><strong>Cena: <\/strong>5990,- K\u010d<br><strong>Cena zahrnuje:<\/strong><\/p>\n\n\n\n<ul class=\"wp-block-list\">\n<li>8 dn\u016f programu a her pod veden\u00edm \u0161kolen\u00fdch instruktor\u016f, tren\u00e9r\u016f a pedagogick\u00fdch pracovn\u00edk\u016f,<\/li>\n\n\n\n<li>Zaji\u0161t\u011bn\u00ed zdravotn\u00edho dozoru l\u00e9ka\u0159em nebo zdravotn\u00edm pracovn\u00edkem,<\/li>\n\n\n\n<li>Vstupy na koupali\u0161t\u011b (dle po\u010das\u00ed a programu),<\/li>\n\n\n\n<li>Ubytov\u00e1n\u00ed v d\u0159ev\u011bn\u00fdch chatk\u00e1ch s prost\u011bradlem a povle\u010den\u00fdm pol\u0161t\u00e1\u0159em (vlastn\u00ed spac\u00e1k)<\/li>\n\n\n\n<li>Stravov\u00e1n\u00ed 5x denn\u011b,<\/li>\n\n\n\n<li>Celodenn\u00ed pitn\u00fd re\u017eim (\u010daj, \u0161\u0165\u00e1va)<\/li>\n\n\n\n<li>Doprava busem (trasa \u0160umperk &#8211; Jesen\u00edk &#8211; \u010cern\u00fd Potok a zp\u011bt)<\/li>\n\n\n\n<li>T\u00e1borov\u00e9 triko s potiskem p\u0159\u00edslu\u0161n\u00e9ho turnusu,<\/li>\n\n\n\n<li>Zap\u016fj\u010den\u00ed sportovn\u00edho vybaven\u00ed pro voln\u00fd \u010das \u00fa\u010dastn\u00edk\u016f,<\/li>\n\n\n\n<li>Poji\u0161t\u011bn\u00ed proti zp\u016fsoben\u00e9 \u0161kod\u011b v r\u00e1mci organizovan\u00e9ho programu.<\/li>\n<\/ul>\n\n\n\n<div style=\"height:50px\" aria-hidden=\"true\" class=\"wp-block-spacer\"><\/div>\n\n\n\n<div class=\"wp-block-columns is-layout-flex wp-container-core-columns-is-layout-9d6595d7 wp-block-columns-is-layout-flex\">\n<div class=\"wp-block-column is-layout-flow wp-block-column-is-layout-flow\" style=\"flex-basis:25%\"><\/div>\n\n\n\n<div class=\"wp-block-column is-layout-flow wp-block-column-is-layout-flow\" style=\"flex-basis:50%\"><\/div>\n\n\n\n<div class=\"wp-block-column is-layout-flow wp-block-column-is-layout-flow\" style=\"flex-basis:25%\"><\/div>\n<\/div>\n","protected":false},"excerpt":{"rendered":"<p>HUNGER GAMES 4.TURNUS | 8 DN\u00cd | 4.-11.8. 2024 | 13-16 let | ak\u010dn\u00ed \u2013 dobrodru\u017en\u00fd&#8211; Ak\u010dn\u00ed program voln\u011b inspirovan\u00fd filmovou s\u00e9ri\u00ed Hunger Games. Kdysi d\u00e1vno \u017eili lid\u00e9 v zemi Panem. Ta se skl\u00e1dala z deseti kraj\u016f a hlavn\u00edho m\u011bsta &#8211; Kapitolu. Hlavn\u00ed m\u011bsto v\u0161ak za\u010dalo ostatn\u00ed kraje vyko\u0159is\u0165ovat a ty se proti n\u011bmu vzbou\u0159ily.\u2026<\/p>\n","protected":false},"author":1,"featured_media":0,"parent":59,"menu_order":0,"comment_status":"closed","ping_status":"closed","template":"","meta":{"footnotes":""},"class_list":["post-9947","page","type-page","status-publish","hentry"],"yoast_head":"<!-- This site is optimized with the Yoast SEO plugin v26.5 - https:\/\/yoast.com\/wordpress\/plugins\/seo\/ -->\n<title>2024 HUNGER GAMES - D\u011btsk\u00fd T\u00e1bor \u010cern\u00fd Potok<\/title>\n<meta name=\"robots\" content=\"index, follow, max-snippet:-1, max-image-preview:large, max-video-preview:-1\" \/>\n<link rel=\"canonical\" href=\"https:\/\/www.taborcernypotok.cz\/detsky-tabor\/letni-tabor\/archiv-letnich-taboru\/2024-hunger-games\/\" \/>\n<meta property=\"og:locale\" content=\"cs_CZ\" \/>\n<meta property=\"og:type\" content=\"article\" \/>\n<meta property=\"og:title\" content=\"2024 HUNGER GAMES - D\u011btsk\u00fd T\u00e1bor \u010cern\u00fd Potok\" \/>\n<meta property=\"og:description\" content=\"HUNGER GAMES 4.TURNUS | 8 DN\u00cd | 4.-11.8. 2024 | 13-16 let | ak\u010dn\u00ed \u2013 dobrodru\u017en\u00fd&#8211; Ak\u010dn\u00ed program voln\u011b inspirovan\u00fd filmovou s\u00e9ri\u00ed Hunger Games. Kdysi d\u00e1vno \u017eili lid\u00e9 v zemi Panem. Ta se skl\u00e1dala z deseti kraj\u016f a hlavn\u00edho m\u011bsta &#8211; Kapitolu. Hlavn\u00ed m\u011bsto v\u0161ak za\u010dalo ostatn\u00ed kraje vyko\u0159is\u0165ovat a ty se proti n\u011bmu vzbou\u0159ily.\u2026\" \/>\n<meta property=\"og:url\" content=\"https:\/\/www.taborcernypotok.cz\/detsky-tabor\/letni-tabor\/archiv-letnich-taboru\/2024-hunger-games\/\" \/>\n<meta property=\"og:site_name\" content=\"D\u011btsk\u00fd T\u00e1bor \u010cern\u00fd Potok\" \/>\n<meta property=\"article:modified_time\" content=\"2025-05-26T19:44:27+00:00\" \/>\n<meta name=\"twitter:card\" content=\"summary_large_image\" \/>\n<meta name=\"twitter:label1\" content=\"Odhadovan\u00e1 doba \u010dten\u00ed\" \/>\n\t<meta name=\"twitter:data1\" content=\"3 minuty\" \/>\n<script type=\"application\/ld+json\" class=\"yoast-schema-graph\">{\"@context\":\"https:\/\/schema.org\",\"@graph\":[{\"@type\":\"WebPage\",\"@id\":\"https:\/\/www.taborcernypotok.cz\/detsky-tabor\/letni-tabor\/archiv-letnich-taboru\/2024-hunger-games\/\",\"url\":\"https:\/\/www.taborcernypotok.cz\/detsky-tabor\/letni-tabor\/archiv-letnich-taboru\/2024-hunger-games\/\",\"name\":\"2024 HUNGER GAMES - D\u011btsk\u00fd T\u00e1bor \u010cern\u00fd Potok\",\"isPartOf\":{\"@id\":\"https:\/\/www.taborcernypotok.cz\/detsky-tabor\/#website\"},\"datePublished\":\"2024-02-20T23:33:04+00:00\",\"dateModified\":\"2025-05-26T19:44:27+00:00\",\"breadcrumb\":{\"@id\":\"https:\/\/www.taborcernypotok.cz\/detsky-tabor\/letni-tabor\/archiv-letnich-taboru\/2024-hunger-games\/#breadcrumb\"},\"inLanguage\":\"cs\",\"potentialAction\":[{\"@type\":\"ReadAction\",\"target\":[\"https:\/\/www.taborcernypotok.cz\/detsky-tabor\/letni-tabor\/archiv-letnich-taboru\/2024-hunger-games\/\"]}]},{\"@type\":\"BreadcrumbList\",\"@id\":\"https:\/\/www.taborcernypotok.cz\/detsky-tabor\/letni-tabor\/archiv-letnich-taboru\/2024-hunger-games\/#breadcrumb\",\"itemListElement\":[{\"@type\":\"ListItem\",\"position\":1,\"name\":\"Dom\u016f\",\"item\":\"https:\/\/www.taborcernypotok.cz\/detsky-tabor\/\"},{\"@type\":\"ListItem\",\"position\":2,\"name\":\"Letn\u00ed t\u00e1bor\",\"item\":\"https:\/\/www.taborcernypotok.cz\/detsky-tabor\/letni-tabor\/\"},{\"@type\":\"ListItem\",\"position\":3,\"name\":\"Archiv letn\u00edch t\u00e1bor\u016f\",\"item\":\"https:\/\/www.taborcernypotok.cz\/detsky-tabor\/letni-tabor\/archiv-letnich-taboru\/\"},{\"@type\":\"ListItem\",\"position\":4,\"name\":\"2024 HUNGER GAMES\"}]},{\"@type\":\"WebSite\",\"@id\":\"https:\/\/www.taborcernypotok.cz\/detsky-tabor\/#website\",\"url\":\"https:\/\/www.taborcernypotok.cz\/detsky-tabor\/\",\"name\":\"D\u011btsk\u00fd T\u00e1bor \u010cern\u00fd Potok\",\"description\":\"D\u011btsk\u00e9 t\u00e1bory Rychlebsk\u00e9 Hory\",\"potentialAction\":[{\"@type\":\"SearchAction\",\"target\":{\"@type\":\"EntryPoint\",\"urlTemplate\":\"https:\/\/www.taborcernypotok.cz\/detsky-tabor\/?s={search_term_string}\"},\"query-input\":{\"@type\":\"PropertyValueSpecification\",\"valueRequired\":true,\"valueName\":\"search_term_string\"}}],\"inLanguage\":\"cs\"}]}<\/script>\n<!-- \/ Yoast SEO plugin. -->","yoast_head_json":{"title":"2024 HUNGER GAMES - D\u011btsk\u00fd T\u00e1bor \u010cern\u00fd Potok","robots":{"index":"index","follow":"follow","max-snippet":"max-snippet:-1","max-image-preview":"max-image-preview:large","max-video-preview":"max-video-preview:-1"},"canonical":"https:\/\/www.taborcernypotok.cz\/detsky-tabor\/letni-tabor\/archiv-letnich-taboru\/2024-hunger-games\/","og_locale":"cs_CZ","og_type":"article","og_title":"2024 HUNGER GAMES - D\u011btsk\u00fd T\u00e1bor \u010cern\u00fd Potok","og_description":"HUNGER GAMES 4.TURNUS | 8 DN\u00cd | 4.-11.8. 2024 | 13-16 let | ak\u010dn\u00ed \u2013 dobrodru\u017en\u00fd&#8211; Ak\u010dn\u00ed program voln\u011b inspirovan\u00fd filmovou s\u00e9ri\u00ed Hunger Games. Kdysi d\u00e1vno \u017eili lid\u00e9 v zemi Panem. Ta se skl\u00e1dala z deseti kraj\u016f a hlavn\u00edho m\u011bsta &#8211; Kapitolu. Hlavn\u00ed m\u011bsto v\u0161ak za\u010dalo ostatn\u00ed kraje vyko\u0159is\u0165ovat a ty se proti n\u011bmu vzbou\u0159ily.\u2026","og_url":"https:\/\/www.taborcernypotok.cz\/detsky-tabor\/letni-tabor\/archiv-letnich-taboru\/2024-hunger-games\/","og_site_name":"D\u011btsk\u00fd T\u00e1bor \u010cern\u00fd Potok","article_modified_time":"2025-05-26T19:44:27+00:00","twitter_card":"summary_large_image","twitter_misc":{"Odhadovan\u00e1 doba \u010dten\u00ed":"3 minuty"},"schema":{"@context":"https:\/\/schema.org","@graph":[{"@type":"WebPage","@id":"https:\/\/www.taborcernypotok.cz\/detsky-tabor\/letni-tabor\/archiv-letnich-taboru\/2024-hunger-games\/","url":"https:\/\/www.taborcernypotok.cz\/detsky-tabor\/letni-tabor\/archiv-letnich-taboru\/2024-hunger-games\/","name":"2024 HUNGER GAMES - D\u011btsk\u00fd T\u00e1bor \u010cern\u00fd Potok","isPartOf":{"@id":"https:\/\/www.taborcernypotok.cz\/detsky-tabor\/#website"},"datePublished":"2024-02-20T23:33:04+00:00","dateModified":"2025-05-26T19:44:27+00:00","breadcrumb":{"@id":"https:\/\/www.taborcernypotok.cz\/detsky-tabor\/letni-tabor\/archiv-letnich-taboru\/2024-hunger-games\/#breadcrumb"},"inLanguage":"cs","potentialAction":[{"@type":"ReadAction","target":["https:\/\/www.taborcernypotok.cz\/detsky-tabor\/letni-tabor\/archiv-letnich-taboru\/2024-hunger-games\/"]}]},{"@type":"BreadcrumbList","@id":"https:\/\/www.taborcernypotok.cz\/detsky-tabor\/letni-tabor\/archiv-letnich-taboru\/2024-hunger-games\/#breadcrumb","itemListElement":[{"@type":"ListItem","position":1,"name":"Dom\u016f","item":"https:\/\/www.taborcernypotok.cz\/detsky-tabor\/"},{"@type":"ListItem","position":2,"name":"Letn\u00ed t\u00e1bor","item":"https:\/\/www.taborcernypotok.cz\/detsky-tabor\/letni-tabor\/"},{"@type":"ListItem","position":3,"name":"Archiv letn\u00edch t\u00e1bor\u016f","item":"https:\/\/www.taborcernypotok.cz\/detsky-tabor\/letni-tabor\/archiv-letnich-taboru\/"},{"@type":"ListItem","position":4,"name":"2024 HUNGER GAMES"}]},{"@type":"WebSite","@id":"https:\/\/www.taborcernypotok.cz\/detsky-tabor\/#website","url":"https:\/\/www.taborcernypotok.cz\/detsky-tabor\/","name":"D\u011btsk\u00fd T\u00e1bor \u010cern\u00fd Potok","description":"D\u011btsk\u00e9 t\u00e1bory Rychlebsk\u00e9 Hory","potentialAction":[{"@type":"SearchAction","target":{"@type":"EntryPoint","urlTemplate":"https:\/\/www.taborcernypotok.cz\/detsky-tabor\/?s={search_term_string}"},"query-input":{"@type":"PropertyValueSpecification","valueRequired":true,"valueName":"search_term_string"}}],"inLanguage":"cs"}]}},"_links":{"self":[{"href":"https:\/\/www.taborcernypotok.cz\/detsky-tabor\/wp-json\/wp\/v2\/pages\/9947","targetHints":{"allow":["GET"]}}],"collection":[{"href":"https:\/\/www.taborcernypotok.cz\/detsky-tabor\/wp-json\/wp\/v2\/pages"}],"about":[{"href":"https:\/\/www.taborcernypotok.cz\/detsky-tabor\/wp-json\/wp\/v2\/types\/page"}],"author":[{"embeddable":true,"href":"https:\/\/www.taborcernypotok.cz\/detsky-tabor\/wp-json\/wp\/v2\/users\/1"}],"replies":[{"embeddable":true,"href":"https:\/\/www.taborcernypotok.cz\/detsky-tabor\/wp-json\/wp\/v2\/comments?post=9947"}],"version-history":[{"count":3,"href":"https:\/\/www.taborcernypotok.cz\/detsky-tabor\/wp-json\/wp\/v2\/pages\/9947\/revisions"}],"predecessor-version":[{"id":12035,"href":"https:\/\/www.taborcernypotok.cz\/detsky-tabor\/wp-json\/wp\/v2\/pages\/9947\/revisions\/12035"}],"up":[{"embeddable":true,"href":"https:\/\/www.taborcernypotok.cz\/detsky-tabor\/wp-json\/wp\/v2\/pages\/59"}],"wp:attachment":[{"href":"https:\/\/www.taborcernypotok.cz\/detsky-tabor\/wp-json\/wp\/v2\/media?parent=9947"}],"curies":[{"name":"wp","href":"https:\/\/api.w.org\/{rel}","templated":true}]}}