{"id":9958,"date":"2024-02-21T00:48:56","date_gmt":"2024-02-20T23:48:56","guid":{"rendered":"https:\/\/www.taborcernypotok.cz\/detsky-tabor\/?page_id=9958"},"modified":"2025-05-26T20:44:41","modified_gmt":"2025-05-26T19:44:41","slug":"2024-kocour-v-botach","status":"publish","type":"page","link":"https:\/\/www.taborcernypotok.cz\/detsky-tabor\/letni-tabor\/archiv-letnich-taboru\/2024-kocour-v-botach\/","title":{"rendered":"2024 KOCOUR V BOT\u00c1CH"},"content":{"rendered":"\n<h1 class=\"wp-block-heading\">KOCOUR V BOT\u00c1CH<\/h1>\n\n\n\n<p><strong>6.TURNUS | 7 DN\u00cd | 18. &#8211; 24.8. 2024 | 6-8 let | vesel\u00fd, poh\u00e1dkov\u00fd<\/strong><br><em>&#8211; voln\u011b inspirov\u00e1no stejnojmenn\u00fdm filmem<\/em><\/p>\n\n\n\n<p>Kdysi a kdesi \u017eil jeden neoby\u010dejn\u00fd hrdina. \u017de to u\u017e zn\u00e1te? A \u017ee princov\u00e9 jsou na draka? Jo a samoz\u0159ejm\u011b si vezme princeznu a dostane je\u0161t\u011b k tomu p\u016fl kr\u00e1lovstv\u00ed\u2026.NUDAAA.<br>Tak po\u010dkat, po\u010dkat\u2026..<\/p>\n\n\n\n<p>Tento hrdina rozhodn\u011b nen\u00ed princ a princeznu za \u017eenu taky nechce. M\u00e1 nevelkou postavu, vysok\u00e9 boty, mu\u0161ket\u00fdrsk\u00fd klobouk a kord, se kter\u00fdm um\u00ed mistrn\u011b zach\u00e1zet. A tak\u00e9 hebk\u00fd ko\u017e\u00ed\u0161ek, o\u010di, kter\u00e9 vid\u00ed i ve tm\u011b a velikou chu\u0165 na ml\u00e9ko.<\/p>\n\n\n\n<p>Dovolte, abych v\u00e1m p\u0159edstavil KOCOURA V BOT\u00c1CH. Nejlep\u0161\u00edho ko\u010di\u010d\u00edho \u0161erm\u00ed\u0159e sv\u011bta, milovn\u00edka a znalce ml\u00e9ka, ale p\u0159edev\u0161\u00edm neohro\u017een\u00e9ho dobrodruha, kter\u00fd se nelekne \u017e\u00e1dn\u00e9ho nebezpe\u010d\u00ed. A tento neohro\u017een\u00fd hrdina se objev\u00ed pr\u00e1v\u011b tam, kde se za\u010d\u00edn\u00e1 rozt\u00e1\u010det nov\u00fd dobrodru\u017en\u00fd p\u0159\u00edb\u011bh. Samoz\u0159ejm\u011b u toho nebudou chyb\u011bt jeho dal\u0161\u00ed p\u0159\u00e1tel\u00e9 a spousta legrace. V\u00edtejte ve sv\u011bt\u011b, kde si hrdinov\u00e9 p\u0159ip\u00edjej\u00ed sklenic\u00ed ml\u00e9ka.<\/p>\n\n\n\n<p>Speci\u00e1ln\u011b p\u0159ipraven\u00fd program pro d\u011bti ve v\u011bku 6-8 let, kdy pod veden\u00edm zku\u0161en\u00fdch instruktor\u016f pro\u017eij\u00ed spoustu vesel\u00fdch dobrodru\u017estv\u00ed.<\/p>\n\n\n\n<div style=\"height:50px\" aria-hidden=\"true\" class=\"wp-block-spacer\"><\/div>\n\n\n\n<p><strong>V\u011bkov\u00e1 kategorie:<\/strong> 6-8 let ho\u0161i i d\u00edvky<br><strong>M\u00edsto:<\/strong> T\u00e1bor \u010cern\u00fd Potok Velk\u00e1 Kra\u0161 u Vidnavy<br><strong>Garant:<\/strong> Mgr. Roman Lipavsk\u00fd<br><strong>Cena: <\/strong>4990,- K\u010d<br><strong>Cena zahrnuje:<\/strong><\/p>\n\n\n\n<ul class=\"wp-block-list\">\n<li>7 dn\u016f programu a her pod veden\u00edm \u0161kolen\u00fdch instruktor\u016f, tren\u00e9r\u016f a pedagogick\u00fdch pracovn\u00edk\u016f,<\/li>\n\n\n\n<li>Zaji\u0161t\u011bn\u00ed zdravotn\u00edho dozoru l\u00e9ka\u0159em nebo zdravotn\u00edm pracovn\u00edkem,<\/li>\n\n\n\n<li>Vstupy na koupali\u0161t\u011b (dle po\u010das\u00ed a programu),<\/li>\n\n\n\n<li>Ubytov\u00e1n\u00ed v d\u0159ev\u011bn\u00fdch chatk\u00e1ch s prost\u011bradlem a povle\u010den\u00fdm pol\u0161t\u00e1\u0159em (vlastn\u00ed spac\u00e1k)<\/li>\n\n\n\n<li>Stravov\u00e1n\u00ed 5x denn\u011b,<\/li>\n\n\n\n<li>Celodenn\u00ed pitn\u00fd re\u017eim (\u010daj, \u0161\u0165\u00e1va)<\/li>\n\n\n\n<li>Doprava busem (trasa \u0160umperk &#8211; Jesen\u00edk &#8211; \u010cern\u00fd Potok a zp\u011bt)<\/li>\n\n\n\n<li>T\u00e1borov\u00e9 triko s potiskem p\u0159\u00edslu\u0161n\u00e9ho turnusu,<\/li>\n\n\n\n<li>Zap\u016fj\u010den\u00ed sportovn\u00edho vybaven\u00ed pro voln\u00fd \u010das \u00fa\u010dastn\u00edk\u016f,<\/li>\n\n\n\n<li>Poji\u0161t\u011bn\u00ed proti zp\u016fsoben\u00e9 \u0161kod\u011b v r\u00e1mci organizovan\u00e9ho programu.<\/li>\n<\/ul>\n\n\n\n<div style=\"height:50px\" aria-hidden=\"true\" class=\"wp-block-spacer\"><\/div>\n\n\n\n<div class=\"wp-block-columns is-layout-flex wp-container-core-columns-is-layout-9d6595d7 wp-block-columns-is-layout-flex\">\n<div class=\"wp-block-column is-layout-flow wp-block-column-is-layout-flow\" style=\"flex-basis:25%\"><\/div>\n\n\n\n<div class=\"wp-block-column is-layout-flow wp-block-column-is-layout-flow\" style=\"flex-basis:50%\"><\/div>\n\n\n\n<div class=\"wp-block-column is-layout-flow wp-block-column-is-layout-flow\" style=\"flex-basis:25%\"><\/div>\n<\/div>\n","protected":false},"excerpt":{"rendered":"<p>KOCOUR V BOT\u00c1CH 6.TURNUS | 7 DN\u00cd | 18. &#8211; 24.8. 2024 | 6-8 let | vesel\u00fd, poh\u00e1dkov\u00fd&#8211; voln\u011b inspirov\u00e1no stejnojmenn\u00fdm filmem Kdysi a kdesi \u017eil jeden neoby\u010dejn\u00fd hrdina. \u017de to u\u017e zn\u00e1te? A \u017ee princov\u00e9 jsou na draka? Jo a samoz\u0159ejm\u011b si vezme princeznu a dostane je\u0161t\u011b k tomu p\u016fl kr\u00e1lovstv\u00ed\u2026.NUDAAA.Tak po\u010dkat, po\u010dkat\u2026.. Tento\u2026<\/p>\n","protected":false},"author":1,"featured_media":0,"parent":59,"menu_order":0,"comment_status":"closed","ping_status":"closed","template":"","meta":{"footnotes":""},"class_list":["post-9958","page","type-page","status-publish","hentry"],"yoast_head":"<!-- This site is optimized with the Yoast SEO plugin v26.5 - https:\/\/yoast.com\/wordpress\/plugins\/seo\/ -->\n<title>2024 KOCOUR V BOT\u00c1CH - D\u011btsk\u00fd T\u00e1bor \u010cern\u00fd Potok<\/title>\n<meta name=\"robots\" content=\"index, follow, max-snippet:-1, max-image-preview:large, max-video-preview:-1\" \/>\n<link rel=\"canonical\" href=\"https:\/\/www.taborcernypotok.cz\/detsky-tabor\/letni-tabor\/archiv-letnich-taboru\/2024-kocour-v-botach\/\" \/>\n<meta property=\"og:locale\" content=\"cs_CZ\" \/>\n<meta property=\"og:type\" content=\"article\" \/>\n<meta property=\"og:title\" content=\"2024 KOCOUR V BOT\u00c1CH - D\u011btsk\u00fd T\u00e1bor \u010cern\u00fd Potok\" \/>\n<meta property=\"og:description\" content=\"KOCOUR V BOT\u00c1CH 6.TURNUS | 7 DN\u00cd | 18. &#8211; 24.8. 2024 | 6-8 let | vesel\u00fd, poh\u00e1dkov\u00fd&#8211; voln\u011b inspirov\u00e1no stejnojmenn\u00fdm filmem Kdysi a kdesi \u017eil jeden neoby\u010dejn\u00fd hrdina. \u017de to u\u017e zn\u00e1te? A \u017ee princov\u00e9 jsou na draka? Jo a samoz\u0159ejm\u011b si vezme princeznu a dostane je\u0161t\u011b k tomu p\u016fl kr\u00e1lovstv\u00ed\u2026.NUDAAA.Tak po\u010dkat, po\u010dkat\u2026.. Tento\u2026\" \/>\n<meta property=\"og:url\" content=\"https:\/\/www.taborcernypotok.cz\/detsky-tabor\/letni-tabor\/archiv-letnich-taboru\/2024-kocour-v-botach\/\" \/>\n<meta property=\"og:site_name\" content=\"D\u011btsk\u00fd T\u00e1bor \u010cern\u00fd Potok\" \/>\n<meta property=\"article:modified_time\" content=\"2025-05-26T19:44:41+00:00\" \/>\n<meta name=\"twitter:card\" content=\"summary_large_image\" \/>\n<meta name=\"twitter:label1\" content=\"Odhadovan\u00e1 doba \u010dten\u00ed\" \/>\n\t<meta name=\"twitter:data1\" content=\"2 minuty\" \/>\n<script type=\"application\/ld+json\" class=\"yoast-schema-graph\">{\"@context\":\"https:\/\/schema.org\",\"@graph\":[{\"@type\":\"WebPage\",\"@id\":\"https:\/\/www.taborcernypotok.cz\/detsky-tabor\/letni-tabor\/archiv-letnich-taboru\/2024-kocour-v-botach\/\",\"url\":\"https:\/\/www.taborcernypotok.cz\/detsky-tabor\/letni-tabor\/archiv-letnich-taboru\/2024-kocour-v-botach\/\",\"name\":\"2024 KOCOUR V BOT\u00c1CH - D\u011btsk\u00fd T\u00e1bor \u010cern\u00fd Potok\",\"isPartOf\":{\"@id\":\"https:\/\/www.taborcernypotok.cz\/detsky-tabor\/#website\"},\"datePublished\":\"2024-02-20T23:48:56+00:00\",\"dateModified\":\"2025-05-26T19:44:41+00:00\",\"breadcrumb\":{\"@id\":\"https:\/\/www.taborcernypotok.cz\/detsky-tabor\/letni-tabor\/archiv-letnich-taboru\/2024-kocour-v-botach\/#breadcrumb\"},\"inLanguage\":\"cs\",\"potentialAction\":[{\"@type\":\"ReadAction\",\"target\":[\"https:\/\/www.taborcernypotok.cz\/detsky-tabor\/letni-tabor\/archiv-letnich-taboru\/2024-kocour-v-botach\/\"]}]},{\"@type\":\"BreadcrumbList\",\"@id\":\"https:\/\/www.taborcernypotok.cz\/detsky-tabor\/letni-tabor\/archiv-letnich-taboru\/2024-kocour-v-botach\/#breadcrumb\",\"itemListElement\":[{\"@type\":\"ListItem\",\"position\":1,\"name\":\"Dom\u016f\",\"item\":\"https:\/\/www.taborcernypotok.cz\/detsky-tabor\/\"},{\"@type\":\"ListItem\",\"position\":2,\"name\":\"Letn\u00ed t\u00e1bor\",\"item\":\"https:\/\/www.taborcernypotok.cz\/detsky-tabor\/letni-tabor\/\"},{\"@type\":\"ListItem\",\"position\":3,\"name\":\"Archiv letn\u00edch t\u00e1bor\u016f\",\"item\":\"https:\/\/www.taborcernypotok.cz\/detsky-tabor\/letni-tabor\/archiv-letnich-taboru\/\"},{\"@type\":\"ListItem\",\"position\":4,\"name\":\"2024 KOCOUR V BOT\u00c1CH\"}]},{\"@type\":\"WebSite\",\"@id\":\"https:\/\/www.taborcernypotok.cz\/detsky-tabor\/#website\",\"url\":\"https:\/\/www.taborcernypotok.cz\/detsky-tabor\/\",\"name\":\"D\u011btsk\u00fd T\u00e1bor \u010cern\u00fd Potok\",\"description\":\"D\u011btsk\u00e9 t\u00e1bory Rychlebsk\u00e9 Hory\",\"potentialAction\":[{\"@type\":\"SearchAction\",\"target\":{\"@type\":\"EntryPoint\",\"urlTemplate\":\"https:\/\/www.taborcernypotok.cz\/detsky-tabor\/?s={search_term_string}\"},\"query-input\":{\"@type\":\"PropertyValueSpecification\",\"valueRequired\":true,\"valueName\":\"search_term_string\"}}],\"inLanguage\":\"cs\"}]}<\/script>\n<!-- \/ Yoast SEO plugin. -->","yoast_head_json":{"title":"2024 KOCOUR V BOT\u00c1CH - D\u011btsk\u00fd T\u00e1bor \u010cern\u00fd Potok","robots":{"index":"index","follow":"follow","max-snippet":"max-snippet:-1","max-image-preview":"max-image-preview:large","max-video-preview":"max-video-preview:-1"},"canonical":"https:\/\/www.taborcernypotok.cz\/detsky-tabor\/letni-tabor\/archiv-letnich-taboru\/2024-kocour-v-botach\/","og_locale":"cs_CZ","og_type":"article","og_title":"2024 KOCOUR V BOT\u00c1CH - D\u011btsk\u00fd T\u00e1bor \u010cern\u00fd Potok","og_description":"KOCOUR V BOT\u00c1CH 6.TURNUS | 7 DN\u00cd | 18. &#8211; 24.8. 2024 | 6-8 let | vesel\u00fd, poh\u00e1dkov\u00fd&#8211; voln\u011b inspirov\u00e1no stejnojmenn\u00fdm filmem Kdysi a kdesi \u017eil jeden neoby\u010dejn\u00fd hrdina. \u017de to u\u017e zn\u00e1te? A \u017ee princov\u00e9 jsou na draka? Jo a samoz\u0159ejm\u011b si vezme princeznu a dostane je\u0161t\u011b k tomu p\u016fl kr\u00e1lovstv\u00ed\u2026.NUDAAA.Tak po\u010dkat, po\u010dkat\u2026.. Tento\u2026","og_url":"https:\/\/www.taborcernypotok.cz\/detsky-tabor\/letni-tabor\/archiv-letnich-taboru\/2024-kocour-v-botach\/","og_site_name":"D\u011btsk\u00fd T\u00e1bor \u010cern\u00fd Potok","article_modified_time":"2025-05-26T19:44:41+00:00","twitter_card":"summary_large_image","twitter_misc":{"Odhadovan\u00e1 doba \u010dten\u00ed":"2 minuty"},"schema":{"@context":"https:\/\/schema.org","@graph":[{"@type":"WebPage","@id":"https:\/\/www.taborcernypotok.cz\/detsky-tabor\/letni-tabor\/archiv-letnich-taboru\/2024-kocour-v-botach\/","url":"https:\/\/www.taborcernypotok.cz\/detsky-tabor\/letni-tabor\/archiv-letnich-taboru\/2024-kocour-v-botach\/","name":"2024 KOCOUR V BOT\u00c1CH - D\u011btsk\u00fd T\u00e1bor \u010cern\u00fd Potok","isPartOf":{"@id":"https:\/\/www.taborcernypotok.cz\/detsky-tabor\/#website"},"datePublished":"2024-02-20T23:48:56+00:00","dateModified":"2025-05-26T19:44:41+00:00","breadcrumb":{"@id":"https:\/\/www.taborcernypotok.cz\/detsky-tabor\/letni-tabor\/archiv-letnich-taboru\/2024-kocour-v-botach\/#breadcrumb"},"inLanguage":"cs","potentialAction":[{"@type":"ReadAction","target":["https:\/\/www.taborcernypotok.cz\/detsky-tabor\/letni-tabor\/archiv-letnich-taboru\/2024-kocour-v-botach\/"]}]},{"@type":"BreadcrumbList","@id":"https:\/\/www.taborcernypotok.cz\/detsky-tabor\/letni-tabor\/archiv-letnich-taboru\/2024-kocour-v-botach\/#breadcrumb","itemListElement":[{"@type":"ListItem","position":1,"name":"Dom\u016f","item":"https:\/\/www.taborcernypotok.cz\/detsky-tabor\/"},{"@type":"ListItem","position":2,"name":"Letn\u00ed t\u00e1bor","item":"https:\/\/www.taborcernypotok.cz\/detsky-tabor\/letni-tabor\/"},{"@type":"ListItem","position":3,"name":"Archiv letn\u00edch t\u00e1bor\u016f","item":"https:\/\/www.taborcernypotok.cz\/detsky-tabor\/letni-tabor\/archiv-letnich-taboru\/"},{"@type":"ListItem","position":4,"name":"2024 KOCOUR V BOT\u00c1CH"}]},{"@type":"WebSite","@id":"https:\/\/www.taborcernypotok.cz\/detsky-tabor\/#website","url":"https:\/\/www.taborcernypotok.cz\/detsky-tabor\/","name":"D\u011btsk\u00fd T\u00e1bor \u010cern\u00fd Potok","description":"D\u011btsk\u00e9 t\u00e1bory Rychlebsk\u00e9 Hory","potentialAction":[{"@type":"SearchAction","target":{"@type":"EntryPoint","urlTemplate":"https:\/\/www.taborcernypotok.cz\/detsky-tabor\/?s={search_term_string}"},"query-input":{"@type":"PropertyValueSpecification","valueRequired":true,"valueName":"search_term_string"}}],"inLanguage":"cs"}]}},"_links":{"self":[{"href":"https:\/\/www.taborcernypotok.cz\/detsky-tabor\/wp-json\/wp\/v2\/pages\/9958","targetHints":{"allow":["GET"]}}],"collection":[{"href":"https:\/\/www.taborcernypotok.cz\/detsky-tabor\/wp-json\/wp\/v2\/pages"}],"about":[{"href":"https:\/\/www.taborcernypotok.cz\/detsky-tabor\/wp-json\/wp\/v2\/types\/page"}],"author":[{"embeddable":true,"href":"https:\/\/www.taborcernypotok.cz\/detsky-tabor\/wp-json\/wp\/v2\/users\/1"}],"replies":[{"embeddable":true,"href":"https:\/\/www.taborcernypotok.cz\/detsky-tabor\/wp-json\/wp\/v2\/comments?post=9958"}],"version-history":[{"count":2,"href":"https:\/\/www.taborcernypotok.cz\/detsky-tabor\/wp-json\/wp\/v2\/pages\/9958\/revisions"}],"predecessor-version":[{"id":12036,"href":"https:\/\/www.taborcernypotok.cz\/detsky-tabor\/wp-json\/wp\/v2\/pages\/9958\/revisions\/12036"}],"up":[{"embeddable":true,"href":"https:\/\/www.taborcernypotok.cz\/detsky-tabor\/wp-json\/wp\/v2\/pages\/59"}],"wp:attachment":[{"href":"https:\/\/www.taborcernypotok.cz\/detsky-tabor\/wp-json\/wp\/v2\/media?parent=9958"}],"curies":[{"name":"wp","href":"https:\/\/api.w.org\/{rel}","templated":true}]}}