{"id":17,"date":"2016-10-19T23:29:27","date_gmt":"2016-10-19T21:29:27","guid":{"rendered":"https:\/\/www.taborcernypotok.cz\/hbk\/?page_id=17"},"modified":"2025-05-27T11:08:13","modified_gmt":"2025-05-27T09:08:13","slug":"kontakty","status":"publish","type":"page","link":"https:\/\/www.taborcernypotok.cz\/hbk\/kontakty\/","title":{"rendered":"Kontakty"},"content":{"rendered":"\n<h2 class=\"wp-block-heading\">Kontakty<\/h2>\n\n\n\n<h3 class=\"wp-block-heading\">Po\u0159adatel<\/h3>\n\n\n\n<p>Mgr. Roman Lipavsk\u00fd<br>e-mail: <a href=\"mailto:romanlipavsky@seznam.cz\">romanlipavsky@seznam.cz<\/a><br>mobil: +420 602 484 083<\/p>\n\n\n\n<p><strong>Datov\u00e1 schr\u00e1nka:<\/strong>&nbsp;bucmf5g<\/p>\n\n\n\n<h3 class=\"wp-block-heading\">M\u00edsto kon\u00e1n\u00ed<\/h3>\n\n\n\n<p>Hotel Dlouh\u00e9 Str\u00e1n\u011b<br>Rejhotice 72<br>788 11 Lou\u010dn\u00e1 nad Desnou<\/p>\n\n\n\n<p><a href=\"https:\/\/www.google.cz\/maps\/place\/Hotel+Long+Slopes\/@50.0997989,17.1008957,17z\/data=!3m1!4b1!4m5!3m4!1s0x4711f6737e665b9f:0xefe288bc241f212e!8m2!3d50.0997989!4d17.1030844\" target=\"_blank\" rel=\"noopener\">Link na Google maps&nbsp;\u00bb &nbsp;<\/a><\/p>\n\n\n<p>[huge_it_maps id=&#8220;2&#8243;]<\/p>\n","protected":false},"excerpt":{"rendered":"<p>Kontakty Po\u0159adatel Mgr. Roman Lipavsk\u00fde-mail: romanlipavsky@seznam.czmobil: +420 602 484 083 Datov\u00e1 schr\u00e1nka:&nbsp;bucmf5g M\u00edsto kon\u00e1n\u00ed Hotel Dlouh\u00e9 Str\u00e1n\u011bRejhotice 72788 11 Lou\u010dn\u00e1 nad Desnou Link na Google maps&nbsp;\u00bb &nbsp;<\/p>\n","protected":false},"author":1,"featured_media":0,"parent":0,"menu_order":0,"comment_status":"closed","ping_status":"closed","template":"","meta":{"footnotes":""},"class_list":["post-17","page","type-page","status-publish","hentry"],"yoast_head":"<!-- This site is optimized with the Yoast SEO plugin v26.5 - https:\/\/yoast.com\/wordpress\/plugins\/seo\/ -->\n<title>Kontakty - Horsk\u00e1 Baseballov\u00e1 Klinika<\/title>\n<meta name=\"robots\" content=\"index, follow, max-snippet:-1, max-image-preview:large, max-video-preview:-1\" \/>\n<link rel=\"canonical\" href=\"https:\/\/www.taborcernypotok.cz\/hbk\/kontakty\/\" \/>\n<meta property=\"og:locale\" content=\"cs_CZ\" \/>\n<meta property=\"og:type\" content=\"article\" \/>\n<meta property=\"og:title\" content=\"Kontakty - Horsk\u00e1 Baseballov\u00e1 Klinika\" \/>\n<meta property=\"og:description\" content=\"Kontakty Po\u0159adatel Mgr. Roman Lipavsk\u00fde-mail: romanlipavsky@seznam.czmobil: +420 602 484 083 Datov\u00e1 schr\u00e1nka:&nbsp;bucmf5g M\u00edsto kon\u00e1n\u00ed Hotel Dlouh\u00e9 Str\u00e1n\u011bRejhotice 72788 11 Lou\u010dn\u00e1 nad Desnou Link na Google maps&nbsp;\u00bb &nbsp;\" \/>\n<meta property=\"og:url\" content=\"https:\/\/www.taborcernypotok.cz\/hbk\/kontakty\/\" \/>\n<meta property=\"og:site_name\" content=\"Horsk\u00e1 Baseballov\u00e1 Klinika\" \/>\n<meta property=\"article:modified_time\" content=\"2025-05-27T09:08:13+00:00\" \/>\n<meta name=\"twitter:card\" content=\"summary_large_image\" \/>\n<meta name=\"twitter:label1\" content=\"Odhadovan\u00e1 doba \u010dten\u00ed\" \/>\n\t<meta name=\"twitter:data1\" content=\"1 minuta\" \/>\n<script type=\"application\/ld+json\" class=\"yoast-schema-graph\">{\"@context\":\"https:\/\/schema.org\",\"@graph\":[{\"@type\":\"WebPage\",\"@id\":\"https:\/\/www.taborcernypotok.cz\/hbk\/kontakty\/\",\"url\":\"https:\/\/www.taborcernypotok.cz\/hbk\/kontakty\/\",\"name\":\"Kontakty - Horsk\u00e1 Baseballov\u00e1 Klinika\",\"isPartOf\":{\"@id\":\"https:\/\/www.taborcernypotok.cz\/hbk\/#website\"},\"datePublished\":\"2016-10-19T21:29:27+00:00\",\"dateModified\":\"2025-05-27T09:08:13+00:00\",\"breadcrumb\":{\"@id\":\"https:\/\/www.taborcernypotok.cz\/hbk\/kontakty\/#breadcrumb\"},\"inLanguage\":\"cs\",\"potentialAction\":[{\"@type\":\"ReadAction\",\"target\":[\"https:\/\/www.taborcernypotok.cz\/hbk\/kontakty\/\"]}]},{\"@type\":\"BreadcrumbList\",\"@id\":\"https:\/\/www.taborcernypotok.cz\/hbk\/kontakty\/#breadcrumb\",\"itemListElement\":[{\"@type\":\"ListItem\",\"position\":1,\"name\":\"Dom\u016f\",\"item\":\"https:\/\/www.taborcernypotok.cz\/hbk\/\"},{\"@type\":\"ListItem\",\"position\":2,\"name\":\"Kontakty\"}]},{\"@type\":\"WebSite\",\"@id\":\"https:\/\/www.taborcernypotok.cz\/hbk\/#website\",\"url\":\"https:\/\/www.taborcernypotok.cz\/hbk\/\",\"name\":\"Horsk\u00e1 Baseballov\u00e1 Klinika\",\"description\":\"\",\"publisher\":{\"@id\":\"https:\/\/www.taborcernypotok.cz\/hbk\/#organization\"},\"potentialAction\":[{\"@type\":\"SearchAction\",\"target\":{\"@type\":\"EntryPoint\",\"urlTemplate\":\"https:\/\/www.taborcernypotok.cz\/hbk\/?s={search_term_string}\"},\"query-input\":{\"@type\":\"PropertyValueSpecification\",\"valueRequired\":true,\"valueName\":\"search_term_string\"}}],\"inLanguage\":\"cs\"},{\"@type\":\"Organization\",\"@id\":\"https:\/\/www.taborcernypotok.cz\/hbk\/#organization\",\"name\":\"Horsk\u00e1 Baseballov\u00e1 Klinika\",\"url\":\"https:\/\/www.taborcernypotok.cz\/hbk\/\",\"logo\":{\"@type\":\"ImageObject\",\"inLanguage\":\"cs\",\"@id\":\"https:\/\/www.taborcernypotok.cz\/hbk\/#\/schema\/logo\/image\/\",\"url\":\"https:\/\/www.taborcernypotok.cz\/hbk\/wp-content\/uploads\/sites\/3\/2025\/12\/cropped-logo-001-02a-white.png\",\"contentUrl\":\"https:\/\/www.taborcernypotok.cz\/hbk\/wp-content\/uploads\/sites\/3\/2025\/12\/cropped-logo-001-02a-white.png\",\"width\":240,\"height\":244,\"caption\":\"Horsk\u00e1 Baseballov\u00e1 Klinika\"},\"image\":{\"@id\":\"https:\/\/www.taborcernypotok.cz\/hbk\/#\/schema\/logo\/image\/\"}}]}<\/script>\n<!-- \/ Yoast SEO plugin. -->","yoast_head_json":{"title":"Kontakty - Horsk\u00e1 Baseballov\u00e1 Klinika","robots":{"index":"index","follow":"follow","max-snippet":"max-snippet:-1","max-image-preview":"max-image-preview:large","max-video-preview":"max-video-preview:-1"},"canonical":"https:\/\/www.taborcernypotok.cz\/hbk\/kontakty\/","og_locale":"cs_CZ","og_type":"article","og_title":"Kontakty - Horsk\u00e1 Baseballov\u00e1 Klinika","og_description":"Kontakty Po\u0159adatel Mgr. Roman Lipavsk\u00fde-mail: romanlipavsky@seznam.czmobil: +420 602 484 083 Datov\u00e1 schr\u00e1nka:&nbsp;bucmf5g M\u00edsto kon\u00e1n\u00ed Hotel Dlouh\u00e9 Str\u00e1n\u011bRejhotice 72788 11 Lou\u010dn\u00e1 nad Desnou Link na Google maps&nbsp;\u00bb &nbsp;","og_url":"https:\/\/www.taborcernypotok.cz\/hbk\/kontakty\/","og_site_name":"Horsk\u00e1 Baseballov\u00e1 Klinika","article_modified_time":"2025-05-27T09:08:13+00:00","twitter_card":"summary_large_image","twitter_misc":{"Odhadovan\u00e1 doba \u010dten\u00ed":"1 minuta"},"schema":{"@context":"https:\/\/schema.org","@graph":[{"@type":"WebPage","@id":"https:\/\/www.taborcernypotok.cz\/hbk\/kontakty\/","url":"https:\/\/www.taborcernypotok.cz\/hbk\/kontakty\/","name":"Kontakty - Horsk\u00e1 Baseballov\u00e1 Klinika","isPartOf":{"@id":"https:\/\/www.taborcernypotok.cz\/hbk\/#website"},"datePublished":"2016-10-19T21:29:27+00:00","dateModified":"2025-05-27T09:08:13+00:00","breadcrumb":{"@id":"https:\/\/www.taborcernypotok.cz\/hbk\/kontakty\/#breadcrumb"},"inLanguage":"cs","potentialAction":[{"@type":"ReadAction","target":["https:\/\/www.taborcernypotok.cz\/hbk\/kontakty\/"]}]},{"@type":"BreadcrumbList","@id":"https:\/\/www.taborcernypotok.cz\/hbk\/kontakty\/#breadcrumb","itemListElement":[{"@type":"ListItem","position":1,"name":"Dom\u016f","item":"https:\/\/www.taborcernypotok.cz\/hbk\/"},{"@type":"ListItem","position":2,"name":"Kontakty"}]},{"@type":"WebSite","@id":"https:\/\/www.taborcernypotok.cz\/hbk\/#website","url":"https:\/\/www.taborcernypotok.cz\/hbk\/","name":"Horsk\u00e1 Baseballov\u00e1 Klinika","description":"","publisher":{"@id":"https:\/\/www.taborcernypotok.cz\/hbk\/#organization"},"potentialAction":[{"@type":"SearchAction","target":{"@type":"EntryPoint","urlTemplate":"https:\/\/www.taborcernypotok.cz\/hbk\/?s={search_term_string}"},"query-input":{"@type":"PropertyValueSpecification","valueRequired":true,"valueName":"search_term_string"}}],"inLanguage":"cs"},{"@type":"Organization","@id":"https:\/\/www.taborcernypotok.cz\/hbk\/#organization","name":"Horsk\u00e1 Baseballov\u00e1 Klinika","url":"https:\/\/www.taborcernypotok.cz\/hbk\/","logo":{"@type":"ImageObject","inLanguage":"cs","@id":"https:\/\/www.taborcernypotok.cz\/hbk\/#\/schema\/logo\/image\/","url":"https:\/\/www.taborcernypotok.cz\/hbk\/wp-content\/uploads\/sites\/3\/2025\/12\/cropped-logo-001-02a-white.png","contentUrl":"https:\/\/www.taborcernypotok.cz\/hbk\/wp-content\/uploads\/sites\/3\/2025\/12\/cropped-logo-001-02a-white.png","width":240,"height":244,"caption":"Horsk\u00e1 Baseballov\u00e1 Klinika"},"image":{"@id":"https:\/\/www.taborcernypotok.cz\/hbk\/#\/schema\/logo\/image\/"}}]}},"_links":{"self":[{"href":"https:\/\/www.taborcernypotok.cz\/hbk\/wp-json\/wp\/v2\/pages\/17","targetHints":{"allow":["GET"]}}],"collection":[{"href":"https:\/\/www.taborcernypotok.cz\/hbk\/wp-json\/wp\/v2\/pages"}],"about":[{"href":"https:\/\/www.taborcernypotok.cz\/hbk\/wp-json\/wp\/v2\/types\/page"}],"author":[{"embeddable":true,"href":"https:\/\/www.taborcernypotok.cz\/hbk\/wp-json\/wp\/v2\/users\/1"}],"replies":[{"embeddable":true,"href":"https:\/\/www.taborcernypotok.cz\/hbk\/wp-json\/wp\/v2\/comments?post=17"}],"version-history":[{"count":8,"href":"https:\/\/www.taborcernypotok.cz\/hbk\/wp-json\/wp\/v2\/pages\/17\/revisions"}],"predecessor-version":[{"id":1638,"href":"https:\/\/www.taborcernypotok.cz\/hbk\/wp-json\/wp\/v2\/pages\/17\/revisions\/1638"}],"wp:attachment":[{"href":"https:\/\/www.taborcernypotok.cz\/hbk\/wp-json\/wp\/v2\/media?parent=17"}],"curies":[{"name":"wp","href":"https:\/\/api.w.org\/{rel}","templated":true}]}}