{"id":2,"date":"2016-10-13T22:57:58","date_gmt":"2016-10-13T20:57:58","guid":{"rendered":"https:\/\/www.taborcernypotok.cz\/hbk-rcc\/?page_id=2"},"modified":"2026-01-07T08:41:44","modified_gmt":"2026-01-07T07:41:44","slug":"uvod","status":"publish","type":"page","link":"https:\/\/www.taborcernypotok.cz\/hbk\/","title":{"rendered":"\u00davod"},"content":{"rendered":"<p>P\u0159\u00e1tel\u00e9 &#8211; kamar\u00e1di, v\u00e1\u017een\u00ed tren\u00e9\u0159i.<\/p>\n<div>\n<div>Tak to p\u0159i\u0161lo. Dlouh\u00e9 \u010dek\u00e1n\u00ed na medaili z mu\u017esk\u00e9ho mistrovstv\u00ed Evropy je kone\u010dn\u011b u konce. Baseballov\u00e1 Evropa musela uznat, \u017ee \u010de\u0161t\u00ed baseballist\u00e9 opravdu pat\u0159\u00ed mezi \u0161pi\u010dku evropsk\u00e9ho baseballu. A pozor nejen parta kolem Pavla Chadima, ale vlastn\u011b v\u0161echny kategorie, ve kter\u00fdch se letos hr\u00e1la mistrovstv\u00ed, se pevn\u011b usadily na stupn\u00edch v\u00edt\u011bz\u016f.<\/div>\n<div>U\u017e prost\u011b v\u00edme, \u017ee \u010desk\u00e9 t\u00fdmy jsou na jak\u00fdchkoliv evropsk\u00fdch i sv\u011btov\u00fdch turnaj\u00edch br\u00e1ny<\/div>\n<div>s velik\u00fdm respektem a mnoho osobnost\u00ed baseballov\u00e9ho sv\u011bta se pt\u00e1 na cestu, kterou kr\u00e1\u010d\u00ed \u010desk\u00fd baseball.\u00a0<\/div>\n<div>Vypo\u010d\u00edt\u00e1vat v\u0161e by bylo velice zdlouhav\u00e9 a asi i nespravedliv\u00e9, proto\u017ee v tom obrovsk\u00e9m mno\u017estv\u00ed akc\u00ed a \u00fasp\u011bch\u016f \u010desk\u00fdch baseballist\u016f, bychom mohli p\u0159ece jen na n\u011bco, nebo na n\u011bkoho necht\u00edc zapomenout.<\/div>\n<div>Shodneme se prost\u011b na tom, \u017ee \u010desk\u00fd baseball pro\u017e\u00edv\u00e1 velice v\u00fdjime\u010dn\u00e9 obdob\u00ed, za kter\u00e9 jsme vd\u011b\u010dni nejen realiza\u010dn\u00edm t\u00fdm\u016fm reprezentac\u00ed, ale v\u00e1m v\u0161em, kte\u0159\u00ed vychov\u00e1v\u00e1te nov\u00e9 generace hr\u00e1\u010d\u016f podobn\u00e9 t\u011bm, jako jsou Pavel Budsk\u00fd, Martin \u010cervenka, Martin Mu\u017e\u00edk, Martin Schneider a dal\u0161\u00ed.<\/div>\n<div>V\u00fdjime\u010dn\u00fd bude i leto\u0161n\u00ed<b> 25. ro\u010dn\u00edk tradi\u010dn\u00ed HORSK\u00c9 BASEBALLOV\u00c9 KLINIKY.<\/b><\/div>\n<div>Uv\u00edt\u00e1me op\u011bt vyslance americk\u00e9ho baseballu, kter\u00fd v izraelsk\u00e9 reprezentaci zkrotil hr\u00e1\u010de z MLB, dok\u00e1zal je sjednotit a vyt\u00e1hl tento v\u00fdb\u011br mezi nejlep\u0161\u00ed evropsk\u00e9 t\u00fdmy. Hostem kliniky bude\u00a0<strong>Joe Truesdalem,\u00a0<\/strong>kter\u00fd sestavuje programy na zlep\u0161ov\u00e1n\u00ed fyzick\u00e9 kondice v repre-t\u00fdmu \u010cR.<\/div>\n<div>P\u0159edn\u00e1\u0161ky americk\u00e9ho lektora budou pr\u016fb\u011b\u017en\u011b p\u0159ekl\u00e1d\u00e1ny do \u010desk\u00e9ho jazyka.<\/div>\n<div>Na HBK ani letos nebudou chyb\u011bt p\u0159edn\u00ed tren\u00e9\u0159i \u010cR, hlavn\u00ed mana\u017eer \u010desk\u00e9 repre <strong>Pavel Chadim<\/strong>, pitching kou\u010d belgick\u00e9 repre <strong>Jakub Van\u010dura<\/strong>, tren\u00e9rsk\u00e1 osobnost a coach na t\u0159et\u00ed met\u011b na\u0161eho A t\u00fdmu<strong> Petr St\u0159\u00edbrck\u00fd<\/strong> (videohovor) a dal\u0161\u00ed osobnosti \u010desk\u00e9ho baseballu jako <strong>Richard Kania,<\/strong>\u00a0<strong>Ond\u0159ej Furko, Vladim\u00edr Chlup, <\/strong>. A tento seznam osobnost\u00ed je st\u00e1le je\u0161t\u011b otev\u0159en\u00fd dal\u0161\u00edm lektor\u016fm, se kter\u00fdmi jedn\u00e1me.<\/div>\n<div>\u00a0<\/div>\n<div>\n<p>HBK u\u017e mnoho let nen\u00ed pouh\u00e9 \u0161kolen\u00ed, ale je to \u00fa\u017easn\u00e1 p\u0159\u00edle\u017eitost potkat se s p\u0159\u00e1teli, nav\u00e1zat nov\u00e9 kontakty\u00a0a posunout se zase o kousek d\u00e1l ve h\u0159e, kter\u00e1 n\u00e1s prov\u00e1z\u00ed na\u0161im sportovn\u00edm \u017eivotem.<\/p>\n<p>Je to mo\u017enost pro\u017e\u00edt t\u0159i n\u00e1dhern\u00e9 dny na horsk\u00e9m hotelu uprost\u0159ed zasn\u011b\u017een\u00fdch Jesen\u00edk\u016f a na rozd\u00edl od jin\u00fdch akc\u00ed s sebou vz\u00edt i svoji rodinu.<\/p>\n<p style=\"text-align: center;\"><b>T\u00edmto v\u00e1s srde\u010dn\u011b zvu na 25. ro\u010dn\u00edk HBK, kter\u00fd se uskute\u010dn\u00ed o v\u00edkendu <\/b><\/p>\n<p style=\"text-align: center;\"><b><span style=\"font-size: 36px;\"><strong>23. &#8211; 25.1. 2026<\/strong><\/span><\/b><\/p>\n<p>\u00a0 \u00a0 \u00a0 \u00a0 \u00a0 \u00a0Cel\u00e1 akce se ji\u017e tradi\u010dn\u011b uskute\u010dn\u00ed pod z\u00e1\u0161titou a za podpory \u010cBA.<\/p>\n<p><b><u>P\u0159ihl\u00e1\u0161en\u00ed je mo\u017en\u00e9 do 11.1.2026, platbu prov\u00e1d\u011bjte a\u017e po nov\u00e9m roce, nejpozd\u011bji do 12.1.2026.<\/u><\/b><\/p>\n<\/div>\n<\/div>\n<p>Ji\u017e po n\u011bkolik\u00e1t\u00e9 n\u00e1s bude op\u011bt hostit ly\u017ea\u0159sk\u00e9 st\u0159edisko\u00a0<strong>KOUTY NAD DESNOU pod \u010cervenohorsk\u00fdm Sedlem,<\/strong>\u00a0horsk\u00fd hotel\u00a0<strong>DLOUH\u00c9 STR\u00c1N\u011a***<\/strong>\u00a0s\u00a0velice p\u0159\u00edjemn\u00fdm kongresov\u00fdm z\u00e1zem\u00edm a kapacitou a\u017e 500 m\u00edst. Nebudeme limitov\u00e1ni po\u010dtem m\u00edst a t\u00edm m\u016f\u017eeme uv\u00edtat i rodinn\u00e9 p\u0159\u00edslu\u0161n\u00edky. Velk\u00e1 kongresov\u00e1 m\u00edstnost n\u00e1m zajist\u00ed pohodl\u00ed a klid na n\u00e1\u0161 program. Wellness, modern\u00ed 2-3 l\u016f\u017ekov\u00e9 pokoje a v\u00fdborn\u00e1 kuchyn\u011b je dal\u0161\u00edm pozitivem tohoto hotelu. Atraktivnost tohoto m\u00edsta zvy\u0161uje i bl\u00edzkost nejdel\u0161\u00edch sjezdovek v\u00a0Jesen\u00edk\u00e1ch (od hotelu 200 m) i bl\u00edzkost n\u00e1dhern\u00e9ho ly\u017ea\u0159sk\u00e9ho are\u00e1lu na \u010cervenohorsk\u00e9m Sedle (od hotelu 6 km). Zde si m\u00e1te mo\u017enost u\u017e\u00edt op\u011bt sjezdovek i b\u011b\u017eka\u0159sk\u00fdch trat\u00ed.<\/p>\n<p><strong>HBK letos odstartuje sv\u00e9 p\u0159edn\u00e1\u0161ky v p\u00e1tek v 17.30<\/strong>. Samotn\u00e1 prezence \u00fa\u010dastn\u00edk\u016f prob\u011bhne v hlavn\u00edm p\u0159edn\u00e1\u0161kov\u00e9m s\u00e1le ji\u017e od 16.30 hodin a \u00fa\u010dastn\u00edk\u016fm zde p\u0159ed\u00e1me tren\u00e9rsk\u00e9 triko a sezn\u00e1m\u00edme je s d\u016fle\u017eit\u00fdmi informacemi ohledn\u011b leto\u0161n\u00edho ro\u010dn\u00edku HBK.<\/p>\n<p><strong>Cena HBK pro \u00fa\u010dastn\u00edka je \u00a05690,- K\u010d \/ 230 EUR. <\/strong><\/p>\n<p>V cen\u011b je ubytov\u00e1n\u00ed na horsk\u00e9m hotelu p\u00e1-ne, polopenze, pron\u00e1jem kongresov\u00fdch m\u00edstnost\u00ed, tri\u010dko HBK, \u00fa\u010dastnick\u00fd poplatek na \u0161kolen\u00ed americk\u00fdch tren\u00e9r\u016f ISG s pr\u016fb\u011b\u017en\u00fdm p\u0159ekladem a dal\u0161\u00edch lektor\u016f kliniky. Ob\u011bdy (2 chody) je mo\u017en\u00e9 p\u0159iobjednat na m\u00edst\u011b p\u0159i ubytov\u00e1n\u00ed.<\/p>\n<p><strong style=\"font-style: inherit;\">Rodinn\u00ed p\u0159\u00edslu\u0161n\u00edci maj\u00ed pobyt s polopenz\u00ed za 3750,-.<\/strong><\/p>\n<p style=\"font-style: inherit; font-weight: inherit;\"><strong style=\"font-style: inherit;\">CHARITATIVN\u00cd TOMBOLA A DRA\u017dBA<\/strong><\/p>\n<p style=\"font-style: inherit; font-weight: inherit;\">Na Horsk\u00e9 klinice samoz\u0159ejm\u011b nebude i letos chyb\u011bt tradi\u010dn\u00ed <strong style=\"font-style: inherit;\">tombola s dra\u017ebou<\/strong> pro nadaci FOND POT\u0158EBN\u00ddM, kter\u00e1 p\u0159isp\u00edv\u00e1 nadan\u00fdm soci\u00e1ln\u011b slab\u00fdm hr\u00e1\u010d\u016fm. <strong style=\"font-style: inherit;\">P\u0159edem d\u011bkujeme za pomoc a d\u00e1rky do t\u00e9to charitativn\u00ed akce.<\/strong><\/p>\n<p>Za v\u0161echny po\u0159adatele se na v\u00e1s t\u011b\u0161\u00ed Roman Lipavsk\u00fd<\/p>\n\n\n<p><\/p>\n","protected":false},"excerpt":{"rendered":"<p>P\u0159\u00e1tel\u00e9 &#8211; kamar\u00e1di, v\u00e1\u017een\u00ed tren\u00e9\u0159i. Tak to p\u0159i\u0161lo. Dlouh\u00e9 \u010dek\u00e1n\u00ed na medaili z mu\u017esk\u00e9ho mistrovstv\u00ed Evropy je kone\u010dn\u011b u konce. Baseballov\u00e1 Evropa musela uznat, \u017ee \u010de\u0161t\u00ed baseballist\u00e9 opravdu pat\u0159\u00ed mezi \u0161pi\u010dku evropsk\u00e9ho baseballu. A pozor nejen parta kolem Pavla Chadima, ale vlastn\u011b v\u0161echny kategorie, ve kter\u00fdch se letos hr\u00e1la mistrovstv\u00ed, se pevn\u011b usadily na stupn\u00edch &hellip; <a href=\"https:\/\/www.taborcernypotok.cz\/hbk\/\" class=\"more-link\">Pokra\u010dov\u00e1n\u00ed textu <span class=\"screen-reader-text\">\u00davod<\/span><\/a><\/p>\n","protected":false},"author":1,"featured_media":0,"parent":0,"menu_order":0,"comment_status":"closed","ping_status":"closed","template":"","meta":{"footnotes":""},"class_list":["post-2","page","type-page","status-publish","hentry"],"yoast_head":"<!-- This site is optimized with the Yoast SEO plugin v26.5 - https:\/\/yoast.com\/wordpress\/plugins\/seo\/ -->\n<title>\u00davod - Horsk\u00e1 Baseballov\u00e1 Klinika<\/title>\n<meta name=\"robots\" content=\"index, follow, max-snippet:-1, max-image-preview:large, max-video-preview:-1\" \/>\n<link rel=\"canonical\" href=\"https:\/\/www.taborcernypotok.cz\/hbk\/\" \/>\n<meta property=\"og:locale\" content=\"cs_CZ\" \/>\n<meta property=\"og:type\" content=\"article\" \/>\n<meta property=\"og:title\" content=\"\u00davod - Horsk\u00e1 Baseballov\u00e1 Klinika\" \/>\n<meta property=\"og:description\" content=\"P\u0159\u00e1tel\u00e9 &#8211; kamar\u00e1di, v\u00e1\u017een\u00ed tren\u00e9\u0159i. Tak to p\u0159i\u0161lo. Dlouh\u00e9 \u010dek\u00e1n\u00ed na medaili z mu\u017esk\u00e9ho mistrovstv\u00ed Evropy je kone\u010dn\u011b u konce. Baseballov\u00e1 Evropa musela uznat, \u017ee \u010de\u0161t\u00ed baseballist\u00e9 opravdu pat\u0159\u00ed mezi \u0161pi\u010dku evropsk\u00e9ho baseballu. A pozor nejen parta kolem Pavla Chadima, ale vlastn\u011b v\u0161echny kategorie, ve kter\u00fdch se letos hr\u00e1la mistrovstv\u00ed, se pevn\u011b usadily na stupn\u00edch &hellip; Pokra\u010dov\u00e1n\u00ed textu \u00davod\" \/>\n<meta property=\"og:url\" content=\"https:\/\/www.taborcernypotok.cz\/hbk\/\" \/>\n<meta property=\"og:site_name\" content=\"Horsk\u00e1 Baseballov\u00e1 Klinika\" \/>\n<meta property=\"article:modified_time\" content=\"2026-01-07T07:41:44+00:00\" \/>\n<meta name=\"twitter:card\" content=\"summary_large_image\" \/>\n<meta name=\"twitter:label1\" content=\"Odhadovan\u00e1 doba \u010dten\u00ed\" \/>\n\t<meta name=\"twitter:data1\" content=\"4 minuty\" \/>\n<script type=\"application\/ld+json\" class=\"yoast-schema-graph\">{\"@context\":\"https:\/\/schema.org\",\"@graph\":[{\"@type\":\"WebPage\",\"@id\":\"https:\/\/www.taborcernypotok.cz\/hbk\/\",\"url\":\"https:\/\/www.taborcernypotok.cz\/hbk\/\",\"name\":\"\u00davod - Horsk\u00e1 Baseballov\u00e1 Klinika\",\"isPartOf\":{\"@id\":\"https:\/\/www.taborcernypotok.cz\/hbk\/#website\"},\"datePublished\":\"2016-10-13T20:57:58+00:00\",\"dateModified\":\"2026-01-07T07:41:44+00:00\",\"breadcrumb\":{\"@id\":\"https:\/\/www.taborcernypotok.cz\/hbk\/#breadcrumb\"},\"inLanguage\":\"cs\",\"potentialAction\":[{\"@type\":\"ReadAction\",\"target\":[\"https:\/\/www.taborcernypotok.cz\/hbk\/\"]}]},{\"@type\":\"BreadcrumbList\",\"@id\":\"https:\/\/www.taborcernypotok.cz\/hbk\/#breadcrumb\",\"itemListElement\":[{\"@type\":\"ListItem\",\"position\":1,\"name\":\"Dom\u016f\",\"item\":\"https:\/\/www.taborcernypotok.cz\/hbk\/\"},{\"@type\":\"ListItem\",\"position\":2,\"name\":\"\u00davod\"}]},{\"@type\":\"WebSite\",\"@id\":\"https:\/\/www.taborcernypotok.cz\/hbk\/#website\",\"url\":\"https:\/\/www.taborcernypotok.cz\/hbk\/\",\"name\":\"Horsk\u00e1 Baseballov\u00e1 Klinika\",\"description\":\"\",\"publisher\":{\"@id\":\"https:\/\/www.taborcernypotok.cz\/hbk\/#organization\"},\"potentialAction\":[{\"@type\":\"SearchAction\",\"target\":{\"@type\":\"EntryPoint\",\"urlTemplate\":\"https:\/\/www.taborcernypotok.cz\/hbk\/?s={search_term_string}\"},\"query-input\":{\"@type\":\"PropertyValueSpecification\",\"valueRequired\":true,\"valueName\":\"search_term_string\"}}],\"inLanguage\":\"cs\"},{\"@type\":\"Organization\",\"@id\":\"https:\/\/www.taborcernypotok.cz\/hbk\/#organization\",\"name\":\"Horsk\u00e1 Baseballov\u00e1 Klinika\",\"url\":\"https:\/\/www.taborcernypotok.cz\/hbk\/\",\"logo\":{\"@type\":\"ImageObject\",\"inLanguage\":\"cs\",\"@id\":\"https:\/\/www.taborcernypotok.cz\/hbk\/#\/schema\/logo\/image\/\",\"url\":\"https:\/\/www.taborcernypotok.cz\/hbk\/wp-content\/uploads\/sites\/3\/2025\/12\/cropped-logo-001-02a-white.png\",\"contentUrl\":\"https:\/\/www.taborcernypotok.cz\/hbk\/wp-content\/uploads\/sites\/3\/2025\/12\/cropped-logo-001-02a-white.png\",\"width\":240,\"height\":244,\"caption\":\"Horsk\u00e1 Baseballov\u00e1 Klinika\"},\"image\":{\"@id\":\"https:\/\/www.taborcernypotok.cz\/hbk\/#\/schema\/logo\/image\/\"}}]}<\/script>\n<!-- \/ Yoast SEO plugin. -->","yoast_head_json":{"title":"\u00davod - Horsk\u00e1 Baseballov\u00e1 Klinika","robots":{"index":"index","follow":"follow","max-snippet":"max-snippet:-1","max-image-preview":"max-image-preview:large","max-video-preview":"max-video-preview:-1"},"canonical":"https:\/\/www.taborcernypotok.cz\/hbk\/","og_locale":"cs_CZ","og_type":"article","og_title":"\u00davod - Horsk\u00e1 Baseballov\u00e1 Klinika","og_description":"P\u0159\u00e1tel\u00e9 &#8211; kamar\u00e1di, v\u00e1\u017een\u00ed tren\u00e9\u0159i. Tak to p\u0159i\u0161lo. Dlouh\u00e9 \u010dek\u00e1n\u00ed na medaili z mu\u017esk\u00e9ho mistrovstv\u00ed Evropy je kone\u010dn\u011b u konce. Baseballov\u00e1 Evropa musela uznat, \u017ee \u010de\u0161t\u00ed baseballist\u00e9 opravdu pat\u0159\u00ed mezi \u0161pi\u010dku evropsk\u00e9ho baseballu. A pozor nejen parta kolem Pavla Chadima, ale vlastn\u011b v\u0161echny kategorie, ve kter\u00fdch se letos hr\u00e1la mistrovstv\u00ed, se pevn\u011b usadily na stupn\u00edch &hellip; Pokra\u010dov\u00e1n\u00ed textu \u00davod","og_url":"https:\/\/www.taborcernypotok.cz\/hbk\/","og_site_name":"Horsk\u00e1 Baseballov\u00e1 Klinika","article_modified_time":"2026-01-07T07:41:44+00:00","twitter_card":"summary_large_image","twitter_misc":{"Odhadovan\u00e1 doba \u010dten\u00ed":"4 minuty"},"schema":{"@context":"https:\/\/schema.org","@graph":[{"@type":"WebPage","@id":"https:\/\/www.taborcernypotok.cz\/hbk\/","url":"https:\/\/www.taborcernypotok.cz\/hbk\/","name":"\u00davod - Horsk\u00e1 Baseballov\u00e1 Klinika","isPartOf":{"@id":"https:\/\/www.taborcernypotok.cz\/hbk\/#website"},"datePublished":"2016-10-13T20:57:58+00:00","dateModified":"2026-01-07T07:41:44+00:00","breadcrumb":{"@id":"https:\/\/www.taborcernypotok.cz\/hbk\/#breadcrumb"},"inLanguage":"cs","potentialAction":[{"@type":"ReadAction","target":["https:\/\/www.taborcernypotok.cz\/hbk\/"]}]},{"@type":"BreadcrumbList","@id":"https:\/\/www.taborcernypotok.cz\/hbk\/#breadcrumb","itemListElement":[{"@type":"ListItem","position":1,"name":"Dom\u016f","item":"https:\/\/www.taborcernypotok.cz\/hbk\/"},{"@type":"ListItem","position":2,"name":"\u00davod"}]},{"@type":"WebSite","@id":"https:\/\/www.taborcernypotok.cz\/hbk\/#website","url":"https:\/\/www.taborcernypotok.cz\/hbk\/","name":"Horsk\u00e1 Baseballov\u00e1 Klinika","description":"","publisher":{"@id":"https:\/\/www.taborcernypotok.cz\/hbk\/#organization"},"potentialAction":[{"@type":"SearchAction","target":{"@type":"EntryPoint","urlTemplate":"https:\/\/www.taborcernypotok.cz\/hbk\/?s={search_term_string}"},"query-input":{"@type":"PropertyValueSpecification","valueRequired":true,"valueName":"search_term_string"}}],"inLanguage":"cs"},{"@type":"Organization","@id":"https:\/\/www.taborcernypotok.cz\/hbk\/#organization","name":"Horsk\u00e1 Baseballov\u00e1 Klinika","url":"https:\/\/www.taborcernypotok.cz\/hbk\/","logo":{"@type":"ImageObject","inLanguage":"cs","@id":"https:\/\/www.taborcernypotok.cz\/hbk\/#\/schema\/logo\/image\/","url":"https:\/\/www.taborcernypotok.cz\/hbk\/wp-content\/uploads\/sites\/3\/2025\/12\/cropped-logo-001-02a-white.png","contentUrl":"https:\/\/www.taborcernypotok.cz\/hbk\/wp-content\/uploads\/sites\/3\/2025\/12\/cropped-logo-001-02a-white.png","width":240,"height":244,"caption":"Horsk\u00e1 Baseballov\u00e1 Klinika"},"image":{"@id":"https:\/\/www.taborcernypotok.cz\/hbk\/#\/schema\/logo\/image\/"}}]}},"_links":{"self":[{"href":"https:\/\/www.taborcernypotok.cz\/hbk\/wp-json\/wp\/v2\/pages\/2","targetHints":{"allow":["GET"]}}],"collection":[{"href":"https:\/\/www.taborcernypotok.cz\/hbk\/wp-json\/wp\/v2\/pages"}],"about":[{"href":"https:\/\/www.taborcernypotok.cz\/hbk\/wp-json\/wp\/v2\/types\/page"}],"author":[{"embeddable":true,"href":"https:\/\/www.taborcernypotok.cz\/hbk\/wp-json\/wp\/v2\/users\/1"}],"replies":[{"embeddable":true,"href":"https:\/\/www.taborcernypotok.cz\/hbk\/wp-json\/wp\/v2\/comments?post=2"}],"version-history":[{"count":29,"href":"https:\/\/www.taborcernypotok.cz\/hbk\/wp-json\/wp\/v2\/pages\/2\/revisions"}],"predecessor-version":[{"id":1765,"href":"https:\/\/www.taborcernypotok.cz\/hbk\/wp-json\/wp\/v2\/pages\/2\/revisions\/1765"}],"wp:attachment":[{"href":"https:\/\/www.taborcernypotok.cz\/hbk\/wp-json\/wp\/v2\/media?parent=2"}],"curies":[{"name":"wp","href":"https:\/\/api.w.org\/{rel}","templated":true}]}}