{"id":45,"date":"2016-10-21T22:38:12","date_gmt":"2016-10-21T20:38:12","guid":{"rendered":"https:\/\/www.taborcernypotok.cz\/hbk\/?page_id=45"},"modified":"2026-01-19T16:25:58","modified_gmt":"2026-01-19T15:25:58","slug":"seznam-prihlasenych","status":"publish","type":"page","link":"https:\/\/www.taborcernypotok.cz\/hbk\/seznam-prihlasenych\/","title":{"rendered":"Seznam p\u0159ihl\u00e1\u0161en\u00fdch"},"content":{"rendered":"\n<figure class=\"wp-block-table aligncenter is-style-regular\"><table><thead><tr><th>baseballov\u00fd team                <\/th><th>jm\u00e9no                                            <\/th><th>triko<\/th><th>VS<\/th><th>rodina<\/th><\/tr><\/thead><tbody><tr><td>po\u0159adatel<\/td><td>Lipavsk\u00fd Roman<\/td><td>XXL<\/td><td>&nbsp;<\/td><td>&nbsp;<\/td><\/tr><tr><td>technik<\/td><td>Nov\u00e1k Martin<\/td><td>L<\/td><td><\/td><td><\/td><\/tr><tr><td>&nbsp;lektor<\/td><td>Jakub Van\u010dura<\/td><td>&nbsp;M<\/td><td>&nbsp;<\/td><td>&nbsp;<\/td><\/tr><tr><td>lektor<\/td><td>Ond\u0159ej Furko<\/td><td>&nbsp;XXL<\/td><td><\/td><td>&nbsp;<\/td><\/tr><tr><td>&nbsp;lektor<\/td><td>Chadim Pavel<\/td><td><\/td><td>&nbsp;<\/td><td>&nbsp;<\/td><\/tr><tr><td>lektor<\/td><td>Joe Truesdale<\/td><td><\/td><td><\/td><td><\/td><\/tr><tr><td>&nbsp;p\u0159ekladatel, lektor<\/td><td>Kania Richard&nbsp;<\/td><td>&nbsp;XXL<\/td><td>&nbsp;<\/td><td>&nbsp;<\/td><\/tr><tr><td>lektor<\/td><td>Chlup Vladim\u00edr<\/td><td><\/td><td><\/td><td><\/td><\/tr><tr><td>lektor<\/td><td>Stejspalov\u00e1 Tereza<\/td><td><\/td><td><\/td><td><\/td><\/tr><tr><td>lektor<\/td><td>Thomsonov\u00e1 Eli\u0161ka<\/td><td><\/td><td><\/td><td><\/td><\/tr><tr><td>&nbsp;\u010cBA<\/td><td>Ditrich Petr<\/td><td>&nbsp;L<\/td><td>&nbsp;<\/td><td>&nbsp;<\/td><\/tr><tr><td><\/td><td>Konvalinka Ond\u0159ej<\/td><td>XL<\/td><td><\/td><td>1<\/td><\/tr><tr><td><\/td><td>P\u0159ibyl Franti\u0161ek<\/td><td><\/td><td><\/td><td><\/td><\/tr><tr><td><\/td><td>\u010cech Petr<\/td><td>3XL<\/td><td><\/td><td><\/td><\/tr><tr><td><\/td><td>Proch\u00e1zka Filip<\/td><td>XL<\/td><td><\/td><td><\/td><\/tr><tr><td><\/td><td>Nes\u0148al Arno\u0161t<\/td><td><\/td><td><\/td><td><\/td><\/tr><tr><td>\u010cBA media<\/td><td>Ercoli Luk\u00e1\u0161<\/td><td>XL<\/td><td><\/td><td><\/td><\/tr><tr><td><\/td><td>Claus Martin<\/td><td>XXL<\/td><td><\/td><td><\/td><\/tr><tr><td>EAGLES PRAHA<\/td><td><\/td><td><\/td><td>0100<\/td><td><\/td><\/tr><tr><td><\/td><td>&nbsp;Tr\u010dka Jakub<\/td><td>3XL<\/td><td>0101<\/td><td>&nbsp;<\/td><\/tr><tr><td><\/td><td>Nov\u00e1k Filip<\/td><td>XL<\/td><td>0102<\/td><td><\/td><\/tr><tr><td><\/td><td>Prand\u017eev Lubo\u0161<\/td><td>L<\/td><td>0103<\/td><td><\/td><\/tr><tr><td>&nbsp;SNAILS ORLOV\u00c1<\/td><td><\/td><td><\/td><td>0200<\/td><td>&nbsp;<\/td><\/tr><tr><td><\/td><td>&nbsp;Novotn\u00fd Pavel<\/td><td>XL<\/td><td>0201<\/td><td>&nbsp;<\/td><\/tr><tr><td>SKOKANI OLOMOUC<\/td><td><\/td><td><\/td><td>0300<\/td><td>&nbsp;<\/td><\/tr><tr><td><\/td><td>\u0158eh\u00e1kov\u00e1 Monika<\/td><td>M<\/td><td><\/td><td>&nbsp;1<\/td><\/tr><tr><td><\/td><td>\u0158eh\u00e1k Petr<\/td><td>L<\/td><td><\/td><td><\/td><\/tr><tr><td><\/td><td>Slivka Jan<\/td><td>2XL<\/td><td><\/td><td><\/td><\/tr><tr><td>BASEBALL PLZE\u0147<\/td><td><\/td><td><\/td><td>0400<\/td><td><\/td><\/tr><tr><td><\/td><td>Karas Tom\u00e1\u0161<\/td><td>L<\/td><td>0401<\/td><td>&nbsp;<\/td><\/tr><tr><td>&nbsp;<\/td><td>N\u011bmec Ond\u0159ej<\/td><td>L<\/td><td>0402<\/td><td>&nbsp;<\/td><\/tr><tr><td>T\u0158EB\u00cd\u010c NUCLEARS<\/td><td><\/td><td><\/td><td>0500<\/td><td><\/td><\/tr><tr><td><\/td><td>Jozek Pavel<\/td><td>XL<\/td><td>0501<\/td><td><\/td><\/tr><tr><td><\/td><td>M\u00ed\u0161ensk\u00fd Alois<\/td><td>2XL<\/td><td>0502<\/td><td><\/td><\/tr><tr><td>BK ANGLES TRNAVA<\/td><td><\/td><td><\/td><td>0600<\/td><td><\/td><\/tr><tr><td><\/td><td>Peter Boris<\/td><td>2XL<\/td><td>0601<\/td><td><\/td><\/tr><tr><td>KOTL\u00c1\u0158KA PRAHA<\/td><td><\/td><td>&nbsp;<\/td><td>0700<\/td><td>&nbsp;<\/td><\/tr><tr><td><\/td><td>Nekvasilov\u00e1 Zuzana<\/td><td>S<\/td><td>0701<\/td><td><\/td><\/tr><tr><td><\/td><td>Milata Rostislav<\/td><td>3XL<\/td><td>0702<\/td><td><\/td><\/tr><tr><td><\/td><td>Nov\u00e1k Jan<\/td><td>L<\/td><td>0703<\/td><td><\/td><\/tr><tr><td>BRATISLAVA PHOENIX<\/td><td><\/td><td><\/td><td>0800<\/td><td><\/td><\/tr><tr><td><\/td><td>Zambojov\u00e1 Zuzana <\/td><td>XL<\/td><td>0801<\/td><td><\/td><\/tr><tr><td><\/td><td>Ga\u017ea Tom\u00e1\u0161<\/td><td>L<\/td><td>0802<\/td><td><\/td><\/tr><tr><td>PATRIOTS LIBEREC<\/td><td><\/td><td><\/td><td>0900<\/td><td><\/td><\/tr><tr><td><\/td><td>Hovorka V\u00edt<\/td><td>L<\/td><td><\/td><td><\/td><\/tr><tr><td><\/td><td>Ausperger Ale\u0161<\/td><td>L<\/td><td><\/td><td><\/td><\/tr><tr><td><\/td><td>Bo\u0159ek Ji\u0159\u00ed<\/td><td>L<\/td><td><\/td><td><\/td><\/tr><tr><td><\/td><td>\u010cervinka Michal<\/td><td>L<\/td><td><\/td><td><\/td><\/tr><tr><td>CANNIBALS \u0160UMPERK<\/td><td><\/td><td><\/td><td>1000<\/td><td><\/td><\/tr><tr><td>&nbsp;<\/td><td>Cahl\u00edk Tom\u00e1\u0161<\/td><td>&nbsp;L<\/td><td>&nbsp;<\/td><td>&nbsp;<\/td><\/tr><tr><td><\/td><td>Bouda Luk\u00e1\u0161<\/td><td>XL<\/td><td><\/td><td><\/td><\/tr><tr><td><\/td><td>Zelen\u00fd Michal<\/td><td>2XL<\/td><td><\/td><td><\/td><\/tr><tr><td><\/td><td>Skr\u010den\u00fd Zbyn\u011bk<\/td><td>2XL<\/td><td><\/td><td><\/td><\/tr><tr><td><\/td><td>Slov\u00e1k Pavel<\/td><td>2XL<\/td><td><\/td><td><\/td><\/tr><tr><td><\/td><td>Rusinov\u00e1 Vlasta<\/td><td>M<\/td><td><\/td><td><\/td><\/tr><tr><td><\/td><td>Jan\u016f Petr<\/td><td>XL<\/td><td><\/td><td><\/td><\/tr><tr><td><\/td><td>Huf Franti\u0161ek<\/td><td>L<\/td><td><\/td><td><\/td><\/tr><tr><td><\/td><td>Dole\u017eel Ji\u0159\u00ed<\/td><td>XL<\/td><td><\/td><td><\/td><\/tr><tr><td>APOLLO BRATISLAVA<\/td><td><\/td><td><\/td><td>1100<\/td><td><\/td><\/tr><tr><td><\/td><td>Miko Matu\u0161<\/td><td>2XL<\/td><td>1101<\/td><td><\/td><\/tr><tr><td><\/td><td>Serdel Jan<\/td><td>2XL<\/td><td>1102<\/td><td>&nbsp;<\/td><\/tr><tr><td>DRACI BRNO<\/td><td><\/td><td><\/td><td>&nbsp;1200<\/td><td>&nbsp;<\/td><\/tr><tr><td><\/td><td>Altrichter Jan<\/td><td>&nbsp;2XL<\/td><td><\/td><td>&nbsp;<\/td><\/tr><tr><td>&nbsp;<\/td><td>\u010capka Hynek <\/td><td>&nbsp;M<\/td><td>&nbsp;<\/td><td>&nbsp;<\/td><\/tr><tr><td>&nbsp;<\/td><td>Kane Artur<\/td><td>&nbsp;XL<\/td><td>&nbsp;<\/td><td>&nbsp;<\/td><\/tr><tr><td><\/td><td>Kota\u010dka Martin<\/td><td>&nbsp;3XL<\/td><td><\/td><td>&nbsp;<\/td><\/tr><tr><td><\/td><td>Svoboda Jan<\/td><td>&nbsp;2XL<\/td><td>&nbsp;<\/td><td>&nbsp;<\/td><\/tr><tr><td>&nbsp;KLASIK FM<\/td><td><\/td><td><\/td><td>&nbsp;1300<\/td><td>&nbsp;<\/td><\/tr><tr><td>&nbsp;<\/td><td>Haladej Ale\u0161<\/td><td>&nbsp;XL<\/td><td>&nbsp;<\/td><td>&nbsp;<\/td><\/tr><tr><td>&nbsp;<\/td><td>Kretkov\u00e1 Iva<\/td><td>S<\/td><td>&nbsp;<\/td><td>&nbsp;<\/td><\/tr><tr><td><\/td><td>Kretek Miroslav<\/td><td>2XL<\/td><td><\/td><td><\/td><\/tr><tr><td>TECHNIKA BRNO<\/td><td>&nbsp;<\/td><td>&nbsp;<\/td><td>1400<\/td><td>&nbsp;<\/td><\/tr><tr><td>&nbsp;<\/td><td>\u0160karoupka Martin<\/td><td>&nbsp;2XL<\/td><td><\/td><td>&nbsp;<\/td><\/tr><tr><td><\/td><td>Fi\u0161er Jan<\/td><td>L<\/td><td><\/td><td><\/td><\/tr><tr><td><\/td><td>Tietz Jan<\/td><td>XL<\/td><td><\/td><td><\/td><\/tr><tr><td><\/td><td>Melendez Cesar<\/td><td>M<\/td><td><\/td><td><\/td><\/tr><tr><td>&nbsp;HRO\u0160I BRNO<\/td><td><\/td><td>&nbsp;<\/td><td>1600<\/td><td>&nbsp;<\/td><\/tr><tr><td><\/td><td>H\u00e1nov\u00e1 Martina<\/td><td>&nbsp;S<\/td><td><\/td><td>&nbsp;<\/td><\/tr><tr><td>&nbsp;<\/td><td>Ovesn\u00fd Tom\u00e1\u0161<\/td><td>&nbsp;M<\/td><td><\/td><td>&nbsp;<\/td><\/tr><tr><td>OLYMPIA BLANSKO<\/td><td>&nbsp;<\/td><td>&nbsp;<\/td><td>&nbsp;1700<\/td><td>&nbsp;<\/td><\/tr><tr><td>&nbsp;<\/td><td>Krej\u010d\u00ed\u0159 Jaroslav<\/td><td>&nbsp;XL<\/td><td>&nbsp;<\/td><td>&nbsp;<\/td><\/tr><tr><td><\/td><td>Krej\u010d\u00ed\u0159 Jaroslav<\/td><td>L<\/td><td><\/td><td><\/td><\/tr><tr><td>Rakousko<\/td><td>\u00a0Lichem Matthias<\/td><td>&nbsp;<\/td><td>1800<\/td><td>&nbsp;<\/td><\/tr><tr><td>\u00a0SABAT PRAHA<\/td><td><\/td><td><\/td><td>\u00a01900<\/td><td>&nbsp;<\/td><\/tr><tr><td>&nbsp;<\/td><td>Weiss Luk\u00e1\u0161<\/td><td>L<\/td><td>&nbsp;<\/td><td>&nbsp;<\/td><\/tr><tr><td>&nbsp;<\/td><td><\/td><td><\/td><td>&nbsp;<\/td><td>&nbsp;<\/td><\/tr><tr><td>&nbsp;<\/td><td><\/td><td>&nbsp;<\/td><td>&nbsp;<\/td><td>&nbsp;<\/td><\/tr><tr><td>&nbsp;<\/td><td><\/td><td><\/td><td>&nbsp;<\/td><td>&nbsp;<\/td><\/tr><tr><td>&nbsp;<\/td><td><\/td><td>&nbsp;<\/td><td>&nbsp;<\/td><td>&nbsp;<\/td><\/tr><tr><td><\/td><td>&nbsp;<\/td><td>&nbsp;<\/td><td><\/td><td>&nbsp;<\/td><\/tr><tr><td>&nbsp;<\/td><td><\/td><td><\/td><td>&nbsp;<\/td><td>&nbsp;<\/td><\/tr><tr><td>&nbsp;<\/td><td><\/td><td>&nbsp;<\/td><td>&nbsp;<\/td><td>&nbsp;<\/td><\/tr><tr><td>&nbsp;<\/td><td><\/td><td>&nbsp;<\/td><td>&nbsp;<\/td><td>&nbsp;<\/td><\/tr><tr><td><\/td><td>&nbsp;<\/td><td>&nbsp;<\/td><td><\/td><td>&nbsp;<\/td><\/tr><tr><td>&nbsp;<\/td><td><\/td><td>&nbsp;<\/td><td><\/td><td>&nbsp;<\/td><\/tr><tr><td>&nbsp;<\/td><td><\/td><td><\/td><td><\/td><td>&nbsp;<\/td><\/tr><tr><td><\/td><td>&nbsp;<\/td><td>&nbsp;<\/td><td><\/td><td>&nbsp;<\/td><\/tr><tr><td>&nbsp;<\/td><td><\/td><td>&nbsp;<\/td><td>&nbsp;<\/td><td>&nbsp;<\/td><\/tr><tr><td>&nbsp;<\/td><td><\/td><td>&nbsp;<\/td><td>&nbsp;<\/td><td>&nbsp;<\/td><\/tr><tr><td><\/td><td><\/td><td><\/td><td><\/td><td><\/td><\/tr><tr><td><\/td><td><\/td><td><\/td><td><\/td><td><\/td><\/tr><tr><td><\/td><td>&nbsp;<\/td><td>&nbsp;<\/td><td><\/td><td>&nbsp;<\/td><\/tr><tr><td>&nbsp;<\/td><td><\/td><td>&nbsp;<\/td><td>&nbsp;<\/td><td>&nbsp;<\/td><\/tr><tr><td>&nbsp;<\/td><td><\/td><td><\/td><td>&nbsp;<\/td><td>&nbsp;<\/td><\/tr><tr><td><\/td><td>&nbsp;<\/td><td>&nbsp;<\/td><td><\/td><td>&nbsp;<\/td><\/tr><tr><td>&nbsp;<\/td><td><\/td><td>&nbsp;<\/td><td><\/td><td>&nbsp;<\/td><\/tr><tr><td><\/td><td>&nbsp;<\/td><td>&nbsp;<\/td><td><\/td><td>&nbsp;<\/td><\/tr><tr><td>&nbsp;<\/td><td><\/td><td><\/td><td>&nbsp;<\/td><td>&nbsp;<\/td><\/tr><tr><td><\/td><td>&nbsp;<\/td><td>&nbsp;<\/td><td>&nbsp;<\/td><td>&nbsp;<\/td><\/tr><tr><td>&nbsp;<\/td><td><\/td><td>&nbsp;<\/td><td>&nbsp;<\/td><td>&nbsp;<\/td><\/tr><tr><td><\/td><td>&nbsp;<\/td><td>&nbsp;<\/td><td><\/td><td>&nbsp;<\/td><\/tr><tr><td>&nbsp;<\/td><td><\/td><td>&nbsp;<\/td><td><\/td><td>&nbsp;<\/td><\/tr><tr><td><\/td><td><\/td><td><\/td><td><\/td><td><\/td><\/tr><tr><td><\/td><td><\/td><td><\/td><td><\/td><td><\/td><\/tr><tr><td><\/td><td><\/td><td><\/td><td><\/td><td><\/td><\/tr><tr><td><\/td><td>&nbsp;<\/td><td>&nbsp;<\/td><td><\/td><td>&nbsp;<\/td><\/tr><tr><td>&nbsp;<\/td><td><\/td><td>&nbsp;<\/td><td>&nbsp;<\/td><td>&nbsp;<\/td><\/tr><tr><td>&nbsp;<\/td><td><\/td><td><\/td><td>&nbsp;<\/td><td>&nbsp;<\/td><\/tr><tr><td>&nbsp;<\/td><td><\/td><td><\/td><td>&nbsp;<\/td><td>&nbsp;<\/td><\/tr><tr><td><\/td><td><\/td><td><\/td><td><\/td><td><\/td><\/tr><tr><td><\/td><td>&nbsp;<\/td><td>&nbsp;<\/td><td><\/td><td>&nbsp;<\/td><\/tr><tr><td>&nbsp;<\/td><td><\/td><td><\/td><td>&nbsp;<\/td><td>&nbsp;<\/td><\/tr><tr><td>&nbsp;<\/td><td><\/td><td>&nbsp;<\/td><td>&nbsp;<\/td><td>&nbsp;<\/td><\/tr><tr><td>&nbsp;<\/td><td><\/td><td>&nbsp;<\/td><td>&nbsp;<\/td><td>&nbsp;<\/td><\/tr><tr><td>&nbsp;<\/td><td><\/td><td><\/td><td>&nbsp;<\/td><td>&nbsp;<\/td><\/tr><tr><td><\/td><td>&nbsp;<\/td><td>&nbsp;<\/td><td><\/td><td>&nbsp;<\/td><\/tr><tr><td>&nbsp;<\/td><td><\/td><td>&nbsp;<\/td><td>&nbsp;<\/td><td>&nbsp;<\/td><\/tr><tr><td>&nbsp;<\/td><td><\/td><td><\/td><td>&nbsp;<\/td><td>&nbsp;<\/td><\/tr><tr><td><\/td><td><\/td><td><\/td><td><\/td><td><\/td><\/tr><tr><td><\/td><td>&nbsp;<\/td><td>&nbsp;<\/td><td><\/td><td>&nbsp;<\/td><\/tr><tr><td>&nbsp;<\/td><td><\/td><td>&nbsp;<\/td><td>&nbsp;<\/td><td>&nbsp;<\/td><\/tr><tr><td>&nbsp;<\/td><td><\/td><td>&nbsp;<\/td><td>&nbsp;<\/td><td>&nbsp;<\/td><\/tr><tr><td><\/td><td>&nbsp;<\/td><td>&nbsp;<\/td><td><\/td><td>&nbsp;<\/td><\/tr><tr><td>&nbsp;<\/td><td><\/td><td><\/td><td>&nbsp;<\/td><td>&nbsp;<\/td><\/tr><tr><td><\/td><td>&nbsp;<\/td><td>&nbsp;<\/td><td><\/td><td>&nbsp;<\/td><\/tr><tr><td>&nbsp;<\/td><td><\/td><td>&nbsp;<\/td><td>&nbsp;<\/td><td>&nbsp;<\/td><\/tr><tr><td>&nbsp;<\/td><td><\/td><td>&nbsp;<\/td><td>&nbsp;<\/td><td>&nbsp;<\/td><\/tr><tr><td><\/td><td>&nbsp;<\/td><td>&nbsp;<\/td><td><\/td><td>&nbsp;<\/td><\/tr><tr><td>&nbsp;<\/td><td><\/td><td><\/td><td>&nbsp;<\/td><td>&nbsp;<\/td><\/tr><tr><td>&nbsp;<\/td><td><\/td><td><\/td><td>&nbsp;<\/td><td>&nbsp;<\/td><\/tr><tr><td>&nbsp;<\/td><td><\/td><td>&nbsp;<\/td><td>&nbsp;<\/td><td>&nbsp;<\/td><\/tr><tr><td>&nbsp;<\/td><td><\/td><td>&nbsp;<\/td><td>&nbsp;<\/td><td>&nbsp;<\/td><\/tr><tr><td>&nbsp;<\/td><td><\/td><td>&nbsp;<\/td><td><\/td><td>&nbsp;<\/td><\/tr><tr><td><\/td><td><\/td><td><\/td><td><\/td><td>&nbsp;<\/td><\/tr><tr><td>&nbsp;<\/td><td><\/td><td>&nbsp;<\/td><td>&nbsp;<\/td><td>&nbsp;<\/td><\/tr><tr><td>&nbsp;<\/td><td><\/td><td>&nbsp;<\/td><td>&nbsp;<\/td><td>&nbsp;<\/td><\/tr><tr><td>&nbsp;<\/td><td>&nbsp;<\/td><td>&nbsp;<\/td><td>&nbsp;<\/td><td>&nbsp;<\/td><\/tr><tr><td>&nbsp;<\/td><td>&nbsp;<\/td><td>&nbsp;<\/td><td>&nbsp;<\/td><td>&nbsp;<\/td><\/tr><tr><td>&nbsp;<\/td><td>&nbsp;<\/td><td>&nbsp;<\/td><td>&nbsp;<\/td><td>&nbsp;<\/td><\/tr><tr><td>&nbsp;<\/td><td>&nbsp;<\/td><td>&nbsp;<\/td><td>&nbsp;<\/td><td>&nbsp;<\/td><\/tr><tr><td>&nbsp;<\/td><td>&nbsp;<\/td><td>&nbsp;<\/td><td>&nbsp;<\/td><td>&nbsp;<\/td><\/tr><tr><td>&nbsp;<\/td><td>&nbsp;<\/td><td>&nbsp;<\/td><td>&nbsp;<\/td><td>&nbsp;<\/td><\/tr><\/tbody><\/table><\/figure>\n\n\n\n<p><\/p>\n","protected":false},"excerpt":{"rendered":"<p>baseballov\u00fd team jm\u00e9no triko VS rodina po\u0159adatel Lipavsk\u00fd Roman XXL &nbsp; &nbsp; technik Nov\u00e1k Martin L &nbsp;lektor Jakub Van\u010dura &nbsp;M &nbsp; &nbsp; lektor Ond\u0159ej Furko &nbsp;XXL &nbsp; &nbsp;lektor Chadim Pavel &nbsp; &nbsp; lektor Joe Truesdale &nbsp;p\u0159ekladatel, lektor Kania Richard&nbsp; &nbsp;XXL &nbsp; &nbsp; lektor Chlup Vladim\u00edr lektor Stejspalov\u00e1 Tereza lektor Thomsonov\u00e1 Eli\u0161ka &nbsp;\u010cBA Ditrich Petr &nbsp;L &hellip; <a href=\"https:\/\/www.taborcernypotok.cz\/hbk\/seznam-prihlasenych\/\" class=\"more-link\">Pokra\u010dov\u00e1n\u00ed textu <span class=\"screen-reader-text\">Seznam p\u0159ihl\u00e1\u0161en\u00fdch<\/span><\/a><\/p>\n","protected":false},"author":1,"featured_media":0,"parent":0,"menu_order":0,"comment_status":"closed","ping_status":"closed","template":"","meta":{"footnotes":""},"class_list":["post-45","page","type-page","status-publish","hentry"],"yoast_head":"<!-- This site is optimized with the Yoast SEO plugin v26.5 - https:\/\/yoast.com\/wordpress\/plugins\/seo\/ -->\n<title>Seznam p\u0159ihl\u00e1\u0161en\u00fdch - Horsk\u00e1 Baseballov\u00e1 Klinika<\/title>\n<meta name=\"robots\" content=\"index, follow, max-snippet:-1, max-image-preview:large, max-video-preview:-1\" \/>\n<link rel=\"canonical\" href=\"https:\/\/www.taborcernypotok.cz\/hbk\/seznam-prihlasenych\/\" \/>\n<meta property=\"og:locale\" content=\"cs_CZ\" \/>\n<meta property=\"og:type\" content=\"article\" \/>\n<meta property=\"og:title\" content=\"Seznam p\u0159ihl\u00e1\u0161en\u00fdch - Horsk\u00e1 Baseballov\u00e1 Klinika\" \/>\n<meta property=\"og:description\" content=\"baseballov\u00fd team jm\u00e9no triko VS rodina po\u0159adatel Lipavsk\u00fd Roman XXL &nbsp; &nbsp; technik Nov\u00e1k Martin L &nbsp;lektor Jakub Van\u010dura &nbsp;M &nbsp; &nbsp; lektor Ond\u0159ej Furko &nbsp;XXL &nbsp; &nbsp;lektor Chadim Pavel &nbsp; &nbsp; lektor Joe Truesdale &nbsp;p\u0159ekladatel, lektor Kania Richard&nbsp; &nbsp;XXL &nbsp; &nbsp; lektor Chlup Vladim\u00edr lektor Stejspalov\u00e1 Tereza lektor Thomsonov\u00e1 Eli\u0161ka &nbsp;\u010cBA Ditrich Petr &nbsp;L &hellip; Pokra\u010dov\u00e1n\u00ed textu Seznam p\u0159ihl\u00e1\u0161en\u00fdch\" \/>\n<meta property=\"og:url\" content=\"https:\/\/www.taborcernypotok.cz\/hbk\/seznam-prihlasenych\/\" \/>\n<meta property=\"og:site_name\" content=\"Horsk\u00e1 Baseballov\u00e1 Klinika\" \/>\n<meta property=\"article:modified_time\" content=\"2026-01-19T15:25:58+00:00\" \/>\n<meta name=\"twitter:card\" content=\"summary_large_image\" \/>\n<meta name=\"twitter:label1\" content=\"Odhadovan\u00e1 doba \u010dten\u00ed\" \/>\n\t<meta name=\"twitter:data1\" content=\"2 minuty\" \/>\n<script type=\"application\/ld+json\" class=\"yoast-schema-graph\">{\"@context\":\"https:\/\/schema.org\",\"@graph\":[{\"@type\":\"WebPage\",\"@id\":\"https:\/\/www.taborcernypotok.cz\/hbk\/seznam-prihlasenych\/\",\"url\":\"https:\/\/www.taborcernypotok.cz\/hbk\/seznam-prihlasenych\/\",\"name\":\"Seznam p\u0159ihl\u00e1\u0161en\u00fdch - Horsk\u00e1 Baseballov\u00e1 Klinika\",\"isPartOf\":{\"@id\":\"https:\/\/www.taborcernypotok.cz\/hbk\/#website\"},\"datePublished\":\"2016-10-21T20:38:12+00:00\",\"dateModified\":\"2026-01-19T15:25:58+00:00\",\"breadcrumb\":{\"@id\":\"https:\/\/www.taborcernypotok.cz\/hbk\/seznam-prihlasenych\/#breadcrumb\"},\"inLanguage\":\"cs\",\"potentialAction\":[{\"@type\":\"ReadAction\",\"target\":[\"https:\/\/www.taborcernypotok.cz\/hbk\/seznam-prihlasenych\/\"]}]},{\"@type\":\"BreadcrumbList\",\"@id\":\"https:\/\/www.taborcernypotok.cz\/hbk\/seznam-prihlasenych\/#breadcrumb\",\"itemListElement\":[{\"@type\":\"ListItem\",\"position\":1,\"name\":\"Dom\u016f\",\"item\":\"https:\/\/www.taborcernypotok.cz\/hbk\/\"},{\"@type\":\"ListItem\",\"position\":2,\"name\":\"Seznam p\u0159ihl\u00e1\u0161en\u00fdch\"}]},{\"@type\":\"WebSite\",\"@id\":\"https:\/\/www.taborcernypotok.cz\/hbk\/#website\",\"url\":\"https:\/\/www.taborcernypotok.cz\/hbk\/\",\"name\":\"Horsk\u00e1 Baseballov\u00e1 Klinika\",\"description\":\"\",\"publisher\":{\"@id\":\"https:\/\/www.taborcernypotok.cz\/hbk\/#organization\"},\"potentialAction\":[{\"@type\":\"SearchAction\",\"target\":{\"@type\":\"EntryPoint\",\"urlTemplate\":\"https:\/\/www.taborcernypotok.cz\/hbk\/?s={search_term_string}\"},\"query-input\":{\"@type\":\"PropertyValueSpecification\",\"valueRequired\":true,\"valueName\":\"search_term_string\"}}],\"inLanguage\":\"cs\"},{\"@type\":\"Organization\",\"@id\":\"https:\/\/www.taborcernypotok.cz\/hbk\/#organization\",\"name\":\"Horsk\u00e1 Baseballov\u00e1 Klinika\",\"url\":\"https:\/\/www.taborcernypotok.cz\/hbk\/\",\"logo\":{\"@type\":\"ImageObject\",\"inLanguage\":\"cs\",\"@id\":\"https:\/\/www.taborcernypotok.cz\/hbk\/#\/schema\/logo\/image\/\",\"url\":\"https:\/\/www.taborcernypotok.cz\/hbk\/wp-content\/uploads\/sites\/3\/2025\/12\/cropped-logo-001-02a-white.png\",\"contentUrl\":\"https:\/\/www.taborcernypotok.cz\/hbk\/wp-content\/uploads\/sites\/3\/2025\/12\/cropped-logo-001-02a-white.png\",\"width\":240,\"height\":244,\"caption\":\"Horsk\u00e1 Baseballov\u00e1 Klinika\"},\"image\":{\"@id\":\"https:\/\/www.taborcernypotok.cz\/hbk\/#\/schema\/logo\/image\/\"}}]}<\/script>\n<!-- \/ Yoast SEO plugin. -->","yoast_head_json":{"title":"Seznam p\u0159ihl\u00e1\u0161en\u00fdch - Horsk\u00e1 Baseballov\u00e1 Klinika","robots":{"index":"index","follow":"follow","max-snippet":"max-snippet:-1","max-image-preview":"max-image-preview:large","max-video-preview":"max-video-preview:-1"},"canonical":"https:\/\/www.taborcernypotok.cz\/hbk\/seznam-prihlasenych\/","og_locale":"cs_CZ","og_type":"article","og_title":"Seznam p\u0159ihl\u00e1\u0161en\u00fdch - Horsk\u00e1 Baseballov\u00e1 Klinika","og_description":"baseballov\u00fd team jm\u00e9no triko VS rodina po\u0159adatel Lipavsk\u00fd Roman XXL &nbsp; &nbsp; technik Nov\u00e1k Martin L &nbsp;lektor Jakub Van\u010dura &nbsp;M &nbsp; &nbsp; lektor Ond\u0159ej Furko &nbsp;XXL &nbsp; &nbsp;lektor Chadim Pavel &nbsp; &nbsp; lektor Joe Truesdale &nbsp;p\u0159ekladatel, lektor Kania Richard&nbsp; &nbsp;XXL &nbsp; &nbsp; lektor Chlup Vladim\u00edr lektor Stejspalov\u00e1 Tereza lektor Thomsonov\u00e1 Eli\u0161ka &nbsp;\u010cBA Ditrich Petr &nbsp;L &hellip; Pokra\u010dov\u00e1n\u00ed textu Seznam p\u0159ihl\u00e1\u0161en\u00fdch","og_url":"https:\/\/www.taborcernypotok.cz\/hbk\/seznam-prihlasenych\/","og_site_name":"Horsk\u00e1 Baseballov\u00e1 Klinika","article_modified_time":"2026-01-19T15:25:58+00:00","twitter_card":"summary_large_image","twitter_misc":{"Odhadovan\u00e1 doba \u010dten\u00ed":"2 minuty"},"schema":{"@context":"https:\/\/schema.org","@graph":[{"@type":"WebPage","@id":"https:\/\/www.taborcernypotok.cz\/hbk\/seznam-prihlasenych\/","url":"https:\/\/www.taborcernypotok.cz\/hbk\/seznam-prihlasenych\/","name":"Seznam p\u0159ihl\u00e1\u0161en\u00fdch - Horsk\u00e1 Baseballov\u00e1 Klinika","isPartOf":{"@id":"https:\/\/www.taborcernypotok.cz\/hbk\/#website"},"datePublished":"2016-10-21T20:38:12+00:00","dateModified":"2026-01-19T15:25:58+00:00","breadcrumb":{"@id":"https:\/\/www.taborcernypotok.cz\/hbk\/seznam-prihlasenych\/#breadcrumb"},"inLanguage":"cs","potentialAction":[{"@type":"ReadAction","target":["https:\/\/www.taborcernypotok.cz\/hbk\/seznam-prihlasenych\/"]}]},{"@type":"BreadcrumbList","@id":"https:\/\/www.taborcernypotok.cz\/hbk\/seznam-prihlasenych\/#breadcrumb","itemListElement":[{"@type":"ListItem","position":1,"name":"Dom\u016f","item":"https:\/\/www.taborcernypotok.cz\/hbk\/"},{"@type":"ListItem","position":2,"name":"Seznam p\u0159ihl\u00e1\u0161en\u00fdch"}]},{"@type":"WebSite","@id":"https:\/\/www.taborcernypotok.cz\/hbk\/#website","url":"https:\/\/www.taborcernypotok.cz\/hbk\/","name":"Horsk\u00e1 Baseballov\u00e1 Klinika","description":"","publisher":{"@id":"https:\/\/www.taborcernypotok.cz\/hbk\/#organization"},"potentialAction":[{"@type":"SearchAction","target":{"@type":"EntryPoint","urlTemplate":"https:\/\/www.taborcernypotok.cz\/hbk\/?s={search_term_string}"},"query-input":{"@type":"PropertyValueSpecification","valueRequired":true,"valueName":"search_term_string"}}],"inLanguage":"cs"},{"@type":"Organization","@id":"https:\/\/www.taborcernypotok.cz\/hbk\/#organization","name":"Horsk\u00e1 Baseballov\u00e1 Klinika","url":"https:\/\/www.taborcernypotok.cz\/hbk\/","logo":{"@type":"ImageObject","inLanguage":"cs","@id":"https:\/\/www.taborcernypotok.cz\/hbk\/#\/schema\/logo\/image\/","url":"https:\/\/www.taborcernypotok.cz\/hbk\/wp-content\/uploads\/sites\/3\/2025\/12\/cropped-logo-001-02a-white.png","contentUrl":"https:\/\/www.taborcernypotok.cz\/hbk\/wp-content\/uploads\/sites\/3\/2025\/12\/cropped-logo-001-02a-white.png","width":240,"height":244,"caption":"Horsk\u00e1 Baseballov\u00e1 Klinika"},"image":{"@id":"https:\/\/www.taborcernypotok.cz\/hbk\/#\/schema\/logo\/image\/"}}]}},"_links":{"self":[{"href":"https:\/\/www.taborcernypotok.cz\/hbk\/wp-json\/wp\/v2\/pages\/45","targetHints":{"allow":["GET"]}}],"collection":[{"href":"https:\/\/www.taborcernypotok.cz\/hbk\/wp-json\/wp\/v2\/pages"}],"about":[{"href":"https:\/\/www.taborcernypotok.cz\/hbk\/wp-json\/wp\/v2\/types\/page"}],"author":[{"embeddable":true,"href":"https:\/\/www.taborcernypotok.cz\/hbk\/wp-json\/wp\/v2\/users\/1"}],"replies":[{"embeddable":true,"href":"https:\/\/www.taborcernypotok.cz\/hbk\/wp-json\/wp\/v2\/comments?post=45"}],"version-history":[{"count":640,"href":"https:\/\/www.taborcernypotok.cz\/hbk\/wp-json\/wp\/v2\/pages\/45\/revisions"}],"predecessor-version":[{"id":1820,"href":"https:\/\/www.taborcernypotok.cz\/hbk\/wp-json\/wp\/v2\/pages\/45\/revisions\/1820"}],"wp:attachment":[{"href":"https:\/\/www.taborcernypotok.cz\/hbk\/wp-json\/wp\/v2\/media?parent=45"}],"curies":[{"name":"wp","href":"https:\/\/api.w.org\/{rel}","templated":true}]}}