{"id":128,"date":"2017-03-23T22:25:15","date_gmt":"2017-03-23T21:25:15","guid":{"rendered":"https:\/\/www.taborcernypotok.cz\/rcc\/?page_id=128"},"modified":"2017-03-23T22:25:15","modified_gmt":"2017-03-23T21:25:15","slug":"rcc-jaro-2017","status":"publish","type":"page","link":"https:\/\/www.taborcernypotok.cz\/rcc\/lektori\/rcc-jaro-2017\/","title":{"rendered":"RCC jaro 2017"},"content":{"rendered":"<ul>\n<li><span style=\"font-family: Arial;\"><strong>Richard Kania <\/strong>(Tempo Titans Praha) &#8211; teorie sportovn\u00edho tr\u00e9ninku, h\u00e1zen\u00ed, nadhoz<\/span><\/li>\n<li><span style=\"font-family: Arial;\"><strong>Arno\u0161t Nes\u0148al <\/strong>(Draci Brno) &#8211; hitting<\/span><\/li>\n<li><span style=\"font-family: Arial;\"><strong>Marian \u010co\u010do Kr\u00e1sn\u00fd<\/strong> (Hro\u0161i Brno) &#8211; hitting, chyby u ml\u00e1de\u017enick\u00fdch kategori\u00ed<\/span><\/li>\n<li><span style=\"font-family: Arial;\"><strong>Filip Hude\u010dek<\/strong> (Brno) &#8211; prevence sportovn\u00edch \u00faraz\u016f<\/span><\/li>\n<li><span style=\"font-family: Arial;\"><strong>Martina H\u00e1nov\u00e1<\/strong> (T\u0159eb\u00ed\u010d Nuclears) &#8211; 1.pomoc<\/span><\/li>\n<li><span style=\"font-family: Arial;\"><strong>Fanda P\u0159ibyl<\/strong> (\u010cBA) &#8211; komunikace s rozhod\u010d\u00edm<\/span><\/li>\n<li><span style=\"font-family: Arial;\"><strong>Miroslav Kaigel<\/strong> (\u010cBA) &#8211; komunikace s rozhod\u010d\u00edm<\/span><\/li>\n<li><span style=\"font-family: Arial;\"><strong>Jan \u017dl\u00e1bek<\/strong> (Orli Choce\u0148) &#8211; chyt\u00e1n\u00ed, catcher<\/span><\/li>\n<li><span style=\"font-family: Arial;\"><strong>Otto Posp\u00ed\u0161il<\/strong> (Ostrava) &#8211; kondi\u010dn\u00ed p\u0159\u00edprava<\/span><\/li>\n<li><span style=\"font-family: Arial;\"><strong>Anton\u00edn Kure\u010dka<\/strong> (\u0160umperk) &#8211;\u00a0<\/span>\u00a0<span style=\"font-family: Arial;\">kondi\u010dn\u00ed p\u0159\u00edprava<\/span><\/li>\n<li><span style=\"font-family: Arial;\"><strong>Ji\u0159\u00ed a Martin Heroldovi<\/strong> (IBD Praha) &#8211; SuperCup a FirstCup<\/span><\/li>\n<li><span style=\"font-family: Arial;\"><strong>Roman Lipavsk\u00fd<\/strong> (\u0160umperk) &#8211; z\u00e1\u017eitkov\u00e1 pedagogika, treninkov\u00e9 hry<\/span><\/li>\n<\/ul>\n","protected":false},"excerpt":{"rendered":"<p>Richard Kania (Tempo Titans Praha) &#8211; teorie sportovn\u00edho tr\u00e9ninku, h\u00e1zen\u00ed, nadhoz Arno\u0161t Nes\u0148al (Draci Brno) &#8211; hitting Marian \u010co\u010do Kr\u00e1sn\u00fd (Hro\u0161i Brno) &#8211; hitting, chyby u ml\u00e1de\u017enick\u00fdch kategori\u00ed Filip Hude\u010dek (Brno) &#8211; prevence sportovn\u00edch \u00faraz\u016f Martina H\u00e1nov\u00e1 (T\u0159eb\u00ed\u010d Nuclears) &#8211; 1.pomoc Fanda P\u0159ibyl (\u010cBA) &#8211; komunikace s rozhod\u010d\u00edm Miroslav Kaigel (\u010cBA) &#8211; komunikace s rozhod\u010d\u00edm &hellip; <a href=\"https:\/\/www.taborcernypotok.cz\/rcc\/lektori\/rcc-jaro-2017\/\" class=\"more-link\">Pokra\u010dov\u00e1n\u00ed textu <span class=\"screen-reader-text\">RCC jaro 2017<\/span><\/a><\/p>\n","protected":false},"author":1,"featured_media":0,"parent":19,"menu_order":0,"comment_status":"closed","ping_status":"closed","template":"","meta":{"footnotes":""},"class_list":["post-128","page","type-page","status-publish","hentry"],"yoast_head":"<!-- This site is optimized with the Yoast SEO plugin v26.5 - https:\/\/yoast.com\/wordpress\/plugins\/seo\/ -->\n<title>RCC jaro 2017 - Rookie Coaches Clinic<\/title>\n<meta name=\"robots\" content=\"index, follow, max-snippet:-1, max-image-preview:large, max-video-preview:-1\" \/>\n<link rel=\"canonical\" href=\"https:\/\/www.taborcernypotok.cz\/rcc\/lektori\/rcc-jaro-2017\/\" \/>\n<meta property=\"og:locale\" content=\"cs_CZ\" \/>\n<meta property=\"og:type\" content=\"article\" \/>\n<meta property=\"og:title\" content=\"RCC jaro 2017 - Rookie Coaches Clinic\" \/>\n<meta property=\"og:description\" content=\"Richard Kania (Tempo Titans Praha) &#8211; teorie sportovn\u00edho tr\u00e9ninku, h\u00e1zen\u00ed, nadhoz Arno\u0161t Nes\u0148al (Draci Brno) &#8211; hitting Marian \u010co\u010do Kr\u00e1sn\u00fd (Hro\u0161i Brno) &#8211; hitting, chyby u ml\u00e1de\u017enick\u00fdch kategori\u00ed Filip Hude\u010dek (Brno) &#8211; prevence sportovn\u00edch \u00faraz\u016f Martina H\u00e1nov\u00e1 (T\u0159eb\u00ed\u010d Nuclears) &#8211; 1.pomoc Fanda P\u0159ibyl (\u010cBA) &#8211; komunikace s rozhod\u010d\u00edm Miroslav Kaigel (\u010cBA) &#8211; komunikace s rozhod\u010d\u00edm &hellip; Pokra\u010dov\u00e1n\u00ed textu RCC jaro 2017\" \/>\n<meta property=\"og:url\" content=\"https:\/\/www.taborcernypotok.cz\/rcc\/lektori\/rcc-jaro-2017\/\" \/>\n<meta property=\"og:site_name\" content=\"Rookie Coaches Clinic\" \/>\n<meta name=\"twitter:card\" content=\"summary_large_image\" \/>\n<meta name=\"twitter:label1\" content=\"Odhadovan\u00e1 doba \u010dten\u00ed\" \/>\n\t<meta name=\"twitter:data1\" content=\"1 minuta\" \/>\n<script type=\"application\/ld+json\" class=\"yoast-schema-graph\">{\"@context\":\"https:\/\/schema.org\",\"@graph\":[{\"@type\":\"WebPage\",\"@id\":\"https:\/\/www.taborcernypotok.cz\/rcc\/lektori\/rcc-jaro-2017\/\",\"url\":\"https:\/\/www.taborcernypotok.cz\/rcc\/lektori\/rcc-jaro-2017\/\",\"name\":\"RCC jaro 2017 - Rookie Coaches Clinic\",\"isPartOf\":{\"@id\":\"https:\/\/www.taborcernypotok.cz\/rcc\/#website\"},\"datePublished\":\"2017-03-23T21:25:15+00:00\",\"breadcrumb\":{\"@id\":\"https:\/\/www.taborcernypotok.cz\/rcc\/lektori\/rcc-jaro-2017\/#breadcrumb\"},\"inLanguage\":\"cs\",\"potentialAction\":[{\"@type\":\"ReadAction\",\"target\":[\"https:\/\/www.taborcernypotok.cz\/rcc\/lektori\/rcc-jaro-2017\/\"]}]},{\"@type\":\"BreadcrumbList\",\"@id\":\"https:\/\/www.taborcernypotok.cz\/rcc\/lektori\/rcc-jaro-2017\/#breadcrumb\",\"itemListElement\":[{\"@type\":\"ListItem\",\"position\":1,\"name\":\"Dom\u016f\",\"item\":\"https:\/\/www.taborcernypotok.cz\/rcc\/\"},{\"@type\":\"ListItem\",\"position\":2,\"name\":\"Lekto\u0159i\",\"item\":\"https:\/\/www.taborcernypotok.cz\/rcc\/lektori\/\"},{\"@type\":\"ListItem\",\"position\":3,\"name\":\"RCC jaro 2017\"}]},{\"@type\":\"WebSite\",\"@id\":\"https:\/\/www.taborcernypotok.cz\/rcc\/#website\",\"url\":\"https:\/\/www.taborcernypotok.cz\/rcc\/\",\"name\":\"Rookie Coaches Clinic\",\"description\":\"\",\"publisher\":{\"@id\":\"https:\/\/www.taborcernypotok.cz\/rcc\/#organization\"},\"potentialAction\":[{\"@type\":\"SearchAction\",\"target\":{\"@type\":\"EntryPoint\",\"urlTemplate\":\"https:\/\/www.taborcernypotok.cz\/rcc\/?s={search_term_string}\"},\"query-input\":{\"@type\":\"PropertyValueSpecification\",\"valueRequired\":true,\"valueName\":\"search_term_string\"}}],\"inLanguage\":\"cs\"},{\"@type\":\"Organization\",\"@id\":\"https:\/\/www.taborcernypotok.cz\/rcc\/#organization\",\"name\":\"Rookie Coaches Clinic\",\"url\":\"https:\/\/www.taborcernypotok.cz\/rcc\/\",\"logo\":{\"@type\":\"ImageObject\",\"inLanguage\":\"cs\",\"@id\":\"https:\/\/www.taborcernypotok.cz\/rcc\/#\/schema\/logo\/image\/\",\"url\":\"https:\/\/www.taborcernypotok.cz\/rcc\/wp-content\/uploads\/sites\/4\/2019\/11\/cropped-rcc-logo2-250x250-white.png\",\"contentUrl\":\"https:\/\/www.taborcernypotok.cz\/rcc\/wp-content\/uploads\/sites\/4\/2019\/11\/cropped-rcc-logo2-250x250-white.png\",\"width\":248,\"height\":248,\"caption\":\"Rookie Coaches Clinic\"},\"image\":{\"@id\":\"https:\/\/www.taborcernypotok.cz\/rcc\/#\/schema\/logo\/image\/\"}}]}<\/script>\n<!-- \/ Yoast SEO plugin. -->","yoast_head_json":{"title":"RCC jaro 2017 - Rookie Coaches Clinic","robots":{"index":"index","follow":"follow","max-snippet":"max-snippet:-1","max-image-preview":"max-image-preview:large","max-video-preview":"max-video-preview:-1"},"canonical":"https:\/\/www.taborcernypotok.cz\/rcc\/lektori\/rcc-jaro-2017\/","og_locale":"cs_CZ","og_type":"article","og_title":"RCC jaro 2017 - Rookie Coaches Clinic","og_description":"Richard Kania (Tempo Titans Praha) &#8211; teorie sportovn\u00edho tr\u00e9ninku, h\u00e1zen\u00ed, nadhoz Arno\u0161t Nes\u0148al (Draci Brno) &#8211; hitting Marian \u010co\u010do Kr\u00e1sn\u00fd (Hro\u0161i Brno) &#8211; hitting, chyby u ml\u00e1de\u017enick\u00fdch kategori\u00ed Filip Hude\u010dek (Brno) &#8211; prevence sportovn\u00edch \u00faraz\u016f Martina H\u00e1nov\u00e1 (T\u0159eb\u00ed\u010d Nuclears) &#8211; 1.pomoc Fanda P\u0159ibyl (\u010cBA) &#8211; komunikace s rozhod\u010d\u00edm Miroslav Kaigel (\u010cBA) &#8211; komunikace s rozhod\u010d\u00edm &hellip; Pokra\u010dov\u00e1n\u00ed textu RCC jaro 2017","og_url":"https:\/\/www.taborcernypotok.cz\/rcc\/lektori\/rcc-jaro-2017\/","og_site_name":"Rookie Coaches Clinic","twitter_card":"summary_large_image","twitter_misc":{"Odhadovan\u00e1 doba \u010dten\u00ed":"1 minuta"},"schema":{"@context":"https:\/\/schema.org","@graph":[{"@type":"WebPage","@id":"https:\/\/www.taborcernypotok.cz\/rcc\/lektori\/rcc-jaro-2017\/","url":"https:\/\/www.taborcernypotok.cz\/rcc\/lektori\/rcc-jaro-2017\/","name":"RCC jaro 2017 - Rookie Coaches Clinic","isPartOf":{"@id":"https:\/\/www.taborcernypotok.cz\/rcc\/#website"},"datePublished":"2017-03-23T21:25:15+00:00","breadcrumb":{"@id":"https:\/\/www.taborcernypotok.cz\/rcc\/lektori\/rcc-jaro-2017\/#breadcrumb"},"inLanguage":"cs","potentialAction":[{"@type":"ReadAction","target":["https:\/\/www.taborcernypotok.cz\/rcc\/lektori\/rcc-jaro-2017\/"]}]},{"@type":"BreadcrumbList","@id":"https:\/\/www.taborcernypotok.cz\/rcc\/lektori\/rcc-jaro-2017\/#breadcrumb","itemListElement":[{"@type":"ListItem","position":1,"name":"Dom\u016f","item":"https:\/\/www.taborcernypotok.cz\/rcc\/"},{"@type":"ListItem","position":2,"name":"Lekto\u0159i","item":"https:\/\/www.taborcernypotok.cz\/rcc\/lektori\/"},{"@type":"ListItem","position":3,"name":"RCC jaro 2017"}]},{"@type":"WebSite","@id":"https:\/\/www.taborcernypotok.cz\/rcc\/#website","url":"https:\/\/www.taborcernypotok.cz\/rcc\/","name":"Rookie Coaches Clinic","description":"","publisher":{"@id":"https:\/\/www.taborcernypotok.cz\/rcc\/#organization"},"potentialAction":[{"@type":"SearchAction","target":{"@type":"EntryPoint","urlTemplate":"https:\/\/www.taborcernypotok.cz\/rcc\/?s={search_term_string}"},"query-input":{"@type":"PropertyValueSpecification","valueRequired":true,"valueName":"search_term_string"}}],"inLanguage":"cs"},{"@type":"Organization","@id":"https:\/\/www.taborcernypotok.cz\/rcc\/#organization","name":"Rookie Coaches Clinic","url":"https:\/\/www.taborcernypotok.cz\/rcc\/","logo":{"@type":"ImageObject","inLanguage":"cs","@id":"https:\/\/www.taborcernypotok.cz\/rcc\/#\/schema\/logo\/image\/","url":"https:\/\/www.taborcernypotok.cz\/rcc\/wp-content\/uploads\/sites\/4\/2019\/11\/cropped-rcc-logo2-250x250-white.png","contentUrl":"https:\/\/www.taborcernypotok.cz\/rcc\/wp-content\/uploads\/sites\/4\/2019\/11\/cropped-rcc-logo2-250x250-white.png","width":248,"height":248,"caption":"Rookie Coaches Clinic"},"image":{"@id":"https:\/\/www.taborcernypotok.cz\/rcc\/#\/schema\/logo\/image\/"}}]}},"_links":{"self":[{"href":"https:\/\/www.taborcernypotok.cz\/rcc\/wp-json\/wp\/v2\/pages\/128","targetHints":{"allow":["GET"]}}],"collection":[{"href":"https:\/\/www.taborcernypotok.cz\/rcc\/wp-json\/wp\/v2\/pages"}],"about":[{"href":"https:\/\/www.taborcernypotok.cz\/rcc\/wp-json\/wp\/v2\/types\/page"}],"author":[{"embeddable":true,"href":"https:\/\/www.taborcernypotok.cz\/rcc\/wp-json\/wp\/v2\/users\/1"}],"replies":[{"embeddable":true,"href":"https:\/\/www.taborcernypotok.cz\/rcc\/wp-json\/wp\/v2\/comments?post=128"}],"version-history":[{"count":1,"href":"https:\/\/www.taborcernypotok.cz\/rcc\/wp-json\/wp\/v2\/pages\/128\/revisions"}],"predecessor-version":[{"id":129,"href":"https:\/\/www.taborcernypotok.cz\/rcc\/wp-json\/wp\/v2\/pages\/128\/revisions\/129"}],"up":[{"embeddable":true,"href":"https:\/\/www.taborcernypotok.cz\/rcc\/wp-json\/wp\/v2\/pages\/19"}],"wp:attachment":[{"href":"https:\/\/www.taborcernypotok.cz\/rcc\/wp-json\/wp\/v2\/media?parent=128"}],"curies":[{"name":"wp","href":"https:\/\/api.w.org\/{rel}","templated":true}]}}