{"id":21,"date":"2016-12-17T14:11:13","date_gmt":"2016-12-17T13:11:13","guid":{"rendered":"https:\/\/www.taborcernypotok.cz\/rcc\/?page_id=21"},"modified":"2025-10-01T12:10:05","modified_gmt":"2025-10-01T10:10:05","slug":"prihlaska","status":"publish","type":"page","link":"https:\/\/www.taborcernypotok.cz\/rcc\/prihlaska\/","title":{"rendered":"P\u0159ihl\u00e1\u0161ka"},"content":{"rendered":"<p><strong>ZP\u016eSOB \u00daHRADY \u00da\u010cASTNICK\u00c9HO POPLATKU<\/strong><\/p>\n<p>Cel\u00fd \u00fa\u010dastnick\u00fd poplatek p\u0159eposlat na n\u00ed\u017ee uveden\u00fd \u00fa\u010det <strong>nejpozd\u011bji do 7.11.2025<\/strong>.<\/p>\n<p><strong>\u010d\u00edslo \u00fa\u010dtu pro platbu: 66688899\/2010<\/strong><br \/>\n<strong>Variabiln\u00ed symbol: <em>najdete v seznamu p\u0159ihl\u00e1\u0161en\u00fdch<\/em><\/strong><\/p>\n<ol>\n<li><strong>pro hromadnou platbu za cel\u00fd odd\u00edl je uveden v seznamu na prvn\u00edm m\u00edst\u011b v tabulce u va\u0161eho klubu.<\/strong><\/li>\n<li><strong>pro platbu jednotlivc\u016f je uveden vedle va\u0161eho jm\u00e9na<\/strong><\/li>\n<\/ol>\n<p><strong>\u00dadaje pro zahrani\u010dn\u00ed platby:<\/strong><\/p>\n<p><strong>N\u00e1zev spole\u010dnosti a adresa:<\/strong><br \/>\nMgr. Roman Lipavsk\u00fd<br \/>\nSport a rekreace<br \/>\nVan\u010durova 3381\/51<br \/>\n787 01 \u0160umperk<br \/>\n<strong>IBAN:<\/strong><br \/>\nCZ3520100000000066688899<br \/>\n<strong>SWIFT CODE:<\/strong><br \/>\nFIOBCZPPXXX<br \/>\n<strong>ADRESA BANKY:<\/strong><br \/>\nFio banka, a.s., V Celnici 1028\/10, 117 21 Praha 1<\/p>\n<p>Po zaplacen\u00ed \u010d\u00e1stky v\u00e1m bude e-mailem zasl\u00e1na faktura. <strong>Pro spr\u00e1vnost faktury v\u00e1s pros\u00edme o zasl\u00e1n\u00ed aktu\u00e1ln\u00edch faktura\u010dn\u00edch \u00fadaj\u016f. Uve\u010fte je, pros\u00edm, do kolonky POZNAMKA v p\u0159ihla\u0161ovac\u00edm dotazn\u00edku.<\/strong><\/p>\n<p><strong>Upozor\u0148ujeme, \u017ee p\u0159i nenastoupen\u00ed na kliniku a neodhl\u00e1\u0161en\u00ed se z kliniky minim\u00e1ln\u011b 3 dny p\u0159ed jej\u00edm za\u010d\u00e1tkem, se \u010d\u00e1stka nevrac\u00ed. D\u011bkujeme za pochopen\u00ed.<\/strong><\/p>\n\n<div class=\"wpcf7 no-js\" id=\"wpcf7-f45-o1\" lang=\"cs-CZ\" dir=\"ltr\" data-wpcf7-id=\"45\">\n<div class=\"screen-reader-response\"><p role=\"status\" aria-live=\"polite\" aria-atomic=\"true\"><\/p> <ul><\/ul><\/div>\n<form action=\"\/rcc\/wp-json\/wp\/v2\/pages\/21#wpcf7-f45-o1\" method=\"post\" class=\"wpcf7-form init\" aria-label=\"Kontaktn\u00ed formul\u00e1\u0159\" novalidate=\"novalidate\" data-status=\"init\">\n<fieldset class=\"hidden-fields-container\"><input type=\"hidden\" name=\"_wpcf7\" value=\"45\" \/><input type=\"hidden\" name=\"_wpcf7_version\" value=\"6.1.4\" \/><input type=\"hidden\" name=\"_wpcf7_locale\" value=\"cs_CZ\" \/><input type=\"hidden\" name=\"_wpcf7_unit_tag\" value=\"wpcf7-f45-o1\" \/><input type=\"hidden\" name=\"_wpcf7_container_post\" value=\"0\" \/><input type=\"hidden\" name=\"_wpcf7_posted_data_hash\" value=\"\" \/>\n<\/fieldset>\n<p><label>jm\u00e9no (*)<br \/>\n<span class=\"wpcf7-form-control-wrap\" data-name=\"rcc_name\"><input size=\"40\" maxlength=\"400\" class=\"wpcf7-form-control wpcf7-text wpcf7-validates-as-required\" aria-required=\"true\" aria-invalid=\"false\" value=\"\" type=\"text\" name=\"rcc_name\" \/><\/span> <\/label>\n<\/p>\n<p><label>p\u0159\u00edjmen\u00ed (*)<br \/>\n<span class=\"wpcf7-form-control-wrap\" data-name=\"rcc_surname\"><input size=\"40\" maxlength=\"400\" class=\"wpcf7-form-control wpcf7-text wpcf7-validates-as-required\" aria-required=\"true\" aria-invalid=\"false\" value=\"\" type=\"text\" name=\"rcc_surname\" \/><\/span> <\/label>\n<\/p>\n<p><label>e-mail (*)<br \/>\n<span class=\"wpcf7-form-control-wrap\" data-name=\"rcc_email\"><input size=\"40\" maxlength=\"400\" class=\"wpcf7-form-control wpcf7-email wpcf7-validates-as-required wpcf7-text wpcf7-validates-as-email\" aria-required=\"true\" aria-invalid=\"false\" value=\"\" type=\"email\" name=\"rcc_email\" \/><\/span> <\/label>\n<\/p>\n<p><label>telefon (*)<br \/>\n<span class=\"wpcf7-form-control-wrap\" data-name=\"rcc_phone\"><input size=\"40\" maxlength=\"400\" class=\"wpcf7-form-control wpcf7-text wpcf7-validates-as-required\" aria-required=\"true\" aria-invalid=\"false\" value=\"\" type=\"text\" name=\"rcc_phone\" \/><\/span> <\/label>\n<\/p>\n<p><label>odd\u00edl (*)<br \/>\n<span class=\"wpcf7-form-control-wrap\" data-name=\"rcc_team\"><input size=\"40\" maxlength=\"400\" class=\"wpcf7-form-control wpcf7-text wpcf7-validates-as-required\" aria-required=\"true\" aria-invalid=\"false\" value=\"\" type=\"text\" name=\"rcc_team\" \/><\/span> <\/label>\n<\/p>\n<p>dosa\u017een\u00e1 \u00farove\u0148 (*)<br \/>\n<span class=\"wpcf7-form-control-wrap\" data-name=\"rcc_level\"><span class=\"wpcf7-form-control wpcf7-checkbox wpcf7-validates-as-required\"><span class=\"wpcf7-list-item first\"><label><input type=\"checkbox\" name=\"rcc_level[]\" value=\"Reprezentace\" \/><span class=\"wpcf7-list-item-label\">Reprezentace<\/span><\/label><\/span><span class=\"wpcf7-list-item\"><label><input type=\"checkbox\" name=\"rcc_level[]\" value=\"Extraliga\" \/><span class=\"wpcf7-list-item-label\">Extraliga<\/span><\/label><\/span><span class=\"wpcf7-list-item\"><label><input type=\"checkbox\" name=\"rcc_level[]\" value=\"\u010cML\" \/><span class=\"wpcf7-list-item-label\">\u010cML<\/span><\/label><\/span><span class=\"wpcf7-list-item\"><label><input type=\"checkbox\" name=\"rcc_level[]\" value=\"Oblastn\u00ed p\u0159ebory\" \/><span class=\"wpcf7-list-item-label\">Oblastn\u00ed p\u0159ebory<\/span><\/label><\/span><span class=\"wpcf7-list-item\"><label><input type=\"checkbox\" name=\"rcc_level[]\" value=\"Ml\u00e1de\u017enick\u00e9 kategorie\" \/><span class=\"wpcf7-list-item-label\">Ml\u00e1de\u017enick\u00e9 kategorie<\/span><\/label><\/span><span class=\"wpcf7-list-item\"><label><input type=\"checkbox\" name=\"rcc_level[]\" value=\"Rodi\u010d\" \/><span class=\"wpcf7-list-item-label\">Rodi\u010d<\/span><\/label><\/span><span class=\"wpcf7-list-item last\"><label><input type=\"checkbox\" name=\"rcc_level[]\" value=\"Za\u010d\u00e1te\u010dn\u00edk\" \/><span class=\"wpcf7-list-item-label\">Za\u010d\u00e1te\u010dn\u00edk<\/span><\/label><\/span><\/span><\/span>\n<\/p>\n<p><label> M\u00e1m z\u00e1jem o 3.t\u0159\u00eddu. (*)<br \/>\n<span class=\"wpcf7-form-control-wrap\" data-name=\"rcc_thirdgrade_cert\"><select class=\"wpcf7-form-control wpcf7-select wpcf7-validates-as-required\" aria-required=\"true\" aria-invalid=\"false\" name=\"rcc_thirdgrade_cert\"><option value=\"Ano\">Ano<\/option><option value=\"Ne\" selected=\"selected\">Ne<\/option><\/select><\/span><\/label>\n<\/p>\n<p><label>velikost tri\u010dka (*)<br \/>\n<span class=\"wpcf7-form-control-wrap\" data-name=\"rcc_tshirt\"><select class=\"wpcf7-form-control wpcf7-select wpcf7-validates-as-required\" aria-required=\"true\" aria-invalid=\"false\" name=\"rcc_tshirt\"><option value=\"\">&#8212;Zvolte pros\u00edm mo\u017enost&#8212;<\/option><option value=\"S\">S<\/option><option value=\"M\">M<\/option><option value=\"L\">L<\/option><option value=\"XL\">XL<\/option><option value=\"XXL\">XXL<\/option><option value=\"XXXL\">XXXL<\/option><\/select><\/span><\/label>\n<\/p>\n<p><label> M\u00e1m z\u00e1jem o potisk p\u0159\u00edjmen\u00ed (z\u00e1da) na tri\u010dku za p\u0159\u00edplatek 90 k\u010d k celkov\u00e9 cen\u011b. (*)<br \/>\n<span class=\"wpcf7-form-control-wrap\" data-name=\"rcc_tshirt_name\"><select class=\"wpcf7-form-control wpcf7-select wpcf7-validates-as-required\" aria-required=\"true\" aria-invalid=\"false\" name=\"rcc_tshirt_name\"><option value=\"Ano\">Ano<\/option><option value=\"Ne\" selected=\"selected\">Ne<\/option><\/select><\/span><\/label>\n<\/p>\n<p><label> T\u00e9ma nebo dotaz pro lektory<br \/>\n<span class=\"wpcf7-form-control-wrap\" data-name=\"rcc_questions\"><textarea cols=\"40\" rows=\"10\" maxlength=\"2000\" class=\"wpcf7-form-control wpcf7-textarea\" aria-invalid=\"false\" name=\"rcc_questions\"><\/textarea><\/span> <\/label>\n<\/p>\n<p><label>Pozn\u00e1mka (faktura\u010dn\u00ed \u00fadaje)<br \/>\n<span class=\"wpcf7-form-control-wrap\" data-name=\"rcc_notes\"><textarea cols=\"40\" rows=\"10\" maxlength=\"2000\" class=\"wpcf7-form-control wpcf7-textarea\" aria-invalid=\"false\" name=\"rcc_notes\"><\/textarea><\/span> <\/label>\n<\/p>\n<p><span class=\"wpcf7-form-control-wrap\" data-name=\"rcc_acceptance\"><span class=\"wpcf7-form-control wpcf7-acceptance\"><span class=\"wpcf7-list-item\"><input type=\"checkbox\" name=\"rcc_acceptance\" value=\"1\" checked=\"checked\" aria-invalid=\"false\" \/><\/span><\/span><\/span> Souhas\u00edm se zpracov\u00e1n\u00edm osobn\u00edch \u00fadaj\u016f.\n<\/p>\n<p><input class=\"wpcf7-form-control wpcf7-submit has-spinner\" type=\"submit\" value=\"Odeslat\" \/>\n<\/p><div class=\"wpcf7-response-output\" aria-hidden=\"true\"><\/div>\n<\/form>\n<\/div>\n\n","protected":false},"excerpt":{"rendered":"<p>ZP\u016eSOB \u00daHRADY \u00da\u010cASTNICK\u00c9HO POPLATKU Cel\u00fd \u00fa\u010dastnick\u00fd poplatek p\u0159eposlat na n\u00ed\u017ee uveden\u00fd \u00fa\u010det nejpozd\u011bji do 7.11.2025. \u010d\u00edslo \u00fa\u010dtu pro platbu: 66688899\/2010 Variabiln\u00ed symbol: najdete v seznamu p\u0159ihl\u00e1\u0161en\u00fdch pro hromadnou platbu za cel\u00fd odd\u00edl je uveden v seznamu na prvn\u00edm m\u00edst\u011b v tabulce u va\u0161eho klubu. pro platbu jednotlivc\u016f je uveden vedle va\u0161eho jm\u00e9na \u00dadaje pro zahrani\u010dn\u00ed &hellip; <a href=\"https:\/\/www.taborcernypotok.cz\/rcc\/prihlaska\/\" class=\"more-link\">Pokra\u010dov\u00e1n\u00ed textu <span class=\"screen-reader-text\">P\u0159ihl\u00e1\u0161ka<\/span><\/a><\/p>\n","protected":false},"author":1,"featured_media":0,"parent":0,"menu_order":0,"comment_status":"closed","ping_status":"closed","template":"","meta":{"footnotes":""},"class_list":["post-21","page","type-page","status-publish","hentry"],"yoast_head":"<!-- This site is optimized with the Yoast SEO plugin v26.5 - https:\/\/yoast.com\/wordpress\/plugins\/seo\/ -->\n<title>P\u0159ihl\u00e1\u0161ka - Rookie Coaches Clinic<\/title>\n<meta name=\"robots\" content=\"index, follow, max-snippet:-1, max-image-preview:large, max-video-preview:-1\" \/>\n<link rel=\"canonical\" href=\"https:\/\/www.taborcernypotok.cz\/rcc\/prihlaska\/\" \/>\n<meta property=\"og:locale\" content=\"cs_CZ\" \/>\n<meta property=\"og:type\" content=\"article\" \/>\n<meta property=\"og:title\" content=\"P\u0159ihl\u00e1\u0161ka - Rookie Coaches Clinic\" \/>\n<meta property=\"og:description\" content=\"ZP\u016eSOB \u00daHRADY \u00da\u010cASTNICK\u00c9HO POPLATKU Cel\u00fd \u00fa\u010dastnick\u00fd poplatek p\u0159eposlat na n\u00ed\u017ee uveden\u00fd \u00fa\u010det nejpozd\u011bji do 7.11.2025. \u010d\u00edslo \u00fa\u010dtu pro platbu: 66688899\/2010 Variabiln\u00ed symbol: najdete v seznamu p\u0159ihl\u00e1\u0161en\u00fdch pro hromadnou platbu za cel\u00fd odd\u00edl je uveden v seznamu na prvn\u00edm m\u00edst\u011b v tabulce u va\u0161eho klubu. pro platbu jednotlivc\u016f je uveden vedle va\u0161eho jm\u00e9na \u00dadaje pro zahrani\u010dn\u00ed &hellip; Pokra\u010dov\u00e1n\u00ed textu P\u0159ihl\u00e1\u0161ka\" \/>\n<meta property=\"og:url\" content=\"https:\/\/www.taborcernypotok.cz\/rcc\/prihlaska\/\" \/>\n<meta property=\"og:site_name\" content=\"Rookie Coaches Clinic\" \/>\n<meta property=\"article:modified_time\" content=\"2025-10-01T10:10:05+00:00\" \/>\n<meta name=\"twitter:card\" content=\"summary_large_image\" \/>\n<meta name=\"twitter:label1\" content=\"Odhadovan\u00e1 doba \u010dten\u00ed\" \/>\n\t<meta name=\"twitter:data1\" content=\"1 minuta\" \/>\n<script type=\"application\/ld+json\" class=\"yoast-schema-graph\">{\"@context\":\"https:\/\/schema.org\",\"@graph\":[{\"@type\":\"WebPage\",\"@id\":\"https:\/\/www.taborcernypotok.cz\/rcc\/prihlaska\/\",\"url\":\"https:\/\/www.taborcernypotok.cz\/rcc\/prihlaska\/\",\"name\":\"P\u0159ihl\u00e1\u0161ka - Rookie Coaches Clinic\",\"isPartOf\":{\"@id\":\"https:\/\/www.taborcernypotok.cz\/rcc\/#website\"},\"datePublished\":\"2016-12-17T13:11:13+00:00\",\"dateModified\":\"2025-10-01T10:10:05+00:00\",\"breadcrumb\":{\"@id\":\"https:\/\/www.taborcernypotok.cz\/rcc\/prihlaska\/#breadcrumb\"},\"inLanguage\":\"cs\",\"potentialAction\":[{\"@type\":\"ReadAction\",\"target\":[\"https:\/\/www.taborcernypotok.cz\/rcc\/prihlaska\/\"]}]},{\"@type\":\"BreadcrumbList\",\"@id\":\"https:\/\/www.taborcernypotok.cz\/rcc\/prihlaska\/#breadcrumb\",\"itemListElement\":[{\"@type\":\"ListItem\",\"position\":1,\"name\":\"Dom\u016f\",\"item\":\"https:\/\/www.taborcernypotok.cz\/rcc\/\"},{\"@type\":\"ListItem\",\"position\":2,\"name\":\"P\u0159ihl\u00e1\u0161ka\"}]},{\"@type\":\"WebSite\",\"@id\":\"https:\/\/www.taborcernypotok.cz\/rcc\/#website\",\"url\":\"https:\/\/www.taborcernypotok.cz\/rcc\/\",\"name\":\"Rookie Coaches Clinic\",\"description\":\"\",\"publisher\":{\"@id\":\"https:\/\/www.taborcernypotok.cz\/rcc\/#organization\"},\"potentialAction\":[{\"@type\":\"SearchAction\",\"target\":{\"@type\":\"EntryPoint\",\"urlTemplate\":\"https:\/\/www.taborcernypotok.cz\/rcc\/?s={search_term_string}\"},\"query-input\":{\"@type\":\"PropertyValueSpecification\",\"valueRequired\":true,\"valueName\":\"search_term_string\"}}],\"inLanguage\":\"cs\"},{\"@type\":\"Organization\",\"@id\":\"https:\/\/www.taborcernypotok.cz\/rcc\/#organization\",\"name\":\"Rookie Coaches Clinic\",\"url\":\"https:\/\/www.taborcernypotok.cz\/rcc\/\",\"logo\":{\"@type\":\"ImageObject\",\"inLanguage\":\"cs\",\"@id\":\"https:\/\/www.taborcernypotok.cz\/rcc\/#\/schema\/logo\/image\/\",\"url\":\"https:\/\/www.taborcernypotok.cz\/rcc\/wp-content\/uploads\/sites\/4\/2019\/11\/cropped-rcc-logo2-250x250-white.png\",\"contentUrl\":\"https:\/\/www.taborcernypotok.cz\/rcc\/wp-content\/uploads\/sites\/4\/2019\/11\/cropped-rcc-logo2-250x250-white.png\",\"width\":248,\"height\":248,\"caption\":\"Rookie Coaches Clinic\"},\"image\":{\"@id\":\"https:\/\/www.taborcernypotok.cz\/rcc\/#\/schema\/logo\/image\/\"}}]}<\/script>\n<!-- \/ Yoast SEO plugin. -->","yoast_head_json":{"title":"P\u0159ihl\u00e1\u0161ka - Rookie Coaches Clinic","robots":{"index":"index","follow":"follow","max-snippet":"max-snippet:-1","max-image-preview":"max-image-preview:large","max-video-preview":"max-video-preview:-1"},"canonical":"https:\/\/www.taborcernypotok.cz\/rcc\/prihlaska\/","og_locale":"cs_CZ","og_type":"article","og_title":"P\u0159ihl\u00e1\u0161ka - Rookie Coaches Clinic","og_description":"ZP\u016eSOB \u00daHRADY \u00da\u010cASTNICK\u00c9HO POPLATKU Cel\u00fd \u00fa\u010dastnick\u00fd poplatek p\u0159eposlat na n\u00ed\u017ee uveden\u00fd \u00fa\u010det nejpozd\u011bji do 7.11.2025. \u010d\u00edslo \u00fa\u010dtu pro platbu: 66688899\/2010 Variabiln\u00ed symbol: najdete v seznamu p\u0159ihl\u00e1\u0161en\u00fdch pro hromadnou platbu za cel\u00fd odd\u00edl je uveden v seznamu na prvn\u00edm m\u00edst\u011b v tabulce u va\u0161eho klubu. pro platbu jednotlivc\u016f je uveden vedle va\u0161eho jm\u00e9na \u00dadaje pro zahrani\u010dn\u00ed &hellip; Pokra\u010dov\u00e1n\u00ed textu P\u0159ihl\u00e1\u0161ka","og_url":"https:\/\/www.taborcernypotok.cz\/rcc\/prihlaska\/","og_site_name":"Rookie Coaches Clinic","article_modified_time":"2025-10-01T10:10:05+00:00","twitter_card":"summary_large_image","twitter_misc":{"Odhadovan\u00e1 doba \u010dten\u00ed":"1 minuta"},"schema":{"@context":"https:\/\/schema.org","@graph":[{"@type":"WebPage","@id":"https:\/\/www.taborcernypotok.cz\/rcc\/prihlaska\/","url":"https:\/\/www.taborcernypotok.cz\/rcc\/prihlaska\/","name":"P\u0159ihl\u00e1\u0161ka - Rookie Coaches Clinic","isPartOf":{"@id":"https:\/\/www.taborcernypotok.cz\/rcc\/#website"},"datePublished":"2016-12-17T13:11:13+00:00","dateModified":"2025-10-01T10:10:05+00:00","breadcrumb":{"@id":"https:\/\/www.taborcernypotok.cz\/rcc\/prihlaska\/#breadcrumb"},"inLanguage":"cs","potentialAction":[{"@type":"ReadAction","target":["https:\/\/www.taborcernypotok.cz\/rcc\/prihlaska\/"]}]},{"@type":"BreadcrumbList","@id":"https:\/\/www.taborcernypotok.cz\/rcc\/prihlaska\/#breadcrumb","itemListElement":[{"@type":"ListItem","position":1,"name":"Dom\u016f","item":"https:\/\/www.taborcernypotok.cz\/rcc\/"},{"@type":"ListItem","position":2,"name":"P\u0159ihl\u00e1\u0161ka"}]},{"@type":"WebSite","@id":"https:\/\/www.taborcernypotok.cz\/rcc\/#website","url":"https:\/\/www.taborcernypotok.cz\/rcc\/","name":"Rookie Coaches Clinic","description":"","publisher":{"@id":"https:\/\/www.taborcernypotok.cz\/rcc\/#organization"},"potentialAction":[{"@type":"SearchAction","target":{"@type":"EntryPoint","urlTemplate":"https:\/\/www.taborcernypotok.cz\/rcc\/?s={search_term_string}"},"query-input":{"@type":"PropertyValueSpecification","valueRequired":true,"valueName":"search_term_string"}}],"inLanguage":"cs"},{"@type":"Organization","@id":"https:\/\/www.taborcernypotok.cz\/rcc\/#organization","name":"Rookie Coaches Clinic","url":"https:\/\/www.taborcernypotok.cz\/rcc\/","logo":{"@type":"ImageObject","inLanguage":"cs","@id":"https:\/\/www.taborcernypotok.cz\/rcc\/#\/schema\/logo\/image\/","url":"https:\/\/www.taborcernypotok.cz\/rcc\/wp-content\/uploads\/sites\/4\/2019\/11\/cropped-rcc-logo2-250x250-white.png","contentUrl":"https:\/\/www.taborcernypotok.cz\/rcc\/wp-content\/uploads\/sites\/4\/2019\/11\/cropped-rcc-logo2-250x250-white.png","width":248,"height":248,"caption":"Rookie Coaches Clinic"},"image":{"@id":"https:\/\/www.taborcernypotok.cz\/rcc\/#\/schema\/logo\/image\/"}}]}},"_links":{"self":[{"href":"https:\/\/www.taborcernypotok.cz\/rcc\/wp-json\/wp\/v2\/pages\/21","targetHints":{"allow":["GET"]}}],"collection":[{"href":"https:\/\/www.taborcernypotok.cz\/rcc\/wp-json\/wp\/v2\/pages"}],"about":[{"href":"https:\/\/www.taborcernypotok.cz\/rcc\/wp-json\/wp\/v2\/types\/page"}],"author":[{"embeddable":true,"href":"https:\/\/www.taborcernypotok.cz\/rcc\/wp-json\/wp\/v2\/users\/1"}],"replies":[{"embeddable":true,"href":"https:\/\/www.taborcernypotok.cz\/rcc\/wp-json\/wp\/v2\/comments?post=21"}],"version-history":[{"count":12,"href":"https:\/\/www.taborcernypotok.cz\/rcc\/wp-json\/wp\/v2\/pages\/21\/revisions"}],"predecessor-version":[{"id":1409,"href":"https:\/\/www.taborcernypotok.cz\/rcc\/wp-json\/wp\/v2\/pages\/21\/revisions\/1409"}],"wp:attachment":[{"href":"https:\/\/www.taborcernypotok.cz\/rcc\/wp-json\/wp\/v2\/media?parent=21"}],"curies":[{"name":"wp","href":"https:\/\/api.w.org\/{rel}","templated":true}]}}