{"id":27,"date":"2016-12-17T14:11:58","date_gmt":"2016-12-17T13:11:58","guid":{"rendered":"https:\/\/www.taborcernypotok.cz\/rcc\/?page_id=27"},"modified":"2025-05-27T11:09:27","modified_gmt":"2025-05-27T09:09:27","slug":"kontakty","status":"publish","type":"page","link":"https:\/\/www.taborcernypotok.cz\/rcc\/kontakty\/","title":{"rendered":"Kontakty"},"content":{"rendered":"\n<p><strong>Mgr. Roman Lipavsk\u00fd<\/strong> &#8211; hlavn\u00ed organiz\u00e1tor<\/p>\n\n\n\n<p>Van\u010durova 3381\/51<br>\u0160umperk<br>787 01<\/p>\n\n\n\n<p><strong>mobil<\/strong>: +420 602 484 083<br><strong>email<\/strong>:\u00a0 romanlipavsky@seznam.cz<\/p>\n\n\n\n<p><strong>Datov\u00e1 schr\u00e1nka:<\/strong>&nbsp;bucmf5g<\/p>\n","protected":false},"excerpt":{"rendered":"<p>Mgr. Roman Lipavsk\u00fd &#8211; hlavn\u00ed organiz\u00e1tor Van\u010durova 3381\/51\u0160umperk787 01 mobil: +420 602 484 083email:\u00a0 romanlipavsky@seznam.cz Datov\u00e1 schr\u00e1nka:&nbsp;bucmf5g<\/p>\n","protected":false},"author":1,"featured_media":0,"parent":0,"menu_order":0,"comment_status":"closed","ping_status":"closed","template":"","meta":{"footnotes":""},"class_list":["post-27","page","type-page","status-publish","hentry"],"yoast_head":"<!-- This site is optimized with the Yoast SEO plugin v26.5 - https:\/\/yoast.com\/wordpress\/plugins\/seo\/ -->\n<title>Kontakty - Rookie Coaches Clinic<\/title>\n<meta name=\"robots\" content=\"index, follow, max-snippet:-1, max-image-preview:large, max-video-preview:-1\" \/>\n<link rel=\"canonical\" href=\"https:\/\/www.taborcernypotok.cz\/rcc\/kontakty\/\" \/>\n<meta property=\"og:locale\" content=\"cs_CZ\" \/>\n<meta property=\"og:type\" content=\"article\" \/>\n<meta property=\"og:title\" content=\"Kontakty - Rookie Coaches Clinic\" \/>\n<meta property=\"og:description\" content=\"Mgr. Roman Lipavsk\u00fd &#8211; hlavn\u00ed organiz\u00e1tor Van\u010durova 3381\/51\u0160umperk787 01 mobil: +420 602 484 083email:\u00a0 romanlipavsky@seznam.cz Datov\u00e1 schr\u00e1nka:&nbsp;bucmf5g\" \/>\n<meta property=\"og:url\" content=\"https:\/\/www.taborcernypotok.cz\/rcc\/kontakty\/\" \/>\n<meta property=\"og:site_name\" content=\"Rookie Coaches Clinic\" \/>\n<meta property=\"article:modified_time\" content=\"2025-05-27T09:09:27+00:00\" \/>\n<meta name=\"twitter:card\" content=\"summary_large_image\" \/>\n<meta name=\"twitter:label1\" content=\"Odhadovan\u00e1 doba \u010dten\u00ed\" \/>\n\t<meta name=\"twitter:data1\" content=\"1 minuta\" \/>\n<script type=\"application\/ld+json\" class=\"yoast-schema-graph\">{\"@context\":\"https:\/\/schema.org\",\"@graph\":[{\"@type\":\"WebPage\",\"@id\":\"https:\/\/www.taborcernypotok.cz\/rcc\/kontakty\/\",\"url\":\"https:\/\/www.taborcernypotok.cz\/rcc\/kontakty\/\",\"name\":\"Kontakty - Rookie Coaches Clinic\",\"isPartOf\":{\"@id\":\"https:\/\/www.taborcernypotok.cz\/rcc\/#website\"},\"datePublished\":\"2016-12-17T13:11:58+00:00\",\"dateModified\":\"2025-05-27T09:09:27+00:00\",\"breadcrumb\":{\"@id\":\"https:\/\/www.taborcernypotok.cz\/rcc\/kontakty\/#breadcrumb\"},\"inLanguage\":\"cs\",\"potentialAction\":[{\"@type\":\"ReadAction\",\"target\":[\"https:\/\/www.taborcernypotok.cz\/rcc\/kontakty\/\"]}]},{\"@type\":\"BreadcrumbList\",\"@id\":\"https:\/\/www.taborcernypotok.cz\/rcc\/kontakty\/#breadcrumb\",\"itemListElement\":[{\"@type\":\"ListItem\",\"position\":1,\"name\":\"Dom\u016f\",\"item\":\"https:\/\/www.taborcernypotok.cz\/rcc\/\"},{\"@type\":\"ListItem\",\"position\":2,\"name\":\"Kontakty\"}]},{\"@type\":\"WebSite\",\"@id\":\"https:\/\/www.taborcernypotok.cz\/rcc\/#website\",\"url\":\"https:\/\/www.taborcernypotok.cz\/rcc\/\",\"name\":\"Rookie Coaches Clinic\",\"description\":\"\",\"publisher\":{\"@id\":\"https:\/\/www.taborcernypotok.cz\/rcc\/#organization\"},\"potentialAction\":[{\"@type\":\"SearchAction\",\"target\":{\"@type\":\"EntryPoint\",\"urlTemplate\":\"https:\/\/www.taborcernypotok.cz\/rcc\/?s={search_term_string}\"},\"query-input\":{\"@type\":\"PropertyValueSpecification\",\"valueRequired\":true,\"valueName\":\"search_term_string\"}}],\"inLanguage\":\"cs\"},{\"@type\":\"Organization\",\"@id\":\"https:\/\/www.taborcernypotok.cz\/rcc\/#organization\",\"name\":\"Rookie Coaches Clinic\",\"url\":\"https:\/\/www.taborcernypotok.cz\/rcc\/\",\"logo\":{\"@type\":\"ImageObject\",\"inLanguage\":\"cs\",\"@id\":\"https:\/\/www.taborcernypotok.cz\/rcc\/#\/schema\/logo\/image\/\",\"url\":\"https:\/\/www.taborcernypotok.cz\/rcc\/wp-content\/uploads\/sites\/4\/2019\/11\/cropped-rcc-logo2-250x250-white.png\",\"contentUrl\":\"https:\/\/www.taborcernypotok.cz\/rcc\/wp-content\/uploads\/sites\/4\/2019\/11\/cropped-rcc-logo2-250x250-white.png\",\"width\":248,\"height\":248,\"caption\":\"Rookie Coaches Clinic\"},\"image\":{\"@id\":\"https:\/\/www.taborcernypotok.cz\/rcc\/#\/schema\/logo\/image\/\"}}]}<\/script>\n<!-- \/ Yoast SEO plugin. -->","yoast_head_json":{"title":"Kontakty - Rookie Coaches Clinic","robots":{"index":"index","follow":"follow","max-snippet":"max-snippet:-1","max-image-preview":"max-image-preview:large","max-video-preview":"max-video-preview:-1"},"canonical":"https:\/\/www.taborcernypotok.cz\/rcc\/kontakty\/","og_locale":"cs_CZ","og_type":"article","og_title":"Kontakty - Rookie Coaches Clinic","og_description":"Mgr. Roman Lipavsk\u00fd &#8211; hlavn\u00ed organiz\u00e1tor Van\u010durova 3381\/51\u0160umperk787 01 mobil: +420 602 484 083email:\u00a0 romanlipavsky@seznam.cz Datov\u00e1 schr\u00e1nka:&nbsp;bucmf5g","og_url":"https:\/\/www.taborcernypotok.cz\/rcc\/kontakty\/","og_site_name":"Rookie Coaches Clinic","article_modified_time":"2025-05-27T09:09:27+00:00","twitter_card":"summary_large_image","twitter_misc":{"Odhadovan\u00e1 doba \u010dten\u00ed":"1 minuta"},"schema":{"@context":"https:\/\/schema.org","@graph":[{"@type":"WebPage","@id":"https:\/\/www.taborcernypotok.cz\/rcc\/kontakty\/","url":"https:\/\/www.taborcernypotok.cz\/rcc\/kontakty\/","name":"Kontakty - Rookie Coaches Clinic","isPartOf":{"@id":"https:\/\/www.taborcernypotok.cz\/rcc\/#website"},"datePublished":"2016-12-17T13:11:58+00:00","dateModified":"2025-05-27T09:09:27+00:00","breadcrumb":{"@id":"https:\/\/www.taborcernypotok.cz\/rcc\/kontakty\/#breadcrumb"},"inLanguage":"cs","potentialAction":[{"@type":"ReadAction","target":["https:\/\/www.taborcernypotok.cz\/rcc\/kontakty\/"]}]},{"@type":"BreadcrumbList","@id":"https:\/\/www.taborcernypotok.cz\/rcc\/kontakty\/#breadcrumb","itemListElement":[{"@type":"ListItem","position":1,"name":"Dom\u016f","item":"https:\/\/www.taborcernypotok.cz\/rcc\/"},{"@type":"ListItem","position":2,"name":"Kontakty"}]},{"@type":"WebSite","@id":"https:\/\/www.taborcernypotok.cz\/rcc\/#website","url":"https:\/\/www.taborcernypotok.cz\/rcc\/","name":"Rookie Coaches Clinic","description":"","publisher":{"@id":"https:\/\/www.taborcernypotok.cz\/rcc\/#organization"},"potentialAction":[{"@type":"SearchAction","target":{"@type":"EntryPoint","urlTemplate":"https:\/\/www.taborcernypotok.cz\/rcc\/?s={search_term_string}"},"query-input":{"@type":"PropertyValueSpecification","valueRequired":true,"valueName":"search_term_string"}}],"inLanguage":"cs"},{"@type":"Organization","@id":"https:\/\/www.taborcernypotok.cz\/rcc\/#organization","name":"Rookie Coaches Clinic","url":"https:\/\/www.taborcernypotok.cz\/rcc\/","logo":{"@type":"ImageObject","inLanguage":"cs","@id":"https:\/\/www.taborcernypotok.cz\/rcc\/#\/schema\/logo\/image\/","url":"https:\/\/www.taborcernypotok.cz\/rcc\/wp-content\/uploads\/sites\/4\/2019\/11\/cropped-rcc-logo2-250x250-white.png","contentUrl":"https:\/\/www.taborcernypotok.cz\/rcc\/wp-content\/uploads\/sites\/4\/2019\/11\/cropped-rcc-logo2-250x250-white.png","width":248,"height":248,"caption":"Rookie Coaches Clinic"},"image":{"@id":"https:\/\/www.taborcernypotok.cz\/rcc\/#\/schema\/logo\/image\/"}}]}},"_links":{"self":[{"href":"https:\/\/www.taborcernypotok.cz\/rcc\/wp-json\/wp\/v2\/pages\/27","targetHints":{"allow":["GET"]}}],"collection":[{"href":"https:\/\/www.taborcernypotok.cz\/rcc\/wp-json\/wp\/v2\/pages"}],"about":[{"href":"https:\/\/www.taborcernypotok.cz\/rcc\/wp-json\/wp\/v2\/types\/page"}],"author":[{"embeddable":true,"href":"https:\/\/www.taborcernypotok.cz\/rcc\/wp-json\/wp\/v2\/users\/1"}],"replies":[{"embeddable":true,"href":"https:\/\/www.taborcernypotok.cz\/rcc\/wp-json\/wp\/v2\/comments?post=27"}],"version-history":[{"count":5,"href":"https:\/\/www.taborcernypotok.cz\/rcc\/wp-json\/wp\/v2\/pages\/27\/revisions"}],"predecessor-version":[{"id":1395,"href":"https:\/\/www.taborcernypotok.cz\/rcc\/wp-json\/wp\/v2\/pages\/27\/revisions\/1395"}],"wp:attachment":[{"href":"https:\/\/www.taborcernypotok.cz\/rcc\/wp-json\/wp\/v2\/media?parent=27"}],"curies":[{"name":"wp","href":"https:\/\/api.w.org\/{rel}","templated":true}]}}