{"id":6,"date":"2016-10-24T23:21:56","date_gmt":"2016-10-24T21:21:56","guid":{"rendered":"https:\/\/www.taborcernypotok.cz\/rcc\/?page_id=6"},"modified":"2025-10-01T11:45:09","modified_gmt":"2025-10-01T09:45:09","slug":"uvod","status":"publish","type":"page","link":"https:\/\/www.taborcernypotok.cz\/rcc\/","title":{"rendered":"\u00davod"},"content":{"rendered":"<h2 style=\"text-align: center;\">ROOKIE COACHES CLINIC (\u201eRCC\u201c)<\/h2>\n<h2 style=\"text-align: center;\">9. RO\u010cN\u00cdK<\/h2>\n<p>P\u0159\u00e1tel\u00e9 \u2013 kamar\u00e1di,<\/p>\n<p>dovolte, abychom v\u00e1s pozvali na dev\u00e1t\u00fd \u00a0ro\u010dn\u00edk celost\u00e1tn\u00ed vzd\u011bl\u00e1vac\u00ed kliniky pro za\u010d\u00ednaj\u00edc\u00ed tren\u00e9ry a tren\u00e9ry ml\u00e1de\u017enick\u00fdch kategori\u00ed. Letos op\u011bt v <strong>Poli\u010dce <\/strong>(20 km od Litomy\u0161le). St\u00e1le zachov\u00e1v\u00e1me pomysln\u00fd st\u0159ed republiky a spravedliv\u00fd dojezd ze v\u0161ech \u010d\u00e1st\u00ed republiky.<\/p>\n<p>Term\u00edn kon\u00e1n\u00ed je<span style=\"font-size: 14pt;\"><strong> 14.11.-17.11.2025<\/strong><\/span>.<\/p>\n<h3><b>Pro koho je RCC ur\u010dena<\/b>:<\/h3>\n<ul>\n<li>pro dr\u017eitele licence FAMILY,<\/li>\n<li>pro za\u010d\u00ednaj\u00edc\u00ed tren\u00e9ry,<\/li>\n<li>pro aktivn\u00ed rodi\u010de,<\/li>\n<li>pro hr\u00e1\u010de za\u010d\u00ednaj\u00edc\u00ed s tr\u00e9nov\u00e1n\u00edm (star\u0161\u00ed 15 let),<\/li>\n<li>pro tren\u00e9ry specializuj\u00edc\u00ed se na ml\u00e1de\u017enick\u00e9 kategorie.<\/li>\n<\/ul>\n","protected":false},"excerpt":{"rendered":"<p>ROOKIE COACHES CLINIC (\u201eRCC\u201c) 9. RO\u010cN\u00cdK P\u0159\u00e1tel\u00e9 \u2013 kamar\u00e1di, dovolte, abychom v\u00e1s pozvali na dev\u00e1t\u00fd \u00a0ro\u010dn\u00edk celost\u00e1tn\u00ed vzd\u011bl\u00e1vac\u00ed kliniky pro za\u010d\u00ednaj\u00edc\u00ed tren\u00e9ry a tren\u00e9ry ml\u00e1de\u017enick\u00fdch kategori\u00ed. Letos op\u011bt v Poli\u010dce (20 km od Litomy\u0161le). St\u00e1le zachov\u00e1v\u00e1me pomysln\u00fd st\u0159ed republiky a spravedliv\u00fd dojezd ze v\u0161ech \u010d\u00e1st\u00ed republiky. Term\u00edn kon\u00e1n\u00ed je 14.11.-17.11.2025. Pro koho je RCC ur\u010dena: &hellip; <a href=\"https:\/\/www.taborcernypotok.cz\/rcc\/\" class=\"more-link\">Pokra\u010dov\u00e1n\u00ed textu <span class=\"screen-reader-text\">\u00davod<\/span><\/a><\/p>\n","protected":false},"author":1,"featured_media":0,"parent":0,"menu_order":0,"comment_status":"closed","ping_status":"closed","template":"","meta":{"footnotes":""},"class_list":["post-6","page","type-page","status-publish","hentry"],"yoast_head":"<!-- This site is optimized with the Yoast SEO plugin v26.5 - https:\/\/yoast.com\/wordpress\/plugins\/seo\/ -->\n<title>\u00davod - Rookie Coaches Clinic<\/title>\n<meta name=\"robots\" content=\"index, follow, max-snippet:-1, max-image-preview:large, max-video-preview:-1\" \/>\n<link rel=\"canonical\" href=\"https:\/\/www.taborcernypotok.cz\/rcc\/\" \/>\n<meta property=\"og:locale\" content=\"cs_CZ\" \/>\n<meta property=\"og:type\" content=\"article\" \/>\n<meta property=\"og:title\" content=\"\u00davod - Rookie Coaches Clinic\" \/>\n<meta property=\"og:description\" content=\"ROOKIE COACHES CLINIC (\u201eRCC\u201c) 9. RO\u010cN\u00cdK P\u0159\u00e1tel\u00e9 \u2013 kamar\u00e1di, dovolte, abychom v\u00e1s pozvali na dev\u00e1t\u00fd \u00a0ro\u010dn\u00edk celost\u00e1tn\u00ed vzd\u011bl\u00e1vac\u00ed kliniky pro za\u010d\u00ednaj\u00edc\u00ed tren\u00e9ry a tren\u00e9ry ml\u00e1de\u017enick\u00fdch kategori\u00ed. Letos op\u011bt v Poli\u010dce (20 km od Litomy\u0161le). St\u00e1le zachov\u00e1v\u00e1me pomysln\u00fd st\u0159ed republiky a spravedliv\u00fd dojezd ze v\u0161ech \u010d\u00e1st\u00ed republiky. Term\u00edn kon\u00e1n\u00ed je 14.11.-17.11.2025. Pro koho je RCC ur\u010dena: &hellip; Pokra\u010dov\u00e1n\u00ed textu \u00davod\" \/>\n<meta property=\"og:url\" content=\"https:\/\/www.taborcernypotok.cz\/rcc\/\" \/>\n<meta property=\"og:site_name\" content=\"Rookie Coaches Clinic\" \/>\n<meta property=\"article:modified_time\" content=\"2025-10-01T09:45:09+00:00\" \/>\n<meta name=\"twitter:card\" content=\"summary_large_image\" \/>\n<meta name=\"twitter:label1\" content=\"Odhadovan\u00e1 doba \u010dten\u00ed\" \/>\n\t<meta name=\"twitter:data1\" content=\"1 minuta\" \/>\n<script type=\"application\/ld+json\" class=\"yoast-schema-graph\">{\"@context\":\"https:\/\/schema.org\",\"@graph\":[{\"@type\":\"WebPage\",\"@id\":\"https:\/\/www.taborcernypotok.cz\/rcc\/\",\"url\":\"https:\/\/www.taborcernypotok.cz\/rcc\/\",\"name\":\"\u00davod - Rookie Coaches Clinic\",\"isPartOf\":{\"@id\":\"https:\/\/www.taborcernypotok.cz\/rcc\/#website\"},\"datePublished\":\"2016-10-24T21:21:56+00:00\",\"dateModified\":\"2025-10-01T09:45:09+00:00\",\"breadcrumb\":{\"@id\":\"https:\/\/www.taborcernypotok.cz\/rcc\/#breadcrumb\"},\"inLanguage\":\"cs\",\"potentialAction\":[{\"@type\":\"ReadAction\",\"target\":[\"https:\/\/www.taborcernypotok.cz\/rcc\/\"]}]},{\"@type\":\"BreadcrumbList\",\"@id\":\"https:\/\/www.taborcernypotok.cz\/rcc\/#breadcrumb\",\"itemListElement\":[{\"@type\":\"ListItem\",\"position\":1,\"name\":\"Dom\u016f\",\"item\":\"https:\/\/www.taborcernypotok.cz\/rcc\/\"},{\"@type\":\"ListItem\",\"position\":2,\"name\":\"\u00davod\"}]},{\"@type\":\"WebSite\",\"@id\":\"https:\/\/www.taborcernypotok.cz\/rcc\/#website\",\"url\":\"https:\/\/www.taborcernypotok.cz\/rcc\/\",\"name\":\"Rookie Coaches Clinic\",\"description\":\"\",\"publisher\":{\"@id\":\"https:\/\/www.taborcernypotok.cz\/rcc\/#organization\"},\"potentialAction\":[{\"@type\":\"SearchAction\",\"target\":{\"@type\":\"EntryPoint\",\"urlTemplate\":\"https:\/\/www.taborcernypotok.cz\/rcc\/?s={search_term_string}\"},\"query-input\":{\"@type\":\"PropertyValueSpecification\",\"valueRequired\":true,\"valueName\":\"search_term_string\"}}],\"inLanguage\":\"cs\"},{\"@type\":\"Organization\",\"@id\":\"https:\/\/www.taborcernypotok.cz\/rcc\/#organization\",\"name\":\"Rookie Coaches Clinic\",\"url\":\"https:\/\/www.taborcernypotok.cz\/rcc\/\",\"logo\":{\"@type\":\"ImageObject\",\"inLanguage\":\"cs\",\"@id\":\"https:\/\/www.taborcernypotok.cz\/rcc\/#\/schema\/logo\/image\/\",\"url\":\"https:\/\/www.taborcernypotok.cz\/rcc\/wp-content\/uploads\/sites\/4\/2019\/11\/cropped-rcc-logo2-250x250-white.png\",\"contentUrl\":\"https:\/\/www.taborcernypotok.cz\/rcc\/wp-content\/uploads\/sites\/4\/2019\/11\/cropped-rcc-logo2-250x250-white.png\",\"width\":248,\"height\":248,\"caption\":\"Rookie Coaches Clinic\"},\"image\":{\"@id\":\"https:\/\/www.taborcernypotok.cz\/rcc\/#\/schema\/logo\/image\/\"}}]}<\/script>\n<!-- \/ Yoast SEO plugin. -->","yoast_head_json":{"title":"\u00davod - Rookie Coaches Clinic","robots":{"index":"index","follow":"follow","max-snippet":"max-snippet:-1","max-image-preview":"max-image-preview:large","max-video-preview":"max-video-preview:-1"},"canonical":"https:\/\/www.taborcernypotok.cz\/rcc\/","og_locale":"cs_CZ","og_type":"article","og_title":"\u00davod - Rookie Coaches Clinic","og_description":"ROOKIE COACHES CLINIC (\u201eRCC\u201c) 9. RO\u010cN\u00cdK P\u0159\u00e1tel\u00e9 \u2013 kamar\u00e1di, dovolte, abychom v\u00e1s pozvali na dev\u00e1t\u00fd \u00a0ro\u010dn\u00edk celost\u00e1tn\u00ed vzd\u011bl\u00e1vac\u00ed kliniky pro za\u010d\u00ednaj\u00edc\u00ed tren\u00e9ry a tren\u00e9ry ml\u00e1de\u017enick\u00fdch kategori\u00ed. Letos op\u011bt v Poli\u010dce (20 km od Litomy\u0161le). St\u00e1le zachov\u00e1v\u00e1me pomysln\u00fd st\u0159ed republiky a spravedliv\u00fd dojezd ze v\u0161ech \u010d\u00e1st\u00ed republiky. Term\u00edn kon\u00e1n\u00ed je 14.11.-17.11.2025. Pro koho je RCC ur\u010dena: &hellip; Pokra\u010dov\u00e1n\u00ed textu \u00davod","og_url":"https:\/\/www.taborcernypotok.cz\/rcc\/","og_site_name":"Rookie Coaches Clinic","article_modified_time":"2025-10-01T09:45:09+00:00","twitter_card":"summary_large_image","twitter_misc":{"Odhadovan\u00e1 doba \u010dten\u00ed":"1 minuta"},"schema":{"@context":"https:\/\/schema.org","@graph":[{"@type":"WebPage","@id":"https:\/\/www.taborcernypotok.cz\/rcc\/","url":"https:\/\/www.taborcernypotok.cz\/rcc\/","name":"\u00davod - Rookie Coaches Clinic","isPartOf":{"@id":"https:\/\/www.taborcernypotok.cz\/rcc\/#website"},"datePublished":"2016-10-24T21:21:56+00:00","dateModified":"2025-10-01T09:45:09+00:00","breadcrumb":{"@id":"https:\/\/www.taborcernypotok.cz\/rcc\/#breadcrumb"},"inLanguage":"cs","potentialAction":[{"@type":"ReadAction","target":["https:\/\/www.taborcernypotok.cz\/rcc\/"]}]},{"@type":"BreadcrumbList","@id":"https:\/\/www.taborcernypotok.cz\/rcc\/#breadcrumb","itemListElement":[{"@type":"ListItem","position":1,"name":"Dom\u016f","item":"https:\/\/www.taborcernypotok.cz\/rcc\/"},{"@type":"ListItem","position":2,"name":"\u00davod"}]},{"@type":"WebSite","@id":"https:\/\/www.taborcernypotok.cz\/rcc\/#website","url":"https:\/\/www.taborcernypotok.cz\/rcc\/","name":"Rookie Coaches Clinic","description":"","publisher":{"@id":"https:\/\/www.taborcernypotok.cz\/rcc\/#organization"},"potentialAction":[{"@type":"SearchAction","target":{"@type":"EntryPoint","urlTemplate":"https:\/\/www.taborcernypotok.cz\/rcc\/?s={search_term_string}"},"query-input":{"@type":"PropertyValueSpecification","valueRequired":true,"valueName":"search_term_string"}}],"inLanguage":"cs"},{"@type":"Organization","@id":"https:\/\/www.taborcernypotok.cz\/rcc\/#organization","name":"Rookie Coaches Clinic","url":"https:\/\/www.taborcernypotok.cz\/rcc\/","logo":{"@type":"ImageObject","inLanguage":"cs","@id":"https:\/\/www.taborcernypotok.cz\/rcc\/#\/schema\/logo\/image\/","url":"https:\/\/www.taborcernypotok.cz\/rcc\/wp-content\/uploads\/sites\/4\/2019\/11\/cropped-rcc-logo2-250x250-white.png","contentUrl":"https:\/\/www.taborcernypotok.cz\/rcc\/wp-content\/uploads\/sites\/4\/2019\/11\/cropped-rcc-logo2-250x250-white.png","width":248,"height":248,"caption":"Rookie Coaches Clinic"},"image":{"@id":"https:\/\/www.taborcernypotok.cz\/rcc\/#\/schema\/logo\/image\/"}}]}},"_links":{"self":[{"href":"https:\/\/www.taborcernypotok.cz\/rcc\/wp-json\/wp\/v2\/pages\/6","targetHints":{"allow":["GET"]}}],"collection":[{"href":"https:\/\/www.taborcernypotok.cz\/rcc\/wp-json\/wp\/v2\/pages"}],"about":[{"href":"https:\/\/www.taborcernypotok.cz\/rcc\/wp-json\/wp\/v2\/types\/page"}],"author":[{"embeddable":true,"href":"https:\/\/www.taborcernypotok.cz\/rcc\/wp-json\/wp\/v2\/users\/1"}],"replies":[{"embeddable":true,"href":"https:\/\/www.taborcernypotok.cz\/rcc\/wp-json\/wp\/v2\/comments?post=6"}],"version-history":[{"count":15,"href":"https:\/\/www.taborcernypotok.cz\/rcc\/wp-json\/wp\/v2\/pages\/6\/revisions"}],"predecessor-version":[{"id":1399,"href":"https:\/\/www.taborcernypotok.cz\/rcc\/wp-json\/wp\/v2\/pages\/6\/revisions\/1399"}],"wp:attachment":[{"href":"https:\/\/www.taborcernypotok.cz\/rcc\/wp-json\/wp\/v2\/media?parent=6"}],"curies":[{"name":"wp","href":"https:\/\/api.w.org\/{rel}","templated":true}]}}